{"id":117,"date":"2021-06-10T13:38:41","date_gmt":"2021-06-10T13:38:41","guid":{"rendered":"https:\/\/agroland.ro\/c\/?page_id=117"},"modified":"2026-02-10T09:31:57","modified_gmt":"2026-02-10T07:31:57","slug":"pui-de-o-zi-nr-1-in-romania","status":"publish","type":"page","link":"https:\/\/agroland.ro\/c\/pui-de-o-zi-nr-1-in-romania\/","title":{"rendered":"Pui de o zi"},"content":{"rendered":"\n<p>De 29 de ani noi, echipa Agroland, ne ocup\u0103m cu pasiune de comercializarea puilor de o zi, a <a href=\"https:\/\/agroland.ro\/19-furaje-si-premixuri\" target=\"_blank\" rel=\"noreferrer noopener\">hranei de calitate<\/a> potrivit\u0103 acestora, \u00een func\u021bie de specie \u0219i v\u00e2rst\u0103, precum \u0219i a <a href=\"https:\/\/agroland.ro\/15-hranitori-si-sisteme-hranire\" target=\"_blank\" rel=\"noreferrer noopener\">echipamentelor de hr\u0103nire<\/a>, <a href=\"https:\/\/agroland.ro\/14-adapatori-si-sisteme-de-adapare\" target=\"_blank\" rel=\"noreferrer noopener\">ad\u0103pare<\/a> \u0219i <a href=\"https:\/\/agroland.ro\/13-sisteme-de-incalzire\" target=\"_blank\" rel=\"noreferrer noopener\">\u00eenc\u0103lzire<\/a>, fiind cel mai mare furnizor din acest domeniu, prin cele peste <a href=\"https:\/\/agroland.ro\/c\/magazinele-noastre\/\" target=\"_blank\" rel=\"noreferrer noopener\">250 de magazine<\/a> din toat\u0103 \u021bara.<\/p>\n\n\n\n<p><mark style=\"background-color:rgba(0, 0, 0, 0);color:#d35f06\" class=\"has-inline-color\"><strong>Sus\u021binem cre\u0219terea de p\u0103s\u0103ri \u00een propria gospod\u0103rie, in aer liber, f\u0103r\u0103 Antibiotice, cu hrana potrivit\u0103, pentru a ob\u021bine carne \u0219i ou\u0103 de calitate excep\u021bional\u0103. De asemenea, se asigur\u0103 bun\u0103starea p\u0103s\u0103rilor precum \u0219i protejarea mediului<\/strong>.<\/mark><\/p>\n\n\n\n<p><\/p>\n","protected":false},"excerpt":{"rendered":"<p>De 29 de ani noi, echipa Agroland, ne ocup\u0103m cu pasiune de comercializarea puilor de o zi, a hranei de calitate potrivit\u0103 acestora, \u00een func\u021bie de specie \u0219i v\u00e2rst\u0103, precum \u0219i a echipamentelor de hr\u0103nire, ad\u0103pare \u0219i \u00eenc\u0103lzire, fiind cel mai mare furnizor din acest domeniu, prin cele peste 250 de magazine din toat\u0103 \u021bara.&hellip; <a class=\"more-link\" href=\"https:\/\/agroland.ro\/c\/pui-de-o-zi-nr-1-in-romania\/\">Continu\u0103 lectura <span class=\"screen-reader-text\">Pui de o zi<\/span><\/a><\/p>\n","protected":false},"author":1,"featured_media":0,"parent":0,"menu_order":0,"comment_status":"closed","ping_status":"closed","template":"templates\/OneDay.php","meta":{"_acf_changed":false,"_et_pb_use_builder":"","_et_pb_old_content":"","_et_gb_content_width":"","inline_featured_image":false,"footnotes":""},"class_list":["post-117","page","type-page","status-publish","hentry","entry"],"acf":[],"_links":{"self":[{"href":"https:\/\/agroland.ro\/c\/wp-json\/wp\/v2\/pages\/117","targetHints":{"allow":["GET"]}}],"collection":[{"href":"https:\/\/agroland.ro\/c\/wp-json\/wp\/v2\/pages"}],"about":[{"href":"https:\/\/agroland.ro\/c\/wp-json\/wp\/v2\/types\/page"}],"author":[{"embeddable":true,"href":"https:\/\/agroland.ro\/c\/wp-json\/wp\/v2\/users\/1"}],"replies":[{"embeddable":true,"href":"https:\/\/agroland.ro\/c\/wp-json\/wp\/v2\/comments?post=117"}],"version-history":[{"count":52,"href":"https:\/\/agroland.ro\/c\/wp-json\/wp\/v2\/pages\/117\/revisions"}],"predecessor-version":[{"id":43728,"href":"https:\/\/agroland.ro\/c\/wp-json\/wp\/v2\/pages\/117\/revisions\/43728"}],"wp:attachment":[{"href":"https:\/\/agroland.ro\/c\/wp-json\/wp\/v2\/media?parent=117"}],"curies":[{"name":"wp","href":"https:\/\/api.w.org\/{rel}","templated":true}]}}