{"id":164,"date":"2021-06-10T15:17:27","date_gmt":"2021-06-10T15:17:27","guid":{"rendered":"https:\/\/agroland.ro\/c\/?page_id=164"},"modified":"2025-12-16T19:51:20","modified_gmt":"2025-12-16T17:51:20","slug":"despre-agroland","status":"publish","type":"page","link":"https:\/\/agroland.ro\/c\/","title":{"rendered":"Despre"},"content":{"rendered":"\n<figure class=\"wp-block-image size-large is-style-default\"><img loading=\"lazy\" decoding=\"async\" width=\"1024\" height=\"379\" src=\"https:\/\/agroland.ro\/c\/wp-content\/uploads\/2021\/12\/Agroland-sustinem-viata-si-hrana-sanatoasa-1024x379.png\" alt=\"\" class=\"wp-image-27238\" srcset=\"https:\/\/agroland.ro\/c\/wp-content\/uploads\/2021\/12\/Agroland-sustinem-viata-si-hrana-sanatoasa-1024x379.png 1024w, https:\/\/agroland.ro\/c\/wp-content\/uploads\/2021\/12\/Agroland-sustinem-viata-si-hrana-sanatoasa-300x111.png 300w, https:\/\/agroland.ro\/c\/wp-content\/uploads\/2021\/12\/Agroland-sustinem-viata-si-hrana-sanatoasa-768x284.png 768w, https:\/\/agroland.ro\/c\/wp-content\/uploads\/2021\/12\/Agroland-sustinem-viata-si-hrana-sanatoasa-1536x569.png 1536w, https:\/\/agroland.ro\/c\/wp-content\/uploads\/2021\/12\/Agroland-sustinem-viata-si-hrana-sanatoasa-1568x580.png 1568w, https:\/\/agroland.ro\/c\/wp-content\/uploads\/2021\/12\/Agroland-sustinem-viata-si-hrana-sanatoasa-1000x370.png 1000w, https:\/\/agroland.ro\/c\/wp-content\/uploads\/2021\/12\/Agroland-sustinem-viata-si-hrana-sanatoasa-500x185.png 500w, https:\/\/agroland.ro\/c\/wp-content\/uploads\/2021\/12\/Agroland-sustinem-viata-si-hrana-sanatoasa.png 1702w\" sizes=\"(max-width: 1024px) 100vw, 1024px\" \/><\/figure>\n\n\n\n<h2 class=\"wp-block-heading\">Cine suntem<\/h2>\n\n\n\n<p>Agroland a pornit in 1997, la Timisoara ca o mic\u0103 re\u021bea de magazine pentru fermieri. <\/p>\n\n\n\n<p>\u00cen prezent, din grupul Agroland fac parte companii de retail, agribusiness \u0219i agrofood. Dou\u0103 dintre companii sunt listate la Bursa de Valori Bucure\u0219ti.<\/p>\n\n\n\n<p><strong><span style=\"color:#d50032\" class=\"has-inline-color\">Agroland Business System SA<\/span><\/strong> (Simbol bursier <a href=\"https:\/\/bvb.ro\/FinancialInstruments\/Details\/FinancialInstrumentsDetails.aspx?s=AG\" target=\"_blank\" rel=\"noreferrer noopener nofollow\">AG<\/a>) gestioneaz\u0103 o re\u021bea de aproximativ <a href=\"https:\/\/agroland.ro\/c\/formate-magazine\/\" target=\"_blank\" rel=\"noreferrer noopener\">240 de magazine<\/a> cu produse pentru gr\u0103din\u0103, animale de companie \u0219i ferm\u0103, cu suprafe\u021be \u00eentre 50-700 mp, localizate \u00een 30 de jude\u021be, deservind peste 2.500.000 clien\u021bi pe an. Cifra de afaceri consolidat\u0103 pentru 2023 a fost de peste 60 milioane Euro.<\/p>\n\n\n\n<p><strong><span style=\"background-color:rgba(0, 0, 0, 0);color:#d60536\" class=\"has-inline-color\">Agroland Agribusiness SA<\/span><\/strong> (Simbol bursier <a href=\"https:\/\/bvb.ro\/FinancialInstruments\/Details\/FinancialInstrumentsDetails.aspx?s=aab\" target=\"_blank\" rel=\"noreferrer noopener nofollow\">AAB<\/a>) are \u00een portofoliu peste 500 de fermieri c\u0103rora le livreaz\u0103 inputuri cum ar fi: semin\u021be, fertiliza\u021bi, pesticide, at\u00e2t pentru culturi certificate organic c\u00e2t \u0219i pentru agricultura conven\u021bional\u0103. O alt\u0103 activitate important\u0103 este tradingul de cereale. Cifra de afaceri pentru 2023 a fost de 63,5 milioane Lei. <a href=\"https:\/\/www.agribusiness.agroland.ro\" data-type=\"link\" data-id=\"www.agribusiness.agroland.ro\">www.agribusiness.agroland.ro<\/a><\/p>\n\n\n\n<p><strong><span style=\"background-color:rgba(0, 0, 0, 0);color:#cc030d\" class=\"has-inline-color\">Agroland Professional Farm SRL<\/span><\/strong> ofer\u0103 produse si servicii complete <meta charset=\"utf-8\"><\/meta>\u00een domeniul nutri\u021biei animale pentru fermierii din zootehnie. <a href=\"https:\/\/www.apf-nutritieanimala.ro\" data-type=\"link\" data-id=\"www.apf-nutritieanimala.ro\" rel=\"nofollow noopener\" target=\"_blank\">www.apf-nutritieanimala.ro<\/a><\/p>\n\n\n\n<p><strong><mark style=\"background-color:rgba(0, 0, 0, 0);color:#c50303\" class=\"has-inline-color\">Agroland Genetics<\/mark><\/strong><span style=\"font-size: revert; color: var(--global--color-primary); font-family: var(--global--font-secondary); background-color: var(--global--color-background);\"><mark style=\"background-color:rgba(0, 0, 0, 0);color:#c50303\" class=\"has-inline-color\"><strong> SRL <\/strong><\/mark>(platforma avicol\u0103 Mih\u0103ile\u0219ti &#8211; ferme de reproduc\u021bie, incuba\u021bie pui \u0219i ferme de produc\u021bie ou\u0103 de consum),<\/span> <mark style=\"background-color:rgba(0, 0, 0, 0);color:#bf0208\" class=\"has-inline-color\"><strong>Agroland Megastore SRL<\/strong><\/mark> (real-estate), <mark style=\"background-color:rgba(0, 0, 0, 0);color:#c10111\" class=\"has-inline-color\"><strong>Magazinul Micului Fermier SRL<\/strong><\/mark> (retail), <strong><mark style=\"background-color:rgba(0, 0, 0, 0);color:#c50404\" class=\"has-inline-color\">Agroland Organic SRL<\/mark><\/strong> (produc\u021bie furaje certificate BIO)<\/p>\n\n\n\n<div style=\"height:30px\" aria-hidden=\"true\" class=\"wp-block-spacer\"><\/div>\n\n\n\n<hr class=\"wp-block-separator has-css-opacity\"\/>\n\n\n\n<div style=\"height:30px\" aria-hidden=\"true\" class=\"wp-block-spacer\"><\/div>\n\n\n\n<h2 class=\"wp-block-heading\">\u00cen cifre<\/h2>\n\n\n\n<div class=\"wp-block-columns is-layout-flex wp-container-core-columns-is-layout-9d6595d7 wp-block-columns-is-layout-flex\">\n<div class=\"wp-block-column is-layout-flow wp-block-column-is-layout-flow\">\n<figure class=\"wp-block-image size-medium\"><img loading=\"lazy\" decoding=\"async\" width=\"300\" height=\"252\" src=\"https:\/\/agroland.ro\/c\/wp-content\/uploads\/2024\/05\/240-magazine-AG-300x252.jpg\" alt=\"\" class=\"wp-image-37551\" srcset=\"https:\/\/agroland.ro\/c\/wp-content\/uploads\/2024\/05\/240-magazine-AG-300x252.jpg 300w, https:\/\/agroland.ro\/c\/wp-content\/uploads\/2024\/05\/240-magazine-AG-1024x858.jpg 1024w, https:\/\/agroland.ro\/c\/wp-content\/uploads\/2024\/05\/240-magazine-AG-768x644.jpg 768w, https:\/\/agroland.ro\/c\/wp-content\/uploads\/2024\/05\/240-magazine-AG-1193x1000.jpg 1193w, https:\/\/agroland.ro\/c\/wp-content\/uploads\/2024\/05\/240-magazine-AG-1000x838.jpg 1000w, https:\/\/agroland.ro\/c\/wp-content\/uploads\/2024\/05\/240-magazine-AG-500x419.jpg 500w, https:\/\/agroland.ro\/c\/wp-content\/uploads\/2024\/05\/240-magazine-AG.jpg 1528w\" sizes=\"(max-width: 300px) 100vw, 300px\" \/><\/figure>\n<\/div>\n\n\n\n<div class=\"wp-block-column is-layout-flow wp-block-column-is-layout-flow\">\n<figure class=\"wp-block-image size-medium\"><img loading=\"lazy\" decoding=\"async\" width=\"300\" height=\"252\" src=\"https:\/\/agroland.ro\/c\/wp-content\/uploads\/2024\/05\/450-angajati-AG-300x252.jpg\" alt=\"\" class=\"wp-image-37552\" srcset=\"https:\/\/agroland.ro\/c\/wp-content\/uploads\/2024\/05\/450-angajati-AG-300x252.jpg 300w, https:\/\/agroland.ro\/c\/wp-content\/uploads\/2024\/05\/450-angajati-AG-1024x858.jpg 1024w, https:\/\/agroland.ro\/c\/wp-content\/uploads\/2024\/05\/450-angajati-AG-768x644.jpg 768w, https:\/\/agroland.ro\/c\/wp-content\/uploads\/2024\/05\/450-angajati-AG-1193x1000.jpg 1193w, https:\/\/agroland.ro\/c\/wp-content\/uploads\/2024\/05\/450-angajati-AG-1000x838.jpg 1000w, https:\/\/agroland.ro\/c\/wp-content\/uploads\/2024\/05\/450-angajati-AG-500x419.jpg 500w, https:\/\/agroland.ro\/c\/wp-content\/uploads\/2024\/05\/450-angajati-AG.jpg 1528w\" sizes=\"(max-width: 300px) 100vw, 300px\" \/><\/figure>\n<\/div>\n\n\n\n<div class=\"wp-block-column is-layout-flow wp-block-column-is-layout-flow\">\n<figure class=\"wp-block-image size-medium\"><img loading=\"lazy\" decoding=\"async\" width=\"300\" height=\"252\" src=\"https:\/\/agroland.ro\/c\/wp-content\/uploads\/2024\/05\/Cifra-Afaceri-AG-300x252.jpg\" alt=\"\" class=\"wp-image-37553\" srcset=\"https:\/\/agroland.ro\/c\/wp-content\/uploads\/2024\/05\/Cifra-Afaceri-AG-300x252.jpg 300w, https:\/\/agroland.ro\/c\/wp-content\/uploads\/2024\/05\/Cifra-Afaceri-AG-1024x858.jpg 1024w, https:\/\/agroland.ro\/c\/wp-content\/uploads\/2024\/05\/Cifra-Afaceri-AG-768x644.jpg 768w, https:\/\/agroland.ro\/c\/wp-content\/uploads\/2024\/05\/Cifra-Afaceri-AG-1193x1000.jpg 1193w, https:\/\/agroland.ro\/c\/wp-content\/uploads\/2024\/05\/Cifra-Afaceri-AG-1000x838.jpg 1000w, https:\/\/agroland.ro\/c\/wp-content\/uploads\/2024\/05\/Cifra-Afaceri-AG-500x419.jpg 500w, https:\/\/agroland.ro\/c\/wp-content\/uploads\/2024\/05\/Cifra-Afaceri-AG.jpg 1528w\" sizes=\"(max-width: 300px) 100vw, 300px\" \/><\/figure>\n<\/div>\n<\/div>\n\n\n\n<div style=\"height:30px\" aria-hidden=\"true\" class=\"wp-block-spacer\"><\/div>\n\n\n\n<h2 class=\"wp-block-heading\">Povestea noastr\u0103<\/h2>\n\n\n\n<p>\u00cenfiin\u021bat\u0103 \u00een 1997, la Timi\u0219oara, de c\u0103tre antreprenorul Horia Cardo\u0219, Agroland a \u00eenceput ca o afacere de familie, pornit\u0103 din dorin\u021ba de a fi al\u0103turi de gospodari si micii fermieri rom\u00e2ni. Conceptul magazinelor Agroland a avut succes de la \u00eenceput, at\u00e2t in mediul rural c\u00e2t \u0219i la periferia marilor ora\u0219e.<\/p>\n\n\n\n<div style=\"height:26px\" aria-hidden=\"true\" class=\"wp-block-spacer\"><\/div>\n\n\n\n<figure class=\"wp-block-image size-large is-style-default\"><img loading=\"lazy\" decoding=\"async\" width=\"1024\" height=\"379\" src=\"https:\/\/agroland.ro\/c\/wp-content\/uploads\/2021\/12\/1-in-Romania-1024x379.png\" alt=\"\" class=\"wp-image-27235\" srcset=\"https:\/\/agroland.ro\/c\/wp-content\/uploads\/2021\/12\/1-in-Romania-1024x379.png 1024w, https:\/\/agroland.ro\/c\/wp-content\/uploads\/2021\/12\/1-in-Romania-300x111.png 300w, https:\/\/agroland.ro\/c\/wp-content\/uploads\/2021\/12\/1-in-Romania-768x284.png 768w, https:\/\/agroland.ro\/c\/wp-content\/uploads\/2021\/12\/1-in-Romania-1536x569.png 1536w, https:\/\/agroland.ro\/c\/wp-content\/uploads\/2021\/12\/1-in-Romania-1568x580.png 1568w, https:\/\/agroland.ro\/c\/wp-content\/uploads\/2021\/12\/1-in-Romania-1000x370.png 1000w, https:\/\/agroland.ro\/c\/wp-content\/uploads\/2021\/12\/1-in-Romania-500x185.png 500w, https:\/\/agroland.ro\/c\/wp-content\/uploads\/2021\/12\/1-in-Romania.png 1702w\" sizes=\"(max-width: 1024px) 100vw, 1024px\" \/><\/figure>\n\n\n\n<div style=\"height:31px\" aria-hidden=\"true\" class=\"wp-block-spacer\"><\/div>\n\n\n\n<div class=\"wp-block-columns is-layout-flex wp-container-core-columns-is-layout-9d6595d7 wp-block-columns-is-layout-flex\">\n<div class=\"wp-block-column is-layout-flow wp-block-column-is-layout-flow\" style=\"flex-basis:33.33%\">\n<div class=\"wp-block-buttons alignfull is-layout-flex wp-block-buttons-is-layout-flex\">\n<div class=\"wp-block-button\"><a class=\"wp-block-button__link has-white-color has-text-color has-background wp-element-button\" style=\"border-radius:50px;background-color:#d50032\">1997<\/a><\/div>\n<\/div>\n<\/div>\n\n\n\n<div class=\"wp-block-column is-layout-flow wp-block-column-is-layout-flow\" style=\"flex-basis:66.66%\">\n<p><strong>\u203a<\/strong> Deschidem primul magazin \u00een Timi\u0219oara cu produse pentru fermieri.<\/p>\n<\/div>\n<\/div>\n\n\n\n<div class=\"wp-block-columns is-layout-flex wp-container-core-columns-is-layout-9d6595d7 wp-block-columns-is-layout-flex\">\n<div class=\"wp-block-column is-layout-flow wp-block-column-is-layout-flow\" style=\"flex-basis:33.33%\">\n<div class=\"wp-block-buttons alignfull is-layout-flex wp-block-buttons-is-layout-flex\">\n<div class=\"wp-block-button\"><a class=\"wp-block-button__link has-white-color has-text-color has-background wp-element-button\" style=\"border-radius:50px;background-color:#d50032\">2004<\/a><\/div>\n<\/div>\n<\/div>\n\n\n\n<div class=\"wp-block-column is-layout-flow wp-block-column-is-layout-flow\" style=\"flex-basis:66.66%\">\n<p class=\"has-text-align-left\"><strong>\u203a<\/strong> \u00cenregistrarea brand-ului Agroland \u0219i lansarea sistemului de franciz\u0103.<\/p>\n<\/div>\n<\/div>\n\n\n\n<div class=\"wp-block-columns is-layout-flex wp-container-core-columns-is-layout-9d6595d7 wp-block-columns-is-layout-flex\">\n<div class=\"wp-block-column is-layout-flow wp-block-column-is-layout-flow\" style=\"flex-basis:33.33%\">\n<div class=\"wp-block-buttons is-layout-flex wp-block-buttons-is-layout-flex\">\n<div class=\"wp-block-button\"><a class=\"wp-block-button__link has-white-color has-text-color has-background wp-element-button\" style=\"border-radius:50px;background-color:#d50032\">2013<\/a><\/div>\n<\/div>\n<\/div>\n\n\n\n<div class=\"wp-block-column is-layout-flow wp-block-column-is-layout-flow\" style=\"flex-basis:66.66%\">\n<p><strong>\u203a<\/strong> Agroland devine membr\u0103 a ERPA (Asocia\u021bia Produc\u0103torilor de P\u0103s\u0103ri Rurale din Europa). \u00cen continuare este singura entitate din Rom\u00e2nia membr\u0103 \u00een aceast\u0103 asocia\u021bie.<\/p>\n<\/div>\n<\/div>\n\n\n\n<div class=\"wp-block-columns is-layout-flex wp-container-core-columns-is-layout-9d6595d7 wp-block-columns-is-layout-flex\">\n<div class=\"wp-block-column is-layout-flow wp-block-column-is-layout-flow\" style=\"flex-basis:33.33%\">\n<div class=\"wp-block-buttons is-layout-flex wp-block-buttons-is-layout-flex\">\n<div class=\"wp-block-button\"><a class=\"wp-block-button__link has-white-color has-text-color has-background wp-element-button\" style=\"border-radius:50px;background-color:#d50032\">2018<\/a><\/div>\n<\/div>\n<\/div>\n\n\n\n<div class=\"wp-block-column is-layout-flow wp-block-column-is-layout-flow\" style=\"flex-basis:66.66%\">\n<p><strong>\u203a<\/strong> Se pune accent pe m\u0103rirea suprafe\u021belor magazinelor \u0219i pe diversificarea gamei de produse. <\/p>\n\n\n\n<p><strong>\u203a<\/strong> Se angajeaz\u0103 consultan\u021bi \u00een retail pentru setarea unui nou format de magazin cu suprafa\u021b\u0103 \u00eentre 350-600 mp.<\/p>\n<\/div>\n<\/div>\n\n\n\n<div class=\"wp-block-columns is-layout-flex wp-container-core-columns-is-layout-9d6595d7 wp-block-columns-is-layout-flex\">\n<div class=\"wp-block-column is-layout-flow wp-block-column-is-layout-flow\" style=\"flex-basis:33.33%\">\n<div class=\"wp-block-buttons is-layout-flex wp-block-buttons-is-layout-flex\">\n<div class=\"wp-block-button\"><a class=\"wp-block-button__link has-white-color has-text-color has-background wp-element-button\" style=\"border-radius:50px;background-color:#d50032\">2019<\/a><\/div>\n<\/div>\n<\/div>\n\n\n\n<div class=\"wp-block-column is-layout-flow wp-block-column-is-layout-flow\" style=\"flex-basis:66.66%\">\n<p><strong>\u203a<\/strong> Se deschide primul magazin de tip MEGA \u00een Lie\u0219ti, Gala\u021bi, pe o suprafa\u021b\u0103 de 350 mp.<\/p>\n<\/div>\n<\/div>\n\n\n\n<div class=\"wp-block-columns is-layout-flex wp-container-core-columns-is-layout-9d6595d7 wp-block-columns-is-layout-flex\">\n<div class=\"wp-block-column is-layout-flow wp-block-column-is-layout-flow\" style=\"flex-basis:33.33%\">\n<div class=\"wp-block-buttons is-layout-flex wp-block-buttons-is-layout-flex\">\n<div class=\"wp-block-button\"><a class=\"wp-block-button__link has-white-color has-text-color has-background wp-element-button\" style=\"border-radius:50px;background-color:#d50032\">2020<\/a><\/div>\n<\/div>\n<\/div>\n\n\n\n<div class=\"wp-block-column is-layout-flow wp-block-column-is-layout-flow\" style=\"flex-basis:66.66%\">\n<p><strong><strong>\u203a<\/strong> <\/strong>Se deschid 3 magazine \u00een format Agroland MEGA.<\/p>\n\n\n\n<p><strong>\u203a<\/strong> Se preia platforma Avicola Mih\u0103ile\u0219ti \u0219i se dezvolt\u0103 dou\u0103 activit\u0103\u021bi distincte: ferme de reproduc\u021bie cu sta\u021bie de incuba\u021bie pentru produc\u021bia de pui de o zi \u0219i ferme de g\u0103ini pentru produc\u021bia de ou\u0103 pentru consum.<\/p>\n\n\n\n<p> <strong>\u203a<\/strong> \u00cencepem comercializarea ou\u0103lor de consum \u00een re\u021beaua de magazine LIDL din toat\u0103 \u021bara.<\/p>\n<\/div>\n<\/div>\n\n\n\n<div class=\"wp-block-columns is-layout-flex wp-container-core-columns-is-layout-9d6595d7 wp-block-columns-is-layout-flex\">\n<div class=\"wp-block-column is-layout-flow wp-block-column-is-layout-flow\" style=\"flex-basis:33.33%\">\n<div class=\"wp-block-buttons is-layout-flex wp-block-buttons-is-layout-flex\">\n<div class=\"wp-block-button\"><a class=\"wp-block-button__link has-white-color has-text-color has-background wp-element-button\" style=\"border-radius:50px;background-color:#d50032\">2021<\/a><\/div>\n<\/div>\n<\/div>\n\n\n\n<div class=\"wp-block-column is-layout-flow wp-block-column-is-layout-flow\" style=\"flex-basis:66.66%\">\n<p><strong>\u203a<\/strong> Listarea la Bursa de Valori Bucure\u0219ti:<\/p>\n\n\n\n<p><strong>1 martie<\/strong> &#8211; Agroland Business System SA (simbol AG)<\/p>\n\n\n\n<p><strong>15 iunie<\/strong> &#8211; Agroland Agribusiness SA &#8211; (simbol AAB) <\/p>\n\n\n\n<p><strong>\u203a<\/strong> Prelu\u0103m fabrica de nutre\u021buri combinate de la Caransebe\u0219 &#8211; prima din Rom\u00e2nia certificat\u0103 ca s\u0103 produc\u0103 astfel de nutre\u021buri nemodificate genetic.<\/p>\n\n\n\n<p> <strong>\u203a<\/strong> Se deschid 12 magazine \u00een formatul Agroland MEGA<\/p>\n<\/div>\n<\/div>\n\n\n\n<div class=\"wp-block-columns is-layout-flex wp-container-core-columns-is-layout-9d6595d7 wp-block-columns-is-layout-flex\">\n<div class=\"wp-block-column is-layout-flow wp-block-column-is-layout-flow\" style=\"flex-basis:33.33%\">\n<div class=\"wp-block-buttons is-layout-flex wp-block-buttons-is-layout-flex\">\n<div class=\"wp-block-button\"><a class=\"wp-block-button__link has-white-color has-text-color has-background wp-element-button\" style=\"border-radius:50px;background-color:#d50032\">2022<\/a><\/div>\n<\/div>\n<\/div>\n\n\n\n<div class=\"wp-block-column is-layout-flow wp-block-column-is-layout-flow\" style=\"flex-basis:66.66%\">\n<p> <strong>\u203a<\/strong> Ajungem la un total de 20 magazine Agroland MEGA<\/p>\n\n\n\n<p><strong>\u203a<\/strong> Comercializarea ou\u0103lor de consum Agroland se extinde \u0219i \u00een re\u021beaua de magazine Mega Image<\/p>\n\n\n\n<p><strong>\u203a<\/strong> Agroland \u00ee\u0219i consolideaz\u0103 echipa de management prin numirea a doi executivi cheie<\/p>\n<\/div>\n<\/div>\n\n\n\n<div class=\"wp-block-columns is-layout-flex wp-container-core-columns-is-layout-9d6595d7 wp-block-columns-is-layout-flex\">\n<div class=\"wp-block-column is-layout-flow wp-block-column-is-layout-flow\" style=\"flex-basis:33.33%\">\n<div class=\"wp-block-buttons is-layout-flex wp-block-buttons-is-layout-flex\">\n<div class=\"wp-block-button\"><a class=\"wp-block-button__link has-white-color has-text-color has-background wp-element-button\" style=\"border-radius:50px;background-color:#d50032\">2023<\/a><\/div>\n<\/div>\n<\/div>\n\n\n\n<div class=\"wp-block-column is-layout-flow wp-block-column-is-layout-flow\" style=\"flex-basis:66.66%\">\n<p><strong>\u203a<\/strong> Agroland deschide dou\u0103 noi magazine MEGA \u0219i \u00ee\u0219i extinde re\u021beaua la 23 de unit\u0103\u021bi la nivel na\u021bional<br><strong>\u203a<\/strong> Agroland Business System inaugureaz\u0103 Fabrica de Furaje de la I\u0219alni\u021ba \u00een urma unei investi\u021bii de 20 de milioane de lei<\/p>\n<\/div>\n<\/div>\n\n\n\n<p><\/p>\n","protected":false},"excerpt":{"rendered":"<p>Cine suntem Agroland a pornit in 1997, la Timisoara ca o mic\u0103 re\u021bea de magazine pentru fermieri. \u00cen prezent, din grupul Agroland fac parte companii de retail, agribusiness \u0219i agrofood. Dou\u0103 dintre companii sunt listate la Bursa de Valori Bucure\u0219ti. Agroland Business System SA (Simbol bursier AG) gestioneaz\u0103 o re\u021bea de aproximativ 240 de magazine&hellip; <a class=\"more-link\" href=\"https:\/\/agroland.ro\/c\/\">Continu\u0103 lectura <span class=\"screen-reader-text\">Despre<\/span><\/a><\/p>\n","protected":false},"author":1,"featured_media":258,"parent":0,"menu_order":0,"comment_status":"closed","ping_status":"closed","template":"templates\/About.php","meta":{"_acf_changed":false,"_et_pb_use_builder":"","_et_pb_old_content":"","_et_gb_content_width":"","inline_featured_image":false,"footnotes":""},"class_list":["post-164","page","type-page","status-publish","has-post-thumbnail","hentry","entry"],"acf":[],"_links":{"self":[{"href":"https:\/\/agroland.ro\/c\/wp-json\/wp\/v2\/pages\/164","targetHints":{"allow":["GET"]}}],"collection":[{"href":"https:\/\/agroland.ro\/c\/wp-json\/wp\/v2\/pages"}],"about":[{"href":"https:\/\/agroland.ro\/c\/wp-json\/wp\/v2\/types\/page"}],"author":[{"embeddable":true,"href":"https:\/\/agroland.ro\/c\/wp-json\/wp\/v2\/users\/1"}],"replies":[{"embeddable":true,"href":"https:\/\/agroland.ro\/c\/wp-json\/wp\/v2\/comments?post=164"}],"version-history":[{"count":93,"href":"https:\/\/agroland.ro\/c\/wp-json\/wp\/v2\/pages\/164\/revisions"}],"predecessor-version":[{"id":43236,"href":"https:\/\/agroland.ro\/c\/wp-json\/wp\/v2\/pages\/164\/revisions\/43236"}],"wp:featuredmedia":[{"embeddable":true,"href":"https:\/\/agroland.ro\/c\/wp-json\/wp\/v2\/media\/258"}],"wp:attachment":[{"href":"https:\/\/agroland.ro\/c\/wp-json\/wp\/v2\/media?parent=164"}],"curies":[{"name":"wp","href":"https:\/\/api.w.org\/{rel}","templated":true}]}}