{"id":176,"date":"2021-06-11T08:26:43","date_gmt":"2021-06-11T08:26:43","guid":{"rendered":"https:\/\/agroland.ro\/c\/?page_id=176"},"modified":"2023-08-29T13:06:39","modified_gmt":"2023-08-29T10:06:39","slug":"produse-comercializate","status":"publish","type":"page","link":"https:\/\/agroland.ro\/c\/produse-comercializate\/","title":{"rendered":"Produse comercializate"},"content":{"rendered":"\n<p>Portofoliul Agroland con\u021bine peste 3.000 de articole  pentru animale de companie, gr\u0103din\u0103, curte, cas\u0103, ferm\u0103 \u0219i gospod\u0103rie. care pot fi achizi\u021bionate \u00een magazinele <a href=\"https:\/\/agroland.ro\/c\/magazine-mega\/\">Agroland MEGA<\/a> din \u021bar\u0103 sau online &#8211; fie prin comand\u0103 direct\u0103 pe site, fie prin comand\u0103 telefonic\u0103 la <strong>0723 134 652<\/strong>.<\/p>\n\n\n\n<div style=\"height:17px\" aria-hidden=\"true\" class=\"wp-block-spacer\"><\/div>\n\n\n\n<p>Produsele de baz\u0103 din categoriile cre\u0219terea animalelor, gr\u0103din\u0103 \u0219i petshop se reg\u0103sesc \u00een toate cele 250 de magazine din \u021bar\u0103, doar magazinele <a href=\"https:\/\/agroland.ro\/c\/magazine-mega\/\">Agroland MEGA<\/a> comercializeaz\u0103 \u00eentreaga gam\u0103 de produse. <\/p>\n\n\n\n<div style=\"height:17px\" aria-hidden=\"true\" class=\"wp-block-spacer\"><\/div>\n\n\n\n<p>Pentru a verifica disponibilitatea stocurilor pe anumite produse te invit\u0103m s\u0103 ne suni la num\u0103rul de telefon al magazinului (<a href=\"https:\/\/agroland.ro\/c\/magazinele-noastre\/\">caut\u0103 num\u0103rul aici<\/a>). \u00cen cazul \u00een care magazinul nu are pe stoc produsul dorit, \u00eel po\u021bi comanda direct la colegii no\u0219tri din magazine, chiar \u0219i prin telefon. <\/p>\n\n\n\n<div style=\"height:27px\" aria-hidden=\"true\" class=\"wp-block-spacer\"><\/div>\n\n\n\n<p><\/p>\n","protected":false},"excerpt":{"rendered":"<p>Portofoliul Agroland con\u021bine peste 3.000 de articole pentru animale de companie, gr\u0103din\u0103, curte, cas\u0103, ferm\u0103 \u0219i gospod\u0103rie. care pot fi achizi\u021bionate \u00een magazinele Agroland MEGA din \u021bar\u0103 sau online &#8211; fie prin comand\u0103 direct\u0103 pe site, fie prin comand\u0103 telefonic\u0103 la 0723 134 652. Produsele de baz\u0103 din categoriile cre\u0219terea animalelor, gr\u0103din\u0103 \u0219i petshop se&hellip; <a class=\"more-link\" href=\"https:\/\/agroland.ro\/c\/produse-comercializate\/\">Continu\u0103 lectura <span class=\"screen-reader-text\">Produse comercializate<\/span><\/a><\/p>\n","protected":false},"author":1,"featured_media":264,"parent":0,"menu_order":0,"comment_status":"closed","ping_status":"closed","template":"templates\/Products.php","meta":{"_acf_changed":false,"_et_pb_use_builder":"","_et_pb_old_content":"","_et_gb_content_width":"","inline_featured_image":false,"footnotes":""},"class_list":["post-176","page","type-page","status-publish","has-post-thumbnail","hentry","entry"],"acf":[],"_links":{"self":[{"href":"https:\/\/agroland.ro\/c\/wp-json\/wp\/v2\/pages\/176","targetHints":{"allow":["GET"]}}],"collection":[{"href":"https:\/\/agroland.ro\/c\/wp-json\/wp\/v2\/pages"}],"about":[{"href":"https:\/\/agroland.ro\/c\/wp-json\/wp\/v2\/types\/page"}],"author":[{"embeddable":true,"href":"https:\/\/agroland.ro\/c\/wp-json\/wp\/v2\/users\/1"}],"replies":[{"embeddable":true,"href":"https:\/\/agroland.ro\/c\/wp-json\/wp\/v2\/comments?post=176"}],"version-history":[{"count":69,"href":"https:\/\/agroland.ro\/c\/wp-json\/wp\/v2\/pages\/176\/revisions"}],"predecessor-version":[{"id":35322,"href":"https:\/\/agroland.ro\/c\/wp-json\/wp\/v2\/pages\/176\/revisions\/35322"}],"wp:featuredmedia":[{"embeddable":true,"href":"https:\/\/agroland.ro\/c\/wp-json\/wp\/v2\/media\/264"}],"wp:attachment":[{"href":"https:\/\/agroland.ro\/c\/wp-json\/wp\/v2\/media?parent=176"}],"curies":[{"name":"wp","href":"https:\/\/api.w.org\/{rel}","templated":true}]}}