{"id":27397,"date":"2021-12-15T17:46:22","date_gmt":"2021-12-15T15:46:22","guid":{"rendered":"https:\/\/agroland.ro\/c\/?page_id=27397"},"modified":"2022-03-10T11:33:08","modified_gmt":"2022-03-10T09:33:08","slug":"cresterea-animalelor","status":"publish","type":"page","link":"https:\/\/agroland.ro\/c\/cresterea-animalelor\/","title":{"rendered":"Cre\u0219terea Animalelor"},"content":{"rendered":"\n<p>\u00cenc\u0103 din 1997 sus\u021binem rom\u00e2nii \u00een cre\u0219terea animalelor s\u0103n\u0103toase, \u00een condi\u021bii optime, \u00een propria gospod\u0103rie sau \u00een mici ferme. Fie c\u0103 \u00ee\u021bi dore\u0219ti s\u0103 asiguri hrana propriei familii \u0219i vrei s\u0103 ai siguran\u021ba unei hrane s\u0103n\u0103toase sau ai dezvoltat deja o mic\u0103 afacere \u0219i vrei s\u0103 asiguri carne \u0219i ou\u0103 de calitate clien\u021bilor t\u0103i, \u00een magazinele noastre g\u0103se\u0219ti tot ce ai nevoie. Agroland te sprijin\u0103 cu hran\u0103 nutritiv\u0103, aditivi naturali \u0219i accesorii utile \u00een cre\u0219terea p\u0103s\u0103rilor, porcinelor, bovinelor, ovinelor, caprinelor \u0219i a cabalinelor. <\/p>\n\n\n\n<div style=\"height:27px\" aria-hidden=\"true\" class=\"wp-block-spacer\"><\/div>\n\n\n\n<p>Gama complet\u0103 de produse pentru cre\u0219terea animalelor o g\u0103se\u0219ti \u00een toate <a href=\"https:\/\/agroland.ro\/c\/magazinele-noastre\/\">magazinele Agroland<\/a> sau po\u021bi comanda \u0219i online iar coletul \u00ee\u021bi ajunge acas\u0103 \u00een 24-72 de ore. <\/p>\n\n\n\n<div style=\"height:27px\" aria-hidden=\"true\" class=\"wp-block-spacer\"><\/div>\n\n\n\n<h2 class=\"wp-block-heading\"><strong>Categorii de Produse<\/strong><\/h2>\n\n\n\n<div style=\"height:27px\" aria-hidden=\"true\" class=\"wp-block-spacer\"><\/div>\n\n\n\n<div class=\"wp-block-columns is-layout-flex wp-container-core-columns-is-layout-9d6595d7 wp-block-columns-is-layout-flex\">\n<div class=\"wp-block-column is-layout-flow wp-block-column-is-layout-flow\">\n<figure class=\"wp-block-image size-large is-style-default\"><a href=\"https:\/\/agroland.ro\/12-crestere-pasari\"><img loading=\"lazy\" decoding=\"async\" width=\"1024\" height=\"788\" src=\"https:\/\/agroland.ro\/c\/wp-content\/uploads\/2022\/01\/Agroland-Cresterea-Pasarilor-1-1024x788.png\" alt=\"\" class=\"wp-image-27618\" srcset=\"https:\/\/agroland.ro\/c\/wp-content\/uploads\/2022\/01\/Agroland-Cresterea-Pasarilor-1-1024x788.png 1024w, https:\/\/agroland.ro\/c\/wp-content\/uploads\/2022\/01\/Agroland-Cresterea-Pasarilor-1-300x231.png 300w, https:\/\/agroland.ro\/c\/wp-content\/uploads\/2022\/01\/Agroland-Cresterea-Pasarilor-1-768x591.png 768w, https:\/\/agroland.ro\/c\/wp-content\/uploads\/2022\/01\/Agroland-Cresterea-Pasarilor-1-1000x770.png 1000w, https:\/\/agroland.ro\/c\/wp-content\/uploads\/2022\/01\/Agroland-Cresterea-Pasarilor-1-500x385.png 500w, https:\/\/agroland.ro\/c\/wp-content\/uploads\/2022\/01\/Agroland-Cresterea-Pasarilor-1.png 1199w\" sizes=\"(max-width: 1024px) 100vw, 1024px\" \/><\/a><\/figure>\n<\/div>\n\n\n\n<div class=\"wp-block-column is-layout-flow wp-block-column-is-layout-flow\">\n<figure class=\"wp-block-image size-large is-style-default\"><a href=\"https:\/\/agroland.ro\/20-crestere-porcine\"><img loading=\"lazy\" decoding=\"async\" width=\"1024\" height=\"788\" src=\"https:\/\/agroland.ro\/c\/wp-content\/uploads\/2022\/01\/Agroland-Cresterea-Porcinelor-1024x788.png\" alt=\"Agroland - Cresterea Porcinelor\" class=\"wp-image-27608\" srcset=\"https:\/\/agroland.ro\/c\/wp-content\/uploads\/2022\/01\/Agroland-Cresterea-Porcinelor-1024x788.png 1024w, https:\/\/agroland.ro\/c\/wp-content\/uploads\/2022\/01\/Agroland-Cresterea-Porcinelor-300x231.png 300w, https:\/\/agroland.ro\/c\/wp-content\/uploads\/2022\/01\/Agroland-Cresterea-Porcinelor-768x591.png 768w, https:\/\/agroland.ro\/c\/wp-content\/uploads\/2022\/01\/Agroland-Cresterea-Porcinelor-1000x770.png 1000w, https:\/\/agroland.ro\/c\/wp-content\/uploads\/2022\/01\/Agroland-Cresterea-Porcinelor-500x385.png 500w, https:\/\/agroland.ro\/c\/wp-content\/uploads\/2022\/01\/Agroland-Cresterea-Porcinelor.png 1199w\" sizes=\"(max-width: 1024px) 100vw, 1024px\" \/><\/a><\/figure>\n<\/div>\n\n\n\n<div class=\"wp-block-column is-layout-flow wp-block-column-is-layout-flow\">\n<figure class=\"wp-block-image size-large is-style-default\"><a href=\"https:\/\/agroland.ro\/28-crestere-bovine\"><img loading=\"lazy\" decoding=\"async\" width=\"1024\" height=\"788\" src=\"https:\/\/agroland.ro\/c\/wp-content\/uploads\/2022\/01\/Agroland-Cresterea-Bovinelor-1024x788.png\" alt=\"\" class=\"wp-image-27619\" srcset=\"https:\/\/agroland.ro\/c\/wp-content\/uploads\/2022\/01\/Agroland-Cresterea-Bovinelor-1024x788.png 1024w, https:\/\/agroland.ro\/c\/wp-content\/uploads\/2022\/01\/Agroland-Cresterea-Bovinelor-300x231.png 300w, https:\/\/agroland.ro\/c\/wp-content\/uploads\/2022\/01\/Agroland-Cresterea-Bovinelor-768x591.png 768w, https:\/\/agroland.ro\/c\/wp-content\/uploads\/2022\/01\/Agroland-Cresterea-Bovinelor-1000x770.png 1000w, https:\/\/agroland.ro\/c\/wp-content\/uploads\/2022\/01\/Agroland-Cresterea-Bovinelor-500x385.png 500w, https:\/\/agroland.ro\/c\/wp-content\/uploads\/2022\/01\/Agroland-Cresterea-Bovinelor.png 1199w\" sizes=\"(max-width: 1024px) 100vw, 1024px\" \/><\/a><\/figure>\n<\/div>\n<\/div>\n\n\n\n<div class=\"wp-block-columns is-layout-flex wp-container-core-columns-is-layout-9d6595d7 wp-block-columns-is-layout-flex\">\n<div class=\"wp-block-column is-layout-flow wp-block-column-is-layout-flow\">\n<figure class=\"wp-block-image size-large is-style-default\"><a href=\"https:\/\/agroland.ro\/33-crestere-ovine-si-caprine?animal=ovine\"><img loading=\"lazy\" decoding=\"async\" width=\"1024\" height=\"788\" src=\"https:\/\/agroland.ro\/c\/wp-content\/uploads\/2022\/01\/Agroland-Cresterea-Ovinelor-1024x788.png\" alt=\"\" class=\"wp-image-27620\" srcset=\"https:\/\/agroland.ro\/c\/wp-content\/uploads\/2022\/01\/Agroland-Cresterea-Ovinelor-1024x788.png 1024w, https:\/\/agroland.ro\/c\/wp-content\/uploads\/2022\/01\/Agroland-Cresterea-Ovinelor-300x231.png 300w, https:\/\/agroland.ro\/c\/wp-content\/uploads\/2022\/01\/Agroland-Cresterea-Ovinelor-768x591.png 768w, https:\/\/agroland.ro\/c\/wp-content\/uploads\/2022\/01\/Agroland-Cresterea-Ovinelor-1000x770.png 1000w, https:\/\/agroland.ro\/c\/wp-content\/uploads\/2022\/01\/Agroland-Cresterea-Ovinelor-500x385.png 500w, https:\/\/agroland.ro\/c\/wp-content\/uploads\/2022\/01\/Agroland-Cresterea-Ovinelor.png 1199w\" sizes=\"(max-width: 1024px) 100vw, 1024px\" \/><\/a><\/figure>\n<\/div>\n\n\n\n<div class=\"wp-block-column is-layout-flow wp-block-column-is-layout-flow\">\n<figure class=\"wp-block-image size-large is-style-default\"><a href=\"https:\/\/agroland.ro\/33-crestere-ovine-si-caprine?animal=caprine\"><img loading=\"lazy\" decoding=\"async\" width=\"1024\" height=\"788\" src=\"https:\/\/agroland.ro\/c\/wp-content\/uploads\/2022\/01\/Agroland-Cresterea-Caprinelor-1024x788.png\" alt=\"\" class=\"wp-image-27621\" srcset=\"https:\/\/agroland.ro\/c\/wp-content\/uploads\/2022\/01\/Agroland-Cresterea-Caprinelor-1024x788.png 1024w, https:\/\/agroland.ro\/c\/wp-content\/uploads\/2022\/01\/Agroland-Cresterea-Caprinelor-300x231.png 300w, https:\/\/agroland.ro\/c\/wp-content\/uploads\/2022\/01\/Agroland-Cresterea-Caprinelor-768x591.png 768w, https:\/\/agroland.ro\/c\/wp-content\/uploads\/2022\/01\/Agroland-Cresterea-Caprinelor-1000x770.png 1000w, https:\/\/agroland.ro\/c\/wp-content\/uploads\/2022\/01\/Agroland-Cresterea-Caprinelor-500x385.png 500w, https:\/\/agroland.ro\/c\/wp-content\/uploads\/2022\/01\/Agroland-Cresterea-Caprinelor.png 1199w\" sizes=\"(max-width: 1024px) 100vw, 1024px\" \/><\/a><\/figure>\n<\/div>\n\n\n\n<div class=\"wp-block-column is-layout-flow wp-block-column-is-layout-flow\">\n<figure class=\"wp-block-image size-large is-style-default\"><a href=\"https:\/\/agroland.ro\/98-crestere-cabaline\"><img loading=\"lazy\" decoding=\"async\" width=\"1024\" height=\"788\" src=\"https:\/\/agroland.ro\/c\/wp-content\/uploads\/2022\/01\/Agroland-Cresterea-Cabalinelor-1024x788.png\" alt=\"\" class=\"wp-image-27622\" srcset=\"https:\/\/agroland.ro\/c\/wp-content\/uploads\/2022\/01\/Agroland-Cresterea-Cabalinelor-1024x788.png 1024w, https:\/\/agroland.ro\/c\/wp-content\/uploads\/2022\/01\/Agroland-Cresterea-Cabalinelor-300x231.png 300w, https:\/\/agroland.ro\/c\/wp-content\/uploads\/2022\/01\/Agroland-Cresterea-Cabalinelor-768x591.png 768w, https:\/\/agroland.ro\/c\/wp-content\/uploads\/2022\/01\/Agroland-Cresterea-Cabalinelor-1000x770.png 1000w, https:\/\/agroland.ro\/c\/wp-content\/uploads\/2022\/01\/Agroland-Cresterea-Cabalinelor-500x385.png 500w, https:\/\/agroland.ro\/c\/wp-content\/uploads\/2022\/01\/Agroland-Cresterea-Cabalinelor.png 1199w\" sizes=\"(max-width: 1024px) 100vw, 1024px\" \/><\/a><\/figure>\n<\/div>\n<\/div>\n\n\n\n<div class=\"wp-block-columns is-layout-flex wp-container-core-columns-is-layout-9d6595d7 wp-block-columns-is-layout-flex\">\n<div class=\"wp-block-column is-layout-flow wp-block-column-is-layout-flow\">\n<figure class=\"wp-block-image size-large is-style-default\"><a href=\"https:\/\/agroland.ro\/24-crestere-iepuri\"><img loading=\"lazy\" decoding=\"async\" width=\"1024\" height=\"788\" src=\"https:\/\/agroland.ro\/c\/wp-content\/uploads\/2022\/01\/Agroland-Cresterea-Iepurilor-1024x788.png\" alt=\"\" class=\"wp-image-27644\" srcset=\"https:\/\/agroland.ro\/c\/wp-content\/uploads\/2022\/01\/Agroland-Cresterea-Iepurilor-1024x788.png 1024w, https:\/\/agroland.ro\/c\/wp-content\/uploads\/2022\/01\/Agroland-Cresterea-Iepurilor-300x231.png 300w, https:\/\/agroland.ro\/c\/wp-content\/uploads\/2022\/01\/Agroland-Cresterea-Iepurilor-768x591.png 768w, https:\/\/agroland.ro\/c\/wp-content\/uploads\/2022\/01\/Agroland-Cresterea-Iepurilor-1000x770.png 1000w, https:\/\/agroland.ro\/c\/wp-content\/uploads\/2022\/01\/Agroland-Cresterea-Iepurilor-500x385.png 500w, https:\/\/agroland.ro\/c\/wp-content\/uploads\/2022\/01\/Agroland-Cresterea-Iepurilor.png 1199w\" sizes=\"(max-width: 1024px) 100vw, 1024px\" \/><\/a><\/figure>\n<\/div>\n\n\n\n<div class=\"wp-block-column is-layout-flow wp-block-column-is-layout-flow\">\n<figure class=\"wp-block-image size-large is-style-default\"><a href=\"https:\/\/agroland.ro\/40-gard-electric\"><img loading=\"lazy\" decoding=\"async\" width=\"1024\" height=\"788\" src=\"https:\/\/agroland.ro\/c\/wp-content\/uploads\/2022\/01\/Surplus-de-vitamine-si-minerale-6-1024x788.png\" alt=\"\" class=\"wp-image-27646\" srcset=\"https:\/\/agroland.ro\/c\/wp-content\/uploads\/2022\/01\/Surplus-de-vitamine-si-minerale-6-1024x788.png 1024w, https:\/\/agroland.ro\/c\/wp-content\/uploads\/2022\/01\/Surplus-de-vitamine-si-minerale-6-300x231.png 300w, https:\/\/agroland.ro\/c\/wp-content\/uploads\/2022\/01\/Surplus-de-vitamine-si-minerale-6-768x591.png 768w, https:\/\/agroland.ro\/c\/wp-content\/uploads\/2022\/01\/Surplus-de-vitamine-si-minerale-6-1000x770.png 1000w, https:\/\/agroland.ro\/c\/wp-content\/uploads\/2022\/01\/Surplus-de-vitamine-si-minerale-6-500x385.png 500w, https:\/\/agroland.ro\/c\/wp-content\/uploads\/2022\/01\/Surplus-de-vitamine-si-minerale-6.png 1199w\" sizes=\"(max-width: 1024px) 100vw, 1024px\" \/><\/a><\/figure>\n<\/div>\n\n\n\n<div class=\"wp-block-column is-layout-flow wp-block-column-is-layout-flow\"><\/div>\n<\/div>\n","protected":false},"excerpt":{"rendered":"<p>\u00cenc\u0103 din 1997 sus\u021binem rom\u00e2nii \u00een cre\u0219terea animalelor s\u0103n\u0103toase, \u00een condi\u021bii optime, \u00een propria gospod\u0103rie sau \u00een mici ferme. Fie c\u0103 \u00ee\u021bi dore\u0219ti s\u0103 asiguri hrana propriei familii \u0219i vrei s\u0103 ai siguran\u021ba unei hrane s\u0103n\u0103toase sau ai dezvoltat deja o mic\u0103 afacere \u0219i vrei s\u0103 asiguri carne \u0219i ou\u0103 de calitate clien\u021bilor t\u0103i, \u00een&hellip; <a class=\"more-link\" href=\"https:\/\/agroland.ro\/c\/cresterea-animalelor\/\">Continu\u0103 lectura <span class=\"screen-reader-text\">Cre\u0219terea Animalelor<\/span><\/a><\/p>\n","protected":false},"author":26,"featured_media":0,"parent":0,"menu_order":0,"comment_status":"closed","ping_status":"closed","template":"templates\/Products.php","meta":{"_acf_changed":false,"_et_pb_use_builder":"","_et_pb_old_content":"","_et_gb_content_width":"","inline_featured_image":false,"footnotes":""},"class_list":["post-27397","page","type-page","status-publish","hentry","entry"],"acf":[],"_links":{"self":[{"href":"https:\/\/agroland.ro\/c\/wp-json\/wp\/v2\/pages\/27397","targetHints":{"allow":["GET"]}}],"collection":[{"href":"https:\/\/agroland.ro\/c\/wp-json\/wp\/v2\/pages"}],"about":[{"href":"https:\/\/agroland.ro\/c\/wp-json\/wp\/v2\/types\/page"}],"author":[{"embeddable":true,"href":"https:\/\/agroland.ro\/c\/wp-json\/wp\/v2\/users\/26"}],"replies":[{"embeddable":true,"href":"https:\/\/agroland.ro\/c\/wp-json\/wp\/v2\/comments?post=27397"}],"version-history":[{"count":46,"href":"https:\/\/agroland.ro\/c\/wp-json\/wp\/v2\/pages\/27397\/revisions"}],"predecessor-version":[{"id":29257,"href":"https:\/\/agroland.ro\/c\/wp-json\/wp\/v2\/pages\/27397\/revisions\/29257"}],"wp:attachment":[{"href":"https:\/\/agroland.ro\/c\/wp-json\/wp\/v2\/media?parent=27397"}],"curies":[{"name":"wp","href":"https:\/\/api.w.org\/{rel}","templated":true}]}}