{"id":27403,"date":"2021-12-15T17:47:33","date_gmt":"2021-12-15T15:47:33","guid":{"rendered":"https:\/\/agroland.ro\/c\/?page_id=27403"},"modified":"2022-03-10T10:49:04","modified_gmt":"2022-03-10T08:49:04","slug":"intretinere-gradina","status":"publish","type":"page","link":"https:\/\/agroland.ro\/c\/intretinere-gradina\/","title":{"rendered":"\u00centre\u021binere Gr\u0103din\u0103"},"content":{"rendered":"\n<p>Pentru to\u021bi iubitorii de gr\u0103dini mici \u0219i mari, la Agroland g\u0103se\u0219ti tot ce-\u021bi trebuie ca s\u0103 o \u00eentre\u021bii \u0219i s\u0103 o aduci la cea mai bun\u0103 form\u0103 a ei. <\/p>\n\n\n\n<div style=\"height:27px\" aria-hidden=\"true\" class=\"wp-block-spacer\"><\/div>\n\n\n\n<h2 class=\"wp-block-heading\"><strong>Gr\u0103dina ca surs\u0103 de hran\u0103 s\u0103n\u0103toas\u0103<\/strong><\/h2>\n\n\n\n<div style=\"height:27px\" aria-hidden=\"true\" class=\"wp-block-spacer\"><\/div>\n\n\n\n<p>Grija pentru hran\u0103 s\u0103n\u0103toas\u0103 ne ghideaz\u0103 \u00een selec\u021bia celor mai potrivite produse utile \u00een curte, gr\u0103din\u0103 sau livad\u0103. Astfel, la Agroland vei g\u0103si tot ce ai nevoie pentru a produce hran\u0103 s\u0103n\u0103toas\u0103 chiar la tine acas\u0103. <\/p>\n\n\n\n<div style=\"height:27px\" aria-hidden=\"true\" class=\"wp-block-spacer\"><\/div>\n\n\n\n<h2 class=\"wp-block-heading\"><strong>Gr\u0103dina ca loc de relaxare<\/strong><\/h2>\n\n\n\n<div style=\"height:27px\" aria-hidden=\"true\" class=\"wp-block-spacer\"><\/div>\n\n\n\n<p>\u00cen ultimii ani am dezvoltat \u0219i zona de gr\u0103din\u0103 ca loc de relaxare \u0219i bun\u0103 dispozi\u021bie, a\u0219a c\u0103 la noi vei g\u0103si \u0219i accesorii utile pentru a-\u021bi \u00eentre\u021bine u\u0219or \u0219i eficient col\u021bul t\u0103u de rai de pe l\u00e2ng\u0103 cas\u0103. <\/p>\n\n\n\n<div style=\"height:27px\" aria-hidden=\"true\" class=\"wp-block-spacer\"><\/div>\n\n\n\n<h2 class=\"wp-block-heading\"><strong>Categorii Produse<\/strong><\/h2>\n\n\n\n<div style=\"height:27px\" aria-hidden=\"true\" class=\"wp-block-spacer\"><\/div>\n\n\n\n<div class=\"wp-block-columns is-layout-flex wp-container-core-columns-is-layout-9d6595d7 wp-block-columns-is-layout-flex\">\n<div class=\"wp-block-column is-layout-flow wp-block-column-is-layout-flow\">\n<figure class=\"wp-block-image size-large is-style-default\"><a href=\"https:\/\/agroland.ro\/312-unelte-gradina\"><img loading=\"lazy\" decoding=\"async\" width=\"1024\" height=\"788\" src=\"https:\/\/agroland.ro\/c\/wp-content\/uploads\/2022\/01\/23-1024x788.png\" alt=\"\" class=\"wp-image-27703\" srcset=\"https:\/\/agroland.ro\/c\/wp-content\/uploads\/2022\/01\/23-1024x788.png 1024w, https:\/\/agroland.ro\/c\/wp-content\/uploads\/2022\/01\/23-300x231.png 300w, https:\/\/agroland.ro\/c\/wp-content\/uploads\/2022\/01\/23-768x591.png 768w, https:\/\/agroland.ro\/c\/wp-content\/uploads\/2022\/01\/23-1000x770.png 1000w, https:\/\/agroland.ro\/c\/wp-content\/uploads\/2022\/01\/23-500x385.png 500w, https:\/\/agroland.ro\/c\/wp-content\/uploads\/2022\/01\/23.png 1199w\" sizes=\"(max-width: 1024px) 100vw, 1024px\" \/><\/a><\/figure>\n<\/div>\n\n\n\n<div class=\"wp-block-column is-layout-flow wp-block-column-is-layout-flow\">\n<figure class=\"wp-block-image size-large is-style-default\"><a href=\"https:\/\/agroland.ro\/321-intretinere-gazon-si-gard-viu\"><img loading=\"lazy\" decoding=\"async\" width=\"1024\" height=\"788\" src=\"https:\/\/agroland.ro\/c\/wp-content\/uploads\/2022\/01\/24-1024x788.png\" alt=\"\" class=\"wp-image-27704\" srcset=\"https:\/\/agroland.ro\/c\/wp-content\/uploads\/2022\/01\/24-1024x788.png 1024w, https:\/\/agroland.ro\/c\/wp-content\/uploads\/2022\/01\/24-300x231.png 300w, https:\/\/agroland.ro\/c\/wp-content\/uploads\/2022\/01\/24-768x591.png 768w, https:\/\/agroland.ro\/c\/wp-content\/uploads\/2022\/01\/24-1000x770.png 1000w, https:\/\/agroland.ro\/c\/wp-content\/uploads\/2022\/01\/24-500x385.png 500w, https:\/\/agroland.ro\/c\/wp-content\/uploads\/2022\/01\/24.png 1199w\" sizes=\"(max-width: 1024px) 100vw, 1024px\" \/><\/a><\/figure>\n<\/div>\n\n\n\n<div class=\"wp-block-column is-layout-flow wp-block-column-is-layout-flow\">\n<figure class=\"wp-block-image size-large is-style-default\"><a href=\"https:\/\/agroland.ro\/326-sisteme-irigatii\"><img loading=\"lazy\" decoding=\"async\" width=\"1024\" height=\"788\" src=\"https:\/\/agroland.ro\/c\/wp-content\/uploads\/2022\/01\/25-1024x788.png\" alt=\"\" class=\"wp-image-27705\" srcset=\"https:\/\/agroland.ro\/c\/wp-content\/uploads\/2022\/01\/25-1024x788.png 1024w, https:\/\/agroland.ro\/c\/wp-content\/uploads\/2022\/01\/25-300x231.png 300w, https:\/\/agroland.ro\/c\/wp-content\/uploads\/2022\/01\/25-768x591.png 768w, https:\/\/agroland.ro\/c\/wp-content\/uploads\/2022\/01\/25-1000x770.png 1000w, https:\/\/agroland.ro\/c\/wp-content\/uploads\/2022\/01\/25-500x385.png 500w, https:\/\/agroland.ro\/c\/wp-content\/uploads\/2022\/01\/25.png 1199w\" sizes=\"(max-width: 1024px) 100vw, 1024px\" \/><\/a><\/figure>\n<\/div>\n<\/div>\n\n\n\n<div class=\"wp-block-columns is-layout-flex wp-container-core-columns-is-layout-9d6595d7 wp-block-columns-is-layout-flex\">\n<div class=\"wp-block-column is-layout-flow wp-block-column-is-layout-flow\">\n<figure class=\"wp-block-image size-large is-style-default\"><a href=\"https:\/\/agroland.ro\/311-material-saditor\"><img loading=\"lazy\" decoding=\"async\" width=\"1024\" height=\"788\" src=\"https:\/\/agroland.ro\/c\/wp-content\/uploads\/2022\/01\/21-1024x788.png\" alt=\"\" class=\"wp-image-27706\" srcset=\"https:\/\/agroland.ro\/c\/wp-content\/uploads\/2022\/01\/21-1024x788.png 1024w, https:\/\/agroland.ro\/c\/wp-content\/uploads\/2022\/01\/21-300x231.png 300w, https:\/\/agroland.ro\/c\/wp-content\/uploads\/2022\/01\/21-768x591.png 768w, https:\/\/agroland.ro\/c\/wp-content\/uploads\/2022\/01\/21-1000x770.png 1000w, https:\/\/agroland.ro\/c\/wp-content\/uploads\/2022\/01\/21-500x385.png 500w, https:\/\/agroland.ro\/c\/wp-content\/uploads\/2022\/01\/21.png 1199w\" sizes=\"(max-width: 1024px) 100vw, 1024px\" \/><\/a><\/figure>\n<\/div>\n\n\n\n<div class=\"wp-block-column is-layout-flow wp-block-column-is-layout-flow\">\n<figure class=\"wp-block-image size-large is-style-default\"><a href=\"https:\/\/agroland.ro\/81-ingrasamant\"><img loading=\"lazy\" decoding=\"async\" width=\"1024\" height=\"788\" src=\"https:\/\/agroland.ro\/c\/wp-content\/uploads\/2022\/01\/20-1024x788.png\" alt=\"\" class=\"wp-image-27707\" srcset=\"https:\/\/agroland.ro\/c\/wp-content\/uploads\/2022\/01\/20-1024x788.png 1024w, https:\/\/agroland.ro\/c\/wp-content\/uploads\/2022\/01\/20-300x231.png 300w, https:\/\/agroland.ro\/c\/wp-content\/uploads\/2022\/01\/20-768x591.png 768w, https:\/\/agroland.ro\/c\/wp-content\/uploads\/2022\/01\/20-1000x770.png 1000w, https:\/\/agroland.ro\/c\/wp-content\/uploads\/2022\/01\/20-500x385.png 500w, https:\/\/agroland.ro\/c\/wp-content\/uploads\/2022\/01\/20.png 1199w\" sizes=\"(max-width: 1024px) 100vw, 1024px\" \/><\/a><\/figure>\n<\/div>\n\n\n\n<div class=\"wp-block-column is-layout-flow wp-block-column-is-layout-flow\">\n<figure class=\"wp-block-image size-large is-style-default\"><a href=\"https:\/\/agroland.ro\/181-fitofarmacie\"><img loading=\"lazy\" decoding=\"async\" width=\"1024\" height=\"788\" src=\"https:\/\/agroland.ro\/c\/wp-content\/uploads\/2022\/01\/22-1024x788.png\" alt=\"\" class=\"wp-image-27708\" srcset=\"https:\/\/agroland.ro\/c\/wp-content\/uploads\/2022\/01\/22-1024x788.png 1024w, https:\/\/agroland.ro\/c\/wp-content\/uploads\/2022\/01\/22-300x231.png 300w, https:\/\/agroland.ro\/c\/wp-content\/uploads\/2022\/01\/22-768x591.png 768w, https:\/\/agroland.ro\/c\/wp-content\/uploads\/2022\/01\/22-1000x770.png 1000w, https:\/\/agroland.ro\/c\/wp-content\/uploads\/2022\/01\/22-500x385.png 500w, https:\/\/agroland.ro\/c\/wp-content\/uploads\/2022\/01\/22.png 1199w\" sizes=\"(max-width: 1024px) 100vw, 1024px\" \/><\/a><\/figure>\n<\/div>\n<\/div>\n\n\n\n<div class=\"wp-block-columns is-layout-flex wp-container-core-columns-is-layout-9d6595d7 wp-block-columns-is-layout-flex\">\n<div class=\"wp-block-column is-layout-flow wp-block-column-is-layout-flow\">\n<figure class=\"wp-block-image size-large is-style-default\"><a href=\"https:\/\/agroland.ro\/327-stropirea-culturilor\"><img loading=\"lazy\" decoding=\"async\" width=\"1024\" height=\"788\" src=\"https:\/\/agroland.ro\/c\/wp-content\/uploads\/2022\/01\/26-1024x788.png\" alt=\"\" class=\"wp-image-27709\" srcset=\"https:\/\/agroland.ro\/c\/wp-content\/uploads\/2022\/01\/26-1024x788.png 1024w, https:\/\/agroland.ro\/c\/wp-content\/uploads\/2022\/01\/26-300x231.png 300w, https:\/\/agroland.ro\/c\/wp-content\/uploads\/2022\/01\/26-768x591.png 768w, https:\/\/agroland.ro\/c\/wp-content\/uploads\/2022\/01\/26-1000x770.png 1000w, https:\/\/agroland.ro\/c\/wp-content\/uploads\/2022\/01\/26-500x385.png 500w, https:\/\/agroland.ro\/c\/wp-content\/uploads\/2022\/01\/26.png 1199w\" sizes=\"(max-width: 1024px) 100vw, 1024px\" \/><\/a><\/figure>\n<\/div>\n\n\n\n<div class=\"wp-block-column is-layout-flow wp-block-column-is-layout-flow\"><\/div>\n\n\n\n<div class=\"wp-block-column is-layout-flow wp-block-column-is-layout-flow\"><\/div>\n<\/div>\n\n\n\n<div style=\"height:100px\" aria-hidden=\"true\" class=\"wp-block-spacer\"><\/div>\n","protected":false},"excerpt":{"rendered":"<p>Pentru to\u021bi iubitorii de gr\u0103dini mici \u0219i mari, la Agroland g\u0103se\u0219ti tot ce-\u021bi trebuie ca s\u0103 o \u00eentre\u021bii \u0219i s\u0103 o aduci la cea mai bun\u0103 form\u0103 a ei. Gr\u0103dina ca surs\u0103 de hran\u0103 s\u0103n\u0103toas\u0103 Grija pentru hran\u0103 s\u0103n\u0103toas\u0103 ne ghideaz\u0103 \u00een selec\u021bia celor mai potrivite produse utile \u00een curte, gr\u0103din\u0103 sau livad\u0103. Astfel, la&hellip; <a class=\"more-link\" href=\"https:\/\/agroland.ro\/c\/intretinere-gradina\/\">Continu\u0103 lectura <span class=\"screen-reader-text\">\u00centre\u021binere Gr\u0103din\u0103<\/span><\/a><\/p>\n","protected":false},"author":26,"featured_media":0,"parent":0,"menu_order":0,"comment_status":"closed","ping_status":"closed","template":"templates\/Products.php","meta":{"_acf_changed":false,"_et_pb_use_builder":"","_et_pb_old_content":"","_et_gb_content_width":"","inline_featured_image":false,"footnotes":""},"class_list":["post-27403","page","type-page","status-publish","hentry","entry"],"acf":[],"_links":{"self":[{"href":"https:\/\/agroland.ro\/c\/wp-json\/wp\/v2\/pages\/27403","targetHints":{"allow":["GET"]}}],"collection":[{"href":"https:\/\/agroland.ro\/c\/wp-json\/wp\/v2\/pages"}],"about":[{"href":"https:\/\/agroland.ro\/c\/wp-json\/wp\/v2\/types\/page"}],"author":[{"embeddable":true,"href":"https:\/\/agroland.ro\/c\/wp-json\/wp\/v2\/users\/26"}],"replies":[{"embeddable":true,"href":"https:\/\/agroland.ro\/c\/wp-json\/wp\/v2\/comments?post=27403"}],"version-history":[{"count":23,"href":"https:\/\/agroland.ro\/c\/wp-json\/wp\/v2\/pages\/27403\/revisions"}],"predecessor-version":[{"id":29244,"href":"https:\/\/agroland.ro\/c\/wp-json\/wp\/v2\/pages\/27403\/revisions\/29244"}],"wp:attachment":[{"href":"https:\/\/agroland.ro\/c\/wp-json\/wp\/v2\/media?parent=27403"}],"curies":[{"name":"wp","href":"https:\/\/api.w.org\/{rel}","templated":true}]}}