{"id":27453,"date":"2021-12-22T13:02:02","date_gmt":"2021-12-22T11:02:02","guid":{"rendered":"https:\/\/agroland.ro\/c\/?page_id=27453"},"modified":"2024-07-03T16:26:08","modified_gmt":"2024-07-03T13:26:08","slug":"furaje","status":"publish","type":"page","link":"https:\/\/agroland.ro\/c\/furaje\/","title":{"rendered":"Furaje"},"content":{"rendered":"\n<p>Hrana p\u0103s\u0103rilor \u0219i a animalelor din gosopod\u0103rie reprezint\u0103 un factor extrem de important \u00een buna dezvoltare a acestora. Furajul&nbsp;trebuie s\u0103 le asigure necesarul de protein\u0103, nutrien\u021bi, aminoacizi,&nbsp;minerale \u0219i vitamine,&nbsp;conform fiec\u0103rei specii \u0219i categorie de v\u00e2rst\u0103.<\/p>\n\n\n\n<div style=\"height:33px\" aria-hidden=\"true\" class=\"wp-block-spacer\"><\/div>\n\n\n\n<p><strong>Cum alegi furajele potrivite<\/strong><strong><\/strong><\/p>\n\n\n\n<p>Una dintre principalele preocup\u0103ri dup\u0103 ce lu\u0103m decizia de a cre\u0219te p\u0103s\u0103ri \u0219i animale \u00een propia curte, este hrana. Cu ce le hr\u0103nim?<\/p>\n\n\n\n<p>Cu siguran\u021b\u0103 a\u021bi auzit de sintagma \u201esuntem ceea ce m\u00e2nc\u0103m\u201d. Ei bine, furajarea s\u0103n\u0103toas\u0103 a acestora \u00eenseamn\u0103 hr\u0103nirea s\u0103n\u0103toas\u0103 a familie! Alege\u021bi furaje curate, din surse sigure, complete \u0219i echilibrate, f\u0103r\u0103 hormoni de cre\u0219tere, antibiotice sau alte substan\u021be d\u0103un\u0103toare organismului. Ingredientele naturale asigur\u0103 carne \u0219i ou\u0103 gustoase \u0219i s\u0103n\u0103toase pentru om.<\/p>\n\n\n\n<div style=\"height:33px\" aria-hidden=\"true\" class=\"wp-block-spacer\"><\/div>\n\n\n<div class=\"wp-block-image\">\n<figure class=\"aligncenter size-full\"><img loading=\"lazy\" decoding=\"async\" width=\"233\" height=\"166\" src=\"https:\/\/agroland.ro\/c\/wp-content\/uploads\/2024\/07\/Logo-uri-brand.png\" alt=\"\" class=\"wp-image-38130\"\/><\/figure>\n<\/div>\n\n\n<p><strong>Furajele Viva<\/strong><\/p>\n\n\n\n<p>Furajele comercializate \u00een magazinele Agroland includ zeci de nutrien\u021bi esen\u021biali. Acestea asigur\u0103 o cre\u0219tere s\u0103n\u0103toas\u0103 \u0219i o rezisten\u021b\u0103 crescut\u0103 la \u00eemboln\u0103viri. Previne distrofiile musculare \u0219i osoase \u0219i evit\u0103 canibalismul \u0219i ologeala la p\u0103s\u0103ri.<\/p>\n\n\n\n<div style=\"height:33px\" aria-hidden=\"true\" class=\"wp-block-spacer\"><\/div>\n\n\n\n<p>Datorit\u0103 re\u021betelor performante de fabrica\u021bie \u0219i a calit\u0103\u021bii materiilor prime, furajele Viva au un randament \u00een produc\u021bie ridicat, iar rezultatele sunt observate cu u\u0219urin\u021b\u0103 \u00een cre\u0219terea \u0219i exploatarea p\u0103s\u0103rilor, porcilor, bovinelor, ovinelor sau a iepurilor. Carnea, ou\u0103le sau laptele au o calitate mult superioar\u0103 produselor ob\u021binute \u00een marile ferme industriale.<\/p>\n\n\n\n<div style=\"height:33px\" aria-hidden=\"true\" class=\"wp-block-spacer\"><\/div>\n\n\n\n<p>\u00cen func\u021bie de situa\u021bia specific\u0103 fiec\u0103rei gospod\u0103rii \u00een parte, clien\u021bii Agroland pot utiliza furaje sub form\u0103 granulat\u0103 sau concentrate furajere \u00een amestec cu cerealele proprii, \u00een ambalaje de 5, 10, 25 sau 30 kg, av\u00e2nd diferite sortimente destinate diferitelor specii de animale \u015fi categorii de v\u00e2rst\u0103. &nbsp;&nbsp;<\/p>\n\n\n\n<div style=\"height:33px\" aria-hidden=\"true\" class=\"wp-block-spacer\"><\/div>\n\n\n\n<p>Furajele Viva nu con\u021bin f\u0103in\u0103 de carne, hormoni de cre\u0219tere, antibiotice sau alte substan\u021be interzise sau neconforme!<\/p>\n\n\n\n<div style=\"height:33px\" aria-hidden=\"true\" class=\"wp-block-spacer\"><\/div>\n\n\n\n<p><strong>Unde g\u0103se\u0219ti furajele Viva<\/strong><\/p>\n\n\n\n<p>Furajele Viva se pot g\u0103si \u00een toate magazinele Agroland din \u021bar\u0103. Caut\u0103 <a href=\"https:\/\/agroland.ro\/c\/magazinele-noastre\/\">aici<\/a> cel mai apropiat magazin.<\/p>\n","protected":false},"excerpt":{"rendered":"<p>Hrana p\u0103s\u0103rilor \u0219i a animalelor din gosopod\u0103rie reprezint\u0103 un factor extrem de important \u00een buna dezvoltare a acestora. Furajul&nbsp;trebuie s\u0103 le asigure necesarul de protein\u0103, nutrien\u021bi, aminoacizi,&nbsp;minerale \u0219i vitamine,&nbsp;conform fiec\u0103rei specii \u0219i categorie de v\u00e2rst\u0103. Cum alegi furajele potrivite Una dintre principalele preocup\u0103ri dup\u0103 ce lu\u0103m decizia de a cre\u0219te p\u0103s\u0103ri \u0219i animale \u00een propia&hellip; <a class=\"more-link\" href=\"https:\/\/agroland.ro\/c\/furaje\/\">Continu\u0103 lectura <span class=\"screen-reader-text\">Furaje<\/span><\/a><\/p>\n","protected":false},"author":26,"featured_media":0,"parent":0,"menu_order":0,"comment_status":"closed","ping_status":"closed","template":"templates\/Products.php","meta":{"_acf_changed":false,"_et_pb_use_builder":"","_et_pb_old_content":"","_et_gb_content_width":"","inline_featured_image":false,"footnotes":""},"class_list":["post-27453","page","type-page","status-publish","hentry","entry"],"acf":[],"_links":{"self":[{"href":"https:\/\/agroland.ro\/c\/wp-json\/wp\/v2\/pages\/27453","targetHints":{"allow":["GET"]}}],"collection":[{"href":"https:\/\/agroland.ro\/c\/wp-json\/wp\/v2\/pages"}],"about":[{"href":"https:\/\/agroland.ro\/c\/wp-json\/wp\/v2\/types\/page"}],"author":[{"embeddable":true,"href":"https:\/\/agroland.ro\/c\/wp-json\/wp\/v2\/users\/26"}],"replies":[{"embeddable":true,"href":"https:\/\/agroland.ro\/c\/wp-json\/wp\/v2\/comments?post=27453"}],"version-history":[{"count":8,"href":"https:\/\/agroland.ro\/c\/wp-json\/wp\/v2\/pages\/27453\/revisions"}],"predecessor-version":[{"id":38131,"href":"https:\/\/agroland.ro\/c\/wp-json\/wp\/v2\/pages\/27453\/revisions\/38131"}],"wp:attachment":[{"href":"https:\/\/agroland.ro\/c\/wp-json\/wp\/v2\/media?parent=27453"}],"curies":[{"name":"wp","href":"https:\/\/api.w.org\/{rel}","templated":true}]}}