{"id":27476,"date":"2021-12-22T14:31:26","date_gmt":"2021-12-22T12:31:26","guid":{"rendered":"https:\/\/agroland.ro\/c\/?page_id=27476"},"modified":"2021-12-22T15:08:06","modified_gmt":"2021-12-22T13:08:06","slug":"furaje-pentru-cresterea-pasarilor","status":"publish","type":"page","link":"https:\/\/agroland.ro\/c\/furaje-pentru-cresterea-pasarilor\/","title":{"rendered":"Furaje pentru cre\u0219terea p\u0103s\u0103rilor"},"content":{"rendered":"\n<p>Alimenta\u021bia p\u0103s\u0103rilor crescute \u00een gospod\u0103rie pentru carne sau oua trebuie s\u0103 con\u021bin\u0103 toate elementele necesare unei bune dezvolt\u0103ri. Evita\u021bi s\u0103 alege\u021bi furaje pentru argumentul pre\u021bului mic. Puii au nevoie de furaje care s\u0103 r\u0103spund\u0103 cerin\u021belor nutritive pentru cre\u0219tere \u0219i s\u0103n\u0103tate.<\/p>\n\n\n\n<p>Furajele comercializate de Agroland includ zeci de nutrien\u021bi esen\u021biali, oferind p\u0103s\u0103rilor din curte un start optim.<\/p>\n\n\n\n<div style=\"height:23px\" aria-hidden=\"true\" class=\"wp-block-spacer\"><\/div>\n\n\n\n<p><strong>Alte beneficii:<\/strong><\/p>\n\n\n\n<ul class=\"wp-block-list\"><li>Acestea asigur\u0103 o cre\u0219tere s\u0103n\u0103toas\u0103 \u0219i o rezisten\u021b\u0103 crescut\u0103 la \u00eemboln\u0103viri;<\/li><\/ul>\n\n\n\n<div style=\"height:23px\" aria-hidden=\"true\" class=\"wp-block-spacer\"><\/div>\n\n\n\n<ul class=\"wp-block-list\"><li>Previne distrofiile musculare \u0219i osoase \u0219i evit\u0103 canibalismul, precum \u0219i ologeala la p\u0103s\u0103ri<\/li><\/ul>\n\n\n\n<div style=\"height:23px\" aria-hidden=\"true\" class=\"wp-block-spacer\"><\/div>\n\n\n\n<ul class=\"wp-block-list\"><li>Granularea asigur\u0103 omogenitatea compozi\u021biei \u0219i reduce risipa de furaj<\/li><\/ul>\n\n\n\n<div style=\"height:23px\" aria-hidden=\"true\" class=\"wp-block-spacer\"><\/div>\n\n\n\n<ul class=\"wp-block-list\"><li>Determin\u0103 un ritm de cre\u0219tere la nivelul poten\u021bialului genetic al p\u0103s\u0103rilor<\/li><\/ul>\n\n\n\n<div style=\"height:23px\" aria-hidden=\"true\" class=\"wp-block-spacer\"><\/div>\n\n\n\n<ul class=\"wp-block-list\"><li>Aduce un plus de produc\u021bie de cel pu\u021bin 80% comparativ cu furajarea doar cu cereale<\/li><\/ul>\n\n\n\n<div style=\"height:23px\" aria-hidden=\"true\" class=\"wp-block-spacer\"><\/div>\n\n\n\n<ul class=\"wp-block-list\"><li>Ingredientele naturale asigur\u0103 carne \u0219i ou\u0103 gustoase \u0219i s\u0103n\u0103toase pentru om<\/li><\/ul>\n\n\n\n<div style=\"height:23px\" aria-hidden=\"true\" class=\"wp-block-spacer\"><\/div>\n\n\n\n<ul class=\"wp-block-list\"><li>Furajele Viva nu contin faina de carne, hormoni de crestere, antibiotice sau alte substante interzise sau neconforme!<\/li><\/ul>\n\n\n\n<div style=\"height:33px\" aria-hidden=\"true\" class=\"wp-block-spacer\"><\/div>\n\n\n\n<div class=\"wp-block-image\"><figure class=\"aligncenter size-large\"><img loading=\"lazy\" decoding=\"async\" width=\"1024\" height=\"550\" src=\"https:\/\/agroland.ro\/c\/wp-content\/uploads\/2021\/12\/89926768_2798389773563139_5543485233493442560_n-1024x550.png\" alt=\"\" class=\"wp-image-27488\" srcset=\"https:\/\/agroland.ro\/c\/wp-content\/uploads\/2021\/12\/89926768_2798389773563139_5543485233493442560_n-1024x550.png 1024w, https:\/\/agroland.ro\/c\/wp-content\/uploads\/2021\/12\/89926768_2798389773563139_5543485233493442560_n-300x161.png 300w, https:\/\/agroland.ro\/c\/wp-content\/uploads\/2021\/12\/89926768_2798389773563139_5543485233493442560_n-768x412.png 768w, https:\/\/agroland.ro\/c\/wp-content\/uploads\/2021\/12\/89926768_2798389773563139_5543485233493442560_n-1000x537.png 1000w, https:\/\/agroland.ro\/c\/wp-content\/uploads\/2021\/12\/89926768_2798389773563139_5543485233493442560_n-500x269.png 500w, https:\/\/agroland.ro\/c\/wp-content\/uploads\/2021\/12\/89926768_2798389773563139_5543485233493442560_n.png 1173w\" sizes=\"(max-width: 1024px) 100vw, 1024px\" \/><\/figure><\/div>\n\n\n\n<div style=\"height:23px\" aria-hidden=\"true\" class=\"wp-block-spacer\"><\/div>\n\n\n\n<p><strong>Pentru cresc\u0103torii de p\u0103s\u0103ri, oferim urm\u0103toarele categorii de produse:<\/strong><\/p>\n\n\n\n<div style=\"height:23px\" aria-hidden=\"true\" class=\"wp-block-spacer\"><\/div>\n\n\n\n<ol class=\"wp-block-list\"><li>Pentru puii de carne, ras\u0103 mixt\u0103, ras\u0103 mixt\u0103 special\u0103 \u0219i bibilici:<\/li><\/ol>\n\n\n\n<p>             &#8211; furaje granulate starter, cre\u0219tere \u0219i finisare pui (NC 1151, NC 1152, NC 1153) la 5, 10 \u0219i 30 kg<\/p>\n\n\n\n<p>             &#8211; concentrat PVM starter \u0219i cre\u0219tere pui (CC1115)<\/p>\n\n\n\n<div style=\"height:25px\" aria-hidden=\"true\" class=\"wp-block-spacer\"><\/div>\n\n\n\n<p>2. Pentru curcani: <\/p>\n\n\n\n<p>            &#8211; furaje granulate starter, cre\u0219tere I, cre\u0219tere II \u0219i finisare (NC 1610, NC 1620, NC 1630, NC 1640) <\/p>\n\n\n\n<div style=\"height:23px\" aria-hidden=\"true\" class=\"wp-block-spacer\"><\/div>\n\n\n\n<p>3. Pentru puicu\u021be \u0219i g\u0103ini ou\u0103toare<\/p>\n\n\n\n<p>             &#8211; starter pui (CC 1115 sau NC 1151) p\u00e2n\u0103 la 3 s\u0103pt\u0103m\u00e2ni<\/p>\n\n\n\n<p>             &#8211; concentrat cre\u0219tere puicu\u021be (CC 1120) perioada 4-19 s\u0103pt\u0103m\u00e2ni <\/p>\n\n\n\n<p>              &#8211; concentrat g\u0103ini ou\u0103toare (CC 1210) <\/p>\n\n\n\n<div style=\"height:33px\" aria-hidden=\"true\" class=\"wp-block-spacer\"><\/div>\n\n\n\n<p>4. Pentru boboci de ra\u021b\u0103 \u0219i g\u00e2sc\u0103:<\/p>\n\n\n\n<p>                &#8211; furaj sau concentrat finisare p\u0103s\u0103ri (NC 1153 sau CC 1000) <\/p>\n","protected":false},"excerpt":{"rendered":"<p>Alimenta\u021bia p\u0103s\u0103rilor crescute \u00een gospod\u0103rie pentru carne sau oua trebuie s\u0103 con\u021bin\u0103 toate elementele necesare unei bune dezvolt\u0103ri. Evita\u021bi s\u0103 alege\u021bi furaje pentru argumentul pre\u021bului mic. Puii au nevoie de furaje care s\u0103 r\u0103spund\u0103 cerin\u021belor nutritive pentru cre\u0219tere \u0219i s\u0103n\u0103tate. Furajele comercializate de Agroland includ zeci de nutrien\u021bi esen\u021biali, oferind p\u0103s\u0103rilor din curte un start&hellip; <a class=\"more-link\" href=\"https:\/\/agroland.ro\/c\/furaje-pentru-cresterea-pasarilor\/\">Continu\u0103 lectura <span class=\"screen-reader-text\">Furaje pentru cre\u0219terea p\u0103s\u0103rilor<\/span><\/a><\/p>\n","protected":false},"author":26,"featured_media":0,"parent":0,"menu_order":0,"comment_status":"closed","ping_status":"closed","template":"templates\/Products.php","meta":{"_acf_changed":false,"_et_pb_use_builder":"","_et_pb_old_content":"","_et_gb_content_width":"","inline_featured_image":false,"footnotes":""},"class_list":["post-27476","page","type-page","status-publish","hentry","entry"],"acf":[],"_links":{"self":[{"href":"https:\/\/agroland.ro\/c\/wp-json\/wp\/v2\/pages\/27476","targetHints":{"allow":["GET"]}}],"collection":[{"href":"https:\/\/agroland.ro\/c\/wp-json\/wp\/v2\/pages"}],"about":[{"href":"https:\/\/agroland.ro\/c\/wp-json\/wp\/v2\/types\/page"}],"author":[{"embeddable":true,"href":"https:\/\/agroland.ro\/c\/wp-json\/wp\/v2\/users\/26"}],"replies":[{"embeddable":true,"href":"https:\/\/agroland.ro\/c\/wp-json\/wp\/v2\/comments?post=27476"}],"version-history":[{"count":12,"href":"https:\/\/agroland.ro\/c\/wp-json\/wp\/v2\/pages\/27476\/revisions"}],"predecessor-version":[{"id":27506,"href":"https:\/\/agroland.ro\/c\/wp-json\/wp\/v2\/pages\/27476\/revisions\/27506"}],"wp:attachment":[{"href":"https:\/\/agroland.ro\/c\/wp-json\/wp\/v2\/media?parent=27476"}],"curies":[{"name":"wp","href":"https:\/\/api.w.org\/{rel}","templated":true}]}}