{"id":27507,"date":"2021-12-22T15:09:03","date_gmt":"2021-12-22T13:09:03","guid":{"rendered":"https:\/\/agroland.ro\/c\/?page_id=27507"},"modified":"2021-12-22T15:48:16","modified_gmt":"2021-12-22T13:48:16","slug":"furaje-pentru-cresterea-porcilor","status":"publish","type":"page","link":"https:\/\/agroland.ro\/c\/furaje-pentru-cresterea-porcilor\/","title":{"rendered":"Furaje pentru cre\u0219terea porcilor"},"content":{"rendered":"\n<p>Utilizarea furajelor Viva pentru porcine completeaz\u0103 necesarul de protein\u0103, aminoacizi, vitamine \u0219i minerale, care sunt insuficiente \u00een cereale. Mai mult, rentabilitatea cre\u0219te substan\u021bial, aduc\u00e2nd un plus de produc\u021bie de cel pu\u021bin 90% comparativ cu hr\u0103nirea doar cu cereale. De asemenea, carnea va avea gustul autentic \u201ede la \u021bar\u0103\u201d. <\/p>\n\n\n\n<div style=\"height:23px\" aria-hidden=\"true\" class=\"wp-block-spacer\"><\/div>\n\n\n\n<p><strong>Alte beneficii:<\/strong><\/p>\n\n\n\n<ul class=\"wp-block-list\"><li>Asigur\u0103 o cre\u0219tere s\u0103n\u0103toas\u0103 a organismului animal \u0219i o rezisten\u021b\u0103 crescut\u0103 la \u00eemboln\u0103viri;<\/li><\/ul>\n\n\n\n<div style=\"height:18px\" aria-hidden=\"true\" class=\"wp-block-spacer\"><\/div>\n\n\n\n<ul class=\"wp-block-list\"><li>Completeaz\u0103 necesarul de protein\u0103, aminoacizi, vitamine \u0219i minerale, care sunt insuficiente \u00een cereale;<\/li><\/ul>\n\n\n\n<div style=\"height:18px\" aria-hidden=\"true\" class=\"wp-block-spacer\"><\/div>\n\n\n\n<ul class=\"wp-block-list\"><li>Determin\u0103 o produc\u021bie la nivelul poten\u021bialului genetic al animalelor;<\/li><\/ul>\n\n\n\n<div style=\"height:18px\" aria-hidden=\"true\" class=\"wp-block-spacer\"><\/div>\n\n\n\n<ul class=\"wp-block-list\"><li>Previne distrofiile musculare \u0219i osoase \u0219i evit\u0103 canibalismul la porci;<\/li><\/ul>\n\n\n\n<div style=\"height:18px\" aria-hidden=\"true\" class=\"wp-block-spacer\"><\/div>\n\n\n\n<ul class=\"wp-block-list\"><li>Ingredientele naturale determin\u0103 o carne gustoas\u0103 \u0219i s\u0103n\u0103toas\u0103 pentru om.<\/li><\/ul>\n\n\n\n<div style=\"height:23px\" aria-hidden=\"true\" class=\"wp-block-spacer\"><\/div>\n\n\n\n<div class=\"wp-block-image\"><figure class=\"aligncenter size-full\"><img loading=\"lazy\" decoding=\"async\" width=\"827\" height=\"540\" src=\"https:\/\/agroland.ro\/c\/wp-content\/uploads\/2021\/12\/249486684_4455019184566848_5379876492723995372_n.jpg\" alt=\"\" class=\"wp-image-27521\" srcset=\"https:\/\/agroland.ro\/c\/wp-content\/uploads\/2021\/12\/249486684_4455019184566848_5379876492723995372_n.jpg 827w, https:\/\/agroland.ro\/c\/wp-content\/uploads\/2021\/12\/249486684_4455019184566848_5379876492723995372_n-300x196.jpg 300w, https:\/\/agroland.ro\/c\/wp-content\/uploads\/2021\/12\/249486684_4455019184566848_5379876492723995372_n-768x501.jpg 768w, https:\/\/agroland.ro\/c\/wp-content\/uploads\/2021\/12\/249486684_4455019184566848_5379876492723995372_n-500x326.jpg 500w\" sizes=\"(max-width: 827px) 100vw, 827px\" \/><\/figure><\/div>\n\n\n\n<div style=\"height:22px\" aria-hidden=\"true\" class=\"wp-block-spacer\"><\/div>\n\n\n\n<p><strong>Pentru cresc\u0103torii de porcine oferim urm\u0103toarele categorii de produse:<\/strong>&nbsp;<\/p>\n\n\n\n<p>1.<strong>CC 2120 \u2013<\/strong> <strong>Concentrat INTENSIV Starter Purcei -25%<\/strong><br><\/p>\n\n\n\n<p>Administrare: La purcei de la 60 zile p\u00e2n\u0103 la 30-50 kg<br>Mod de utilizare: se combin\u0103 cu cereale m\u0103cinate astfel: 5 Kg Concentrat + 15 Kg Cereale<\/p>\n\n\n\n<div style=\"height:22px\" aria-hidden=\"true\" class=\"wp-block-spacer\"><\/div>\n\n\n\n<p>2. <strong>CC 2250 \u2013 Concentrat NATURAL \u00cengr\u0103\u0219are Porci 15 \u2013 20%<\/strong><br><\/p>\n\n\n\n<p>Administrare: La porci de la 30-50 kg p\u00e2n\u0103 la sacrificare<br>Mod de utilizare: Se combin\u0103 cu cereale (porumb + gr\u00e2u) m\u0103cinate astfel: 5 Kg Concentrat + 20 Kg Cereale<\/p>\n\n\n\n<div style=\"height:23px\" aria-hidden=\"true\" class=\"wp-block-spacer\"><\/div>\n\n\n\n<p>3. <strong>CC 2310 \u2013 Concentrat NATURAL Scroafe Gestante \u0219i \u00een Lacta\u021bie -25%<\/strong><br><\/p>\n\n\n\n<p>Administrare: La scroafe gestante \u0219i \u00een lacta\u021bie<br>Mod de utilizare: Se combin\u0103 cu cereale m\u0103cinate astfel: 5 Kg Concentrat + 15 Kg Cereale<\/p>\n","protected":false},"excerpt":{"rendered":"<p>Utilizarea furajelor Viva pentru porcine completeaz\u0103 necesarul de protein\u0103, aminoacizi, vitamine \u0219i minerale, care sunt insuficiente \u00een cereale. Mai mult, rentabilitatea cre\u0219te substan\u021bial, aduc\u00e2nd un plus de produc\u021bie de cel pu\u021bin 90% comparativ cu hr\u0103nirea doar cu cereale. De asemenea, carnea va avea gustul autentic \u201ede la \u021bar\u0103\u201d. Alte beneficii: Asigur\u0103 o cre\u0219tere s\u0103n\u0103toas\u0103 a&hellip; <a class=\"more-link\" href=\"https:\/\/agroland.ro\/c\/furaje-pentru-cresterea-porcilor\/\">Continu\u0103 lectura <span class=\"screen-reader-text\">Furaje pentru cre\u0219terea porcilor<\/span><\/a><\/p>\n","protected":false},"author":26,"featured_media":0,"parent":0,"menu_order":0,"comment_status":"closed","ping_status":"closed","template":"templates\/Products.php","meta":{"_acf_changed":false,"_et_pb_use_builder":"","_et_pb_old_content":"","_et_gb_content_width":"","inline_featured_image":false,"footnotes":""},"class_list":["post-27507","page","type-page","status-publish","hentry","entry"],"acf":[],"_links":{"self":[{"href":"https:\/\/agroland.ro\/c\/wp-json\/wp\/v2\/pages\/27507","targetHints":{"allow":["GET"]}}],"collection":[{"href":"https:\/\/agroland.ro\/c\/wp-json\/wp\/v2\/pages"}],"about":[{"href":"https:\/\/agroland.ro\/c\/wp-json\/wp\/v2\/types\/page"}],"author":[{"embeddable":true,"href":"https:\/\/agroland.ro\/c\/wp-json\/wp\/v2\/users\/26"}],"replies":[{"embeddable":true,"href":"https:\/\/agroland.ro\/c\/wp-json\/wp\/v2\/comments?post=27507"}],"version-history":[{"count":14,"href":"https:\/\/agroland.ro\/c\/wp-json\/wp\/v2\/pages\/27507\/revisions"}],"predecessor-version":[{"id":27539,"href":"https:\/\/agroland.ro\/c\/wp-json\/wp\/v2\/pages\/27507\/revisions\/27539"}],"wp:attachment":[{"href":"https:\/\/agroland.ro\/c\/wp-json\/wp\/v2\/media?parent=27507"}],"curies":[{"name":"wp","href":"https:\/\/api.w.org\/{rel}","templated":true}]}}