{"id":27524,"date":"2021-12-22T15:32:57","date_gmt":"2021-12-22T13:32:57","guid":{"rendered":"https:\/\/agroland.ro\/c\/?page_id=27524"},"modified":"2021-12-22T15:47:32","modified_gmt":"2021-12-22T13:47:32","slug":"furaje-pentru-cresterea-bovinelor","status":"publish","type":"page","link":"https:\/\/agroland.ro\/c\/furaje-pentru-cresterea-bovinelor\/","title":{"rendered":"Furaje pentru cre\u0219terea bovinelor"},"content":{"rendered":"\n<p>Furaje Viva pentru bovine determin\u0103 un plus de produc\u021bie de cel pu\u021bin 50% comparativ cu utilizarea simpl\u0103 a cerealelor, av\u00e2nd o serie de beneficii:<\/p>\n\n\n\n<div style=\"height:23px\" aria-hidden=\"true\" class=\"wp-block-spacer\"><\/div>\n\n\n\n<ul class=\"wp-block-list\"><li>Permite utilizarea cerealelor aflate \u00een gospod\u0103ria proprie;<\/li><\/ul>\n\n\n\n<div style=\"height:18px\" aria-hidden=\"true\" class=\"wp-block-spacer\"><\/div>\n\n\n\n<ul class=\"wp-block-list\"><li>Aduce suplimentul absolut necesar de aminoacizi, vitamine \u0219i microelemente;<\/li><\/ul>\n\n\n\n<div style=\"height:18px\" aria-hidden=\"true\" class=\"wp-block-spacer\"><\/div>\n\n\n\n<ul class=\"wp-block-list\"><li>Asigur\u0103 o cre\u0219tere s\u0103n\u0103toas\u0103 a organismului animal \u0219i o rezisten\u021b\u0103 crescut\u0103 la \u00eemboln\u0103viri;<\/li><\/ul>\n\n\n\n<div style=\"height:18px\" aria-hidden=\"true\" class=\"wp-block-spacer\"><\/div>\n\n\n\n<ul class=\"wp-block-list\"><li>Ajut\u0103 la men\u021binerea produc\u021biei de lapte, la ingestia substan\u021belor uscate \u0219i la \u00eembun\u0103t\u0103\u021birea performan\u021belor reproductive;<\/li><\/ul>\n\n\n\n<div style=\"height:18px\" aria-hidden=\"true\" class=\"wp-block-spacer\"><\/div>\n\n\n\n<ul class=\"wp-block-list\"><li>Permite utilizarea poten\u021bialului productiv al animalului la nivel maxim.<\/li><\/ul>\n\n\n\n<div style=\"height:23px\" aria-hidden=\"true\" class=\"wp-block-spacer\"><\/div>\n\n\n\n<div class=\"wp-block-image\"><figure class=\"aligncenter size-full\"><img loading=\"lazy\" decoding=\"async\" width=\"810\" height=\"540\" src=\"https:\/\/agroland.ro\/c\/wp-content\/uploads\/2021\/12\/82335353_2658814577520660_3969266328077860864_n.jpg\" alt=\"\" class=\"wp-image-27536\" srcset=\"https:\/\/agroland.ro\/c\/wp-content\/uploads\/2021\/12\/82335353_2658814577520660_3969266328077860864_n.jpg 810w, https:\/\/agroland.ro\/c\/wp-content\/uploads\/2021\/12\/82335353_2658814577520660_3969266328077860864_n-300x200.jpg 300w, https:\/\/agroland.ro\/c\/wp-content\/uploads\/2021\/12\/82335353_2658814577520660_3969266328077860864_n-768x512.jpg 768w, https:\/\/agroland.ro\/c\/wp-content\/uploads\/2021\/12\/82335353_2658814577520660_3969266328077860864_n-500x333.jpg 500w\" sizes=\"(max-width: 810px) 100vw, 810px\" \/><\/figure><\/div>\n\n\n\n<p><strong>Pentru cresc\u0103torii de bovine oferim urm\u0103toarele categorii de produse:<\/strong><\/p>\n\n\n\n<div style=\"height:18px\" aria-hidden=\"true\" class=\"wp-block-spacer\"><\/div>\n\n\n\n<p>1. <strong>CC 3120 &#8211;<\/strong> <strong>Concentrat INTENSIV cre\u0219tere vi\u021bei 25%<\/strong><br>Administrare: La vi\u021bei de la 60 zile<br>Mod de utilizare: Se combin\u0103 cu cereale m\u0103cinate astfel: 5 Kg Concentrat + 15 Kg Cereale<\/p>\n\n\n\n<p>2. <strong>CC 3210 &#8211;<\/strong> <strong>Concentrat INTENSIV vaci lapte 25 %<\/strong><\/p>\n\n\n\n<p>Administrare: La vaci cu lapte<\/p>\n\n\n\n<p>Mod de utilizare: Se combin\u0103 cu cereale (porumb + gr\u00e2u) m\u0103cinate astfel: 5 Kg Concentrat + 15 Kg Cereale<\/p>\n","protected":false},"excerpt":{"rendered":"<p>Furaje Viva pentru bovine determin\u0103 un plus de produc\u021bie de cel pu\u021bin 50% comparativ cu utilizarea simpl\u0103 a cerealelor, av\u00e2nd o serie de beneficii: Permite utilizarea cerealelor aflate \u00een gospod\u0103ria proprie; Aduce suplimentul absolut necesar de aminoacizi, vitamine \u0219i microelemente; Asigur\u0103 o cre\u0219tere s\u0103n\u0103toas\u0103 a organismului animal \u0219i o rezisten\u021b\u0103 crescut\u0103 la \u00eemboln\u0103viri; Ajut\u0103 la&hellip; <a class=\"more-link\" href=\"https:\/\/agroland.ro\/c\/furaje-pentru-cresterea-bovinelor\/\">Continu\u0103 lectura <span class=\"screen-reader-text\">Furaje pentru cre\u0219terea bovinelor<\/span><\/a><\/p>\n","protected":false},"author":26,"featured_media":0,"parent":0,"menu_order":0,"comment_status":"closed","ping_status":"closed","template":"templates\/Products.php","meta":{"_acf_changed":false,"_et_pb_use_builder":"","_et_pb_old_content":"","_et_gb_content_width":"","inline_featured_image":false,"footnotes":""},"class_list":["post-27524","page","type-page","status-publish","hentry","entry"],"acf":[],"_links":{"self":[{"href":"https:\/\/agroland.ro\/c\/wp-json\/wp\/v2\/pages\/27524","targetHints":{"allow":["GET"]}}],"collection":[{"href":"https:\/\/agroland.ro\/c\/wp-json\/wp\/v2\/pages"}],"about":[{"href":"https:\/\/agroland.ro\/c\/wp-json\/wp\/v2\/types\/page"}],"author":[{"embeddable":true,"href":"https:\/\/agroland.ro\/c\/wp-json\/wp\/v2\/users\/26"}],"replies":[{"embeddable":true,"href":"https:\/\/agroland.ro\/c\/wp-json\/wp\/v2\/comments?post=27524"}],"version-history":[{"count":7,"href":"https:\/\/agroland.ro\/c\/wp-json\/wp\/v2\/pages\/27524\/revisions"}],"predecessor-version":[{"id":27538,"href":"https:\/\/agroland.ro\/c\/wp-json\/wp\/v2\/pages\/27524\/revisions\/27538"}],"wp:attachment":[{"href":"https:\/\/agroland.ro\/c\/wp-json\/wp\/v2\/media?parent=27524"}],"curies":[{"name":"wp","href":"https:\/\/api.w.org\/{rel}","templated":true}]}}