{"id":27729,"date":"2022-01-06T10:50:33","date_gmt":"2022-01-06T08:50:33","guid":{"rendered":"https:\/\/agroland.ro\/c\/?page_id=27729"},"modified":"2022-03-10T11:55:04","modified_gmt":"2022-03-10T09:55:04","slug":"petshop-2","status":"publish","type":"page","link":"https:\/\/agroland.ro\/c\/petshop-2\/","title":{"rendered":"PetShop"},"content":{"rendered":"\n<p>Animalele de companie sunt parte din familie. Pentru c\u0103 ne fac via\u021ba mai frumoas\u0103, merit\u0103 s\u0103 le oferim tot ce e mai bun. La Agroland g\u0103se\u0219ti o gam\u0103 variat\u0103 de produse necesare pentru cre\u0219terea \u0219i \u00eengrijirea tuturor animalelor de companie.<\/p>\n\n\n\n<div style=\"height:18px\" aria-hidden=\"true\" class=\"wp-block-spacer\"><\/div>\n\n\n\n<p>Hran\u0103 uscat\u0103 \u0219i umed\u0103, recompense, accesorii \u0219i juc\u0103rii sunt disponibile \u00een <a href=\"https:\/\/agroland.ro\/c\/magazinele-noastre\/\">magazinele Agroland<\/a> din \u021bar\u0103 sau le po\u021bi comanda simplu \u0219i rapid din magazinul online, cu livrare la tine acas\u0103.<\/p>\n\n\n\n<div style=\"height:18px\" aria-hidden=\"true\" class=\"wp-block-spacer\"><\/div>\n\n\n\n<h2 class=\"wp-block-heading\">Categorii de Produse<\/h2>\n\n\n\n<div class=\"wp-block-columns is-layout-flex wp-container-core-columns-is-layout-9d6595d7 wp-block-columns-is-layout-flex\">\n<div class=\"wp-block-column is-layout-flow wp-block-column-is-layout-flow\">\n<figure class=\"wp-block-image size-large is-style-default\"><a href=\"https:\/\/agroland.ro\/46-caini\"><img loading=\"lazy\" decoding=\"async\" width=\"1024\" height=\"788\" src=\"https:\/\/agroland.ro\/c\/wp-content\/uploads\/2022\/01\/27-1024x788.png\" alt=\"\" class=\"wp-image-27798\" srcset=\"https:\/\/agroland.ro\/c\/wp-content\/uploads\/2022\/01\/27-1024x788.png 1024w, https:\/\/agroland.ro\/c\/wp-content\/uploads\/2022\/01\/27-300x231.png 300w, https:\/\/agroland.ro\/c\/wp-content\/uploads\/2022\/01\/27-768x591.png 768w, https:\/\/agroland.ro\/c\/wp-content\/uploads\/2022\/01\/27-1000x770.png 1000w, https:\/\/agroland.ro\/c\/wp-content\/uploads\/2022\/01\/27-500x385.png 500w, https:\/\/agroland.ro\/c\/wp-content\/uploads\/2022\/01\/27.png 1199w\" sizes=\"(max-width: 1024px) 100vw, 1024px\" \/><\/a><\/figure>\n<\/div>\n\n\n\n<div class=\"wp-block-column is-layout-flow wp-block-column-is-layout-flow\">\n<figure class=\"wp-block-image size-large is-style-default\"><a href=\"https:\/\/agroland.ro\/47-pisici\"><img loading=\"lazy\" decoding=\"async\" width=\"1024\" height=\"788\" src=\"https:\/\/agroland.ro\/c\/wp-content\/uploads\/2022\/01\/28-1024x788.png\" alt=\"\" class=\"wp-image-27799\" srcset=\"https:\/\/agroland.ro\/c\/wp-content\/uploads\/2022\/01\/28-1024x788.png 1024w, https:\/\/agroland.ro\/c\/wp-content\/uploads\/2022\/01\/28-300x231.png 300w, https:\/\/agroland.ro\/c\/wp-content\/uploads\/2022\/01\/28-768x591.png 768w, https:\/\/agroland.ro\/c\/wp-content\/uploads\/2022\/01\/28-1000x770.png 1000w, https:\/\/agroland.ro\/c\/wp-content\/uploads\/2022\/01\/28-500x385.png 500w, https:\/\/agroland.ro\/c\/wp-content\/uploads\/2022\/01\/28.png 1199w\" sizes=\"(max-width: 1024px) 100vw, 1024px\" \/><\/a><\/figure>\n<\/div>\n\n\n\n<div class=\"wp-block-column is-layout-flow wp-block-column-is-layout-flow\">\n<figure class=\"wp-block-image size-large is-style-default\"><a href=\"https:\/\/agroland.ro\/48-pasari-exotice\"><img loading=\"lazy\" decoding=\"async\" width=\"1024\" height=\"788\" src=\"https:\/\/agroland.ro\/c\/wp-content\/uploads\/2022\/01\/29-1024x788.png\" alt=\"\" class=\"wp-image-27800\" srcset=\"https:\/\/agroland.ro\/c\/wp-content\/uploads\/2022\/01\/29-1024x788.png 1024w, https:\/\/agroland.ro\/c\/wp-content\/uploads\/2022\/01\/29-300x231.png 300w, https:\/\/agroland.ro\/c\/wp-content\/uploads\/2022\/01\/29-768x591.png 768w, https:\/\/agroland.ro\/c\/wp-content\/uploads\/2022\/01\/29-1000x770.png 1000w, https:\/\/agroland.ro\/c\/wp-content\/uploads\/2022\/01\/29-500x385.png 500w, https:\/\/agroland.ro\/c\/wp-content\/uploads\/2022\/01\/29.png 1199w\" sizes=\"(max-width: 1024px) 100vw, 1024px\" \/><\/a><\/figure>\n<\/div>\n<\/div>\n\n\n\n<div class=\"wp-block-columns is-layout-flex wp-container-core-columns-is-layout-9d6595d7 wp-block-columns-is-layout-flex\">\n<div class=\"wp-block-column is-layout-flow wp-block-column-is-layout-flow\">\n<figure class=\"wp-block-image size-large is-style-default\"><a href=\"https:\/\/agroland.ro\/159-pesti-si-reptile\"><img loading=\"lazy\" decoding=\"async\" width=\"1024\" height=\"788\" src=\"https:\/\/agroland.ro\/c\/wp-content\/uploads\/2022\/01\/30-1024x788.png\" alt=\"\" class=\"wp-image-27801\" srcset=\"https:\/\/agroland.ro\/c\/wp-content\/uploads\/2022\/01\/30-1024x788.png 1024w, https:\/\/agroland.ro\/c\/wp-content\/uploads\/2022\/01\/30-300x231.png 300w, https:\/\/agroland.ro\/c\/wp-content\/uploads\/2022\/01\/30-768x591.png 768w, https:\/\/agroland.ro\/c\/wp-content\/uploads\/2022\/01\/30-1000x770.png 1000w, https:\/\/agroland.ro\/c\/wp-content\/uploads\/2022\/01\/30-500x385.png 500w, https:\/\/agroland.ro\/c\/wp-content\/uploads\/2022\/01\/30.png 1199w\" sizes=\"(max-width: 1024px) 100vw, 1024px\" \/><\/a><\/figure>\n<\/div>\n\n\n\n<div class=\"wp-block-column is-layout-flow wp-block-column-is-layout-flow\">\n<figure class=\"wp-block-image size-large is-style-default\"><a href=\"https:\/\/agroland.ro\/49-animale-mici\"><img loading=\"lazy\" decoding=\"async\" width=\"1024\" height=\"788\" src=\"https:\/\/agroland.ro\/c\/wp-content\/uploads\/2022\/01\/31-1024x788.png\" alt=\"\" class=\"wp-image-27802\" srcset=\"https:\/\/agroland.ro\/c\/wp-content\/uploads\/2022\/01\/31-1024x788.png 1024w, https:\/\/agroland.ro\/c\/wp-content\/uploads\/2022\/01\/31-300x231.png 300w, https:\/\/agroland.ro\/c\/wp-content\/uploads\/2022\/01\/31-768x591.png 768w, https:\/\/agroland.ro\/c\/wp-content\/uploads\/2022\/01\/31-1000x770.png 1000w, https:\/\/agroland.ro\/c\/wp-content\/uploads\/2022\/01\/31-500x385.png 500w, https:\/\/agroland.ro\/c\/wp-content\/uploads\/2022\/01\/31.png 1199w\" sizes=\"(max-width: 1024px) 100vw, 1024px\" \/><\/a><\/figure>\n<\/div>\n\n\n\n<div class=\"wp-block-column is-layout-flow wp-block-column-is-layout-flow\"><\/div>\n<\/div>\n\n\n\n<div style=\"height:18px\" aria-hidden=\"true\" class=\"wp-block-spacer\"><\/div>\n\n\n\n<hr class=\"wp-block-separator\"\/>\n\n\n\n<div style=\"height:18px\" aria-hidden=\"true\" class=\"wp-block-spacer\"><\/div>\n","protected":false},"excerpt":{"rendered":"<p>Animalele de companie sunt parte din familie. Pentru c\u0103 ne fac via\u021ba mai frumoas\u0103, merit\u0103 s\u0103 le oferim tot ce e mai bun. La Agroland g\u0103se\u0219ti o gam\u0103 variat\u0103 de produse necesare pentru cre\u0219terea \u0219i \u00eengrijirea tuturor animalelor de companie. Hran\u0103 uscat\u0103 \u0219i umed\u0103, recompense, accesorii \u0219i juc\u0103rii sunt disponibile \u00een magazinele Agroland din \u021bar\u0103&hellip; <a class=\"more-link\" href=\"https:\/\/agroland.ro\/c\/petshop-2\/\">Continu\u0103 lectura <span class=\"screen-reader-text\">PetShop<\/span><\/a><\/p>\n","protected":false},"author":26,"featured_media":0,"parent":0,"menu_order":0,"comment_status":"closed","ping_status":"closed","template":"templates\/Products.php","meta":{"_acf_changed":false,"_et_pb_use_builder":"","_et_pb_old_content":"","_et_gb_content_width":"","inline_featured_image":false,"footnotes":""},"class_list":["post-27729","page","type-page","status-publish","hentry","entry"],"acf":[],"_links":{"self":[{"href":"https:\/\/agroland.ro\/c\/wp-json\/wp\/v2\/pages\/27729","targetHints":{"allow":["GET"]}}],"collection":[{"href":"https:\/\/agroland.ro\/c\/wp-json\/wp\/v2\/pages"}],"about":[{"href":"https:\/\/agroland.ro\/c\/wp-json\/wp\/v2\/types\/page"}],"author":[{"embeddable":true,"href":"https:\/\/agroland.ro\/c\/wp-json\/wp\/v2\/users\/26"}],"replies":[{"embeddable":true,"href":"https:\/\/agroland.ro\/c\/wp-json\/wp\/v2\/comments?post=27729"}],"version-history":[{"count":20,"href":"https:\/\/agroland.ro\/c\/wp-json\/wp\/v2\/pages\/27729\/revisions"}],"predecessor-version":[{"id":32126,"href":"https:\/\/agroland.ro\/c\/wp-json\/wp\/v2\/pages\/27729\/revisions\/32126"}],"wp:attachment":[{"href":"https:\/\/agroland.ro\/c\/wp-json\/wp\/v2\/media?parent=27729"}],"curies":[{"name":"wp","href":"https:\/\/api.w.org\/{rel}","templated":true}]}}