{"id":27733,"date":"2022-01-06T11:48:22","date_gmt":"2022-01-06T09:48:22","guid":{"rendered":"https:\/\/agroland.ro\/c\/?page_id=27733"},"modified":"2022-03-10T11:00:42","modified_gmt":"2022-03-10T09:00:42","slug":"porumbei","status":"publish","type":"page","link":"https:\/\/agroland.ro\/c\/porumbei\/","title":{"rendered":"Porumbei"},"content":{"rendered":"\n<p>Exist\u0103 multe motive pentru care putem spune c\u0103 porumbeii sunt p\u0103s\u0103ri deosebite. Cre\u0219terea \u0219i \u00eengrijirea lor este o activitate care poate a avea un efect relaxant.<\/p>\n\n\n\n<div style=\"height:18px\" aria-hidden=\"true\" class=\"wp-block-spacer\"><\/div>\n\n\n\n<p>Indireferent de scopul pentru care cre\u0219ti porumbei, hobby sau pentru a participa la concursuri, Agroland \u00ee\u021bi pune la dispozi\u021bie hran\u0103, suplimente, grituri \u0219i echipamente pentru o \u00eengrijire corespunz\u0103toare.<\/p>\n\n\n\n<div style=\"height:18px\" aria-hidden=\"true\" class=\"wp-block-spacer\"><\/div>\n\n\n\n<p>Produsele sunt disponibile at\u00e2t \u00een <a href=\"https:\/\/agroland.ro\/c\/magazinele-noastre\/\">magazinele Agroland<\/a> din \u021bar\u0103, c\u00e2t \u0219i \u00een magazinul online, cu livrare in 24-72 de ore la u\u0219a ta.<\/p>\n\n\n\n<div style=\"height:18px\" aria-hidden=\"true\" class=\"wp-block-spacer\"><\/div>\n\n\n\n<h2 class=\"wp-block-heading\"><strong>Categorii de Produse<\/strong><\/h2>\n\n\n\n<div class=\"wp-block-columns is-layout-flex wp-container-core-columns-is-layout-9d6595d7 wp-block-columns-is-layout-flex\">\n<div class=\"wp-block-column is-layout-flow wp-block-column-is-layout-flow\">\n<figure class=\"wp-block-image size-large is-style-default\"><a href=\"https:\/\/agroland.ro\/59-hrana\"><img loading=\"lazy\" decoding=\"async\" width=\"1024\" height=\"788\" src=\"https:\/\/agroland.ro\/c\/wp-content\/uploads\/2022\/01\/32-1024x788.png\" alt=\"\" class=\"wp-image-27821\" srcset=\"https:\/\/agroland.ro\/c\/wp-content\/uploads\/2022\/01\/32-1024x788.png 1024w, https:\/\/agroland.ro\/c\/wp-content\/uploads\/2022\/01\/32-300x231.png 300w, https:\/\/agroland.ro\/c\/wp-content\/uploads\/2022\/01\/32-768x591.png 768w, https:\/\/agroland.ro\/c\/wp-content\/uploads\/2022\/01\/32-1000x770.png 1000w, https:\/\/agroland.ro\/c\/wp-content\/uploads\/2022\/01\/32-500x385.png 500w, https:\/\/agroland.ro\/c\/wp-content\/uploads\/2022\/01\/32.png 1199w\" sizes=\"(max-width: 1024px) 100vw, 1024px\" \/><\/a><\/figure>\n<\/div>\n\n\n\n<div class=\"wp-block-column is-layout-flow wp-block-column-is-layout-flow\">\n<figure class=\"wp-block-image size-large is-style-default\"><a href=\"https:\/\/agroland.ro\/60-suplimente\"><img loading=\"lazy\" decoding=\"async\" width=\"1024\" height=\"788\" src=\"https:\/\/agroland.ro\/c\/wp-content\/uploads\/2022\/01\/33-1024x788.png\" alt=\"\" class=\"wp-image-27823\" srcset=\"https:\/\/agroland.ro\/c\/wp-content\/uploads\/2022\/01\/33-1024x788.png 1024w, https:\/\/agroland.ro\/c\/wp-content\/uploads\/2022\/01\/33-300x231.png 300w, https:\/\/agroland.ro\/c\/wp-content\/uploads\/2022\/01\/33-768x591.png 768w, https:\/\/agroland.ro\/c\/wp-content\/uploads\/2022\/01\/33-1000x770.png 1000w, https:\/\/agroland.ro\/c\/wp-content\/uploads\/2022\/01\/33-500x385.png 500w, https:\/\/agroland.ro\/c\/wp-content\/uploads\/2022\/01\/33.png 1199w\" sizes=\"(max-width: 1024px) 100vw, 1024px\" \/><\/a><\/figure>\n<\/div>\n\n\n\n<div class=\"wp-block-column is-layout-flow wp-block-column-is-layout-flow\">\n<figure class=\"wp-block-image size-large is-style-default\"><a href=\"https:\/\/agroland.ro\/61-grituri\"><img loading=\"lazy\" decoding=\"async\" width=\"1024\" height=\"788\" src=\"https:\/\/agroland.ro\/c\/wp-content\/uploads\/2022\/01\/34-1024x788.png\" alt=\"\" class=\"wp-image-27824\" srcset=\"https:\/\/agroland.ro\/c\/wp-content\/uploads\/2022\/01\/34-1024x788.png 1024w, https:\/\/agroland.ro\/c\/wp-content\/uploads\/2022\/01\/34-300x231.png 300w, https:\/\/agroland.ro\/c\/wp-content\/uploads\/2022\/01\/34-768x591.png 768w, https:\/\/agroland.ro\/c\/wp-content\/uploads\/2022\/01\/34-1000x770.png 1000w, https:\/\/agroland.ro\/c\/wp-content\/uploads\/2022\/01\/34-500x385.png 500w, https:\/\/agroland.ro\/c\/wp-content\/uploads\/2022\/01\/34.png 1199w\" sizes=\"(max-width: 1024px) 100vw, 1024px\" \/><\/a><\/figure>\n<\/div>\n<\/div>\n\n\n\n<div class=\"wp-block-columns is-layout-flex wp-container-core-columns-is-layout-9d6595d7 wp-block-columns-is-layout-flex\">\n<div class=\"wp-block-column is-layout-flow wp-block-column-is-layout-flow\">\n<figure class=\"wp-block-image size-large is-style-default\"><a href=\"https:\/\/agroland.ro\/62-accesorii\"><img loading=\"lazy\" decoding=\"async\" width=\"1024\" height=\"788\" src=\"https:\/\/agroland.ro\/c\/wp-content\/uploads\/2022\/01\/35-1024x788.png\" alt=\"\" class=\"wp-image-27825\" srcset=\"https:\/\/agroland.ro\/c\/wp-content\/uploads\/2022\/01\/35-1024x788.png 1024w, https:\/\/agroland.ro\/c\/wp-content\/uploads\/2022\/01\/35-300x231.png 300w, https:\/\/agroland.ro\/c\/wp-content\/uploads\/2022\/01\/35-768x591.png 768w, https:\/\/agroland.ro\/c\/wp-content\/uploads\/2022\/01\/35-1000x770.png 1000w, https:\/\/agroland.ro\/c\/wp-content\/uploads\/2022\/01\/35-500x385.png 500w, https:\/\/agroland.ro\/c\/wp-content\/uploads\/2022\/01\/35.png 1199w\" sizes=\"(max-width: 1024px) 100vw, 1024px\" \/><\/a><\/figure>\n<\/div>\n\n\n\n<div class=\"wp-block-column is-layout-flow wp-block-column-is-layout-flow\"><\/div>\n\n\n\n<div class=\"wp-block-column is-layout-flow wp-block-column-is-layout-flow\"><\/div>\n<\/div>\n\n\n\n<div style=\"height:18px\" aria-hidden=\"true\" class=\"wp-block-spacer\"><\/div>\n\n\n\n<hr class=\"wp-block-separator\"\/>\n\n\n\n<div style=\"height:18px\" aria-hidden=\"true\" class=\"wp-block-spacer\"><\/div>\n","protected":false},"excerpt":{"rendered":"<p>Exist\u0103 multe motive pentru care putem spune c\u0103 porumbeii sunt p\u0103s\u0103ri deosebite. Cre\u0219terea \u0219i \u00eengrijirea lor este o activitate care poate a avea un efect relaxant. Indireferent de scopul pentru care cre\u0219ti porumbei, hobby sau pentru a participa la concursuri, Agroland \u00ee\u021bi pune la dispozi\u021bie hran\u0103, suplimente, grituri \u0219i echipamente pentru o \u00eengrijire corespunz\u0103toare. Produsele&hellip; <a class=\"more-link\" href=\"https:\/\/agroland.ro\/c\/porumbei\/\">Continu\u0103 lectura <span class=\"screen-reader-text\">Porumbei<\/span><\/a><\/p>\n","protected":false},"author":26,"featured_media":0,"parent":0,"menu_order":0,"comment_status":"closed","ping_status":"closed","template":"templates\/Products.php","meta":{"_acf_changed":false,"_et_pb_use_builder":"","_et_pb_old_content":"","_et_gb_content_width":"","inline_featured_image":false,"footnotes":""},"class_list":["post-27733","page","type-page","status-publish","hentry","entry"],"acf":[],"_links":{"self":[{"href":"https:\/\/agroland.ro\/c\/wp-json\/wp\/v2\/pages\/27733","targetHints":{"allow":["GET"]}}],"collection":[{"href":"https:\/\/agroland.ro\/c\/wp-json\/wp\/v2\/pages"}],"about":[{"href":"https:\/\/agroland.ro\/c\/wp-json\/wp\/v2\/types\/page"}],"author":[{"embeddable":true,"href":"https:\/\/agroland.ro\/c\/wp-json\/wp\/v2\/users\/26"}],"replies":[{"embeddable":true,"href":"https:\/\/agroland.ro\/c\/wp-json\/wp\/v2\/comments?post=27733"}],"version-history":[{"count":6,"href":"https:\/\/agroland.ro\/c\/wp-json\/wp\/v2\/pages\/27733\/revisions"}],"predecessor-version":[{"id":29250,"href":"https:\/\/agroland.ro\/c\/wp-json\/wp\/v2\/pages\/27733\/revisions\/29250"}],"wp:attachment":[{"href":"https:\/\/agroland.ro\/c\/wp-json\/wp\/v2\/media?parent=27733"}],"curies":[{"name":"wp","href":"https:\/\/api.w.org\/{rel}","templated":true}]}}