{"id":27736,"date":"2022-01-06T12:33:40","date_gmt":"2022-01-06T10:33:40","guid":{"rendered":"https:\/\/agroland.ro\/c\/?page_id=27736"},"modified":"2023-02-16T09:56:56","modified_gmt":"2023-02-16T07:56:56","slug":"material-saditor","status":"publish","type":"page","link":"https:\/\/agroland.ro\/c\/material-saditor\/","title":{"rendered":"Material S\u0103ditor"},"content":{"rendered":"\n<p>Este bine \u0219tiut c\u0103 cea mai bun\u0103 hran\u0103 este cea produs\u0103 chiar de noi \u00een\u0219ine. \u00cendr\u0103znim s\u0103 ad\u0103ug\u0103m \u0219i faptul c\u0103 o gr\u0103din\u0103 complet\u0103, este cea unde florile se completeaz\u0103 \u00een armonie cu fructele \u0219i legumele.<\/p>\n\n\n\n<div style=\"height:18px\" aria-hidden=\"true\" class=\"wp-block-spacer\"><\/div>\n\n\n\n<p>Venim \u00een sprijinul t\u0103u cu o gam\u0103 variat\u0103 de material s\u0103ditor pentru a te putea bucura de fructe \u0219i legume delicioase, cu un gust autentic, dar \u0219i de flori colorate.<\/p>\n\n\n\n<div style=\"height:18px\" aria-hidden=\"true\" class=\"wp-block-spacer\"><\/div>\n\n\n\n<p>At\u00e2t \u00een sezonul de toamn\u0103, c\u00e2t \u0219i \u00een cel de prim\u0103var\u0103, aducem sute de sortimente de buta\u0219i de trandafiri, bulbi de flori, pomi fructiferi, arbu\u0219ti fructiferi \u0219i decorativi, buta\u0219i de vi\u021b\u0103 de vie.<\/p>\n\n\n\n<div style=\"height:18px\" aria-hidden=\"true\" class=\"wp-block-spacer\"><\/div>\n\n\n\n<div class=\"wp-block-columns is-layout-flex wp-container-core-columns-is-layout-9d6595d7 wp-block-columns-is-layout-flex\">\n<div class=\"wp-block-column is-layout-flow wp-block-column-is-layout-flow\">\n<figure class=\"wp-block-image size-large\"><a href=\"https:\/\/agroland.ro\/64-butasi-trandafiri\"><img loading=\"lazy\" decoding=\"async\" width=\"1024\" height=\"788\" src=\"https:\/\/agroland.ro\/c\/wp-content\/uploads\/2022\/01\/63-1-1024x788.png\" alt=\"\" class=\"wp-image-28251\" srcset=\"https:\/\/agroland.ro\/c\/wp-content\/uploads\/2022\/01\/63-1-1024x788.png 1024w, https:\/\/agroland.ro\/c\/wp-content\/uploads\/2022\/01\/63-1-300x231.png 300w, https:\/\/agroland.ro\/c\/wp-content\/uploads\/2022\/01\/63-1-768x591.png 768w, https:\/\/agroland.ro\/c\/wp-content\/uploads\/2022\/01\/63-1-1000x770.png 1000w, https:\/\/agroland.ro\/c\/wp-content\/uploads\/2022\/01\/63-1-500x385.png 500w, https:\/\/agroland.ro\/c\/wp-content\/uploads\/2022\/01\/63-1.png 1199w\" sizes=\"(max-width: 1024px) 100vw, 1024px\" \/><\/a><\/figure>\n<\/div>\n\n\n\n<div class=\"wp-block-column is-layout-flow wp-block-column-is-layout-flow\">\n<figure class=\"wp-block-image size-large\"><img loading=\"lazy\" decoding=\"async\" width=\"1024\" height=\"788\" src=\"https:\/\/agroland.ro\/c\/wp-content\/uploads\/2022\/01\/WhatsApp-Image-2022-01-17-at-15.13.55-1024x788.jpeg\" alt=\"\" class=\"wp-image-28249\" srcset=\"https:\/\/agroland.ro\/c\/wp-content\/uploads\/2022\/01\/WhatsApp-Image-2022-01-17-at-15.13.55-1024x788.jpeg 1024w, https:\/\/agroland.ro\/c\/wp-content\/uploads\/2022\/01\/WhatsApp-Image-2022-01-17-at-15.13.55-300x231.jpeg 300w, https:\/\/agroland.ro\/c\/wp-content\/uploads\/2022\/01\/WhatsApp-Image-2022-01-17-at-15.13.55-768x591.jpeg 768w, https:\/\/agroland.ro\/c\/wp-content\/uploads\/2022\/01\/WhatsApp-Image-2022-01-17-at-15.13.55-1000x770.jpeg 1000w, https:\/\/agroland.ro\/c\/wp-content\/uploads\/2022\/01\/WhatsApp-Image-2022-01-17-at-15.13.55-500x385.jpeg 500w, https:\/\/agroland.ro\/c\/wp-content\/uploads\/2022\/01\/WhatsApp-Image-2022-01-17-at-15.13.55.jpeg 1199w\" sizes=\"(max-width: 1024px) 100vw, 1024px\" \/><\/figure>\n<\/div>\n\n\n\n<div class=\"wp-block-column is-layout-flow wp-block-column-is-layout-flow\">\n<figure class=\"wp-block-image size-large\"><a href=\"https:\/\/agroland.ro\/72-arbusti-fructiferi\"><img loading=\"lazy\" decoding=\"async\" width=\"1024\" height=\"788\" src=\"https:\/\/agroland.ro\/c\/wp-content\/uploads\/2022\/01\/65-1024x788.png\" alt=\"\" class=\"wp-image-28253\" srcset=\"https:\/\/agroland.ro\/c\/wp-content\/uploads\/2022\/01\/65-1024x788.png 1024w, https:\/\/agroland.ro\/c\/wp-content\/uploads\/2022\/01\/65-300x231.png 300w, https:\/\/agroland.ro\/c\/wp-content\/uploads\/2022\/01\/65-768x591.png 768w, https:\/\/agroland.ro\/c\/wp-content\/uploads\/2022\/01\/65-1000x770.png 1000w, https:\/\/agroland.ro\/c\/wp-content\/uploads\/2022\/01\/65-500x385.png 500w, https:\/\/agroland.ro\/c\/wp-content\/uploads\/2022\/01\/65.png 1199w\" sizes=\"(max-width: 1024px) 100vw, 1024px\" \/><\/a><\/figure>\n<\/div>\n<\/div>\n\n\n\n<div class=\"wp-block-columns is-layout-flex wp-container-core-columns-is-layout-9d6595d7 wp-block-columns-is-layout-flex\">\n<div class=\"wp-block-column is-layout-flow wp-block-column-is-layout-flow\">\n<figure class=\"wp-block-image size-large\"><a href=\"https:\/\/agroland.ro\/73-butasi-vita-de-vie\"><img loading=\"lazy\" decoding=\"async\" width=\"1024\" height=\"788\" src=\"https:\/\/agroland.ro\/c\/wp-content\/uploads\/2022\/01\/67-1024x788.png\" alt=\"\" class=\"wp-image-28250\" srcset=\"https:\/\/agroland.ro\/c\/wp-content\/uploads\/2022\/01\/67-1024x788.png 1024w, https:\/\/agroland.ro\/c\/wp-content\/uploads\/2022\/01\/67-300x231.png 300w, https:\/\/agroland.ro\/c\/wp-content\/uploads\/2022\/01\/67-768x591.png 768w, https:\/\/agroland.ro\/c\/wp-content\/uploads\/2022\/01\/67-1000x770.png 1000w, https:\/\/agroland.ro\/c\/wp-content\/uploads\/2022\/01\/67-500x385.png 500w, https:\/\/agroland.ro\/c\/wp-content\/uploads\/2022\/01\/67.png 1199w\" sizes=\"(max-width: 1024px) 100vw, 1024px\" \/><\/a><\/figure>\n<\/div>\n\n\n\n<div class=\"wp-block-column is-layout-flow wp-block-column-is-layout-flow\">\n<figure class=\"wp-block-image size-large\"><a href=\"https:\/\/agroland.ro\/107-pomi-fructiferi\"><img loading=\"lazy\" decoding=\"async\" width=\"1024\" height=\"788\" src=\"https:\/\/agroland.ro\/c\/wp-content\/uploads\/2022\/01\/Poze-sectiuni-din-site-3-1024x788.png\" alt=\"\" class=\"wp-image-28278\" srcset=\"https:\/\/agroland.ro\/c\/wp-content\/uploads\/2022\/01\/Poze-sectiuni-din-site-3-1024x788.png 1024w, https:\/\/agroland.ro\/c\/wp-content\/uploads\/2022\/01\/Poze-sectiuni-din-site-3-300x231.png 300w, https:\/\/agroland.ro\/c\/wp-content\/uploads\/2022\/01\/Poze-sectiuni-din-site-3-768x591.png 768w, https:\/\/agroland.ro\/c\/wp-content\/uploads\/2022\/01\/Poze-sectiuni-din-site-3-1000x770.png 1000w, https:\/\/agroland.ro\/c\/wp-content\/uploads\/2022\/01\/Poze-sectiuni-din-site-3-500x385.png 500w, https:\/\/agroland.ro\/c\/wp-content\/uploads\/2022\/01\/Poze-sectiuni-din-site-3.png 1199w\" sizes=\"(max-width: 1024px) 100vw, 1024px\" \/><\/a><\/figure>\n<\/div>\n\n\n\n<div class=\"wp-block-column is-layout-flow wp-block-column-is-layout-flow\">\n<figure class=\"wp-block-image size-large\"><a href=\"https:\/\/agroland.ro\/70-seminte\"><img loading=\"lazy\" decoding=\"async\" width=\"1024\" height=\"788\" src=\"https:\/\/agroland.ro\/c\/wp-content\/uploads\/2022\/01\/68-1024x788.png\" alt=\"\" class=\"wp-image-28259\" srcset=\"https:\/\/agroland.ro\/c\/wp-content\/uploads\/2022\/01\/68-1024x788.png 1024w, https:\/\/agroland.ro\/c\/wp-content\/uploads\/2022\/01\/68-300x231.png 300w, https:\/\/agroland.ro\/c\/wp-content\/uploads\/2022\/01\/68-768x591.png 768w, https:\/\/agroland.ro\/c\/wp-content\/uploads\/2022\/01\/68-1000x770.png 1000w, https:\/\/agroland.ro\/c\/wp-content\/uploads\/2022\/01\/68-500x385.png 500w, https:\/\/agroland.ro\/c\/wp-content\/uploads\/2022\/01\/68.png 1199w\" sizes=\"(max-width: 1024px) 100vw, 1024px\" \/><\/a><\/figure>\n<\/div>\n<\/div>\n\n\n\n<p>G\u0103se\u0219ti material s\u0103ditor \u00een toate <a href=\"https:\/\/agroland.ro\/c\/magazinele-noastre\/\">magazinele Agroland<\/a> din \u021bar\u0103 sau le po\u021bi comanda direct din magazinul nostru online.<\/p>\n\n\n\n<div style=\"height:18px\" aria-hidden=\"true\" class=\"wp-block-spacer\"><\/div>\n\n\n\n<div class=\"wp-block-columns is-style-twentytwentyone-columns-overlap is-layout-flex wp-container-core-columns-is-layout-9d6595d7 wp-block-columns-is-layout-flex\">\n<div class=\"wp-block-column is-layout-flow wp-block-column-is-layout-flow\" style=\"flex-basis:100%\"><\/div>\n<\/div>\n","protected":false},"excerpt":{"rendered":"<p>Este bine \u0219tiut c\u0103 cea mai bun\u0103 hran\u0103 este cea produs\u0103 chiar de noi \u00een\u0219ine. \u00cendr\u0103znim s\u0103 ad\u0103ug\u0103m \u0219i faptul c\u0103 o gr\u0103din\u0103 complet\u0103, este cea unde florile se completeaz\u0103 \u00een armonie cu fructele \u0219i legumele. Venim \u00een sprijinul t\u0103u cu o gam\u0103 variat\u0103 de material s\u0103ditor pentru a te putea bucura de fructe \u0219i&hellip; <a class=\"more-link\" href=\"https:\/\/agroland.ro\/c\/material-saditor\/\">Continu\u0103 lectura <span class=\"screen-reader-text\">Material S\u0103ditor<\/span><\/a><\/p>\n","protected":false},"author":26,"featured_media":0,"parent":0,"menu_order":0,"comment_status":"closed","ping_status":"closed","template":"templates\/Products.php","meta":{"_acf_changed":false,"_et_pb_use_builder":"","_et_pb_old_content":"","_et_gb_content_width":"","inline_featured_image":false,"footnotes":""},"class_list":["post-27736","page","type-page","status-publish","hentry","entry"],"acf":[],"_links":{"self":[{"href":"https:\/\/agroland.ro\/c\/wp-json\/wp\/v2\/pages\/27736","targetHints":{"allow":["GET"]}}],"collection":[{"href":"https:\/\/agroland.ro\/c\/wp-json\/wp\/v2\/pages"}],"about":[{"href":"https:\/\/agroland.ro\/c\/wp-json\/wp\/v2\/types\/page"}],"author":[{"embeddable":true,"href":"https:\/\/agroland.ro\/c\/wp-json\/wp\/v2\/users\/26"}],"replies":[{"embeddable":true,"href":"https:\/\/agroland.ro\/c\/wp-json\/wp\/v2\/comments?post=27736"}],"version-history":[{"count":14,"href":"https:\/\/agroland.ro\/c\/wp-json\/wp\/v2\/pages\/27736\/revisions"}],"predecessor-version":[{"id":33679,"href":"https:\/\/agroland.ro\/c\/wp-json\/wp\/v2\/pages\/27736\/revisions\/33679"}],"wp:attachment":[{"href":"https:\/\/agroland.ro\/c\/wp-json\/wp\/v2\/media?parent=27736"}],"curies":[{"name":"wp","href":"https:\/\/api.w.org\/{rel}","templated":true}]}}