{"id":27741,"date":"2022-01-06T13:05:36","date_gmt":"2022-01-06T11:05:36","guid":{"rendered":"https:\/\/agroland.ro\/c\/?page_id=27741"},"modified":"2023-02-16T09:55:38","modified_gmt":"2023-02-16T07:55:38","slug":"fitofarmacie","status":"publish","type":"page","link":"https:\/\/agroland.ro\/c\/fitofarmacie\/","title":{"rendered":"Fitofarmacie"},"content":{"rendered":"\n<p>Oferindu-le \u00eengrijirea corespunz\u0103toare, plantele te vor r\u0103spl\u0103ti cu roade bogate \u0219i flori parfumate. \u00ce\u021bi punem la dispozi\u021bie \u00eengr\u0103\u0219\u0103minte, insecticide, fungicide \u0219i erbicide pentru a te putea ocupa complet de gr\u0103dina \u0219i livada ta. Fii doctorul gr\u0103dinii tale!<\/p>\n\n\n\n<div style=\"height:18px\" aria-hidden=\"true\" class=\"wp-block-spacer\"><\/div>\n\n\n\n<p>Produsele fitosanitare sunt disponibile at\u00e2t \u00een <a href=\"https:\/\/agroland.ro\/c\/magazinele-noastre\/\">magazinele Agroland MEGA<\/a>, dar pot fi comandate \u0219i online, din shop-ul nostru.<\/p>\n\n\n\n<div style=\"height:18px\" aria-hidden=\"true\" class=\"wp-block-spacer\"><\/div>\n\n\n\n<div class=\"wp-block-columns is-style-twentytwentyone-columns-overlap is-layout-flex wp-container-core-columns-is-layout-9d6595d7 wp-block-columns-is-layout-flex\">\n<div class=\"wp-block-column is-layout-flow wp-block-column-is-layout-flow\" style=\"flex-basis:100%\">\n<div class=\"wp-block-columns is-style-twentytwentyone-columns-overlap is-layout-flex wp-container-core-columns-is-layout-9d6595d7 wp-block-columns-is-layout-flex\">\n<div class=\"wp-block-column is-layout-flow wp-block-column-is-layout-flow\" style=\"flex-basis:100%\">\n<div class=\"wp-block-group\"><div class=\"wp-block-group__inner-container is-layout-flow wp-block-group-is-layout-flow\">\n<div class=\"wp-block-columns is-style-twentytwentyone-columns-overlap is-layout-flex wp-container-core-columns-is-layout-9d6595d7 wp-block-columns-is-layout-flex\">\n<div class=\"wp-block-column is-vertically-aligned-top is-layout-flow wp-block-column-is-layout-flow\" style=\"flex-basis:100%\">\n<div class=\"wp-block-columns is-style-twentytwentyone-columns-overlap is-layout-flex wp-container-core-columns-is-layout-9d6595d7 wp-block-columns-is-layout-flex\">\n<div class=\"wp-block-column is-layout-flow wp-block-column-is-layout-flow\">\n<figure class=\"wp-block-image size-full\"><a href=\"https:\/\/agroland.ro\/183-erbicide\"><img loading=\"lazy\" decoding=\"async\" width=\"1024\" height=\"788\" src=\"https:\/\/agroland.ro\/c\/wp-content\/uploads\/2022\/01\/69-1024x788-1.png\" alt=\"\" class=\"wp-image-28241\" srcset=\"https:\/\/agroland.ro\/c\/wp-content\/uploads\/2022\/01\/69-1024x788-1.png 1024w, https:\/\/agroland.ro\/c\/wp-content\/uploads\/2022\/01\/69-1024x788-1-300x231.png 300w, https:\/\/agroland.ro\/c\/wp-content\/uploads\/2022\/01\/69-1024x788-1-768x591.png 768w, https:\/\/agroland.ro\/c\/wp-content\/uploads\/2022\/01\/69-1024x788-1-1000x770.png 1000w, https:\/\/agroland.ro\/c\/wp-content\/uploads\/2022\/01\/69-1024x788-1-500x385.png 500w\" sizes=\"(max-width: 1024px) 100vw, 1024px\" \/><\/a><\/figure>\n<\/div>\n\n\n\n<div class=\"wp-block-column is-layout-flow wp-block-column-is-layout-flow\">\n<figure class=\"wp-block-image size-large\"><a href=\"https:\/\/agroland.ro\/228-cultura-mare\"><img loading=\"lazy\" decoding=\"async\" width=\"1024\" height=\"788\" src=\"https:\/\/agroland.ro\/c\/wp-content\/uploads\/2022\/01\/70-1024x788.png\" alt=\"\" class=\"wp-image-28235\" srcset=\"https:\/\/agroland.ro\/c\/wp-content\/uploads\/2022\/01\/70-1024x788.png 1024w, https:\/\/agroland.ro\/c\/wp-content\/uploads\/2022\/01\/70-300x231.png 300w, https:\/\/agroland.ro\/c\/wp-content\/uploads\/2022\/01\/70-768x591.png 768w, https:\/\/agroland.ro\/c\/wp-content\/uploads\/2022\/01\/70-1000x770.png 1000w, https:\/\/agroland.ro\/c\/wp-content\/uploads\/2022\/01\/70-500x385.png 500w, https:\/\/agroland.ro\/c\/wp-content\/uploads\/2022\/01\/70.png 1199w\" sizes=\"(max-width: 1024px) 100vw, 1024px\" \/><\/a><\/figure>\n<\/div>\n<\/div>\n<\/div>\n<\/div>\n<\/div><\/div>\n<\/div>\n<\/div>\n<\/div>\n<\/div>\n","protected":false},"excerpt":{"rendered":"<p>Oferindu-le \u00eengrijirea corespunz\u0103toare, plantele te vor r\u0103spl\u0103ti cu roade bogate \u0219i flori parfumate. \u00ce\u021bi punem la dispozi\u021bie \u00eengr\u0103\u0219\u0103minte, insecticide, fungicide \u0219i erbicide pentru a te putea ocupa complet de gr\u0103dina \u0219i livada ta. Fii doctorul gr\u0103dinii tale! Produsele fitosanitare sunt disponibile at\u00e2t \u00een magazinele Agroland MEGA, dar pot fi comandate \u0219i online, din shop-ul nostru.<\/p>\n","protected":false},"author":26,"featured_media":0,"parent":0,"menu_order":0,"comment_status":"closed","ping_status":"closed","template":"templates\/Products.php","meta":{"_acf_changed":false,"_et_pb_use_builder":"","_et_pb_old_content":"","_et_gb_content_width":"","inline_featured_image":false,"footnotes":""},"class_list":["post-27741","page","type-page","status-publish","hentry","entry"],"acf":[],"_links":{"self":[{"href":"https:\/\/agroland.ro\/c\/wp-json\/wp\/v2\/pages\/27741","targetHints":{"allow":["GET"]}}],"collection":[{"href":"https:\/\/agroland.ro\/c\/wp-json\/wp\/v2\/pages"}],"about":[{"href":"https:\/\/agroland.ro\/c\/wp-json\/wp\/v2\/types\/page"}],"author":[{"embeddable":true,"href":"https:\/\/agroland.ro\/c\/wp-json\/wp\/v2\/users\/26"}],"replies":[{"embeddable":true,"href":"https:\/\/agroland.ro\/c\/wp-json\/wp\/v2\/comments?post=27741"}],"version-history":[{"count":11,"href":"https:\/\/agroland.ro\/c\/wp-json\/wp\/v2\/pages\/27741\/revisions"}],"predecessor-version":[{"id":33678,"href":"https:\/\/agroland.ro\/c\/wp-json\/wp\/v2\/pages\/27741\/revisions\/33678"}],"wp:attachment":[{"href":"https:\/\/agroland.ro\/c\/wp-json\/wp\/v2\/media?parent=27741"}],"curies":[{"name":"wp","href":"https:\/\/api.w.org\/{rel}","templated":true}]}}