{"id":27753,"date":"2022-01-06T16:14:23","date_gmt":"2022-01-06T14:14:23","guid":{"rendered":"https:\/\/agroland.ro\/c\/?page_id=27753"},"modified":"2022-03-10T12:27:57","modified_gmt":"2022-03-10T10:27:57","slug":"scule-si-unelte","status":"publish","type":"page","link":"https:\/\/agroland.ro\/c\/scule-si-unelte\/","title":{"rendered":"Scule \u0219i unelte"},"content":{"rendered":"\n<p>Fii me\u0219terul casei tale pentru c\u0103 Agroland te sus\u021bine \u00een munca din gospod\u0103rie. \u0218tim c\u0103 pentru o curte bine \u00eengrijit\u0103 ai nevoie de produse potrivite, de aceea la Agroland g\u0103se\u0219ti utilaje, scule de m\u00e2n\u0103 \u0219i unelte, scule electrice, precum \u0219i accesorii \u0219i consumabile pentru utilaje.<\/p>\n\n\n\n<div style=\"height:18px\" aria-hidden=\"true\" class=\"wp-block-spacer\"><\/div>\n\n\n\n<p>Le g\u0103se\u0219ti \u00een toate <a href=\"https:\/\/agroland.ro\/c\/magazinele-noastre\/\">magazinele Agroland MEGA<\/a>, precum \u0219i \u00een magazinul online cu livrare direct la u\u0219a ta.<\/p>\n\n\n\n<div style=\"height:18px\" aria-hidden=\"true\" class=\"wp-block-spacer\"><\/div>\n\n\n\n<div class=\"wp-block-columns is-style-twentytwentyone-columns-overlap is-layout-flex wp-container-core-columns-is-layout-9d6595d7 wp-block-columns-is-layout-flex\">\n<div class=\"wp-block-column is-layout-flow wp-block-column-is-layout-flow\">\n<figure class=\"wp-block-image size-large\"><a href=\"https:\/\/agroland.ro\/328-masini-unelte\"><img loading=\"lazy\" decoding=\"async\" width=\"1024\" height=\"788\" src=\"https:\/\/agroland.ro\/c\/wp-content\/uploads\/2022\/01\/56-1024x788.png\" alt=\"\" class=\"wp-image-28266\" srcset=\"https:\/\/agroland.ro\/c\/wp-content\/uploads\/2022\/01\/56-1024x788.png 1024w, https:\/\/agroland.ro\/c\/wp-content\/uploads\/2022\/01\/56-300x231.png 300w, https:\/\/agroland.ro\/c\/wp-content\/uploads\/2022\/01\/56-768x591.png 768w, https:\/\/agroland.ro\/c\/wp-content\/uploads\/2022\/01\/56-1000x770.png 1000w, https:\/\/agroland.ro\/c\/wp-content\/uploads\/2022\/01\/56-500x385.png 500w, https:\/\/agroland.ro\/c\/wp-content\/uploads\/2022\/01\/56.png 1199w\" sizes=\"(max-width: 1024px) 100vw, 1024px\" \/><\/a><\/figure>\n<\/div>\n\n\n\n<div class=\"wp-block-column is-layout-flow wp-block-column-is-layout-flow\">\n<figure class=\"wp-block-image size-large\"><a href=\"https:\/\/agroland.ro\/340-scule-de-mana-si-unelte\"><img loading=\"lazy\" decoding=\"async\" width=\"1024\" height=\"788\" src=\"https:\/\/agroland.ro\/c\/wp-content\/uploads\/2022\/01\/57-1024x788.png\" alt=\"\" class=\"wp-image-28268\" srcset=\"https:\/\/agroland.ro\/c\/wp-content\/uploads\/2022\/01\/57-1024x788.png 1024w, https:\/\/agroland.ro\/c\/wp-content\/uploads\/2022\/01\/57-300x231.png 300w, https:\/\/agroland.ro\/c\/wp-content\/uploads\/2022\/01\/57-768x591.png 768w, https:\/\/agroland.ro\/c\/wp-content\/uploads\/2022\/01\/57-1000x770.png 1000w, https:\/\/agroland.ro\/c\/wp-content\/uploads\/2022\/01\/57-500x385.png 500w, https:\/\/agroland.ro\/c\/wp-content\/uploads\/2022\/01\/57.png 1199w\" sizes=\"(max-width: 1024px) 100vw, 1024px\" \/><\/a><\/figure>\n<\/div>\n\n\n\n<div class=\"wp-block-column is-layout-flow wp-block-column-is-layout-flow\">\n<figure class=\"wp-block-image size-large\"><a href=\"https:\/\/agroland.ro\/343-scule-electrice\"><img loading=\"lazy\" decoding=\"async\" width=\"1024\" height=\"788\" src=\"https:\/\/agroland.ro\/c\/wp-content\/uploads\/2022\/01\/58-1024x788.png\" alt=\"\" class=\"wp-image-28269\" srcset=\"https:\/\/agroland.ro\/c\/wp-content\/uploads\/2022\/01\/58-1024x788.png 1024w, https:\/\/agroland.ro\/c\/wp-content\/uploads\/2022\/01\/58-300x231.png 300w, https:\/\/agroland.ro\/c\/wp-content\/uploads\/2022\/01\/58-768x591.png 768w, https:\/\/agroland.ro\/c\/wp-content\/uploads\/2022\/01\/58-1000x770.png 1000w, https:\/\/agroland.ro\/c\/wp-content\/uploads\/2022\/01\/58-500x385.png 500w, https:\/\/agroland.ro\/c\/wp-content\/uploads\/2022\/01\/58.png 1199w\" sizes=\"(max-width: 1024px) 100vw, 1024px\" \/><\/a><\/figure>\n<\/div>\n<\/div>\n\n\n\n<div class=\"wp-block-columns is-style-twentytwentyone-columns-overlap is-layout-flex wp-container-core-columns-is-layout-9d6595d7 wp-block-columns-is-layout-flex\">\n<div class=\"wp-block-column is-layout-flow wp-block-column-is-layout-flow\">\n<figure class=\"wp-block-image size-large\"><a href=\"https:\/\/agroland.ro\/344-drujbe-si-motoferastraie\"><img loading=\"lazy\" decoding=\"async\" width=\"1024\" height=\"788\" src=\"https:\/\/agroland.ro\/c\/wp-content\/uploads\/2022\/01\/59-1024x788.png\" alt=\"\" class=\"wp-image-28270\" srcset=\"https:\/\/agroland.ro\/c\/wp-content\/uploads\/2022\/01\/59-1024x788.png 1024w, https:\/\/agroland.ro\/c\/wp-content\/uploads\/2022\/01\/59-300x231.png 300w, https:\/\/agroland.ro\/c\/wp-content\/uploads\/2022\/01\/59-768x591.png 768w, https:\/\/agroland.ro\/c\/wp-content\/uploads\/2022\/01\/59-1000x770.png 1000w, https:\/\/agroland.ro\/c\/wp-content\/uploads\/2022\/01\/59-500x385.png 500w, https:\/\/agroland.ro\/c\/wp-content\/uploads\/2022\/01\/59.png 1199w\" sizes=\"(max-width: 1024px) 100vw, 1024px\" \/><\/a><\/figure>\n<\/div>\n\n\n\n<div class=\"wp-block-column is-layout-flow wp-block-column-is-layout-flow\">\n<figure class=\"wp-block-image size-large\"><a href=\"https:\/\/agroland.ro\/345-accesorii-protectie\"><img loading=\"lazy\" decoding=\"async\" width=\"1024\" height=\"788\" src=\"https:\/\/agroland.ro\/c\/wp-content\/uploads\/2022\/01\/60-1024x788.png\" alt=\"\" class=\"wp-image-28271\" srcset=\"https:\/\/agroland.ro\/c\/wp-content\/uploads\/2022\/01\/60-1024x788.png 1024w, https:\/\/agroland.ro\/c\/wp-content\/uploads\/2022\/01\/60-300x231.png 300w, https:\/\/agroland.ro\/c\/wp-content\/uploads\/2022\/01\/60-768x591.png 768w, https:\/\/agroland.ro\/c\/wp-content\/uploads\/2022\/01\/60-1000x770.png 1000w, https:\/\/agroland.ro\/c\/wp-content\/uploads\/2022\/01\/60-500x385.png 500w, https:\/\/agroland.ro\/c\/wp-content\/uploads\/2022\/01\/60.png 1199w\" sizes=\"(max-width: 1024px) 100vw, 1024px\" \/><\/a><\/figure>\n<\/div>\n\n\n\n<div class=\"wp-block-column is-layout-flow wp-block-column-is-layout-flow\">\n<figure class=\"wp-block-image size-large\"><a href=\"https:\/\/agroland.ro\/346-accesorii-si-consumabile\"><img loading=\"lazy\" decoding=\"async\" width=\"1024\" height=\"788\" src=\"https:\/\/agroland.ro\/c\/wp-content\/uploads\/2022\/01\/61-1024x788.png\" alt=\"\" class=\"wp-image-28272\" srcset=\"https:\/\/agroland.ro\/c\/wp-content\/uploads\/2022\/01\/61-1024x788.png 1024w, https:\/\/agroland.ro\/c\/wp-content\/uploads\/2022\/01\/61-300x231.png 300w, https:\/\/agroland.ro\/c\/wp-content\/uploads\/2022\/01\/61-768x591.png 768w, https:\/\/agroland.ro\/c\/wp-content\/uploads\/2022\/01\/61-1000x770.png 1000w, https:\/\/agroland.ro\/c\/wp-content\/uploads\/2022\/01\/61-500x385.png 500w, https:\/\/agroland.ro\/c\/wp-content\/uploads\/2022\/01\/61.png 1199w\" sizes=\"(max-width: 1024px) 100vw, 1024px\" \/><\/a><\/figure>\n<\/div>\n<\/div>\n","protected":false},"excerpt":{"rendered":"<p>Fii me\u0219terul casei tale pentru c\u0103 Agroland te sus\u021bine \u00een munca din gospod\u0103rie. \u0218tim c\u0103 pentru o curte bine \u00eengrijit\u0103 ai nevoie de produse potrivite, de aceea la Agroland g\u0103se\u0219ti utilaje, scule de m\u00e2n\u0103 \u0219i unelte, scule electrice, precum \u0219i accesorii \u0219i consumabile pentru utilaje. Le g\u0103se\u0219ti \u00een toate magazinele Agroland MEGA, precum \u0219i \u00een&hellip; <a class=\"more-link\" href=\"https:\/\/agroland.ro\/c\/scule-si-unelte\/\">Continu\u0103 lectura <span class=\"screen-reader-text\">Scule \u0219i unelte<\/span><\/a><\/p>\n","protected":false},"author":26,"featured_media":0,"parent":0,"menu_order":0,"comment_status":"closed","ping_status":"closed","template":"templates\/Products.php","meta":{"_acf_changed":false,"_et_pb_use_builder":"","_et_pb_old_content":"","_et_gb_content_width":"","inline_featured_image":false,"footnotes":""},"class_list":["post-27753","page","type-page","status-publish","hentry","entry"],"acf":[],"_links":{"self":[{"href":"https:\/\/agroland.ro\/c\/wp-json\/wp\/v2\/pages\/27753","targetHints":{"allow":["GET"]}}],"collection":[{"href":"https:\/\/agroland.ro\/c\/wp-json\/wp\/v2\/pages"}],"about":[{"href":"https:\/\/agroland.ro\/c\/wp-json\/wp\/v2\/types\/page"}],"author":[{"embeddable":true,"href":"https:\/\/agroland.ro\/c\/wp-json\/wp\/v2\/users\/26"}],"replies":[{"embeddable":true,"href":"https:\/\/agroland.ro\/c\/wp-json\/wp\/v2\/comments?post=27753"}],"version-history":[{"count":9,"href":"https:\/\/agroland.ro\/c\/wp-json\/wp\/v2\/pages\/27753\/revisions"}],"predecessor-version":[{"id":29272,"href":"https:\/\/agroland.ro\/c\/wp-json\/wp\/v2\/pages\/27753\/revisions\/29272"}],"wp:attachment":[{"href":"https:\/\/agroland.ro\/c\/wp-json\/wp\/v2\/media?parent=27753"}],"curies":[{"name":"wp","href":"https:\/\/api.w.org\/{rel}","templated":true}]}}