{"id":27757,"date":"2022-01-06T17:01:21","date_gmt":"2022-01-06T15:01:21","guid":{"rendered":"https:\/\/agroland.ro\/c\/?page_id=27757"},"modified":"2022-03-10T15:43:39","modified_gmt":"2022-03-10T13:43:39","slug":"casa-si-curte","status":"publish","type":"page","link":"https:\/\/agroland.ro\/c\/casa-si-curte\/","title":{"rendered":"Cas\u0103 \u0219i curte"},"content":{"rendered":"\n<p>Fie c\u0103 ai nevoie de produse pentru gr\u0103tar \u0219i piscin\u0103 sau vrei s\u0103-\u021bi preg\u0103te\u0219ti c\u0103mara de borcane cu provizii, Agroland e locul unde g\u0103se\u0219ti produse utile \u00een orice gospod\u0103rie.<\/p>\n\n\n\n<div style=\"height:18px\" aria-hidden=\"true\" class=\"wp-block-spacer\"><\/div>\n\n\n\n<p>Le g\u0103se\u0219ti \u00een toate&nbsp;<a href=\"https:\/\/agroland.ro\/c\/magazinele-noastre\/\">magazinele Agroland MEGA<\/a>, precum \u0219i \u00een magazinul online cu livrare direct la u\u0219a ta.<\/p>\n\n\n\n<div class=\"wp-block-columns is-layout-flex wp-container-core-columns-is-layout-9d6595d7 wp-block-columns-is-layout-flex\">\n<div class=\"wp-block-column is-layout-flow wp-block-column-is-layout-flow\"><\/div>\n\n\n\n<div class=\"wp-block-column is-layout-flow wp-block-column-is-layout-flow\"><\/div>\n<\/div>\n\n\n\n<div style=\"height:18px\" aria-hidden=\"true\" class=\"wp-block-spacer\"><\/div>\n\n\n\n<h2 class=\"wp-block-heading\"><strong>Categorii de Produse<\/strong><\/h2>\n\n\n\n<div class=\"wp-block-columns is-layout-flex wp-container-core-columns-is-layout-9d6595d7 wp-block-columns-is-layout-flex\">\n<div class=\"wp-block-column is-layout-flow wp-block-column-is-layout-flow\">\n<figure class=\"wp-block-image size-large is-style-default\"><a href=\"https:\/\/agroland.ro\/131-recipiente-si-accesorii\"><img loading=\"lazy\" decoding=\"async\" width=\"1024\" height=\"788\" src=\"https:\/\/agroland.ro\/c\/wp-content\/uploads\/2022\/01\/36-1024x788.png\" alt=\"\" class=\"wp-image-27842\" srcset=\"https:\/\/agroland.ro\/c\/wp-content\/uploads\/2022\/01\/36-1024x788.png 1024w, https:\/\/agroland.ro\/c\/wp-content\/uploads\/2022\/01\/36-300x231.png 300w, https:\/\/agroland.ro\/c\/wp-content\/uploads\/2022\/01\/36-768x591.png 768w, https:\/\/agroland.ro\/c\/wp-content\/uploads\/2022\/01\/36-1000x770.png 1000w, https:\/\/agroland.ro\/c\/wp-content\/uploads\/2022\/01\/36-500x385.png 500w, https:\/\/agroland.ro\/c\/wp-content\/uploads\/2022\/01\/36.png 1199w\" sizes=\"(max-width: 1024px) 100vw, 1024px\" \/><\/a><\/figure>\n<\/div>\n\n\n\n<div class=\"wp-block-column is-layout-flow wp-block-column-is-layout-flow\">\n<figure class=\"wp-block-image size-large is-style-default\"><a href=\"https:\/\/agroland.ro\/158-organizare\"><img loading=\"lazy\" decoding=\"async\" width=\"1024\" height=\"788\" src=\"https:\/\/agroland.ro\/c\/wp-content\/uploads\/2022\/01\/37-1024x788.png\" alt=\"\" class=\"wp-image-27843\" srcset=\"https:\/\/agroland.ro\/c\/wp-content\/uploads\/2022\/01\/37-1024x788.png 1024w, https:\/\/agroland.ro\/c\/wp-content\/uploads\/2022\/01\/37-300x231.png 300w, https:\/\/agroland.ro\/c\/wp-content\/uploads\/2022\/01\/37-768x591.png 768w, https:\/\/agroland.ro\/c\/wp-content\/uploads\/2022\/01\/37-1000x770.png 1000w, https:\/\/agroland.ro\/c\/wp-content\/uploads\/2022\/01\/37-500x385.png 500w, https:\/\/agroland.ro\/c\/wp-content\/uploads\/2022\/01\/37.png 1199w\" sizes=\"(max-width: 1024px) 100vw, 1024px\" \/><\/a><\/figure>\n<\/div>\n\n\n\n<div class=\"wp-block-column is-layout-flow wp-block-column-is-layout-flow\">\n<figure class=\"wp-block-image size-large is-style-default\"><a href=\"https:\/\/agroland.ro\/352-sisteme-de-incalzire-aer-si-aeroterme\"><img loading=\"lazy\" decoding=\"async\" width=\"1024\" height=\"788\" src=\"https:\/\/agroland.ro\/c\/wp-content\/uploads\/2022\/01\/39-1024x788.png\" alt=\"\" class=\"wp-image-27844\" srcset=\"https:\/\/agroland.ro\/c\/wp-content\/uploads\/2022\/01\/39-1024x788.png 1024w, https:\/\/agroland.ro\/c\/wp-content\/uploads\/2022\/01\/39-300x231.png 300w, https:\/\/agroland.ro\/c\/wp-content\/uploads\/2022\/01\/39-768x591.png 768w, https:\/\/agroland.ro\/c\/wp-content\/uploads\/2022\/01\/39-1000x770.png 1000w, https:\/\/agroland.ro\/c\/wp-content\/uploads\/2022\/01\/39-500x385.png 500w, https:\/\/agroland.ro\/c\/wp-content\/uploads\/2022\/01\/39.png 1199w\" sizes=\"(max-width: 1024px) 100vw, 1024px\" \/><\/a><\/figure>\n<\/div>\n<\/div>\n\n\n\n<div class=\"wp-block-columns is-layout-flex wp-container-core-columns-is-layout-9d6595d7 wp-block-columns-is-layout-flex\">\n<div class=\"wp-block-column is-layout-flow wp-block-column-is-layout-flow\">\n<figure class=\"wp-block-image size-large is-style-default\"><a href=\"https:\/\/agroland.ro\/357-pompe-si-hidrofoare\"><img loading=\"lazy\" decoding=\"async\" width=\"1024\" height=\"788\" src=\"https:\/\/agroland.ro\/c\/wp-content\/uploads\/2022\/01\/38-1024x788.png\" alt=\"\" class=\"wp-image-27845\" srcset=\"https:\/\/agroland.ro\/c\/wp-content\/uploads\/2022\/01\/38-1024x788.png 1024w, https:\/\/agroland.ro\/c\/wp-content\/uploads\/2022\/01\/38-300x231.png 300w, https:\/\/agroland.ro\/c\/wp-content\/uploads\/2022\/01\/38-768x591.png 768w, https:\/\/agroland.ro\/c\/wp-content\/uploads\/2022\/01\/38-1000x770.png 1000w, https:\/\/agroland.ro\/c\/wp-content\/uploads\/2022\/01\/38-500x385.png 500w, https:\/\/agroland.ro\/c\/wp-content\/uploads\/2022\/01\/38.png 1199w\" sizes=\"(max-width: 1024px) 100vw, 1024px\" \/><\/a><\/figure>\n<\/div>\n\n\n\n<div class=\"wp-block-column is-layout-flow wp-block-column-is-layout-flow\">\n<figure class=\"wp-block-image size-large is-style-default\"><a href=\"https:\/\/agroland.ro\/128-generatoare\"><img loading=\"lazy\" decoding=\"async\" width=\"1024\" height=\"788\" src=\"https:\/\/agroland.ro\/c\/wp-content\/uploads\/2022\/01\/Poze-sectiuni-din-site-1024x788.png\" alt=\"\" class=\"wp-image-27853\" srcset=\"https:\/\/agroland.ro\/c\/wp-content\/uploads\/2022\/01\/Poze-sectiuni-din-site-1024x788.png 1024w, https:\/\/agroland.ro\/c\/wp-content\/uploads\/2022\/01\/Poze-sectiuni-din-site-300x231.png 300w, https:\/\/agroland.ro\/c\/wp-content\/uploads\/2022\/01\/Poze-sectiuni-din-site-768x591.png 768w, https:\/\/agroland.ro\/c\/wp-content\/uploads\/2022\/01\/Poze-sectiuni-din-site-1000x770.png 1000w, https:\/\/agroland.ro\/c\/wp-content\/uploads\/2022\/01\/Poze-sectiuni-din-site-500x385.png 500w, https:\/\/agroland.ro\/c\/wp-content\/uploads\/2022\/01\/Poze-sectiuni-din-site.png 1199w\" sizes=\"(max-width: 1024px) 100vw, 1024px\" \/><\/a><\/figure>\n<\/div>\n\n\n\n<div class=\"wp-block-column is-layout-flow wp-block-column-is-layout-flow\">\n<figure class=\"wp-block-image size-large is-style-default\"><a href=\"https:\/\/agroland.ro\/363-curatenie-casa-si-curte\"><img loading=\"lazy\" decoding=\"async\" width=\"1024\" height=\"788\" src=\"https:\/\/agroland.ro\/c\/wp-content\/uploads\/2022\/01\/40-1024x788.png\" alt=\"\" class=\"wp-image-27846\" srcset=\"https:\/\/agroland.ro\/c\/wp-content\/uploads\/2022\/01\/40-1024x788.png 1024w, https:\/\/agroland.ro\/c\/wp-content\/uploads\/2022\/01\/40-300x231.png 300w, https:\/\/agroland.ro\/c\/wp-content\/uploads\/2022\/01\/40-768x591.png 768w, https:\/\/agroland.ro\/c\/wp-content\/uploads\/2022\/01\/40-1000x770.png 1000w, https:\/\/agroland.ro\/c\/wp-content\/uploads\/2022\/01\/40-500x385.png 500w, https:\/\/agroland.ro\/c\/wp-content\/uploads\/2022\/01\/40.png 1199w\" sizes=\"(max-width: 1024px) 100vw, 1024px\" \/><\/a><\/figure>\n<\/div>\n<\/div>\n\n\n\n<div class=\"wp-block-columns is-layout-flex wp-container-core-columns-is-layout-9d6595d7 wp-block-columns-is-layout-flex\">\n<div class=\"wp-block-column is-layout-flow wp-block-column-is-layout-flow\">\n<figure class=\"wp-block-image size-large is-style-default\"><a href=\"https:\/\/agroland.ro\/367-iluminat-si-electrice\"><img loading=\"lazy\" decoding=\"async\" width=\"1024\" height=\"788\" src=\"https:\/\/agroland.ro\/c\/wp-content\/uploads\/2022\/01\/41-1024x788.png\" alt=\"\" class=\"wp-image-27847\" srcset=\"https:\/\/agroland.ro\/c\/wp-content\/uploads\/2022\/01\/41-1024x788.png 1024w, https:\/\/agroland.ro\/c\/wp-content\/uploads\/2022\/01\/41-300x231.png 300w, https:\/\/agroland.ro\/c\/wp-content\/uploads\/2022\/01\/41-768x591.png 768w, https:\/\/agroland.ro\/c\/wp-content\/uploads\/2022\/01\/41-1000x770.png 1000w, https:\/\/agroland.ro\/c\/wp-content\/uploads\/2022\/01\/41-500x385.png 500w, https:\/\/agroland.ro\/c\/wp-content\/uploads\/2022\/01\/41.png 1199w\" sizes=\"(max-width: 1024px) 100vw, 1024px\" \/><\/a><\/figure>\n<\/div>\n\n\n\n<div class=\"wp-block-column is-layout-flow wp-block-column-is-layout-flow\">\n<figure class=\"wp-block-image size-large is-style-default\"><a href=\"https:\/\/agroland.ro\/254-intretinere-piscina\"><img loading=\"lazy\" decoding=\"async\" width=\"1024\" height=\"788\" src=\"https:\/\/agroland.ro\/c\/wp-content\/uploads\/2022\/01\/43-1024x788.png\" alt=\"\" class=\"wp-image-27848\" srcset=\"https:\/\/agroland.ro\/c\/wp-content\/uploads\/2022\/01\/43-1024x788.png 1024w, https:\/\/agroland.ro\/c\/wp-content\/uploads\/2022\/01\/43-300x231.png 300w, https:\/\/agroland.ro\/c\/wp-content\/uploads\/2022\/01\/43-768x591.png 768w, https:\/\/agroland.ro\/c\/wp-content\/uploads\/2022\/01\/43-1000x770.png 1000w, https:\/\/agroland.ro\/c\/wp-content\/uploads\/2022\/01\/43-500x385.png 500w, https:\/\/agroland.ro\/c\/wp-content\/uploads\/2022\/01\/43.png 1199w\" sizes=\"(max-width: 1024px) 100vw, 1024px\" \/><\/a><\/figure>\n<\/div>\n\n\n\n<div class=\"wp-block-column is-layout-flow wp-block-column-is-layout-flow\">\n<figure class=\"wp-block-image size-large is-style-default\"><a href=\"https:\/\/agroland.ro\/162-gratare-si-carbuni\"><img loading=\"lazy\" decoding=\"async\" width=\"1024\" height=\"788\" src=\"https:\/\/agroland.ro\/c\/wp-content\/uploads\/2022\/01\/44-1024x788.png\" alt=\"\" class=\"wp-image-27849\" srcset=\"https:\/\/agroland.ro\/c\/wp-content\/uploads\/2022\/01\/44-1024x788.png 1024w, https:\/\/agroland.ro\/c\/wp-content\/uploads\/2022\/01\/44-300x231.png 300w, https:\/\/agroland.ro\/c\/wp-content\/uploads\/2022\/01\/44-768x591.png 768w, https:\/\/agroland.ro\/c\/wp-content\/uploads\/2022\/01\/44-1000x770.png 1000w, https:\/\/agroland.ro\/c\/wp-content\/uploads\/2022\/01\/44-500x385.png 500w, https:\/\/agroland.ro\/c\/wp-content\/uploads\/2022\/01\/44.png 1199w\" sizes=\"(max-width: 1024px) 100vw, 1024px\" \/><\/a><\/figure>\n<\/div>\n<\/div>\n\n\n\n<div class=\"wp-block-columns is-layout-flex wp-container-core-columns-is-layout-9d6595d7 wp-block-columns-is-layout-flex\">\n<div class=\"wp-block-column is-layout-flow wp-block-column-is-layout-flow\">\n<figure class=\"wp-block-image size-large is-style-default\"><a href=\"https:\/\/agroland.ro\/373-diverse\"><img loading=\"lazy\" decoding=\"async\" width=\"1024\" height=\"788\" src=\"https:\/\/agroland.ro\/c\/wp-content\/uploads\/2022\/01\/42-1024x788.png\" alt=\"\" class=\"wp-image-27850\" srcset=\"https:\/\/agroland.ro\/c\/wp-content\/uploads\/2022\/01\/42-1024x788.png 1024w, https:\/\/agroland.ro\/c\/wp-content\/uploads\/2022\/01\/42-300x231.png 300w, https:\/\/agroland.ro\/c\/wp-content\/uploads\/2022\/01\/42-768x591.png 768w, https:\/\/agroland.ro\/c\/wp-content\/uploads\/2022\/01\/42-1000x770.png 1000w, https:\/\/agroland.ro\/c\/wp-content\/uploads\/2022\/01\/42-500x385.png 500w, https:\/\/agroland.ro\/c\/wp-content\/uploads\/2022\/01\/42.png 1199w\" sizes=\"(max-width: 1024px) 100vw, 1024px\" \/><\/a><\/figure>\n<\/div>\n\n\n\n<div class=\"wp-block-column is-layout-flow wp-block-column-is-layout-flow\"><\/div>\n\n\n\n<div class=\"wp-block-column is-layout-flow wp-block-column-is-layout-flow\"><\/div>\n<\/div>\n\n\n\n<div style=\"height:18px\" aria-hidden=\"true\" class=\"wp-block-spacer\"><\/div>\n\n\n\n<hr class=\"wp-block-separator\"\/>\n\n\n\n<div style=\"height:18px\" aria-hidden=\"true\" class=\"wp-block-spacer\"><\/div>\n","protected":false},"excerpt":{"rendered":"<p>Fie c\u0103 ai nevoie de produse pentru gr\u0103tar \u0219i piscin\u0103 sau vrei s\u0103-\u021bi preg\u0103te\u0219ti c\u0103mara de borcane cu provizii, Agroland e locul unde g\u0103se\u0219ti produse utile \u00een orice gospod\u0103rie. Le g\u0103se\u0219ti \u00een toate&nbsp;magazinele Agroland MEGA, precum \u0219i \u00een magazinul online cu livrare direct la u\u0219a ta. Categorii de Produse<\/p>\n","protected":false},"author":26,"featured_media":0,"parent":0,"menu_order":0,"comment_status":"closed","ping_status":"closed","template":"templates\/Products.php","meta":{"_acf_changed":false,"_et_pb_use_builder":"","_et_pb_old_content":"","_et_gb_content_width":"","inline_featured_image":false,"footnotes":""},"class_list":["post-27757","page","type-page","status-publish","hentry","entry"],"acf":[],"_links":{"self":[{"href":"https:\/\/agroland.ro\/c\/wp-json\/wp\/v2\/pages\/27757","targetHints":{"allow":["GET"]}}],"collection":[{"href":"https:\/\/agroland.ro\/c\/wp-json\/wp\/v2\/pages"}],"about":[{"href":"https:\/\/agroland.ro\/c\/wp-json\/wp\/v2\/types\/page"}],"author":[{"embeddable":true,"href":"https:\/\/agroland.ro\/c\/wp-json\/wp\/v2\/users\/26"}],"replies":[{"embeddable":true,"href":"https:\/\/agroland.ro\/c\/wp-json\/wp\/v2\/comments?post=27757"}],"version-history":[{"count":14,"href":"https:\/\/agroland.ro\/c\/wp-json\/wp\/v2\/pages\/27757\/revisions"}],"predecessor-version":[{"id":29277,"href":"https:\/\/agroland.ro\/c\/wp-json\/wp\/v2\/pages\/27757\/revisions\/29277"}],"wp:attachment":[{"href":"https:\/\/agroland.ro\/c\/wp-json\/wp\/v2\/media?parent=27757"}],"curies":[{"name":"wp","href":"https:\/\/api.w.org\/{rel}","templated":true}]}}