{"id":27784,"date":"2022-01-07T14:46:57","date_gmt":"2022-01-07T12:46:57","guid":{"rendered":"https:\/\/agroland.ro\/c\/?page_id=27784"},"modified":"2022-03-10T11:59:00","modified_gmt":"2022-03-10T09:59:00","slug":"preparare-tuica-si-vin","status":"publish","type":"page","link":"https:\/\/agroland.ro\/c\/preparare-tuica-si-vin\/","title":{"rendered":"Preparare \u021buic\u0103 \u0219i vin"},"content":{"rendered":"\n<p>Transform\u0103-\u021bi dorin\u021bele \u00een realitate. Ob\u021binerea b\u0103uturilor distilate \u00een cas\u0103 poate fi o treab\u0103 u\u0219oar\u0103 \u0219i pl\u0103cut\u0103 dac\u0103 ai toate produsele de care ai nevoie. De la cazane de \u021buic\u0103 \u0219i butoiae de vin, la accesorii pentru distilarea b\u0103uturilor, la Agroland le g\u0103se\u0219ti pe toate. <\/p>\n\n\n\n<div style=\"height:18px\" aria-hidden=\"true\" class=\"wp-block-spacer\"><\/div>\n\n\n\n<p>Produsele pentru prepararea \u021buicii \u0219i vinului le g\u0103se\u0219ti \u00een <a href=\"https:\/\/agroland.ro\/c\/magazinele-noastre\/\">magazinele Agroland<\/a>, dar \u0219i \u00een magazinul online. <\/p>\n\n\n\n<div style=\"height:18px\" aria-hidden=\"true\" class=\"wp-block-spacer\"><\/div>\n\n\n\n<h2 class=\"wp-block-heading\"><strong>Categorii de Produse<\/strong><\/h2>\n\n\n\n<div class=\"wp-block-columns is-layout-flex wp-container-core-columns-is-layout-9d6595d7 wp-block-columns-is-layout-flex\">\n<div class=\"wp-block-column is-layout-flow wp-block-column-is-layout-flow\">\n<figure class=\"wp-block-image size-large is-style-default\"><a href=\"https:\/\/agroland.ro\/108-cazane-tuica\"><img loading=\"lazy\" decoding=\"async\" width=\"1024\" height=\"788\" src=\"https:\/\/agroland.ro\/c\/wp-content\/uploads\/2022\/01\/48-1024x788.png\" alt=\"\" class=\"wp-image-27829\" srcset=\"https:\/\/agroland.ro\/c\/wp-content\/uploads\/2022\/01\/48-1024x788.png 1024w, https:\/\/agroland.ro\/c\/wp-content\/uploads\/2022\/01\/48-300x231.png 300w, https:\/\/agroland.ro\/c\/wp-content\/uploads\/2022\/01\/48-768x591.png 768w, https:\/\/agroland.ro\/c\/wp-content\/uploads\/2022\/01\/48-1000x770.png 1000w, https:\/\/agroland.ro\/c\/wp-content\/uploads\/2022\/01\/48-500x385.png 500w, https:\/\/agroland.ro\/c\/wp-content\/uploads\/2022\/01\/48.png 1199w\" sizes=\"(max-width: 1024px) 100vw, 1024px\" \/><\/a><\/figure>\n<\/div>\n\n\n\n<div class=\"wp-block-column is-layout-flow wp-block-column-is-layout-flow\">\n<figure class=\"wp-block-image size-large is-style-default\"><a href=\"https:\/\/agroland.ro\/97-butoaie-vin\"><img loading=\"lazy\" decoding=\"async\" width=\"1024\" height=\"788\" src=\"https:\/\/agroland.ro\/c\/wp-content\/uploads\/2022\/01\/47-1024x788.png\" alt=\"\" class=\"wp-image-27830\" srcset=\"https:\/\/agroland.ro\/c\/wp-content\/uploads\/2022\/01\/47-1024x788.png 1024w, https:\/\/agroland.ro\/c\/wp-content\/uploads\/2022\/01\/47-300x231.png 300w, https:\/\/agroland.ro\/c\/wp-content\/uploads\/2022\/01\/47-768x591.png 768w, https:\/\/agroland.ro\/c\/wp-content\/uploads\/2022\/01\/47-1000x770.png 1000w, https:\/\/agroland.ro\/c\/wp-content\/uploads\/2022\/01\/47-500x385.png 500w, https:\/\/agroland.ro\/c\/wp-content\/uploads\/2022\/01\/47.png 1199w\" sizes=\"(max-width: 1024px) 100vw, 1024px\" \/><\/a><\/figure>\n<\/div>\n\n\n\n<div class=\"wp-block-column is-layout-flow wp-block-column-is-layout-flow\">\n<figure class=\"wp-block-image size-large is-style-default\"><a href=\"https:\/\/agroland.ro\/109-accesorii-bauturi\"><img loading=\"lazy\" decoding=\"async\" width=\"1024\" height=\"788\" src=\"https:\/\/agroland.ro\/c\/wp-content\/uploads\/2022\/01\/49-1024x788.png\" alt=\"\" class=\"wp-image-27831\" srcset=\"https:\/\/agroland.ro\/c\/wp-content\/uploads\/2022\/01\/49-1024x788.png 1024w, https:\/\/agroland.ro\/c\/wp-content\/uploads\/2022\/01\/49-300x231.png 300w, https:\/\/agroland.ro\/c\/wp-content\/uploads\/2022\/01\/49-768x591.png 768w, https:\/\/agroland.ro\/c\/wp-content\/uploads\/2022\/01\/49-1000x770.png 1000w, https:\/\/agroland.ro\/c\/wp-content\/uploads\/2022\/01\/49-500x385.png 500w, https:\/\/agroland.ro\/c\/wp-content\/uploads\/2022\/01\/49.png 1199w\" sizes=\"(max-width: 1024px) 100vw, 1024px\" \/><\/a><\/figure>\n<\/div>\n<\/div>\n\n\n\n<div style=\"height:18px\" aria-hidden=\"true\" class=\"wp-block-spacer\"><\/div>\n\n\n\n<hr class=\"wp-block-separator\"\/>\n\n\n\n<div style=\"height:18px\" aria-hidden=\"true\" class=\"wp-block-spacer\"><\/div>\n\n\n\n<p><\/p>\n","protected":false},"excerpt":{"rendered":"<p>Transform\u0103-\u021bi dorin\u021bele \u00een realitate. Ob\u021binerea b\u0103uturilor distilate \u00een cas\u0103 poate fi o treab\u0103 u\u0219oar\u0103 \u0219i pl\u0103cut\u0103 dac\u0103 ai toate produsele de care ai nevoie. De la cazane de \u021buic\u0103 \u0219i butoiae de vin, la accesorii pentru distilarea b\u0103uturilor, la Agroland le g\u0103se\u0219ti pe toate. Produsele pentru prepararea \u021buicii \u0219i vinului le g\u0103se\u0219ti \u00een magazinele Agroland,&hellip; <a class=\"more-link\" href=\"https:\/\/agroland.ro\/c\/preparare-tuica-si-vin\/\">Continu\u0103 lectura <span class=\"screen-reader-text\">Preparare \u021buic\u0103 \u0219i vin<\/span><\/a><\/p>\n","protected":false},"author":26,"featured_media":0,"parent":0,"menu_order":0,"comment_status":"closed","ping_status":"closed","template":"templates\/Products.php","meta":{"_acf_changed":false,"_et_pb_use_builder":"","_et_pb_old_content":"","_et_gb_content_width":"","inline_featured_image":false,"footnotes":""},"class_list":["post-27784","page","type-page","status-publish","hentry","entry"],"acf":[],"_links":{"self":[{"href":"https:\/\/agroland.ro\/c\/wp-json\/wp\/v2\/pages\/27784","targetHints":{"allow":["GET"]}}],"collection":[{"href":"https:\/\/agroland.ro\/c\/wp-json\/wp\/v2\/pages"}],"about":[{"href":"https:\/\/agroland.ro\/c\/wp-json\/wp\/v2\/types\/page"}],"author":[{"embeddable":true,"href":"https:\/\/agroland.ro\/c\/wp-json\/wp\/v2\/users\/26"}],"replies":[{"embeddable":true,"href":"https:\/\/agroland.ro\/c\/wp-json\/wp\/v2\/comments?post=27784"}],"version-history":[{"count":8,"href":"https:\/\/agroland.ro\/c\/wp-json\/wp\/v2\/pages\/27784\/revisions"}],"predecessor-version":[{"id":29266,"href":"https:\/\/agroland.ro\/c\/wp-json\/wp\/v2\/pages\/27784\/revisions\/29266"}],"wp:attachment":[{"href":"https:\/\/agroland.ro\/c\/wp-json\/wp\/v2\/media?parent=27784"}],"curies":[{"name":"wp","href":"https:\/\/api.w.org\/{rel}","templated":true}]}}