{"id":28036,"date":"2022-01-11T15:40:12","date_gmt":"2022-01-11T13:40:12","guid":{"rendered":"https:\/\/agroland.ro\/c\/?page_id=28036"},"modified":"2022-01-11T15:44:21","modified_gmt":"2022-01-11T13:44:21","slug":"furaje-pentru-cresterea-iepurilor","status":"publish","type":"page","link":"https:\/\/agroland.ro\/c\/furaje-pentru-cresterea-iepurilor\/","title":{"rendered":"Furaje pentru cre\u0219terea iepurilor"},"content":{"rendered":"\n<p>Furajele pentru iepuri de la VivaBIO, au avantajul ca ofera o hrana perfect echilibrata atat dupa intarcare cat si dupa varsta de 3 luni. O particularitate a furajelor noastre pentru iepuri este continutul foarte mare de faina de lucerna-absolut necesara in alimentatia iepurilor. De aici si culoarea verde, un indiciu al furajelor de calitate (daca culoarea este mai spre galben, e un semn ca are srot de soia sau prea multe cereale \u2013 rezulta un furaj mai ieftin dar nu intruneste calitatile necesare si pana la urma nu obtinem rezultatele dorite \u2013 spor de greutate si stare buna de sanatate).<\/p>\n\n\n\n<div style=\"height:23px\" aria-hidden=\"true\" class=\"wp-block-spacer\"><\/div>\n\n\n\n<p><strong>1.<\/strong> <strong>Nutre\u021b combinat pentru iepuri &#8211; reproduc\u021bie<\/strong><\/p>\n\n\n\n<div style=\"height:23px\" aria-hidden=\"true\" class=\"wp-block-spacer\"><\/div>\n\n\n\n<p>Administrare: La iepuri dup\u0103 v\u00e2rsta de 6 luni, pe perioada reproduc\u021biei<\/p>\n\n\n\n<div style=\"height:23px\" aria-hidden=\"true\" class=\"wp-block-spacer\"><\/div>\n\n\n\n<p><strong>2. Nutre\u021b combinat pentru iepuri &#8211; \u00eengr\u0103\u0219are<\/strong><\/p>\n\n\n\n<div style=\"height:23px\" aria-hidden=\"true\" class=\"wp-block-spacer\"><\/div>\n\n\n\n<p>Administrare: La iepuri dup\u0103 v\u00e2rsta de 3 luni. <\/p>\n\n\n\n<p><strong>Con\u021binut:<\/strong> porumb, gr\u00e2u, \u015frot soia, \u015frot floarea-soarelui, vitamine, f\u0103in\u0103 de lucern\u0103, minerale, enzime.<br><strong>Nu con\u021bine: <\/strong>f\u0103in\u0103 de carne, f\u0103in\u0103 de pe\u015fte, oase, hormoni sau substa\u0163e interzise \u00een alimenta\u0163ia omului \u015fi animalelor.<\/p>\n\n\n\n<div style=\"height:23px\" aria-hidden=\"true\" class=\"wp-block-spacer\"><\/div>\n\n\n\n<figure class=\"wp-block-image size-full is-style-default\"><img loading=\"lazy\" decoding=\"async\" width=\"960\" height=\"636\" src=\"https:\/\/agroland.ro\/c\/wp-content\/uploads\/2022\/01\/furaje_pentru_cresterea_iepurilor.jpg\" alt=\"\" class=\"wp-image-28037\" srcset=\"https:\/\/agroland.ro\/c\/wp-content\/uploads\/2022\/01\/furaje_pentru_cresterea_iepurilor.jpg 960w, https:\/\/agroland.ro\/c\/wp-content\/uploads\/2022\/01\/furaje_pentru_cresterea_iepurilor-300x199.jpg 300w, https:\/\/agroland.ro\/c\/wp-content\/uploads\/2022\/01\/furaje_pentru_cresterea_iepurilor-768x509.jpg 768w, https:\/\/agroland.ro\/c\/wp-content\/uploads\/2022\/01\/furaje_pentru_cresterea_iepurilor-500x331.jpg 500w\" sizes=\"(max-width: 960px) 100vw, 960px\" \/><\/figure>\n\n\n\n<div style=\"height:23px\" aria-hidden=\"true\" class=\"wp-block-spacer\"><\/div>\n\n\n\n<p><strong>\u00cen afar\u0103 de furaje, la Agroland mai g\u0103se\u0219ti: <\/strong><\/p>\n\n\n\n<p><a rel=\"noreferrer noopener\" href=\"https:\/\/shop-agroland.ro\/acasa\/94-hranitoare-pentru-iepuri-1-compartiment.html\" target=\"_blank\">Hr\u0103nitori simple<\/a>\u00a0sau\u00a0<a rel=\"noreferrer noopener\" href=\"https:\/\/shop-agroland.ro\/acasa\/95-hranitoare-cu-2-compartimente-iepuri.html\" target=\"_blank\">hr\u0103nitori duble<\/a><br><a rel=\"noreferrer noopener\" href=\"https:\/\/shop-agroland.ro\/25-adapatori-si-sisteme-de-adapare\" target=\"_blank\">Ad\u0103p\u0103tori<\/a>\u00a0metal sau plastic<br>Cu\u0219ti<br><a rel=\"noreferrer noopener\" href=\"https:\/\/shop-agroland.ro\/cresterea-animalelor\/371-jolo-mix.html\" target=\"_blank\">Jolomix<\/a>\u00a0(amestec multivitaminic cu adaos de \u00a0aminoacizi)<br><a rel=\"noreferrer noopener\" href=\"https:\/\/shop-agroland.ro\/cresterea-animalelor\/370-herbatop-cocci-plus.html\" target=\"_blank\">Herbatop Cocci-Plus<\/a><\/p>\n\n\n\n<div style=\"height:18px\" aria-hidden=\"true\" class=\"wp-block-spacer\"><\/div>\n","protected":false},"excerpt":{"rendered":"<p>Furajele pentru iepuri de la VivaBIO, au avantajul ca ofera o hrana perfect echilibrata atat dupa intarcare cat si dupa varsta de 3 luni. O particularitate a furajelor noastre pentru iepuri este continutul foarte mare de faina de lucerna-absolut necesara in alimentatia iepurilor. De aici si culoarea verde, un indiciu al furajelor de calitate (daca&hellip; <a class=\"more-link\" href=\"https:\/\/agroland.ro\/c\/furaje-pentru-cresterea-iepurilor\/\">Continu\u0103 lectura <span class=\"screen-reader-text\">Furaje pentru cre\u0219terea iepurilor<\/span><\/a><\/p>\n","protected":false},"author":26,"featured_media":0,"parent":0,"menu_order":0,"comment_status":"closed","ping_status":"closed","template":"templates\/Products.php","meta":{"_acf_changed":false,"_et_pb_use_builder":"","_et_pb_old_content":"","_et_gb_content_width":"","inline_featured_image":false,"footnotes":""},"class_list":["post-28036","page","type-page","status-publish","hentry","entry"],"acf":[],"_links":{"self":[{"href":"https:\/\/agroland.ro\/c\/wp-json\/wp\/v2\/pages\/28036","targetHints":{"allow":["GET"]}}],"collection":[{"href":"https:\/\/agroland.ro\/c\/wp-json\/wp\/v2\/pages"}],"about":[{"href":"https:\/\/agroland.ro\/c\/wp-json\/wp\/v2\/types\/page"}],"author":[{"embeddable":true,"href":"https:\/\/agroland.ro\/c\/wp-json\/wp\/v2\/users\/26"}],"replies":[{"embeddable":true,"href":"https:\/\/agroland.ro\/c\/wp-json\/wp\/v2\/comments?post=28036"}],"version-history":[{"count":3,"href":"https:\/\/agroland.ro\/c\/wp-json\/wp\/v2\/pages\/28036\/revisions"}],"predecessor-version":[{"id":28041,"href":"https:\/\/agroland.ro\/c\/wp-json\/wp\/v2\/pages\/28036\/revisions\/28041"}],"wp:attachment":[{"href":"https:\/\/agroland.ro\/c\/wp-json\/wp\/v2\/media?parent=28036"}],"curies":[{"name":"wp","href":"https:\/\/api.w.org\/{rel}","templated":true}]}}