{"id":28056,"date":"2022-01-11T17:15:43","date_gmt":"2022-01-11T15:15:43","guid":{"rendered":"https:\/\/agroland.ro\/c\/?page_id=28056"},"modified":"2025-05-11T12:47:29","modified_gmt":"2025-05-11T09:47:29","slug":"ghiduri-agroland-cresterea-gastelor","status":"publish","type":"page","link":"https:\/\/agroland.ro\/c\/ghiduri-agroland-cresterea-gastelor\/","title":{"rendered":"Cre\u0219terea bobocilor de g\u00e2sc\u0103 Agroland"},"content":{"rendered":"\n<p>De\u0219i sunt mai pu\u021bin populare dec\u00e2t g\u0103inile, g\u00e2\u0219tele sunt p\u0103s\u0103ri de curte u\u0219or de \u00eengrijit, cresc repede \u0219i au o s\u0103n\u0103tate robust\u0103, fiind foarte rezistente la \u00eemboln\u0103viri. Cre\u0219terea \u0219i \u00eengrijirea acestora poate fi mai u\u0219oar\u0103 dec\u00e2t crede\u021bi, fiind o activitate foarte rentabil\u0103 \u0219i plin\u0103 de satisfac\u021bii.<\/p>\n\n\n\n<p>Oricine poate cre\u0219te aceste p\u0103s\u0103ri minunate \u00een gospod\u0103rie. Al\u0103turi de g\u00e2sc\u0103, g\u00e2sca este o alt\u0103 specie care a st\u00e2rnit interesul clien\u021bilor Agroland. Hibrizii comercializa\u021bi \u00een re\u021beaua Agroland sunt: g\u00e2sca obi\u0219nuit\u0103 de carne \u0219i albe. Dac\u0103 inten\u021biona\u021bi s\u0103 cre\u0219te\u021bi anul acesta \u0219i g\u00e2\u0219te \u00een gospod\u0103rie, ar trebuie s\u0103 lua\u021bi \u00een considerare urm\u0103toarele aspecte importante, pe care le detaliem \u00een cele ce urmeaz\u0103.<\/p>\n\n\n\n<figure class=\"wp-block-image size-full is-style-default\"><img loading=\"lazy\" decoding=\"async\" width=\"960\" height=\"381\" src=\"https:\/\/agroland.ro\/c\/wp-content\/uploads\/2022\/01\/cresterea_gastelor.jpg\" alt=\"\" class=\"wp-image-28057\" srcset=\"https:\/\/agroland.ro\/c\/wp-content\/uploads\/2022\/01\/cresterea_gastelor.jpg 960w, https:\/\/agroland.ro\/c\/wp-content\/uploads\/2022\/01\/cresterea_gastelor-300x119.jpg 300w, https:\/\/agroland.ro\/c\/wp-content\/uploads\/2022\/01\/cresterea_gastelor-768x305.jpg 768w, https:\/\/agroland.ro\/c\/wp-content\/uploads\/2022\/01\/cresterea_gastelor-500x198.jpg 500w\" sizes=\"(max-width: 960px) 100vw, 960px\" \/><\/figure>\n\n\n\n<p>G\u00e2\u0219tele sunt p\u0103s\u0103ri de curte u\u0219or de \u00eengrijit, cresc repede \u0219i sunt foarte rezistente la \u00eemboln\u0103viri. Cu toate c\u0103 \u00een gospod\u0103rie sunt preferate g\u0103inile, g\u00e2\u0219tele sunt o op\u021biune bun\u0103 pentru carne. Pe timpuri, la \u021bar\u0103 orice gospodin\u0103 cre\u0219tea g\u00e2\u0219te \u00een curte dac\u0103 se preg\u0103tea pentru un eveniment \u00een familie, fie c\u0103 era o cununie, un botez sau o s\u0103rb\u0103toare mai mare. Erau preferate g\u00e2\u0219tele pentru c\u0103 aceast\u0103 carne este ideal\u0103 pentru m\u00e2nc\u0103rurile gustoase la cuptor, tocane, drob, ciorbe \u0219i supe.<\/p>\n\n\n\n<figure class=\"wp-block-table aligncenter\"><table><tbody><tr><td><a href=\"#perioada-de-crestere\">Perioada de cre\u0219tere<\/a><\/td><td><a href=\"#furajare\">Furajarea bobocilor de g\u00e2sc\u0103<\/a><\/td><td><a href=\"#dezinfectie\">Dezinfec\u021bia ad\u0103postului&nbsp;<\/a><\/td><td><a href=\"#parametrii-de-crestere\">Parametrii de cre\u0219tere<\/a><\/td><td><a href=\"#aditivi-furajeri\">Aditivi furajeri<\/a><\/td><\/tr><\/tbody><\/table><\/figure>\n\n\n\n<p>Bobocii de g\u00e2sc\u0103 Agroland au ritm foarte rapid de cre\u0219tere, iar dac\u0103 sunt hr\u0103nite cu furajele speciale, consumul este ameliorat \u0219i echilibrat. Greutatea unui boboc ajunge la maturitate la peste 6 kilograme, crescut \u00een sistem extensiv. Cre\u0219terea \u00een sistem extensiv are avantajul de a reduce din necesarul de furaje, pentru c\u0103 g\u00e2\u0219tele se hr\u0103nesc \u0219i cu foarte mult\u0103 iarb\u0103. \u00cengrijirea ad\u0103postului \u0219i a cur\u021bii \u00een care stau necesit\u0103 mai mult\u0103 implicare dar merit\u0103 efortul.&nbsp;&nbsp;<\/p>\n\n\n\n<h2 class=\"wp-block-heading\" id=\"perioada-de-crestere\">&nbsp;1. Bobocii de g\u00e2sc\u0103 &#8211; perioada de cre\u0219tere<\/h2>\n\n\n\n<p>Bobocii de g\u00e2sc\u0103 comercializa\u021bi sunt specializa\u021bi pentru produc\u021bia de carne, 100 de grame de carne de g\u00e2sc\u0103 asigur\u0103 por\u021bia necesar\u0103 de vitamina B12. Au un ritm rapid de cre\u0219tere, iar carnea \u0219i ficatul au o calitate deosebit\u0103. La maturitate, g\u00e2\u0219tele ating o greutate de 6 kg. Ritmul de cre\u0219tere a bobocilor de g\u00e2sc\u0103 este foarte rapid. Explic\u0103m evolu\u021bia bobocilor de g\u00e2sc\u0103 \u00een fiecare s\u0103pt\u0103m\u00e2n\u0103.<\/p>\n\n\n\n<p><strong>Ad\u0103postul&nbsp;bobocilor de g\u00e2sc\u0103 Agroland<\/strong><\/p>\n\n\n\n<p>Primele 3 s\u0103pt\u0103m\u00e2ni sunt foarte importante \u00een cre\u0219terea bobocilor de g\u00e2sc\u0103. \u00cenainte ca bobocii s\u0103 fie adu\u0219i \u00een gospod\u0103rie trebuie preg\u0103tit ad\u0103postul. Numai \u00een condi\u0163ii de igien\u0103 \u015fi s\u0103n\u0103tate perfect\u0103 g\u00e2\u015ftele pot produce ou\u0103 \u015fi carne cu cele mai bune rezultate. Lipsa igienei \u015fi cur\u0103\u0163eniei sunt premisele apari\u0163iei bolilor. \u00cenainte de toate, murd\u0103ria \u015fi umezeala favorizeaz\u0103 dezvoltarea virusurilor, bacteriilor \u015fi g\u00e2ndacilor de tot felul care ataca organismul p\u0103s\u0103rilor. Ad\u0103postul trebuie s\u0103 aib\u0103 un a\u0219ternut de calitate.<\/p>\n\n\n\n<figure class=\"wp-block-table aligncenter\"><table><tbody><tr><td>Prima s\u0103pt\u0103m\u00e2n\u0103 de via\u021b\u0103<\/td><td>P\u00e2n\u0103 la 3 s\u0103pt\u0103m\u00e2ni<\/td><td>De la 4 s\u0103pt\u0103m\u00e2ni p\u00e2n\u0103 la t\u0103iere<\/td><\/tr><tr><td>Pot fi crescu\u021bi p\u00e2n\u0103 la 50 de boboci de o zi&nbsp; pe un metru p\u0103trat.&nbsp;<\/td><td>Pentru c\u0103 cresc foarte repede, deja \u00een a treia s\u0103pt\u0103m\u00e2n\u0103 se pot acomoda doar 10-15 boboci de g\u00e2sc\u0103\/mp.<\/td><td>Din cea de-a patra s\u0103pt\u0103m\u00e2n\u0103, p\u00e2n\u0103 \u00een ziua sacrific\u0103rii, pe un mp de ad\u0103post pot fi crescute doar 4 g\u00e2\u0219te.&nbsp;<\/td><\/tr><\/tbody><\/table><\/figure>\n\n\n\n<p>\u00cenainte de plasarea&nbsp; a\u0219ternutului permanent trebuie s\u0103 fie mai \u00eent\u00e2i s\u0103 fie tratat\u0103 podeaua cu var nestins, cunoscut pentru puterea de absorb\u021bie a umidit\u0103\u021bii. Varul are efect asupra agen\u021bilor microbieni, iar \u00een contactul cu apa degajeaz\u0103 oxigen, \u0219i are efect de \u00eenc\u0103lzire a a\u0219ternutului. Rumegu\u0219 sau tala\u0219 sunt cele mai bune alegeri, pentru c\u0103 are absorb\u021bie foarte bun\u0103 \u0219i contaminare sc\u0103zut\u0103. Paiele tocate la o dimensiune de 10 cm, sunt recomandate paiele de secar\u0103, ov\u0103z sau gr\u00e2u.&nbsp;<\/p>\n\n\n\n<p><strong>Frontul de furajare \u0219i ad\u0103pare<\/strong><\/p>\n\n\n\n<p>Se asigur\u0103 front de furajare \u015fi de ad\u0103pare de minim 2 cm\/boboc \u00een prima s\u0103pt\u0103m\u00e2n\u0103 de via\u021b\u0103. \u00cen aceast\u0103 s\u0103pt\u0103m\u00e2n\u0103 se vor pune ad\u0103p\u0103tori suplimentare pentru ca bobocii s\u0103 aib\u0103 acces mereu la ap\u0103. Crescu\u021bi la curte, bobocii de ra\u021b\u0103 pot avea la dispozi\u0163ie \u015fi iarb\u0103 \u00een primele 3 s\u0103pt\u0103m\u00e2ni. \u00cen acest caz consumul de furaj granulat se poate reduce cu p\u00e2n\u0103 la 20%. Pentru a cre\u015fte eficient \u015fi rapid este recomandat\u0103 folosirea furajului granulat.&nbsp;<\/p>\n\n\n\n<p>Apa proasp\u0103t\u0103 de b\u0103ut ar trebui s\u0103 fie \u00eentotdeauna la dispozi\u0163ia animalelor. \u00cen func\u0163ie de temperatura ambiental\u0103, nevoia zilnic\u0103 de apa a unei g\u00e2\u015fte \u00een curs de \u00eengr\u0103\u015fare \u00eensumeaz\u0103 \u00een prima s\u0103pt\u0103m\u00e2n\u0103 de via\u0163\u0103 cca. 0.05 l pe zi \u015fi se ridic\u0103 la 0.1 l \u00een urm\u0103toarele s\u0103pt\u0103m\u00e2ni, p\u00e2n\u0103 la cca o jum\u0103tate de litru zilnic. Este suficient dac\u0103 poate atinge \u015fi absorbi apa introducand ciocul 1 cm \u00een ad\u0103p\u0103toare.<\/p>\n\n\n\n<h2 class=\"wp-block-heading\" id=\"furajare\">2. Furajarea bobocilor de g\u00e2sc\u0103<\/h2>\n\n\n\n<p>Formulele de furajul granulat complet Vivabio <a href=\"https:\/\/agroland.ro\/cresterea-animalelor\/428-nutret-combinat-finisare-curcani-30kg.html\">NC 1640<\/a> sau Vivabio <a href=\"https:\/\/agroland.ro\/cresterea-animalelor\/420-nutret-combinat-finisare-pasari-natural-30kg.html\">NC 1153<\/a> sunt recomandate pentru hr\u0103nirea corect\u0103 a bobocilor de g\u00e2sc\u0103 pe toat\u0103 perioada de cre\u0219tere. Furajarea&nbsp; se poate face cu amestec de cereale folosind Concentratul furajer Vivabio CC 1000. Acest tip de furaj granula reduce mult risipa de furaj, iar cre\u015fterea bobocilor este mult mai eficient\u0103.<\/p>\n\n\n\n<p>Consumul de furaje \u00een primele 3 s\u0103pt\u0103m\u00e2ni este de 2,5 \u2013 2,7 kg\/ boboc, iar cel de ap\u0103 este de 7 \u2013 8 litri\/boboc. Dezavantajul furajelor umede este c\u0103 pot fermenta u\u0219or, deci trebuie preparat \u00een cantit\u0103\u021bi mici \u0219i schimbat dac\u0103 r\u0103m\u00e2ne \u00een plus. Pentru <a href=\"https:\/\/agroland.ro\/cautare?controller=search&amp;s=hr%C4%83nitoare\">hr\u0103nirea<\/a> \u0219i <a href=\"https:\/\/agroland.ro\/cautare?controller=search&amp;s=ad%C4%83p%C4%83toare\">ad\u0103parea<\/a> bobocilor de g\u00e2sc\u0103 folosi\u021bi recipiente moderne, practice \u0219i eficiente, pe platforme betonate.&nbsp;<\/p>\n\n\n\n<figure class=\"wp-block-table aligncenter\"><table><tbody><tr><td><strong><a href=\"https:\/\/agroland.ro\/cresterea-animalelor\/454871-nutre-combinat-palmipede-starter-i-cretere-25-kg.html\">Furaj special pentru ra\u021be \u0219i g\u00e2\u0219te<\/a><\/strong><br><strong><em>Furajul se administreaz\u0103 ca atare, la discre\u0163ie.<\/em><\/strong><em>\u00a0<\/em><\/td><\/tr><tr><td>Nutre\u021bul combinat este un furaj complet premium, special dezvoltat pentru palmipede \u2013 ra\u021be \u0219i g\u00e2\u0219te \u2013 \u00een faza de starter \u0219i cre\u0219tere. <strong>Consumul de furaje \u00een primele 3 s\u0103pt\u0103m\u00e2ni este de 2,5 \u2013 2,7 kg\/ boboc, iar cel de ap\u0103 este de 7 \u2013 8 litri\/boboc.<\/strong><\/td><\/tr><tr><td>Compozi\u0163ie: <em>cca. 16,85% protein\u0103 brut\u0103, 2890 kcal\/kg, 0,75% lizin\u0103, 0,31% metionin\u0103, 1,57% calciu, 0,37% fosfor, 0,24% sodiu.<\/em><\/td><\/tr><\/tbody><\/table><\/figure>\n\n\n\n<p>Cum spuneam, transformarea bobocilor de g\u00e2sc\u0103 este rapid\u0103. \u00cen cea de-a patra s\u0103pt\u0103m\u00e2n\u0103 greutatea bobocilor ajunge deja la 1,80 kg. Consumul total cumulat \u00eentr-o s\u0103pt\u0103m\u00e2n\u0103 pentru un boboc de g\u00e2sc\u0103 este de pu\u021bin peste 3 kg de furaje speciale. Apa trebuie s\u0103 fie la discre\u021bie. \u00cen timpul verii bobocii consum\u0103 iarb\u0103, ceea ce suplimenteaz\u0103 din necesarul de hran\u0103.&nbsp;<\/p>\n\n\n\n<p>\u00cen a cincea s\u0103pt\u0103m\u00e2n\u0103, bobocul trece de 2 kg \u0219i poate ajunge p\u00e2n\u0103 la greutatea de 2,3 kg. Va consuma \u00een medie 4,74 kg de furaj pe s\u0103pt\u0103m\u00e2n\u0103. Folosirea furajului amestec, special creat este cea mai convenabil\u0103 solu\u021bie pentru cresc\u0103torii de g\u00e2\u0219te pentru c\u0103 nu mai este nevoie s\u0103 se achizi\u021bioneze alt tip de furaje.&nbsp;<\/p>\n\n\n\n<figure class=\"wp-block-table aligncenter\"><table><thead><tr><th scope=\"col\"><a href=\"https:\/\/agroland.ro\/cresterea-animalelor\/420-nutret-combinat-finisare-pasari-natural-30kg.html\">Furaj Viva Bio NC 1153<\/a>&nbsp;<em>Se potrive\u0219te pentru bobocii de g\u00e2sc\u0103 din prima zi p\u00e2n\u0103 la sacrificare<\/em><\/th><\/tr><tr><th scope=\"col\"><strong>Furaj complet \/ nutre\u0163 combinat. Se administreaz\u0103 ca atare, la discre\u0163ie, nu trebuie preparat, din acest motiv este foarte comod de folosit.<\/strong><\/th><\/tr><\/thead><tbody><tr><td>Compozi\u0163ie:<em> protein\u0103 &#8211; 15%; energie &#8211; 11,62 MJ\/ kg; coccidiostatic &#8211; absent<\/em><\/td><\/tr><\/tbody><\/table><\/figure>\n\n\n\n<p>\u00cen cea de-a \u0219asea \u0219i a \u0219aptea s\u0103pt\u0103m\u00e2n\u0103, greutatea bobocului ajunge p\u00e2n\u0103 la 3,3&nbsp; kilograme. Consumul de cereale va fi destul de consistent. Cre\u0219te p\u00e2n\u0103 la 6,35 kg de furaj special pe s\u0103pt\u0103m\u00e2n\u0103. S\u0103pt\u0103m\u00e2na a opta ajung la maturitate \u0219i cresc \u00een greutate cu un kilogram \u00een plus, adic\u0103 3,39 kg \u0219i vor consuma aproximativ 9,5 kg de furaj s\u0103pt\u0103m\u00e2nal.<\/p>\n\n\n\n<p>&nbsp;Furajarea bobocilor de g\u00e2sc\u0103 trebuie s\u0103 fie lipsit\u0103 de coccidiostatice, de aceea, se recomand\u0103 folosirea furajelor de finisare care nu con\u0163in medicamente.<\/p>\n\n\n\n<figure class=\"wp-block-table aligncenter\"><table><tbody><tr><td><strong>Furaj granulat CC 1000<br><em>bobocii de g\u00e2sc\u0103 de la 4 s\u0103pt\u0103m\u00e2ni p\u00e2n\u0103 la sacrificare<\/em><\/strong><em>&nbsp;<\/em><\/td><\/tr><tr><td><strong>Consumul de furaje \u00een s\u0103pt\u0103m\u00e2nile 4 &#8211; 12 s\u0103pt\u0103m\u00e2ni: 25 % concentrat + 75 % cereale; peste 12 s\u0103pt\u0103m\u00e2ni: 20 % concentrat + 80 % cereale<\/strong><em>.<\/em><\/td><\/tr><tr><td>Compozi\u0163ie:protein\u0103 &#8211; 40,03 %; energie &#8211; 8,16 MJ\/ kg; coccidiostatic &#8211; absent<\/td><\/tr><\/tbody><\/table><\/figure>\n\n\n\n<h2 class=\"wp-block-heading\" id=\"dezinfectie\">3. Dezinfec\u0163ia&nbsp; ad\u0103postului<\/h2>\n\n\n\n<p>Este absolut obligatoriu ca ad\u0103postul s\u0103 fie curat \u015fi dezinfectat \u00eenainte de sosirea bobocilor de g\u00e2sc\u0103. Spa\u0163iul \u00een care sunt \u0163inute g\u00e2\u0219tele trebuie s\u0103 fie \u00eenc\u0103p\u0103tor \u015fi s\u0103 le permit\u0103 s\u0103 se simt\u0103 \u00een siguran\u0163\u0103. Libertatea de mi\u015fcare este important\u0103 \u015fi se stabile\u015fte \u00een func\u0163ie de v\u00e2rsta g\u00e2\u0219telor. C\u00e2nd se amenajeaz\u0103 ad\u0103postul trebuie luat\u0103 \u00een considerare m\u0103rimea \u0219i greutatea bobocilor la maturitatea complet\u0103. Dac\u0103 achizi\u021biona\u021bi 20 de boboci de g\u00e2sc\u0103, la \u00eenceput vor \u00eenc\u0103pea \u00eentr-un metru p\u0103trat, iar dup\u0103 8 s\u0103pt\u0103m\u00e2ni vor avea nevoie de 5 metri p\u0103tra\u021bi.&nbsp;<\/p>\n\n\n\n<figure class=\"wp-block-table aligncenter\"><table><tbody><tr><td>Dezinfec\u0163ia ad\u0103postului<br>Se face folosind produsul <a href=\"https:\/\/agroland.ro\/cresterea-animalelor\/561-procid-forte-100ml.html\">Procid Forte<\/a> cu ac\u0163iune asupra bacteriilor, virusurilor, fungilor \u015fi algelor. Dozaj: 5 ml\/l ap\u0103, folosind o cantitate de 250-500 ml\/mp prin pulverizare cu timp de expunere de 30 minute.&nbsp;<\/td><\/tr><\/tbody><\/table><\/figure>\n\n\n\n<h2 class=\"wp-block-heading\">4. C\u0103ldura \u00een ad\u0103postul bobocilor de g\u00e2sc\u0103<\/h2>\n\n\n\n<p>\u00cen timpul procesului de cre\u015ftere, puii trebuie s\u0103 se bucure de c\u0103ldura. \u00centregul spa\u0163iu de cre\u015ftere trebuie \u00eenc\u0103lzit \u00een mod corespunz\u0103tor, fie cu radiator cu gaz, fie cu lamp\u0103 cu raze infraro\u015fii care s\u0103 furnizeze c\u0103ldura necesar\u0103. P\u0103s\u0103rile trebuie ferite \u015fi de ar\u015fi\u0163a soarelui \u015fi \u0163inute la umbr\u0103. Prea mult\u0103 c\u0103ldur\u0103 \u00een afar\u0103 sau \u00een ad\u0103post cauzeaz\u0103 o respira\u0163ie sacadat\u0103 cu ciocurile deschise.<\/p>\n\n\n\n<h2 class=\"wp-block-heading\">5. Aerisirea \u00een ad\u0103postul bobocilor de g\u00e2sc\u0103<\/h2>\n\n\n\n<p>C\u00e2nd se poate respira profund, f\u0103r\u0103 efort \u015fi f\u0103r\u0103 senza\u0163ii nepl\u0103cute, clima din ad\u0103post este corespunzatoare \u015fi con\u0163ine suficient oxigen. C\u00e2nd, dimpotriv\u0103, apar senza\u0163ii de \u00een\u0163ep\u0103turi nazale \u015fi ale ochilor, con\u0163inutul de amoniac este prea mare. La animale apar repede inflama\u0163ii oculare care fac ca ochii s\u0103 se lipeasc\u0103 \u015fi s\u0103 \u00eempiedice vederea. Este permis\u0103 aerisirea suficient\u0103 f\u0103r\u0103 curent de aer prin ferestre, ventilatoare sau guri de aerisire \u015fi prin burdufuri de folie g\u0103urit\u0103.<\/p>\n\n\n\n<h2 class=\"wp-block-heading\" id=\"parametrii-de-crestere\">6. Parametrii de cre\u0219tere<\/h2>\n\n\n\n<ul class=\"wp-block-list\">\n<li>Temperatura: \u00een primele 7 zile se asigur\u0103 30-32 grade Celsius, dup\u0103 care se reduce cu c\u00e2te 2-3 grade Celsius\/s\u0103pt\u0103m\u00e2n\u0103 p\u00e2n\u0103 se ajunge la 16-18 grade.<\/li>\n\n\n\n<li>Lumina: \u00een prima s\u0103pt\u0103m\u00e2n\u0103 se asigur\u0103 lumina 24 h\/zi, dup\u0103 care se reduce cu c\u00e2te o jum\u0103tate de ora\/zi, p\u00e2n\u0103 la 14 zile, c\u00e2nd ajungem la 17 h\/zi, dug\u00e2sc\u0103 care se men\u021bine p\u00e2n\u0103 la sacrificare. Dac\u0103 dori\u021bi s\u0103 sacrifica\u021bi bobocii mai repede, este recomandat s\u0103 men\u021bine\u021bi lumina 24 h\/zi pe toat\u0103 dug\u00e2sc\u0103 cre\u0219terii, deoarece lumina stimuleaz\u0103 consumul de ap\u0103 \u0219i furaje.<\/li>\n\n\n\n<li>Ad\u0103parea: se asigur\u0103 permanent ap\u0103 proasp\u0103t\u0103 la discre\u021bie. Se pot utiliza ad\u0103p\u0103torile de la pui sau ad\u0103p\u0103tori de tip jgheab (se calculeaz\u0103 un front de ad\u0103pare de 5 cm\/boboc).<\/li>\n\n\n\n<li>La patru s\u0103pt\u0103m\u00e2ni au nevoie de mai mult de 23\u2103 \u00een ad\u0103post \u0219i&nbsp; au nevoie de mai mult spa\u021biu, pentru c\u0103 \u00eencap doar 7 boboci pe metrul p\u0103trat.<\/li>\n\n\n\n<li>\u00cen a cincea s\u0103pt\u0103m\u00e2n\u0103 bobocii \u00eencap c\u00e2te 5 pe metrul p\u0103trat, iar temperatura \u00een ad\u0103post scade din nou p\u00e2n\u0103 la 20\u2103.<\/li>\n\n\n\n<li>\u00cen s\u0103pt\u0103m\u00e2nile a \u0219asea \u0219i a \u0219aptea \u00een ad\u0103post vor \u00eenc\u0103pea maxim 5 boboci pe metrul p\u0103trat, iar temperatura va fi p\u0103sat g\u00e2sc\u0103 la 18\u2103.<\/li>\n\n\n\n<li>Dup\u0103 8 s\u0103pt\u0103m\u00e2ni num\u0103rul bobocilor pe metru p\u0103trat scade la 4.<\/li>\n<\/ul>\n\n\n\n<h2 class=\"wp-block-heading\" id=\"aditivi-furajeri\">5. Aditivi furajeri<\/h2>\n\n\n\n<p>Se recomand\u0103 folosirea urm\u0103torilor aditivi furajeri \u00een apa de b\u0103ut. Aditivii \u00eent\u0103resc sistemul imunitar \u015fi cresc performan\u0163ele oferind p\u0103s\u0103rilor aportul necesar de vitamine \u0219i aminoacizi, asigur\u00e2nd astfel o performan\u0163\u0103 optim\u0103 de produc\u0163ie.&nbsp;<\/p>\n\n\n\n<p><a href=\"https:\/\/agroland.ro\/cresterea-animalelor\/371-jolo-mix.html\">Jolomix<\/a> este un complex de vitamine \u015fi aminoacizi pentru g\u00e2\u0219te \u0219i ra\u021be. Se administreaz\u0103 \u00een primele 6 s\u0103pt\u0103m\u00e2ni de via\u021b\u0103, se administreaz\u0103 timp de 3-5 zile\/s\u0103pt\u0103m\u00e2n\u0103 1 ml la 1 l de ap\u0103.<\/p>\n\n\n\n<p><a href=\"https:\/\/agroland.ro\/cresterea-animalelor\/76-133-nutri-safecid-100ml.html#\/60-volum-100_ml\">Nutri Safe<\/a> \u00eempiedic\u0103 dezvoltarea unor bacterii patogene \u00een tubul digestiv \u0219i favorizeaz\u0103 digestia furajelor \u0219i viteza de cre\u0219tere. Se administreaz\u0103 \u00een apa de b\u0103ut c\u00e2te 1-2 ml\/litru \u00een mod preventiv \u0219i 3 ml\/litru \u00een mod curativ.&nbsp;<\/p>\n\n\n\n<p><a href=\"https:\/\/agroland.ro\/cresterea-animalelor\/373-135-cavimin.html#\/60-volum-100_ml\">Cavimin<\/a> con\u0163ine minerale \u015fi oligoelemente implicate \u00een osteosinteza, prevenind ologirea \u0219i canibalismul la g\u00e2\u0219te \u0219i ra\u021be. Se administreaz\u0103 \u00een apa de b\u0103ut, 5 ml\/ litru.<\/p>\n\n\n\n<p><a href=\"https:\/\/agroland.ro\/cresterea-animalelor\/548-novimin-antistress.html\">Novimin Antristress <\/a>supliment lichid cu vitamine \u0219i minerale pentru ra\u021be \u0219i g\u00e2\u0219te. Se folose\u0219te \u00een primele zile de via\u021b\u0103 \u0219i \u00een perioada vaccin\u0103rii. De asemenea ajut\u0103 p\u0103s\u0103rile s\u0103 dep\u0103\u0219easc\u0103 diferitele situa\u021bii de stres. Se administreaz\u0103&nbsp; 0,5 p\u00e2n\u0103 la 1 ml\/ litru \u00een apa de b\u0103ut. Tg\u00e2sc\u0103mentul se \u021bine pe o perioad\u0103 de p\u00e2n\u0103 la 5 zile consecutiv.<\/p>\n","protected":false},"excerpt":{"rendered":"<p>De\u0219i sunt mai pu\u021bin populare dec\u00e2t g\u0103inile, g\u00e2\u0219tele sunt p\u0103s\u0103ri de curte u\u0219or de \u00eengrijit, cresc repede \u0219i au o s\u0103n\u0103tate robust\u0103, fiind foarte rezistente la \u00eemboln\u0103viri. Cre\u0219terea \u0219i \u00eengrijirea acestora poate fi mai u\u0219oar\u0103 dec\u00e2t crede\u021bi, fiind o activitate foarte rentabil\u0103 \u0219i plin\u0103 de satisfac\u021bii. Oricine poate cre\u0219te aceste p\u0103s\u0103ri minunate \u00een gospod\u0103rie. Al\u0103turi&hellip; <a class=\"more-link\" href=\"https:\/\/agroland.ro\/c\/ghiduri-agroland-cresterea-gastelor\/\">Continu\u0103 lectura <span class=\"screen-reader-text\">Cre\u0219terea bobocilor de g\u00e2sc\u0103 Agroland<\/span><\/a><\/p>\n","protected":false},"author":26,"featured_media":0,"parent":0,"menu_order":0,"comment_status":"closed","ping_status":"closed","template":"templates\/Products.php","meta":{"_acf_changed":false,"_et_pb_use_builder":"","_et_pb_old_content":"","_et_gb_content_width":"","inline_featured_image":false,"footnotes":""},"class_list":["post-28056","page","type-page","status-publish","hentry","entry"],"acf":[],"_links":{"self":[{"href":"https:\/\/agroland.ro\/c\/wp-json\/wp\/v2\/pages\/28056","targetHints":{"allow":["GET"]}}],"collection":[{"href":"https:\/\/agroland.ro\/c\/wp-json\/wp\/v2\/pages"}],"about":[{"href":"https:\/\/agroland.ro\/c\/wp-json\/wp\/v2\/types\/page"}],"author":[{"embeddable":true,"href":"https:\/\/agroland.ro\/c\/wp-json\/wp\/v2\/users\/26"}],"replies":[{"embeddable":true,"href":"https:\/\/agroland.ro\/c\/wp-json\/wp\/v2\/comments?post=28056"}],"version-history":[{"count":16,"href":"https:\/\/agroland.ro\/c\/wp-json\/wp\/v2\/pages\/28056\/revisions"}],"predecessor-version":[{"id":40543,"href":"https:\/\/agroland.ro\/c\/wp-json\/wp\/v2\/pages\/28056\/revisions\/40543"}],"wp:attachment":[{"href":"https:\/\/agroland.ro\/c\/wp-json\/wp\/v2\/media?parent=28056"}],"curies":[{"name":"wp","href":"https:\/\/api.w.org\/{rel}","templated":true}]}}