{"id":28578,"date":"2022-03-03T16:20:41","date_gmt":"2022-03-03T14:20:41","guid":{"rendered":"https:\/\/agroland.ro\/c\/?page_id=28578"},"modified":"2023-05-25T10:41:22","modified_gmt":"2023-05-25T07:41:22","slug":"ghiduri-agroland","status":"publish","type":"page","link":"https:\/\/agroland.ro\/c\/ghiduri-agroland\/","title":{"rendered":"Ghiduri Agroland"},"content":{"rendered":"\n<p>Noi la Agroland, de 25 de ani sus\u021binem hrana s\u0103n\u0103toas\u0103 \u0219i ne \u00eencuraj\u0103m clien\u021bii s\u0103 \u0219i-o produc\u0103 singuri, acas\u0103. Ne lu\u0103m misiunea \u00een serios \u0219i venim \u00een sprijinul vostru cu informa\u021bii corecte, verificate de speciali\u0219tii din domeniu. <\/p>\n\n\n\n<div style=\"height:20px\" aria-hidden=\"true\" class=\"wp-block-spacer\"><\/div>\n\n\n\n<h2 class=\"wp-block-heading\">Ghid \u00cengrijirea Gazonului<\/h2>\n\n\n\n<div style=\"height:20px\" aria-hidden=\"true\" class=\"wp-block-spacer\"><\/div>\n\n\n\n<p>Dac\u0103 e\u0219ti iscusit, ambi\u021bios sau pur \u0219i simplu trebuie s\u0103 faci economii la buget, atunci noi venim c\u0103tre tine cu <strong>propuneri pentru amenajarea \u0219i \u00eengrijirea cur\u021bii cu gazon<\/strong>. Ia-\u021bi inima-n din\u021bi, nu va fi treab\u0103 u\u0219oar\u0103!<\/p>\n\n\n\n<div style=\"height:20px\" aria-hidden=\"true\" class=\"wp-block-spacer\"><\/div>\n\n\n\n<div class=\"wp-block-columns is-layout-flex wp-container-core-columns-is-layout-9d6595d7 wp-block-columns-is-layout-flex\">\n<div class=\"wp-block-column is-layout-flow wp-block-column-is-layout-flow\" style=\"flex-basis:66.66%\">\n<figure class=\"wp-block-image size-full\"><a href=\"https:\/\/agroland.ro\/c\/amenajarea-cu-gazon\/\"><img loading=\"lazy\" decoding=\"async\" width=\"372\" height=\"252\" src=\"https:\/\/agroland.ro\/c\/wp-content\/uploads\/2023\/05\/Categorii-site-372x252-1.png\" alt=\"\" class=\"wp-image-34306\" srcset=\"https:\/\/agroland.ro\/c\/wp-content\/uploads\/2023\/05\/Categorii-site-372x252-1.png 372w, https:\/\/agroland.ro\/c\/wp-content\/uploads\/2023\/05\/Categorii-site-372x252-1-300x203.png 300w\" sizes=\"(max-width: 372px) 100vw, 372px\" \/><\/a><\/figure>\n<\/div>\n\n\n\n<div class=\"wp-block-column is-layout-flow wp-block-column-is-layout-flow\" style=\"flex-basis:33.33%\">\n<div class=\"wp-block-buttons alignfull is-horizontal is-layout-flex wp-block-buttons-is-layout-flex\"><\/div>\n\n\n\n<h2 class=\"wp-block-heading\"><br><\/h2>\n\n\n\n<div class=\"wp-block-buttons is-layout-flex wp-block-buttons-is-layout-flex\">\n<div class=\"wp-block-button has-custom-width wp-block-button__width-100 is-style-fill\"><a class=\"wp-block-button__link has-white-color has-text-color has-background wp-element-button\" href=\"https:\/\/agroland.ro\/c\/amenajarea-cu-gazon\/\" style=\"border-radius:100px;background-color:#d50032\">Vezi Ghidul<\/a><\/div>\n<\/div>\n<\/div>\n<\/div>\n\n\n\n<div style=\"height:20px\" aria-hidden=\"true\" class=\"wp-block-spacer\"><\/div>\n\n\n\n<h2 class=\"wp-block-heading\">Ghid \u00cengrijirea Gr\u0103dinii<\/h2>\n\n\n\n<div style=\"height:20px\" aria-hidden=\"true\" class=\"wp-block-spacer\"><\/div>\n\n\n\n<p>Dac\u0103 vrei s\u0103 te bucuri de o curte roditoare, urmeaz\u0103 sfaturile noastre din Ghidul <strong>\u00cengrijirea Gr\u0103dinii <\/strong>\u0219i afl\u0103 cum s\u0103 produci acas\u0103 fructe \u0219i legume, sau cum s\u0103-\u021bi amenajezi \u0219i \u00eengrije\u0219ti singur o gr\u0103din\u0103 de flori.<\/p>\n\n\n\n<div style=\"height:20px\" aria-hidden=\"true\" class=\"wp-block-spacer\"><\/div>\n\n\n\n<div class=\"wp-block-columns is-layout-flex wp-container-core-columns-is-layout-9d6595d7 wp-block-columns-is-layout-flex\">\n<div class=\"wp-block-column is-layout-flow wp-block-column-is-layout-flow\" style=\"flex-basis:66.66%\">\n<figure class=\"wp-block-image size-full\"><a href=\"https:\/\/agroland.ro\/c\/ghiduri-agroland-intretinerea-gradinii\/\"><img loading=\"lazy\" decoding=\"async\" width=\"372\" height=\"252\" src=\"https:\/\/agroland.ro\/c\/wp-content\/uploads\/2022\/03\/Agroland_Ghid_ingrijire_gradina_.png\" alt=\"\" class=\"wp-image-28871\" srcset=\"https:\/\/agroland.ro\/c\/wp-content\/uploads\/2022\/03\/Agroland_Ghid_ingrijire_gradina_.png 372w, https:\/\/agroland.ro\/c\/wp-content\/uploads\/2022\/03\/Agroland_Ghid_ingrijire_gradina_-300x203.png 300w\" sizes=\"(max-width: 372px) 100vw, 372px\" \/><\/a><\/figure>\n<\/div>\n\n\n\n<div class=\"wp-block-column is-vertically-aligned-center is-layout-flow wp-block-column-is-layout-flow\" style=\"flex-basis:33.33%\">\n<h3 class=\"wp-block-heading alignfull\"><\/h3>\n\n\n\n<div class=\"wp-block-buttons is-layout-flex wp-block-buttons-is-layout-flex\">\n<div class=\"wp-block-button has-custom-width wp-block-button__width-100 is-style-fill\"><a class=\"wp-block-button__link has-white-color has-text-color has-background wp-element-button\" href=\"https:\/\/agroland.ro\/c\/ghiduri-agroland-intretinerea-gradinii\/\" style=\"border-radius:100px;background-color:#d50032\">Vezi Ghidul<\/a><\/div>\n<\/div>\n<\/div>\n<\/div>\n\n\n\n<div style=\"height:20px\" aria-hidden=\"true\" class=\"wp-block-spacer\"><\/div>\n\n\n\n<h2 class=\"wp-block-heading\">Ghid Cre\u0219tere P\u0103s\u0103ri<\/h2>\n\n\n\n<div style=\"height:20px\" aria-hidden=\"true\" class=\"wp-block-spacer\"><\/div>\n\n\n\n<p>Vrei s\u0103 cre\u0219ti p\u0103s\u0103ri \u00een propria curte? Nimic mai simplu! Urmeaz\u0103 recomand\u0103rile noastre din Ghidul <strong>Cresc\u0103torului de p\u0103s\u0103ri<\/strong> \u0219i vei reu\u0219i s\u0103 te bucuri de p\u0103s\u0103ri s\u0103n\u0103toase chiar \u00een propria curte, f\u0103r\u0103 b\u0103t\u0103i de cap.<\/p>\n\n\n\n<div style=\"height:20px\" aria-hidden=\"true\" class=\"wp-block-spacer\"><\/div>\n\n\n\n<div class=\"wp-block-columns is-layout-flex wp-container-core-columns-is-layout-9d6595d7 wp-block-columns-is-layout-flex\">\n<div class=\"wp-block-column is-layout-flow wp-block-column-is-layout-flow\" style=\"flex-basis:66.66%\">\n<figure class=\"wp-block-image size-full\"><a href=\"https:\/\/agroland.ro\/c\/ghiduri-agroland-cresterea-pasarilor\/\" target=\"_blank\" rel=\"noopener\"><img loading=\"lazy\" decoding=\"async\" width=\"372\" height=\"252\" src=\"https:\/\/agroland.ro\/c\/wp-content\/uploads\/2022\/03\/Agroland_Ghid_crestere_pasari_.png\" alt=\"\" class=\"wp-image-28870\" srcset=\"https:\/\/agroland.ro\/c\/wp-content\/uploads\/2022\/03\/Agroland_Ghid_crestere_pasari_.png 372w, https:\/\/agroland.ro\/c\/wp-content\/uploads\/2022\/03\/Agroland_Ghid_crestere_pasari_-300x203.png 300w\" sizes=\"(max-width: 372px) 100vw, 372px\" \/><\/a><\/figure>\n<\/div>\n\n\n\n<div class=\"wp-block-column is-vertically-aligned-center is-layout-flow wp-block-column-is-layout-flow\" style=\"flex-basis:33.33%\">\n<h3 class=\"wp-block-heading alignfull\"><\/h3>\n\n\n\n<div class=\"wp-block-buttons is-layout-flex wp-block-buttons-is-layout-flex\">\n<div class=\"wp-block-button has-custom-width wp-block-button__width-100 is-style-fill\"><a class=\"wp-block-button__link has-white-color has-text-color has-background wp-element-button\" href=\"https:\/\/agroland.ro\/c\/ghiduri-agroland-cresterea-pasarilor\/\" style=\"border-radius:100px;background-color:#d50032\">Vezi Ghidul<\/a><\/div>\n<\/div>\n<\/div>\n<\/div>\n\n\n\n<div style=\"height:20px\" aria-hidden=\"true\" class=\"wp-block-spacer\"><\/div>\n\n\n\n<h2 class=\"wp-block-heading\">Ghid \u00cengrijirea Animalelor de Companie<\/h2>\n\n\n\n<div style=\"height:20px\" aria-hidden=\"true\" class=\"wp-block-spacer\"><\/div>\n\n\n\n<p>Tu \u0219tii ce trebuie s\u0103 faci pentru ca pisica \u0219i c\u00e2inele t\u0103u s\u0103 aib\u0103 parte de o via\u021b\u0103 lung\u0103 \u0219i fericit\u0103? Urm\u0103re\u0219te <strong>Ghidurile de \u00cengrijirea Animalelor de Companie<\/strong> \u0219i descoper\u0103 cum s\u0103 le oferi bl\u0103no\u0219ilor casei o via\u021b\u0103 fericit\u0103.<\/p>\n\n\n\n<div style=\"height:20px\" aria-hidden=\"true\" class=\"wp-block-spacer\"><\/div>\n\n\n\n<div class=\"wp-block-columns is-style-twentytwentyone-columns-overlap is-layout-flex wp-container-core-columns-is-layout-9d6595d7 wp-block-columns-is-layout-flex\">\n<div class=\"wp-block-column is-layout-flow wp-block-column-is-layout-flow\" style=\"flex-basis:66.66%\">\n<figure class=\"wp-block-image size-full\"><img loading=\"lazy\" decoding=\"async\" width=\"372\" height=\"252\" src=\"https:\/\/agroland.ro\/c\/wp-content\/uploads\/2022\/04\/11.png\" alt=\"\" class=\"wp-image-29827\" srcset=\"https:\/\/agroland.ro\/c\/wp-content\/uploads\/2022\/04\/11.png 372w, https:\/\/agroland.ro\/c\/wp-content\/uploads\/2022\/04\/11-300x203.png 300w\" sizes=\"(max-width: 372px) 100vw, 372px\" \/><\/figure>\n<\/div>\n\n\n\n<div class=\"wp-block-column is-vertically-aligned-center is-layout-flow wp-block-column-is-layout-flow\" style=\"flex-basis:33.33%\">\n<h3 class=\"wp-block-heading alignfull\"><\/h3>\n\n\n\n<div class=\"wp-block-buttons is-layout-flex wp-block-buttons-is-layout-flex\">\n<div class=\"wp-block-button has-custom-width wp-block-button__width-100 is-style-fill\"><a class=\"wp-block-button__link has-white-color has-text-color has-background wp-element-button\" href=\"https:\/\/agroland.ro\/c\/ghiduri-agroland-ingrijirea-animalelor-de-companie\/\" style=\"border-radius:100px;background-color:#d50032\">Vezi Ghidul<\/a><\/div>\n<\/div>\n<\/div>\n<\/div>\n\n\n\n<div style=\"height:20px\" aria-hidden=\"true\" class=\"wp-block-spacer\"><\/div>\n\n\n\n<h2 class=\"wp-block-heading\">Ghid \u00cengrijirea Plantelor de Apartament<\/h2>\n\n\n\n<div style=\"height:20px\" aria-hidden=\"true\" class=\"wp-block-spacer\"><\/div>\n\n\n\n<p>\u00ce\u021bi dore\u0219ti ca plantele tale de apartament s\u0103 aib\u0103 o via\u021b\u0103 lung\u0103? \u00ce\u021bi venim noi \u00een ajutor cu acest <strong>Ghid de \u00cengrijire a Plantelor de Apartament<\/strong> unde g\u0103se\u0219ti sfaturi utile despre \u00eengrijirea \u0219i \u00eentre\u021binerea diferitelor plante \u0219i flori de interior.<\/p>\n\n\n\n<div style=\"height:20px\" aria-hidden=\"true\" class=\"wp-block-spacer\"><\/div>\n\n\n\n<div class=\"wp-block-columns is-style-twentytwentyone-columns-overlap is-layout-flex wp-container-core-columns-is-layout-9d6595d7 wp-block-columns-is-layout-flex\">\n<div class=\"wp-block-column is-layout-flow wp-block-column-is-layout-flow\" style=\"flex-basis:66.66%\">\n<figure class=\"wp-block-image size-full\"><img loading=\"lazy\" decoding=\"async\" width=\"372\" height=\"252\" src=\"https:\/\/agroland.ro\/c\/wp-content\/uploads\/2022\/04\/12.png\" alt=\"\" class=\"wp-image-29828\" srcset=\"https:\/\/agroland.ro\/c\/wp-content\/uploads\/2022\/04\/12.png 372w, https:\/\/agroland.ro\/c\/wp-content\/uploads\/2022\/04\/12-300x203.png 300w\" sizes=\"(max-width: 372px) 100vw, 372px\" \/><\/figure>\n<\/div>\n\n\n\n<div class=\"wp-block-column is-vertically-aligned-center is-layout-flow wp-block-column-is-layout-flow\" style=\"flex-basis:33.33%\">\n<h3 class=\"wp-block-heading alignfull\"><\/h3>\n\n\n\n<div class=\"wp-block-buttons is-layout-flex wp-block-buttons-is-layout-flex\">\n<div class=\"wp-block-button has-custom-width wp-block-button__width-100 is-style-fill\"><a class=\"wp-block-button__link has-white-color has-text-color has-background wp-element-button\" href=\"https:\/\/agroland.ro\/c\/ghiduri-agroland-ingrijirea-plantelor-de-apartament\/\" style=\"border-radius:100px;background-color:#d50032\">Vezi Ghidul<\/a><\/div>\n<\/div>\n<\/div>\n<\/div>\n","protected":false},"excerpt":{"rendered":"<p>Noi la Agroland, de 25 de ani sus\u021binem hrana s\u0103n\u0103toas\u0103 \u0219i ne \u00eencuraj\u0103m clien\u021bii s\u0103 \u0219i-o produc\u0103 singuri, acas\u0103. Ne lu\u0103m misiunea \u00een serios \u0219i venim \u00een sprijinul vostru cu informa\u021bii corecte, verificate de speciali\u0219tii din domeniu. Ghid \u00cengrijirea Gazonului Dac\u0103 e\u0219ti iscusit, ambi\u021bios sau pur \u0219i simplu trebuie s\u0103 faci economii la buget, atunci&hellip; <a class=\"more-link\" href=\"https:\/\/agroland.ro\/c\/ghiduri-agroland\/\">Continu\u0103 lectura <span class=\"screen-reader-text\">Ghiduri Agroland<\/span><\/a><\/p>\n","protected":false},"author":26,"featured_media":0,"parent":0,"menu_order":0,"comment_status":"closed","ping_status":"closed","template":"templates\/Products.php","meta":{"_acf_changed":false,"_et_pb_use_builder":"","_et_pb_old_content":"","_et_gb_content_width":"","inline_featured_image":false,"footnotes":""},"class_list":["post-28578","page","type-page","status-publish","hentry","entry"],"acf":[],"_links":{"self":[{"href":"https:\/\/agroland.ro\/c\/wp-json\/wp\/v2\/pages\/28578","targetHints":{"allow":["GET"]}}],"collection":[{"href":"https:\/\/agroland.ro\/c\/wp-json\/wp\/v2\/pages"}],"about":[{"href":"https:\/\/agroland.ro\/c\/wp-json\/wp\/v2\/types\/page"}],"author":[{"embeddable":true,"href":"https:\/\/agroland.ro\/c\/wp-json\/wp\/v2\/users\/26"}],"replies":[{"embeddable":true,"href":"https:\/\/agroland.ro\/c\/wp-json\/wp\/v2\/comments?post=28578"}],"version-history":[{"count":72,"href":"https:\/\/agroland.ro\/c\/wp-json\/wp\/v2\/pages\/28578\/revisions"}],"predecessor-version":[{"id":34315,"href":"https:\/\/agroland.ro\/c\/wp-json\/wp\/v2\/pages\/28578\/revisions\/34315"}],"wp:attachment":[{"href":"https:\/\/agroland.ro\/c\/wp-json\/wp\/v2\/media?parent=28578"}],"curies":[{"name":"wp","href":"https:\/\/api.w.org\/{rel}","templated":true}]}}