{"id":28760,"date":"2022-03-08T10:51:18","date_gmt":"2022-03-08T08:51:18","guid":{"rendered":"https:\/\/agroland.ro\/c\/?page_id=28760"},"modified":"2024-09-16T19:03:24","modified_gmt":"2024-09-16T16:03:24","slug":"ghiduri-agroland-cresterea-pasarilor","status":"publish","type":"page","link":"https:\/\/agroland.ro\/c\/ghiduri-agroland-cresterea-pasarilor\/","title":{"rendered":"Cre\u0219terea P\u0103s\u0103rilor"},"content":{"rendered":"\n<p>De 25&nbsp;de ani, Agroland este partenerul t\u0103u \u00een gospod\u0103rie, aici fiind locul unde g\u0103se\u0219ti tot ce ai nevoie pentru a cre\u0219te p\u0103s\u0103ri&nbsp;s\u0103n\u0103toase. Cre\u0219terea p\u0103s\u0103rilor \u00een gospod\u0103rie este o activitate aduc\u0103toare de numeroase satisfac\u021bii, deoarece prin cre\u0219terea p\u0103s\u0103rilor \u00een gospod\u0103rie contribui la siguran\u021ba alimentar\u0103 a familiei tale.<\/p>\n\n\n\n<div style=\"height:18px\" aria-hidden=\"true\" class=\"wp-block-spacer\"><\/div>\n\n\n\n<h3 class=\"wp-block-heading\">Ghidurile Agroland<\/h3>\n\n\n\n<div style=\"height:18px\" aria-hidden=\"true\" class=\"wp-block-spacer\"><\/div>\n\n\n\n<div class=\"wp-block-columns is-layout-flex wp-container-core-columns-is-layout-9d6595d7 wp-block-columns-is-layout-flex\">\n<div class=\"wp-block-column is-layout-flow wp-block-column-is-layout-flow\">\n<figure class=\"wp-block-image size-large is-style-default\"><a href=\"https:\/\/agroland.ro\/c\/ghiduri-agroland-pregatirea-adapostului-recomandari-generale\/\" target=\"_blank\" rel=\"noopener\"><img loading=\"lazy\" decoding=\"async\" width=\"1024\" height=\"788\" src=\"https:\/\/agroland.ro\/c\/wp-content\/uploads\/2022\/03\/Ghiduri_Agroland_-adapostul_de_pui-1024x788.png\" alt=\"\" class=\"wp-image-29088\" srcset=\"https:\/\/agroland.ro\/c\/wp-content\/uploads\/2022\/03\/Ghiduri_Agroland_-adapostul_de_pui-1024x788.png 1024w, https:\/\/agroland.ro\/c\/wp-content\/uploads\/2022\/03\/Ghiduri_Agroland_-adapostul_de_pui-300x231.png 300w, https:\/\/agroland.ro\/c\/wp-content\/uploads\/2022\/03\/Ghiduri_Agroland_-adapostul_de_pui-768x591.png 768w, https:\/\/agroland.ro\/c\/wp-content\/uploads\/2022\/03\/Ghiduri_Agroland_-adapostul_de_pui-1000x770.png 1000w, https:\/\/agroland.ro\/c\/wp-content\/uploads\/2022\/03\/Ghiduri_Agroland_-adapostul_de_pui-500x385.png 500w, https:\/\/agroland.ro\/c\/wp-content\/uploads\/2022\/03\/Ghiduri_Agroland_-adapostul_de_pui.png 1199w\" sizes=\"(max-width: 1024px) 100vw, 1024px\" \/><\/a><\/figure>\n<\/div>\n\n\n\n<div class=\"wp-block-column is-layout-flow wp-block-column-is-layout-flow\">\n<figure class=\"wp-block-image size-large is-style-default\"><a href=\"https:\/\/agroland.ro\/c\/ghiduri-agroland-cresterea-puilor-pentru-carne-ranger-bibilici\/\" target=\"_blank\" rel=\"noopener\"><img loading=\"lazy\" decoding=\"async\" width=\"1024\" height=\"788\" src=\"https:\/\/agroland.ro\/c\/wp-content\/uploads\/2022\/03\/Ghiduri_Agroland_-cresterea_puilor_de_carne-1024x788.png\" alt=\"\" class=\"wp-image-29089\" srcset=\"https:\/\/agroland.ro\/c\/wp-content\/uploads\/2022\/03\/Ghiduri_Agroland_-cresterea_puilor_de_carne-1024x788.png 1024w, https:\/\/agroland.ro\/c\/wp-content\/uploads\/2022\/03\/Ghiduri_Agroland_-cresterea_puilor_de_carne-300x231.png 300w, https:\/\/agroland.ro\/c\/wp-content\/uploads\/2022\/03\/Ghiduri_Agroland_-cresterea_puilor_de_carne-768x591.png 768w, https:\/\/agroland.ro\/c\/wp-content\/uploads\/2022\/03\/Ghiduri_Agroland_-cresterea_puilor_de_carne-1000x770.png 1000w, https:\/\/agroland.ro\/c\/wp-content\/uploads\/2022\/03\/Ghiduri_Agroland_-cresterea_puilor_de_carne-500x385.png 500w, https:\/\/agroland.ro\/c\/wp-content\/uploads\/2022\/03\/Ghiduri_Agroland_-cresterea_puilor_de_carne.png 1199w\" sizes=\"(max-width: 1024px) 100vw, 1024px\" \/><\/a><\/figure>\n<\/div>\n\n\n\n<div class=\"wp-block-column is-layout-flow wp-block-column-is-layout-flow\">\n<figure class=\"wp-block-image size-large is-style-default\"><a href=\"https:\/\/agroland.ro\/c\/ghiduri-agroland-cresterea-puilor-de-rasa-mixta-mixt-special-kabir-supercolor\/\" target=\"_blank\" rel=\"noopener\"><img loading=\"lazy\" decoding=\"async\" width=\"1024\" height=\"788\" src=\"https:\/\/agroland.ro\/c\/wp-content\/uploads\/2022\/03\/Ghiduri_Agroland_-cresterea_puilor_kabir_supercolor-1024x788.png\" alt=\"\" class=\"wp-image-29090\" srcset=\"https:\/\/agroland.ro\/c\/wp-content\/uploads\/2022\/03\/Ghiduri_Agroland_-cresterea_puilor_kabir_supercolor-1024x788.png 1024w, https:\/\/agroland.ro\/c\/wp-content\/uploads\/2022\/03\/Ghiduri_Agroland_-cresterea_puilor_kabir_supercolor-300x231.png 300w, https:\/\/agroland.ro\/c\/wp-content\/uploads\/2022\/03\/Ghiduri_Agroland_-cresterea_puilor_kabir_supercolor-768x591.png 768w, https:\/\/agroland.ro\/c\/wp-content\/uploads\/2022\/03\/Ghiduri_Agroland_-cresterea_puilor_kabir_supercolor-1000x770.png 1000w, https:\/\/agroland.ro\/c\/wp-content\/uploads\/2022\/03\/Ghiduri_Agroland_-cresterea_puilor_kabir_supercolor-500x385.png 500w, https:\/\/agroland.ro\/c\/wp-content\/uploads\/2022\/03\/Ghiduri_Agroland_-cresterea_puilor_kabir_supercolor.png 1199w\" sizes=\"(max-width: 1024px) 100vw, 1024px\" \/><\/a><\/figure>\n<\/div>\n<\/div>\n\n\n\n<div class=\"wp-block-columns is-layout-flex wp-container-core-columns-is-layout-9d6595d7 wp-block-columns-is-layout-flex\">\n<div class=\"wp-block-column is-layout-flow wp-block-column-is-layout-flow\">\n<figure class=\"wp-block-image size-large is-style-default\"><a href=\"https:\/\/agroland.ro\/c\/ghiduri-agroland-cresterea-puilor-de-curca\/\" target=\"_blank\" rel=\"noopener\"><img loading=\"lazy\" decoding=\"async\" width=\"1024\" height=\"788\" src=\"https:\/\/agroland.ro\/c\/wp-content\/uploads\/2022\/03\/Ghiduri_Agroland_-cresterea_puilor_De_curca-1024x788.png\" alt=\"\" class=\"wp-image-29093\" srcset=\"https:\/\/agroland.ro\/c\/wp-content\/uploads\/2022\/03\/Ghiduri_Agroland_-cresterea_puilor_De_curca-1024x788.png 1024w, https:\/\/agroland.ro\/c\/wp-content\/uploads\/2022\/03\/Ghiduri_Agroland_-cresterea_puilor_De_curca-300x231.png 300w, https:\/\/agroland.ro\/c\/wp-content\/uploads\/2022\/03\/Ghiduri_Agroland_-cresterea_puilor_De_curca-768x591.png 768w, https:\/\/agroland.ro\/c\/wp-content\/uploads\/2022\/03\/Ghiduri_Agroland_-cresterea_puilor_De_curca-1000x770.png 1000w, https:\/\/agroland.ro\/c\/wp-content\/uploads\/2022\/03\/Ghiduri_Agroland_-cresterea_puilor_De_curca-500x385.png 500w, https:\/\/agroland.ro\/c\/wp-content\/uploads\/2022\/03\/Ghiduri_Agroland_-cresterea_puilor_De_curca.png 1199w\" sizes=\"(max-width: 1024px) 100vw, 1024px\" \/><\/a><\/figure>\n<\/div>\n\n\n\n<div class=\"wp-block-column is-layout-flow wp-block-column-is-layout-flow\">\n<figure class=\"wp-block-image size-large is-style-default\"><a href=\"https:\/\/agroland.ro\/c\/ghiduri-agroland-cresterea-puicutelor-si-gainilor-ouatoare\/\" target=\"_blank\" rel=\"noopener\"><img loading=\"lazy\" decoding=\"async\" width=\"1024\" height=\"788\" src=\"https:\/\/agroland.ro\/c\/wp-content\/uploads\/2022\/03\/Ghiduri_Agroland_-cresterea_gainilor_ouatoare-1024x788.png\" alt=\"\" class=\"wp-image-29094\" srcset=\"https:\/\/agroland.ro\/c\/wp-content\/uploads\/2022\/03\/Ghiduri_Agroland_-cresterea_gainilor_ouatoare-1024x788.png 1024w, https:\/\/agroland.ro\/c\/wp-content\/uploads\/2022\/03\/Ghiduri_Agroland_-cresterea_gainilor_ouatoare-300x231.png 300w, https:\/\/agroland.ro\/c\/wp-content\/uploads\/2022\/03\/Ghiduri_Agroland_-cresterea_gainilor_ouatoare-768x591.png 768w, https:\/\/agroland.ro\/c\/wp-content\/uploads\/2022\/03\/Ghiduri_Agroland_-cresterea_gainilor_ouatoare-1000x770.png 1000w, https:\/\/agroland.ro\/c\/wp-content\/uploads\/2022\/03\/Ghiduri_Agroland_-cresterea_gainilor_ouatoare-500x385.png 500w, https:\/\/agroland.ro\/c\/wp-content\/uploads\/2022\/03\/Ghiduri_Agroland_-cresterea_gainilor_ouatoare.png 1199w\" sizes=\"(max-width: 1024px) 100vw, 1024px\" \/><\/a><\/figure>\n<\/div>\n\n\n\n<div class=\"wp-block-column is-layout-flow wp-block-column-is-layout-flow\">\n<figure class=\"wp-block-image size-large is-style-default\"><a href=\"https:\/\/agroland.ro\/c\/ghiduri-agroland-cresterea-bobocilor-de-rata\/\" target=\"_blank\" rel=\"noopener\"><img loading=\"lazy\" decoding=\"async\" width=\"1024\" height=\"788\" src=\"https:\/\/agroland.ro\/c\/wp-content\/uploads\/2022\/03\/Ghiduri_Agroland_-cresterea_bobocilor_de_rata-1024x788.png\" alt=\"\" class=\"wp-image-29095\" srcset=\"https:\/\/agroland.ro\/c\/wp-content\/uploads\/2022\/03\/Ghiduri_Agroland_-cresterea_bobocilor_de_rata-1024x788.png 1024w, https:\/\/agroland.ro\/c\/wp-content\/uploads\/2022\/03\/Ghiduri_Agroland_-cresterea_bobocilor_de_rata-300x231.png 300w, https:\/\/agroland.ro\/c\/wp-content\/uploads\/2022\/03\/Ghiduri_Agroland_-cresterea_bobocilor_de_rata-768x591.png 768w, https:\/\/agroland.ro\/c\/wp-content\/uploads\/2022\/03\/Ghiduri_Agroland_-cresterea_bobocilor_de_rata-1000x770.png 1000w, https:\/\/agroland.ro\/c\/wp-content\/uploads\/2022\/03\/Ghiduri_Agroland_-cresterea_bobocilor_de_rata-500x385.png 500w, https:\/\/agroland.ro\/c\/wp-content\/uploads\/2022\/03\/Ghiduri_Agroland_-cresterea_bobocilor_de_rata.png 1199w\" sizes=\"(max-width: 1024px) 100vw, 1024px\" \/><\/a><\/figure>\n<\/div>\n<\/div>\n\n\n\n<div class=\"wp-block-columns is-layout-flex wp-container-core-columns-is-layout-9d6595d7 wp-block-columns-is-layout-flex\">\n<div class=\"wp-block-column is-layout-flow wp-block-column-is-layout-flow\">\n<figure class=\"wp-block-image size-large is-style-default\"><a href=\"https:\/\/agroland.ro\/c\/ghiduri-agroland-cresterea-gastelor\/\" target=\"_blank\" rel=\"noopener\"><img loading=\"lazy\" decoding=\"async\" width=\"1024\" height=\"788\" src=\"https:\/\/agroland.ro\/c\/wp-content\/uploads\/2023\/01\/Ghidurile-Agroland-crestere-gaste-1024x788.png\" alt=\"\" class=\"wp-image-33190\" srcset=\"https:\/\/agroland.ro\/c\/wp-content\/uploads\/2023\/01\/Ghidurile-Agroland-crestere-gaste-1024x788.png 1024w, https:\/\/agroland.ro\/c\/wp-content\/uploads\/2023\/01\/Ghidurile-Agroland-crestere-gaste-300x231.png 300w, https:\/\/agroland.ro\/c\/wp-content\/uploads\/2023\/01\/Ghidurile-Agroland-crestere-gaste-768x591.png 768w, https:\/\/agroland.ro\/c\/wp-content\/uploads\/2023\/01\/Ghidurile-Agroland-crestere-gaste-1000x770.png 1000w, https:\/\/agroland.ro\/c\/wp-content\/uploads\/2023\/01\/Ghidurile-Agroland-crestere-gaste-500x385.png 500w, https:\/\/agroland.ro\/c\/wp-content\/uploads\/2023\/01\/Ghidurile-Agroland-crestere-gaste.png 1199w\" sizes=\"(max-width: 1024px) 100vw, 1024px\" \/><\/a><\/figure>\n<\/div>\n\n\n\n<div class=\"wp-block-column is-layout-flow wp-block-column-is-layout-flow\">\n<figure class=\"wp-block-image size-full is-style-default\"><a href=\"https:\/\/agroland.ro\/c\/sfaturi-pentru-cresterea-puilor-de-fazani\/\" target=\"_blank\" rel=\"noopener\"><img loading=\"lazy\" decoding=\"async\" width=\"1024\" height=\"755\" src=\"https:\/\/agroland.ro\/c\/wp-content\/uploads\/2023\/05\/CRESTEREA-3.png\" alt=\"\" class=\"wp-image-34178\" srcset=\"https:\/\/agroland.ro\/c\/wp-content\/uploads\/2023\/05\/CRESTEREA-3.png 1024w, https:\/\/agroland.ro\/c\/wp-content\/uploads\/2023\/05\/CRESTEREA-3-300x221.png 300w, https:\/\/agroland.ro\/c\/wp-content\/uploads\/2023\/05\/CRESTEREA-3-768x566.png 768w, https:\/\/agroland.ro\/c\/wp-content\/uploads\/2023\/05\/CRESTEREA-3-1000x737.png 1000w, https:\/\/agroland.ro\/c\/wp-content\/uploads\/2023\/05\/CRESTEREA-3-500x369.png 500w\" sizes=\"(max-width: 1024px) 100vw, 1024px\" \/><\/a><\/figure>\n<\/div>\n\n\n\n<div class=\"wp-block-column is-layout-flow wp-block-column-is-layout-flow\">\n<figure class=\"wp-block-image size-large\"><a href=\"https:\/\/agroland.ro\/c\/ghiduri-agroland-cresterea-pasarilor\/bolile-pasarilor-de-curte\/#\"><img loading=\"lazy\" decoding=\"async\" width=\"1024\" height=\"788\" src=\"https:\/\/agroland.ro\/c\/wp-content\/uploads\/2024\/09\/Ghiduri_Agroland_-cresterea_puilor_de_carne-1024x788.png\" alt=\"\" class=\"wp-image-38535\" srcset=\"https:\/\/agroland.ro\/c\/wp-content\/uploads\/2024\/09\/Ghiduri_Agroland_-cresterea_puilor_de_carne-1024x788.png 1024w, https:\/\/agroland.ro\/c\/wp-content\/uploads\/2024\/09\/Ghiduri_Agroland_-cresterea_puilor_de_carne-300x231.png 300w, https:\/\/agroland.ro\/c\/wp-content\/uploads\/2024\/09\/Ghiduri_Agroland_-cresterea_puilor_de_carne-768x591.png 768w, https:\/\/agroland.ro\/c\/wp-content\/uploads\/2024\/09\/Ghiduri_Agroland_-cresterea_puilor_de_carne-1000x770.png 1000w, https:\/\/agroland.ro\/c\/wp-content\/uploads\/2024\/09\/Ghiduri_Agroland_-cresterea_puilor_de_carne-500x385.png 500w, https:\/\/agroland.ro\/c\/wp-content\/uploads\/2024\/09\/Ghiduri_Agroland_-cresterea_puilor_de_carne.png 1198w\" sizes=\"(max-width: 1024px) 100vw, 1024px\" \/><\/a><\/figure>\n<\/div>\n<\/div>\n\n\n\n<div style=\"height:18px\" aria-hidden=\"true\" class=\"wp-block-spacer\"><\/div>\n","protected":false},"excerpt":{"rendered":"<p>De 25&nbsp;de ani, Agroland este partenerul t\u0103u \u00een gospod\u0103rie, aici fiind locul unde g\u0103se\u0219ti tot ce ai nevoie pentru a cre\u0219te p\u0103s\u0103ri&nbsp;s\u0103n\u0103toase. Cre\u0219terea p\u0103s\u0103rilor \u00een gospod\u0103rie este o activitate aduc\u0103toare de numeroase satisfac\u021bii, deoarece prin cre\u0219terea p\u0103s\u0103rilor \u00een gospod\u0103rie contribui la siguran\u021ba alimentar\u0103 a familiei tale. Ghidurile Agroland<\/p>\n","protected":false},"author":26,"featured_media":0,"parent":0,"menu_order":0,"comment_status":"closed","ping_status":"closed","template":"templates\/Products.php","meta":{"_acf_changed":false,"_et_pb_use_builder":"","_et_pb_old_content":"","_et_gb_content_width":"","inline_featured_image":false,"footnotes":""},"class_list":["post-28760","page","type-page","status-publish","hentry","entry"],"acf":[],"_links":{"self":[{"href":"https:\/\/agroland.ro\/c\/wp-json\/wp\/v2\/pages\/28760","targetHints":{"allow":["GET"]}}],"collection":[{"href":"https:\/\/agroland.ro\/c\/wp-json\/wp\/v2\/pages"}],"about":[{"href":"https:\/\/agroland.ro\/c\/wp-json\/wp\/v2\/types\/page"}],"author":[{"embeddable":true,"href":"https:\/\/agroland.ro\/c\/wp-json\/wp\/v2\/users\/26"}],"replies":[{"embeddable":true,"href":"https:\/\/agroland.ro\/c\/wp-json\/wp\/v2\/comments?post=28760"}],"version-history":[{"count":21,"href":"https:\/\/agroland.ro\/c\/wp-json\/wp\/v2\/pages\/28760\/revisions"}],"predecessor-version":[{"id":38543,"href":"https:\/\/agroland.ro\/c\/wp-json\/wp\/v2\/pages\/28760\/revisions\/38543"}],"wp:attachment":[{"href":"https:\/\/agroland.ro\/c\/wp-json\/wp\/v2\/media?parent=28760"}],"curies":[{"name":"wp","href":"https:\/\/api.w.org\/{rel}","templated":true}]}}