{"id":28853,"date":"2022-03-08T08:34:54","date_gmt":"2022-03-08T06:34:54","guid":{"rendered":"https:\/\/agroland.ro\/c\/?page_id=28853"},"modified":"2023-09-11T13:07:49","modified_gmt":"2023-09-11T10:07:49","slug":"ghiduri-agroland-intretinerea-gradinii","status":"publish","type":"page","link":"https:\/\/agroland.ro\/c\/ghiduri-agroland-intretinerea-gradinii\/","title":{"rendered":"\u00centre\u021binerea Gr\u0103dinii"},"content":{"rendered":"\n<p>Iubim gr\u0103din\u0103ritul! Este o activitate relaxant\u0103 \u0219i plin\u0103 de satisfac\u021bii. Poate c\u0103 la prima vedere \u021bi se pare prea complicat, nu-i nimic. Noi suntem aici ca s\u0103 te ghid\u0103m pas cu pas. Urm\u0103re\u0219te ghidurile noastre \u0219i construie\u0219te-\u021bi o gr\u0103din\u0103 roditoare. <\/p>\n\n\n\n<div style=\"height:27px\" aria-hidden=\"true\" class=\"wp-block-spacer\"><\/div>\n\n\n\n<h2 class=\"wp-block-heading\"><strong>Ghidurile Agroland<\/strong><\/h2>\n\n\n\n<div style=\"height:27px\" aria-hidden=\"true\" class=\"wp-block-spacer\"><\/div>\n\n\n\n<div class=\"wp-block-columns is-layout-flex wp-container-core-columns-is-layout-9d6595d7 wp-block-columns-is-layout-flex\">\n<div class=\"wp-block-column is-layout-flow wp-block-column-is-layout-flow\">\n<figure class=\"wp-block-image size-large\"><a href=\"https:\/\/agroland.ro\/c\/ghiduri-bulbi-de-toamna\/\"><img loading=\"lazy\" decoding=\"async\" width=\"1024\" height=\"788\" src=\"https:\/\/agroland.ro\/c\/wp-content\/uploads\/2022\/08\/Ghidurile-Agroland-5-1024x788.png\" alt=\"\" class=\"wp-image-31535\" srcset=\"https:\/\/agroland.ro\/c\/wp-content\/uploads\/2022\/08\/Ghidurile-Agroland-5-1024x788.png 1024w, https:\/\/agroland.ro\/c\/wp-content\/uploads\/2022\/08\/Ghidurile-Agroland-5-300x231.png 300w, https:\/\/agroland.ro\/c\/wp-content\/uploads\/2022\/08\/Ghidurile-Agroland-5-768x591.png 768w, https:\/\/agroland.ro\/c\/wp-content\/uploads\/2022\/08\/Ghidurile-Agroland-5-1000x770.png 1000w, https:\/\/agroland.ro\/c\/wp-content\/uploads\/2022\/08\/Ghidurile-Agroland-5-500x385.png 500w, https:\/\/agroland.ro\/c\/wp-content\/uploads\/2022\/08\/Ghidurile-Agroland-5.png 1199w\" sizes=\"(max-width: 1024px) 100vw, 1024px\" \/><\/a><\/figure>\n<\/div>\n\n\n\n<div class=\"wp-block-column is-layout-flow wp-block-column-is-layout-flow\">\n<figure class=\"wp-block-image size-large is-style-default\"><a href=\"https:\/\/agroland.ro\/c\/ghiduri-trandafiri\/\" target=\"_blank\" rel=\"noopener\"><img loading=\"lazy\" decoding=\"async\" width=\"1024\" height=\"788\" src=\"https:\/\/agroland.ro\/c\/wp-content\/uploads\/2022\/03\/Ghiduri_Agroland_-trandafiri__-1024x788.png\" alt=\"\" class=\"wp-image-29110\" srcset=\"https:\/\/agroland.ro\/c\/wp-content\/uploads\/2022\/03\/Ghiduri_Agroland_-trandafiri__-1024x788.png 1024w, https:\/\/agroland.ro\/c\/wp-content\/uploads\/2022\/03\/Ghiduri_Agroland_-trandafiri__-300x231.png 300w, https:\/\/agroland.ro\/c\/wp-content\/uploads\/2022\/03\/Ghiduri_Agroland_-trandafiri__-768x591.png 768w, https:\/\/agroland.ro\/c\/wp-content\/uploads\/2022\/03\/Ghiduri_Agroland_-trandafiri__-1000x770.png 1000w, https:\/\/agroland.ro\/c\/wp-content\/uploads\/2022\/03\/Ghiduri_Agroland_-trandafiri__-500x385.png 500w, https:\/\/agroland.ro\/c\/wp-content\/uploads\/2022\/03\/Ghiduri_Agroland_-trandafiri__.png 1199w\" sizes=\"(max-width: 1024px) 100vw, 1024px\" \/><\/a><\/figure>\n<\/div>\n\n\n\n<div class=\"wp-block-column is-layout-flow wp-block-column-is-layout-flow\">\n<figure class=\"wp-block-image size-large is-style-default\"><a href=\"https:\/\/agroland.ro\/c\/ghiduri-pomi-fructiferi\/\" target=\"_blank\" rel=\"noopener\"><img loading=\"lazy\" decoding=\"async\" width=\"1024\" height=\"788\" src=\"https:\/\/agroland.ro\/c\/wp-content\/uploads\/2022\/03\/Ghiduri_Agroland_-pomi_fructiferi__-1024x788.png\" alt=\"\" class=\"wp-image-29112\" srcset=\"https:\/\/agroland.ro\/c\/wp-content\/uploads\/2022\/03\/Ghiduri_Agroland_-pomi_fructiferi__-1024x788.png 1024w, https:\/\/agroland.ro\/c\/wp-content\/uploads\/2022\/03\/Ghiduri_Agroland_-pomi_fructiferi__-300x231.png 300w, https:\/\/agroland.ro\/c\/wp-content\/uploads\/2022\/03\/Ghiduri_Agroland_-pomi_fructiferi__-768x591.png 768w, https:\/\/agroland.ro\/c\/wp-content\/uploads\/2022\/03\/Ghiduri_Agroland_-pomi_fructiferi__-1000x770.png 1000w, https:\/\/agroland.ro\/c\/wp-content\/uploads\/2022\/03\/Ghiduri_Agroland_-pomi_fructiferi__-500x385.png 500w, https:\/\/agroland.ro\/c\/wp-content\/uploads\/2022\/03\/Ghiduri_Agroland_-pomi_fructiferi__.png 1199w\" sizes=\"(max-width: 1024px) 100vw, 1024px\" \/><\/a><\/figure>\n<\/div>\n<\/div>\n\n\n\n<div class=\"wp-block-columns is-layout-flex wp-container-core-columns-is-layout-9d6595d7 wp-block-columns-is-layout-flex\">\n<div class=\"wp-block-column is-layout-flow wp-block-column-is-layout-flow\">\n<figure class=\"wp-block-image size-large is-style-default\"><a href=\"https:\/\/agroland.ro\/c\/ghiduri-arbusti-fructiferi\/\" target=\"_blank\" rel=\"noopener\"><img loading=\"lazy\" decoding=\"async\" width=\"1024\" height=\"788\" src=\"https:\/\/agroland.ro\/c\/wp-content\/uploads\/2022\/03\/Ghiduri_Agroland_arbusti_fructiferi__-1024x788.png\" alt=\"\" class=\"wp-image-29113\" srcset=\"https:\/\/agroland.ro\/c\/wp-content\/uploads\/2022\/03\/Ghiduri_Agroland_arbusti_fructiferi__-1024x788.png 1024w, https:\/\/agroland.ro\/c\/wp-content\/uploads\/2022\/03\/Ghiduri_Agroland_arbusti_fructiferi__-300x231.png 300w, https:\/\/agroland.ro\/c\/wp-content\/uploads\/2022\/03\/Ghiduri_Agroland_arbusti_fructiferi__-768x591.png 768w, https:\/\/agroland.ro\/c\/wp-content\/uploads\/2022\/03\/Ghiduri_Agroland_arbusti_fructiferi__-1000x770.png 1000w, https:\/\/agroland.ro\/c\/wp-content\/uploads\/2022\/03\/Ghiduri_Agroland_arbusti_fructiferi__-500x385.png 500w, https:\/\/agroland.ro\/c\/wp-content\/uploads\/2022\/03\/Ghiduri_Agroland_arbusti_fructiferi__.png 1199w\" sizes=\"(max-width: 1024px) 100vw, 1024px\" \/><\/a><\/figure>\n<\/div>\n\n\n\n<div class=\"wp-block-column is-layout-flow wp-block-column-is-layout-flow\">\n<figure class=\"wp-block-image size-large is-style-default\"><a href=\"https:\/\/agroland.ro\/c\/ghiduri-vita-de-vie\/\" target=\"_blank\" rel=\"noopener\"><img loading=\"lazy\" decoding=\"async\" width=\"1024\" height=\"788\" src=\"https:\/\/agroland.ro\/c\/wp-content\/uploads\/2022\/03\/Ghiduri_Agroland_-vita_de_vie__-1024x788.png\" alt=\"\" class=\"wp-image-29114\" srcset=\"https:\/\/agroland.ro\/c\/wp-content\/uploads\/2022\/03\/Ghiduri_Agroland_-vita_de_vie__-1024x788.png 1024w, https:\/\/agroland.ro\/c\/wp-content\/uploads\/2022\/03\/Ghiduri_Agroland_-vita_de_vie__-300x231.png 300w, https:\/\/agroland.ro\/c\/wp-content\/uploads\/2022\/03\/Ghiduri_Agroland_-vita_de_vie__-768x591.png 768w, https:\/\/agroland.ro\/c\/wp-content\/uploads\/2022\/03\/Ghiduri_Agroland_-vita_de_vie__-1000x770.png 1000w, https:\/\/agroland.ro\/c\/wp-content\/uploads\/2022\/03\/Ghiduri_Agroland_-vita_de_vie__-500x385.png 500w, https:\/\/agroland.ro\/c\/wp-content\/uploads\/2022\/03\/Ghiduri_Agroland_-vita_de_vie__.png 1199w\" sizes=\"(max-width: 1024px) 100vw, 1024px\" \/><\/a><\/figure>\n<\/div>\n\n\n\n<div class=\"wp-block-column is-layout-flow wp-block-column-is-layout-flow\">\n<figure class=\"wp-block-image size-large is-style-default\"><a href=\"https:\/\/agroland.ro\/c\/ghiduri-gradina-de-legume\/\"><img loading=\"lazy\" decoding=\"async\" width=\"1024\" height=\"788\" src=\"https:\/\/agroland.ro\/c\/wp-content\/uploads\/2022\/03\/Ghiduri_Agroland_legume__-1024x788.png\" alt=\"\" class=\"wp-image-29109\" srcset=\"https:\/\/agroland.ro\/c\/wp-content\/uploads\/2022\/03\/Ghiduri_Agroland_legume__-1024x788.png 1024w, https:\/\/agroland.ro\/c\/wp-content\/uploads\/2022\/03\/Ghiduri_Agroland_legume__-300x231.png 300w, https:\/\/agroland.ro\/c\/wp-content\/uploads\/2022\/03\/Ghiduri_Agroland_legume__-768x591.png 768w, https:\/\/agroland.ro\/c\/wp-content\/uploads\/2022\/03\/Ghiduri_Agroland_legume__-1000x770.png 1000w, https:\/\/agroland.ro\/c\/wp-content\/uploads\/2022\/03\/Ghiduri_Agroland_legume__-500x385.png 500w, https:\/\/agroland.ro\/c\/wp-content\/uploads\/2022\/03\/Ghiduri_Agroland_legume__.png 1199w\" sizes=\"(max-width: 1024px) 100vw, 1024px\" \/><\/a><\/figure>\n<\/div>\n<\/div>\n\n\n\n<div class=\"wp-block-columns is-layout-flex wp-container-core-columns-is-layout-9d6595d7 wp-block-columns-is-layout-flex\">\n<div class=\"wp-block-column is-layout-flow wp-block-column-is-layout-flow\">\n<figure class=\"wp-block-image size-large is-style-default\"><a href=\"https:\/\/agroland.ro\/c\/ghiduri-arbusti-decorativi\/\" target=\"_blank\" rel=\"noopener\"><img loading=\"lazy\" decoding=\"async\" width=\"1024\" height=\"788\" src=\"https:\/\/agroland.ro\/c\/wp-content\/uploads\/2022\/04\/Ghidurile-Agroland-arbusti-decorativi-1024x788.png\" alt=\"\" class=\"wp-image-30114\" srcset=\"https:\/\/agroland.ro\/c\/wp-content\/uploads\/2022\/04\/Ghidurile-Agroland-arbusti-decorativi-1024x788.png 1024w, https:\/\/agroland.ro\/c\/wp-content\/uploads\/2022\/04\/Ghidurile-Agroland-arbusti-decorativi-300x231.png 300w, https:\/\/agroland.ro\/c\/wp-content\/uploads\/2022\/04\/Ghidurile-Agroland-arbusti-decorativi-768x591.png 768w, https:\/\/agroland.ro\/c\/wp-content\/uploads\/2022\/04\/Ghidurile-Agroland-arbusti-decorativi-1000x770.png 1000w, https:\/\/agroland.ro\/c\/wp-content\/uploads\/2022\/04\/Ghidurile-Agroland-arbusti-decorativi-500x385.png 500w, https:\/\/agroland.ro\/c\/wp-content\/uploads\/2022\/04\/Ghidurile-Agroland-arbusti-decorativi.png 1199w\" sizes=\"(max-width: 1024px) 100vw, 1024px\" \/><\/a><\/figure>\n<\/div>\n\n\n\n<div class=\"wp-block-column is-layout-flow wp-block-column-is-layout-flow\">\n<figure class=\"wp-block-image size-large is-style-default\"><a href=\"https:\/\/agroland.ro\/c\/ghiduri-bulbi-de-primavara\/\" target=\"_blank\" rel=\"noopener\"><img loading=\"lazy\" decoding=\"async\" width=\"1024\" height=\"788\" src=\"https:\/\/agroland.ro\/c\/wp-content\/uploads\/2023\/02\/Ghidurile-Agroland-7-1024x788.png\" alt=\"\" class=\"wp-image-33194\" srcset=\"https:\/\/agroland.ro\/c\/wp-content\/uploads\/2023\/02\/Ghidurile-Agroland-7-1024x788.png 1024w, https:\/\/agroland.ro\/c\/wp-content\/uploads\/2023\/02\/Ghidurile-Agroland-7-300x231.png 300w, https:\/\/agroland.ro\/c\/wp-content\/uploads\/2023\/02\/Ghidurile-Agroland-7-768x591.png 768w, https:\/\/agroland.ro\/c\/wp-content\/uploads\/2023\/02\/Ghidurile-Agroland-7-1000x770.png 1000w, https:\/\/agroland.ro\/c\/wp-content\/uploads\/2023\/02\/Ghidurile-Agroland-7-500x385.png 500w, https:\/\/agroland.ro\/c\/wp-content\/uploads\/2023\/02\/Ghidurile-Agroland-7.png 1199w\" sizes=\"(max-width: 1024px) 100vw, 1024px\" \/><\/a><\/figure>\n<\/div>\n\n\n\n<div class=\"wp-block-column is-layout-flow wp-block-column-is-layout-flow\"><\/div>\n<\/div>\n\n\n\n<div style=\"height:100px\" aria-hidden=\"true\" class=\"wp-block-spacer\"><\/div>\n","protected":false},"excerpt":{"rendered":"<p>Iubim gr\u0103din\u0103ritul! Este o activitate relaxant\u0103 \u0219i plin\u0103 de satisfac\u021bii. Poate c\u0103 la prima vedere \u021bi se pare prea complicat, nu-i nimic. Noi suntem aici ca s\u0103 te ghid\u0103m pas cu pas. Urm\u0103re\u0219te ghidurile noastre \u0219i construie\u0219te-\u021bi o gr\u0103din\u0103 roditoare. Ghidurile Agroland<\/p>\n","protected":false},"author":27,"featured_media":0,"parent":0,"menu_order":0,"comment_status":"closed","ping_status":"closed","template":"templates\/Products.php","meta":{"_acf_changed":false,"_et_pb_use_builder":"","_et_pb_old_content":"","_et_gb_content_width":"","inline_featured_image":false,"footnotes":""},"class_list":["post-28853","page","type-page","status-publish","hentry","entry"],"acf":[],"_links":{"self":[{"href":"https:\/\/agroland.ro\/c\/wp-json\/wp\/v2\/pages\/28853","targetHints":{"allow":["GET"]}}],"collection":[{"href":"https:\/\/agroland.ro\/c\/wp-json\/wp\/v2\/pages"}],"about":[{"href":"https:\/\/agroland.ro\/c\/wp-json\/wp\/v2\/types\/page"}],"author":[{"embeddable":true,"href":"https:\/\/agroland.ro\/c\/wp-json\/wp\/v2\/users\/27"}],"replies":[{"embeddable":true,"href":"https:\/\/agroland.ro\/c\/wp-json\/wp\/v2\/comments?post=28853"}],"version-history":[{"count":29,"href":"https:\/\/agroland.ro\/c\/wp-json\/wp\/v2\/pages\/28853\/revisions"}],"predecessor-version":[{"id":35651,"href":"https:\/\/agroland.ro\/c\/wp-json\/wp\/v2\/pages\/28853\/revisions\/35651"}],"wp:attachment":[{"href":"https:\/\/agroland.ro\/c\/wp-json\/wp\/v2\/media?parent=28853"}],"curies":[{"name":"wp","href":"https:\/\/api.w.org\/{rel}","templated":true}]}}