{"id":28874,"date":"2022-03-08T09:38:59","date_gmt":"2022-03-08T07:38:59","guid":{"rendered":"https:\/\/agroland.ro\/c\/?page_id=28874"},"modified":"2025-09-23T21:58:19","modified_gmt":"2025-09-23T18:58:19","slug":"ghiduri-trandafiri","status":"publish","type":"page","link":"https:\/\/agroland.ro\/c\/ghiduri-trandafiri\/","title":{"rendered":"Ghiduri Trandafiri"},"content":{"rendered":"\n<h2 class=\"wp-block-heading\"><\/h2>\n\n\n\n<div style=\"height:19px\" aria-hidden=\"true\" class=\"wp-block-spacer\"><\/div>\n\n\n\n<figure class=\"wp-block-image size-large is-style-default\"><img loading=\"lazy\" decoding=\"async\" width=\"1024\" height=\"379\" src=\"https:\/\/agroland.ro\/c\/wp-content\/uploads\/2022\/03\/Ghid_agroland_ingrijire_trandafiri_sfaturi_generale-1024x379.png\" alt=\"\" class=\"wp-image-28948\" srcset=\"https:\/\/agroland.ro\/c\/wp-content\/uploads\/2022\/03\/Ghid_agroland_ingrijire_trandafiri_sfaturi_generale-1024x379.png 1024w, https:\/\/agroland.ro\/c\/wp-content\/uploads\/2022\/03\/Ghid_agroland_ingrijire_trandafiri_sfaturi_generale-300x111.png 300w, https:\/\/agroland.ro\/c\/wp-content\/uploads\/2022\/03\/Ghid_agroland_ingrijire_trandafiri_sfaturi_generale-768x284.png 768w, https:\/\/agroland.ro\/c\/wp-content\/uploads\/2022\/03\/Ghid_agroland_ingrijire_trandafiri_sfaturi_generale-1536x569.png 1536w, https:\/\/agroland.ro\/c\/wp-content\/uploads\/2022\/03\/Ghid_agroland_ingrijire_trandafiri_sfaturi_generale-1568x580.png 1568w, https:\/\/agroland.ro\/c\/wp-content\/uploads\/2022\/03\/Ghid_agroland_ingrijire_trandafiri_sfaturi_generale-1000x370.png 1000w, https:\/\/agroland.ro\/c\/wp-content\/uploads\/2022\/03\/Ghid_agroland_ingrijire_trandafiri_sfaturi_generale-500x185.png 500w, https:\/\/agroland.ro\/c\/wp-content\/uploads\/2022\/03\/Ghid_agroland_ingrijire_trandafiri_sfaturi_generale.png 1702w\" sizes=\"(max-width: 1024px) 100vw, 1024px\" \/><\/figure>\n\n\n\n<div style=\"height:19px\" aria-hidden=\"true\" class=\"wp-block-spacer\"><\/div>\n\n\n\n<p>\u27a4 \u00cengrijirea trandafirilor \u00een fiecare anotimp \u00bb <a href=\"https:\/\/agroland.ro\/c\/ingrijirea-trandafirilor-in-fiecare-anotimp\/\">Vezi Ghidul<\/a><\/p>\n\n\n\n<div style=\"height:19px\" aria-hidden=\"true\" class=\"wp-block-spacer\"><\/div>\n\n\n\n<p>\u27a4 Septembrie &#8211; noiembrie, momentul ideal pentru plantarea buta\u0219ilor de trandafir \u00bb <a href=\"https:\/\/agroland.ro\/c\/septembrie-noiembrie-momentul-ideal-pentru-plantarea-bulbilor-de-toamna-si-a-butasilor-de-trandafir\/\">Vezi Ghidul<\/a><\/p>\n\n\n\n<div style=\"height:19px\" aria-hidden=\"true\" class=\"wp-block-spacer\"><\/div>\n\n\n\n<p>\u27a4 Produse de \u00eengrijire \u0219i accesorii pentru \u00eentre\u021binerea trandafirilor \u00bb <a rel=\"noreferrer noopener\" href=\"https:\/\/agroland.ro\/c\/produse-de-ingrijire-si-accesorii-pentru-intretinerea-trandafirilor\/\" target=\"_blank\">Vezi Ghidul<\/a><\/p>\n\n\n\n<div style=\"height:19px\" aria-hidden=\"true\" class=\"wp-block-spacer\"><\/div>\n\n\n\n<p>\u27a4 Cele mai \u00eent\u00e2lnite boli ale trandafirilor, mod de manifestare \u0219i metode de neutralizare \u00bb <a href=\"https:\/\/agroland.ro\/c\/cele-mai-intalnite-boli-ale-trandafirilor-mod-de-manifestare-si-metode-de-neutralizare\/\">Vezi Ghidul<\/a><\/p>\n\n\n\n<div style=\"height:19px\" aria-hidden=\"true\" class=\"wp-block-spacer\"><\/div>\n\n\n\n<p>\u27a4 Metode eficiente pentru a proteja trandafirii \u00een perioada de iarn\u0103 \u00bb <a href=\"https:\/\/agroland.ro\/c\/metode-eficiente-pentru-a-proteja-trandafirii-in-perioada-de-iarna\/\">Vezi Ghidul<\/a><\/p>\n\n\n\n<div style=\"height:19px\" aria-hidden=\"true\" class=\"wp-block-spacer\"><\/div>\n\n\n\n<p><p>\u27a4 De ce nu se prind buta\u0219ii, arbu\u0219tii sau pomii fructiferi \u2013 este sau nu vina materialului s\u0103ditor? \u00bb <a href=\"https:\/\/agroland.ro\/c\/esecul-plantarii-materialului-saditor\/\" target=\"_blank\" rel=\"noreferrer noopener\">Vezi Ghidul<\/a><\/p><\/p>\n\n\n\n<p>\u27a4Cum identifici materialul s\u0103ditor viabil fa\u021b\u0103 de cel uscat? \u00bb <a href=\"https:\/\/agroland.ro\/c\/esecul-plantarii-materialului-saditor\/\" target=\"_blank\" rel=\"noreferrer noopener\">Vezi Ghidul<\/a><\/p>\n\n\n\n<div style=\"height:18px\" aria-hidden=\"true\" class=\"wp-block-spacer\"><\/div>\n\n\n\n<figure class=\"wp-block-image size-large is-style-default\"><img loading=\"lazy\" decoding=\"async\" width=\"1024\" height=\"379\" src=\"https:\/\/agroland.ro\/c\/wp-content\/uploads\/2022\/03\/Ghid_agroland_ingrijire_trandafiri_teahibrizi-1-1024x379.png\" alt=\"\" class=\"wp-image-28930\" srcset=\"https:\/\/agroland.ro\/c\/wp-content\/uploads\/2022\/03\/Ghid_agroland_ingrijire_trandafiri_teahibrizi-1-1024x379.png 1024w, https:\/\/agroland.ro\/c\/wp-content\/uploads\/2022\/03\/Ghid_agroland_ingrijire_trandafiri_teahibrizi-1-300x111.png 300w, https:\/\/agroland.ro\/c\/wp-content\/uploads\/2022\/03\/Ghid_agroland_ingrijire_trandafiri_teahibrizi-1-768x284.png 768w, https:\/\/agroland.ro\/c\/wp-content\/uploads\/2022\/03\/Ghid_agroland_ingrijire_trandafiri_teahibrizi-1-1536x569.png 1536w, https:\/\/agroland.ro\/c\/wp-content\/uploads\/2022\/03\/Ghid_agroland_ingrijire_trandafiri_teahibrizi-1-1568x580.png 1568w, https:\/\/agroland.ro\/c\/wp-content\/uploads\/2022\/03\/Ghid_agroland_ingrijire_trandafiri_teahibrizi-1-1000x370.png 1000w, https:\/\/agroland.ro\/c\/wp-content\/uploads\/2022\/03\/Ghid_agroland_ingrijire_trandafiri_teahibrizi-1-500x185.png 500w, https:\/\/agroland.ro\/c\/wp-content\/uploads\/2022\/03\/Ghid_agroland_ingrijire_trandafiri_teahibrizi-1.png 1702w\" sizes=\"(max-width: 1024px) 100vw, 1024px\" \/><\/figure>\n\n\n\n<div style=\"height:18px\" aria-hidden=\"true\" class=\"wp-block-spacer\"><\/div>\n\n\n\n<p>\u27a4 Sfaturi de plantare a trandafirilor teahibrizi \u00bb <a rel=\"noreferrer noopener\" href=\"https:\/\/agroland.ro\/c\/sfaturi-utile-pentru-plantarea-trandafirilor-teahibrizi\/\" target=\"_blank\">Vezi Ghidul<\/a><\/p>\n\n\n\n<div style=\"height:18px\" aria-hidden=\"true\" class=\"wp-block-spacer\"><\/div>\n\n\n\n<p>\u27a4 T\u0103ierea \u0219i cur\u0103\u021barea trandafirilor teahibrizi \u00bb <a rel=\"noreferrer noopener\" href=\"https:\/\/agroland.ro\/c\/taierile-la-trandafirii-teahibrizi\/\" target=\"_blank\">Vezi Ghidul<\/a><\/p>\n\n\n\n<div style=\"height:18px\" aria-hidden=\"true\" class=\"wp-block-spacer\"><\/div>\n\n\n\n<figure class=\"wp-block-image size-large is-style-default\"><img loading=\"lazy\" decoding=\"async\" width=\"1024\" height=\"379\" src=\"https:\/\/agroland.ro\/c\/wp-content\/uploads\/2022\/03\/Ghid_agroland_ingrijire_trandafiri_urcatori-1024x379.png\" alt=\"\" class=\"wp-image-28940\" srcset=\"https:\/\/agroland.ro\/c\/wp-content\/uploads\/2022\/03\/Ghid_agroland_ingrijire_trandafiri_urcatori-1024x379.png 1024w, https:\/\/agroland.ro\/c\/wp-content\/uploads\/2022\/03\/Ghid_agroland_ingrijire_trandafiri_urcatori-300x111.png 300w, https:\/\/agroland.ro\/c\/wp-content\/uploads\/2022\/03\/Ghid_agroland_ingrijire_trandafiri_urcatori-768x284.png 768w, https:\/\/agroland.ro\/c\/wp-content\/uploads\/2022\/03\/Ghid_agroland_ingrijire_trandafiri_urcatori-1536x569.png 1536w, https:\/\/agroland.ro\/c\/wp-content\/uploads\/2022\/03\/Ghid_agroland_ingrijire_trandafiri_urcatori-1568x580.png 1568w, https:\/\/agroland.ro\/c\/wp-content\/uploads\/2022\/03\/Ghid_agroland_ingrijire_trandafiri_urcatori-1000x370.png 1000w, https:\/\/agroland.ro\/c\/wp-content\/uploads\/2022\/03\/Ghid_agroland_ingrijire_trandafiri_urcatori-500x185.png 500w, https:\/\/agroland.ro\/c\/wp-content\/uploads\/2022\/03\/Ghid_agroland_ingrijire_trandafiri_urcatori.png 1702w\" sizes=\"(max-width: 1024px) 100vw, 1024px\" \/><\/figure>\n\n\n\n<div style=\"height:18px\" aria-hidden=\"true\" class=\"wp-block-spacer\"><\/div>\n\n\n\n<p>\u27a4 Sfaturi de plantare a trandafirilor urc\u0103tori \u00bb<a rel=\"noreferrer noopener\" href=\"https:\/\/agroland.ro\/c\/sfaturi-utile-pentru-plantarea-trandafirilor-urcatori\/\" target=\"_blank\"> Vezi Ghidul<\/a><\/p>\n\n\n\n<div style=\"height:18px\" aria-hidden=\"true\" class=\"wp-block-spacer\"><\/div>\n\n\n\n<p>\u27a4 T\u0103ierea \u0219i cur\u0103\u021barea trandafirilor urc\u0103tori \u00bb <a rel=\"noreferrer noopener\" href=\"https:\/\/agroland.ro\/c\/taierea-si-curatarea-trandafirilor-urcatori\/\" target=\"_blank\">Vezi Ghidulul<\/a><\/p>\n\n\n\n<div style=\"height:18px\" aria-hidden=\"true\" class=\"wp-block-spacer\"><\/div>\n\n\n\n<p>\u27a4 Cum se ob\u021bine \u0219i cum se \u00eentre\u021bine bolta din trandafiri urc\u0103tori? \u00bb <a rel=\"noreferrer noopener\" href=\"https:\/\/agroland.ro\/c\/cum-se-obtine-si-cum-se-intretine-bolta-din-trandafiri-urcatori\/\" target=\"_blank\">Vezi Ghidul<\/a><\/p>\n\n\n\n<div style=\"height:18px\" aria-hidden=\"true\" class=\"wp-block-spacer\"><\/div>\n\n\n\n<figure class=\"wp-block-image size-large is-style-default\"><img loading=\"lazy\" decoding=\"async\" width=\"1024\" height=\"379\" src=\"https:\/\/agroland.ro\/c\/wp-content\/uploads\/2022\/03\/Ghid_agroland_ingrijire_trandafiri_pomisor-1024x379.png\" alt=\"\" class=\"wp-image-28941\" srcset=\"https:\/\/agroland.ro\/c\/wp-content\/uploads\/2022\/03\/Ghid_agroland_ingrijire_trandafiri_pomisor-1024x379.png 1024w, https:\/\/agroland.ro\/c\/wp-content\/uploads\/2022\/03\/Ghid_agroland_ingrijire_trandafiri_pomisor-300x111.png 300w, https:\/\/agroland.ro\/c\/wp-content\/uploads\/2022\/03\/Ghid_agroland_ingrijire_trandafiri_pomisor-768x284.png 768w, https:\/\/agroland.ro\/c\/wp-content\/uploads\/2022\/03\/Ghid_agroland_ingrijire_trandafiri_pomisor-1536x569.png 1536w, https:\/\/agroland.ro\/c\/wp-content\/uploads\/2022\/03\/Ghid_agroland_ingrijire_trandafiri_pomisor-1568x580.png 1568w, https:\/\/agroland.ro\/c\/wp-content\/uploads\/2022\/03\/Ghid_agroland_ingrijire_trandafiri_pomisor-1000x370.png 1000w, https:\/\/agroland.ro\/c\/wp-content\/uploads\/2022\/03\/Ghid_agroland_ingrijire_trandafiri_pomisor-500x185.png 500w, https:\/\/agroland.ro\/c\/wp-content\/uploads\/2022\/03\/Ghid_agroland_ingrijire_trandafiri_pomisor.png 1702w\" sizes=\"(max-width: 1024px) 100vw, 1024px\" \/><\/figure>\n\n\n\n<div style=\"height:18px\" aria-hidden=\"true\" class=\"wp-block-spacer\"><\/div>\n\n\n\n<p>\u27a4 Sfaturi de plantare a trandafirilor pomi\u0219or \u00bb <a rel=\"noreferrer noopener\" href=\"https:\/\/agroland.ro\/c\/sfaturi-utile-pentru-plantarea-trandafirilor-pomisor\/\" target=\"_blank\">Vezi Ghidul<\/a><\/p>\n\n\n\n<div style=\"height:18px\" aria-hidden=\"true\" class=\"wp-block-spacer\"><\/div>\n\n\n\n<p>\u27a4Trandafirul pomi\u0219or \u0219i pomul fructifer pitic, rezist\u0103 mai bine \u00een sol sau \u00een ghiveci? \u00bb <a href=\"https:\/\/agroland.ro\/c\/plantarea-trandafirului-pomisor-in-ghiveci\/\" target=\"_blank\" rel=\"noreferrer noopener\">Vezi Ghidul<\/a><\/p>\n\n\n\n<p>\u27a4 T\u0103ierea \u0219i cur\u0103\u021barea trandafirilor pomi\u0219or <strong>\u00bb<\/strong> <a rel=\"noreferrer noopener\" href=\"https:\/\/agroland.ro\/c\/taierea-si-curatarea-trandafirilor-pomisor\/\" target=\"_blank\">Vezi Ghidul<\/a><\/p>\n\n\n\n<div style=\"height:18px\" aria-hidden=\"true\" class=\"wp-block-spacer\"><\/div>\n\n\n\n<p>\u27a4 Cum protej\u0103m trandafirii pomi\u0219or peste iarn\u0103 \u00bb <a href=\"https:\/\/agroland.ro\/c\/cum-protejam-trandafirul-pomisor-pe-timp-de-iarna\/\">Vezi Ghidul<\/a><\/p>\n\n\n\n<div style=\"height:18px\" aria-hidden=\"true\" class=\"wp-block-spacer\"><\/div>\n\n\n\n<p>\u27a4 Altoirea trandafirilor pomi\u0219or \u00bb <a href=\"https:\/\/agroland.ro\/c\/altoirea-trandafirilor-pomisor\/\">Vezi Ghidul<\/a><\/p>\n","protected":false},"excerpt":{"rendered":"<p>\u27a4 \u00cengrijirea trandafirilor \u00een fiecare anotimp \u00bb Vezi Ghidul \u27a4 Septembrie &#8211; noiembrie, momentul ideal pentru plantarea buta\u0219ilor de trandafir \u00bb Vezi Ghidul \u27a4 Produse de \u00eengrijire \u0219i accesorii pentru \u00eentre\u021binerea trandafirilor \u00bb Vezi Ghidul \u27a4 Cele mai \u00eent\u00e2lnite boli ale trandafirilor, mod de manifestare \u0219i metode de neutralizare \u00bb Vezi Ghidul \u27a4 Metode eficiente&hellip; <a class=\"more-link\" href=\"https:\/\/agroland.ro\/c\/ghiduri-trandafiri\/\">Continu\u0103 lectura <span class=\"screen-reader-text\">Ghiduri Trandafiri<\/span><\/a><\/p>\n","protected":false},"author":27,"featured_media":0,"parent":0,"menu_order":0,"comment_status":"closed","ping_status":"closed","template":"templates\/Products.php","meta":{"_acf_changed":false,"_et_pb_use_builder":"","_et_pb_old_content":"","_et_gb_content_width":"","inline_featured_image":false,"footnotes":""},"class_list":["post-28874","page","type-page","status-publish","hentry","entry"],"acf":[],"_links":{"self":[{"href":"https:\/\/agroland.ro\/c\/wp-json\/wp\/v2\/pages\/28874","targetHints":{"allow":["GET"]}}],"collection":[{"href":"https:\/\/agroland.ro\/c\/wp-json\/wp\/v2\/pages"}],"about":[{"href":"https:\/\/agroland.ro\/c\/wp-json\/wp\/v2\/types\/page"}],"author":[{"embeddable":true,"href":"https:\/\/agroland.ro\/c\/wp-json\/wp\/v2\/users\/27"}],"replies":[{"embeddable":true,"href":"https:\/\/agroland.ro\/c\/wp-json\/wp\/v2\/comments?post=28874"}],"version-history":[{"count":28,"href":"https:\/\/agroland.ro\/c\/wp-json\/wp\/v2\/pages\/28874\/revisions"}],"predecessor-version":[{"id":41728,"href":"https:\/\/agroland.ro\/c\/wp-json\/wp\/v2\/pages\/28874\/revisions\/41728"}],"wp:attachment":[{"href":"https:\/\/agroland.ro\/c\/wp-json\/wp\/v2\/media?parent=28874"}],"curies":[{"name":"wp","href":"https:\/\/api.w.org\/{rel}","templated":true}]}}