{"id":28915,"date":"2022-03-08T11:12:24","date_gmt":"2022-03-08T09:12:24","guid":{"rendered":"https:\/\/agroland.ro\/c\/?page_id=28915"},"modified":"2026-05-05T09:16:52","modified_gmt":"2026-05-05T06:16:52","slug":"ghiduri-agroland-pregatirea-adapostului-recomandari-generale","status":"publish","type":"page","link":"https:\/\/agroland.ro\/c\/ghiduri-agroland-pregatirea-adapostului-recomandari-generale\/","title":{"rendered":"Preg\u0103tirea ad\u0103postului pentru cre\u0219terea puilor&nbsp;"},"content":{"rendered":"\n<p>Preg\u0103tirea ad\u0103postului \u00eenainte de a aduce puii de g\u0103in\u0103 este esen\u021bial\u0103. Trebuie acordat\u0103 aten\u021bie elementelor vitale care formeaz\u0103 un ad\u0103post sigur \u0219i un mediu optim pentru cre\u0219terea corect\u0103 a puilor. \u00ce\u021bi oferim informa\u021bii detaliate despre ce trebuie s\u0103 iei \u00een considerare la amenajarea unui ad\u0103post pentru puii sau p\u0103s\u0103ri.<\/p>\n\n\n\n<div style=\"height:30px\" aria-hidden=\"true\" class=\"wp-block-spacer\"><\/div>\n\n\n<div class=\"wp-block-image\">\n<figure class=\"aligncenter size-full\"><img loading=\"lazy\" decoding=\"async\" width=\"960\" height=\"640\" src=\"https:\/\/agroland.ro\/c\/wp-content\/uploads\/2026\/04\/pregatirea-adapostului-pentru-puii-de-o-zi.jpg\" alt=\"Preg\u0103tirea ad\u0103postului pentru puii de o zi\" class=\"wp-image-44409\" srcset=\"https:\/\/agroland.ro\/c\/wp-content\/uploads\/2026\/04\/pregatirea-adapostului-pentru-puii-de-o-zi.jpg 960w, https:\/\/agroland.ro\/c\/wp-content\/uploads\/2026\/04\/pregatirea-adapostului-pentru-puii-de-o-zi-300x200.jpg 300w, https:\/\/agroland.ro\/c\/wp-content\/uploads\/2026\/04\/pregatirea-adapostului-pentru-puii-de-o-zi-768x512.jpg 768w, https:\/\/agroland.ro\/c\/wp-content\/uploads\/2026\/04\/pregatirea-adapostului-pentru-puii-de-o-zi-500x333.jpg 500w\" sizes=\"(max-width: 960px) 100vw, 960px\" \/><\/figure>\n<\/div>\n\n\n<h2 class=\"wp-block-heading\">Ce trebuie s\u0103 \u0219tii \u00eenainte de a achizi\u021biona pui de o zi<\/h2>\n\n\n\n<p>1\ufe0f\u20e3 <strong>C\u00e2nd \u00eencepe preg\u0103tirea ad\u0103postului pentru puii de o zi?<\/strong><\/p>\n\n\n\n<p>Preg\u0103tirea ad\u0103postului pentru puii de o zi \u00eencepe cu dou\u0103 s\u0103pt\u0103m\u00e2ni \u00eenainte de achizi\u021bia puilor. De ce? Pentru c\u0103 include 6 etape printre care \u0219i decontaminarea ad\u0103postului care se face cu substan\u021be dezinfectante puternice. Acestea ar putea s\u0103 influen\u021beze starea de s\u0103n\u0103tate a puilor dac\u0103 sunt introdu\u021bi \u00een ad\u0103post prea repede. <\/p>\n\n\n\n<p>2\ufe0f\u20e3<strong> Cum trebuie amenajat ad\u0103postul puilor de o zi?<\/strong><\/p>\n\n\n\n<p>A\u0219ternutul este obligatoriu pentru ad\u0103postul puilor de o zi. A\u0219ternutul nu trebuie realizat din orice fel de material, ci din materiale care asigur\u0103 confortul termic, absorb umezeala, dar nu o men\u021bin. <\/p>\n\n\n\n<p>3\ufe0f\u20e3 <strong>Ce temperatur\u0103 este potrivit\u0103 pentru ad\u0103postul puilor?<\/strong><\/p>\n\n\n\n<p>P\u00e2n\u0103 la 2-3 s\u0103pt\u0103m\u00e2ni, sistemul de termoreglare al puilor nu func\u021bioneaz\u0103. Ad\u0103postul trebuie s\u0103 aib\u0103 32\u201335\u00b0C. Temperatura se reduce treptat cu aproximativ 2\u20133\u00b0C pe s\u0103pt\u0103m\u00e2n\u0103. Lumina este la fel de important\u0103 \u0219i este corelat\u0103 cu temperatura, pentru c\u0103 se asigur\u0103 cu ajutorul becurilor cu infraro\u0219u. <\/p>\n\n\n\n<h2 class=\"wp-block-heading\">De ce conteaz\u0103 preg\u0103tirea ad\u0103postului?<\/h2>\n\n\n\n<p>Puii de o zi sunt extrem de vulnerabili \u00een primele zile de via\u021b\u0103. Sistemul lor imunitar este incomplet dezvoltat, termoreglarea este deficitar\u0103, iar stresul de mediu poate compromite iremediabil performan\u021bele de cre\u0219tere. Un ad\u0103post preg\u0103tit profesional reduce mortalitatea timpurie, previne bolile respiratorii \u0219i digestive \u0219i asigur\u0103 un consum optim de furaj \u0219i ap\u0103.<\/p>\n\n\n\n<p>Preg\u0103tirea trebuie s\u0103 \u00eenceap\u0103 cu cel pu\u021bin dou\u0103 s\u0103pt\u0103m\u00e2ni \u00eenainte de populare \u0219i s\u0103 urmeze un protocol riguros \u00een etape succesive.<\/p>\n\n\n\n<div class=\"wp-block-columns is-layout-flex wp-container-core-columns-is-layout-9d6595d7 wp-block-columns-is-layout-flex\">\n<div class=\"wp-block-column is-layout-flow wp-block-column-is-layout-flow\" style=\"flex-basis:100%\">\n<p>\u2611\ufe0f Golire \u0219i cur\u0103\u021bare mecanic\u0103 a ad\u0103postului<br>\u2611\ufe0f Dezinfec\u021bie \u0219i decontaminare complet\u0103<br>\u2611\ufe0f \u00cempr\u0103\u0219tierea a\u0219ternutului<br>\u2611\ufe0f Reglarea sistemului de \u00eenc\u0103lzire<br>\u2611\ufe0f Instalarea \u0219i testarea sistemului de lumini<br>\u2611\ufe0f Preg\u0103tirea furajului \u0219i a apei la sosire<\/p>\n<\/div>\n<\/div>\n\n\n\n<blockquote class=\"wp-block-quote is-layout-flow wp-block-quote-is-layout-flow\">\n<p><strong>Aten\u021bie!<\/strong> Ad\u0103postul trebuie s\u0103 ating\u0103 temperatura de populare (32\u00b0C &#8211; 35\u00b0C la nivelul puilor) cu cel pu\u021bin 24\u201348 de ore \u00eenainte de sosirea puilor, pentru ca asternutuul s\u0103 fie cald \u0219i uscat.<\/p>\n<\/blockquote>\n\n\n\n<h2 class=\"wp-block-heading\">Cum preg\u0103te\u0219ti ad\u0103postul \u00een 6 pa\u0219i<\/h2>\n\n\n\n<p>Un ad\u0103post preg\u0103tit corect este fundamentul unui start s\u0103n\u0103tos pentru pui. Fiecare detaliu de la dezinfec\u021bie \u0219i temperatur\u0103, p\u00e2n\u0103 la lumin\u0103 \u0219i furaj influen\u021beaz\u0103 direct rata de supravie\u021buire \u0219i cre\u0219terea uniform\u0103 a efectivului. <strong>Dac\u0103 faci click pe butoanele de mai jos, g\u0103se\u0219ti informa\u021bii detaliate despre fiecare dintre cerin\u021bele unui ad\u0103pot corect amenajat.<\/strong><\/p>\n\n\n\n<div style=\"height:30px\" aria-hidden=\"true\" class=\"wp-block-spacer\"><\/div>\n\n\n\n<div style=\"height:30px\" aria-hidden=\"true\" class=\"wp-block-spacer\"><\/div>\n\n\n\n<div class=\"wp-block-buttons is-layout-flex wp-block-buttons-is-layout-flex\">\n<div class=\"wp-block-button\"><a class=\"wp-block-button__link wp-element-button\" href=\"https:\/\/agroland.ro\/c\/dezinfectarea-adapostului-pentru-puii-de-o-zi\/\"><br>Dezinfectarea ad\u0103postului<br><\/a><\/div>\n\n\n\n<div style=\"height:30px;width:0px\" aria-hidden=\"true\" class=\"wp-block-spacer wp-container-content-cf2db169\"><\/div>\n\n\n\n<div class=\"wp-block-button\"><a class=\"wp-block-button__link wp-element-button\" href=\"https:\/\/agroland.ro\/c\/asternutul-pentru-adapostul-puilor-de-o-zi\/\">A\u0219ternutul pentru ad\u0103post<br><\/a><\/div>\n\n\n\n<div style=\"height:30px;width:0px\" aria-hidden=\"true\" class=\"wp-block-spacer wp-container-content-cf2db169\"><\/div>\n\n\n\n<div class=\"wp-block-button\"><a class=\"wp-block-button__link wp-element-button\">Lumina din ad\u0103post<br><\/a><\/div>\n\n\n\n<div style=\"height:30px;width:0px\" aria-hidden=\"true\" class=\"wp-block-spacer wp-container-content-cf2db169\"><\/div>\n\n\n\n<div class=\"wp-block-button\"><a class=\"wp-block-button__link wp-element-button\">Temperatura din ad\u0103post<br><\/a><\/div>\n\n\n\n<div style=\"height:30px;width:0px\" aria-hidden=\"true\" class=\"wp-block-spacer wp-container-content-cf2db169\"><\/div>\n\n\n\n<div class=\"wp-block-button\"><a class=\"wp-block-button__link wp-element-button\" href=\"https:\/\/agroland.ro\/c\/furaje\/\">Furaje pentru puii de o zi<br><\/a><\/div>\n\n\n\n<div style=\"height:30px;width:0px\" aria-hidden=\"true\" class=\"wp-block-spacer wp-container-content-cf2db169\"><\/div>\n\n\n\n<div class=\"wp-block-button\"><a class=\"wp-block-button__link wp-element-button\">Apa pentru puii de o zi<br><\/a><\/div>\n<\/div>\n\n\n\n<div style=\"height:100px\" aria-hidden=\"true\" class=\"wp-block-spacer\"><\/div>\n\n\n\n<p>Nu rata niciunul dintre pa\u0219ii de mai sus pentru c\u0103 pot ap\u0103rea probleme \u00een colectivul de pui. Mai jos po\u021bi vedea care sunt problemele cu care te confrun\u021bi dac\u0103 nu respec\u021bi regulile de amenajare a ad\u0103postului. <\/p>\n\n\n\n<h2 class=\"wp-block-heading\"><strong>Ce probleme pot ap\u0103rea \u00een cazul nerespect\u0103rii condi\u021biilor de cre\u0219tere<\/strong><\/h2>\n\n\n\n<p>Nerespectarea condi\u021biilor optime de ad\u0103post pune \u00een pericol direct s\u0103n\u0103tatea \u0219i supravie\u021buirea puilor. Risca\u021bi mortalitate ridicat\u0103, loturi neuniforme, probleme respiratorii \u0219i digestive, consum ineficient de furaj \u0219i ap\u0103, costuri veterinare crescute \u0219i pierderi economice semnificative la sacrificare. Fiecare detaliu neglijat se reflect\u0103 direct \u00een rentabilitatea seriei.<\/p>\n\n\n<div class=\"wp-block-image\">\n<figure class=\"aligncenter size-full\"><img loading=\"lazy\" decoding=\"async\" width=\"960\" height=\"640\" src=\"https:\/\/agroland.ro\/c\/wp-content\/uploads\/2026\/04\/probleme-din-cauza-adapostului-neconform.jpg\" alt=\"probleme \u00een ad\u0103postul puilor de o zi din cauza neconformitatii\" class=\"wp-image-44416\" srcset=\"https:\/\/agroland.ro\/c\/wp-content\/uploads\/2026\/04\/probleme-din-cauza-adapostului-neconform.jpg 960w, https:\/\/agroland.ro\/c\/wp-content\/uploads\/2026\/04\/probleme-din-cauza-adapostului-neconform-300x200.jpg 300w, https:\/\/agroland.ro\/c\/wp-content\/uploads\/2026\/04\/probleme-din-cauza-adapostului-neconform-768x512.jpg 768w, https:\/\/agroland.ro\/c\/wp-content\/uploads\/2026\/04\/probleme-din-cauza-adapostului-neconform-500x333.jpg 500w\" sizes=\"(max-width: 960px) 100vw, 960px\" \/><\/figure>\n<\/div>\n\n\n<p>Mai jos po\u021bi vedea o serie de probleme grave care pot ap\u0103rea din cauza ad\u0103postului neconform. Pot ap\u0103rea ologeala, canibalismul sau moartea subit\u0103, iar motivele le po\u021bi vedea mai jos. Respect\u0103 cei 6 pa\u0219i de amenajare a ad\u0103postului, apas\u0103 butoanele din paragraful de mai sus, \u0219i afl\u0103 care sunt cerin\u021bele pe care trebuie s\u0103 le respec\u021bi pentru a evita problemele din ad\u0103post.<\/p>\n\n\n<div class=\"wp-block-image\">\n<figure class=\"aligncenter size-full\"><img loading=\"lazy\" decoding=\"async\" width=\"960\" height=\"640\" src=\"https:\/\/agroland.ro\/c\/wp-content\/uploads\/2026\/04\/probleme-in-adapostul-puilor-de-o-zi.jpg\" alt=\"ce probleme pot aparea in adapostul neconform\" class=\"wp-image-44417\" srcset=\"https:\/\/agroland.ro\/c\/wp-content\/uploads\/2026\/04\/probleme-in-adapostul-puilor-de-o-zi.jpg 960w, https:\/\/agroland.ro\/c\/wp-content\/uploads\/2026\/04\/probleme-in-adapostul-puilor-de-o-zi-300x200.jpg 300w, https:\/\/agroland.ro\/c\/wp-content\/uploads\/2026\/04\/probleme-in-adapostul-puilor-de-o-zi-768x512.jpg 768w, https:\/\/agroland.ro\/c\/wp-content\/uploads\/2026\/04\/probleme-in-adapostul-puilor-de-o-zi-500x333.jpg 500w\" sizes=\"(max-width: 960px) 100vw, 960px\" \/><\/figure>\n<\/div>\n\n\n<p><\/p>\n","protected":false},"excerpt":{"rendered":"<p>Preg\u0103tirea ad\u0103postului \u00eenainte de a aduce puii de g\u0103in\u0103 este esen\u021bial\u0103. Trebuie acordat\u0103 aten\u021bie elementelor vitale care formeaz\u0103 un ad\u0103post sigur \u0219i un mediu optim pentru cre\u0219terea corect\u0103 a puilor. \u00ce\u021bi oferim informa\u021bii detaliate despre ce trebuie s\u0103 iei \u00een considerare la amenajarea unui ad\u0103post pentru puii sau p\u0103s\u0103ri. Ce trebuie s\u0103 \u0219tii \u00eenainte de&hellip; <a class=\"more-link\" href=\"https:\/\/agroland.ro\/c\/ghiduri-agroland-pregatirea-adapostului-recomandari-generale\/\">Continu\u0103 lectura <span class=\"screen-reader-text\">Preg\u0103tirea ad\u0103postului pentru cre\u0219terea puilor&nbsp;<\/span><\/a><\/p>\n","protected":false},"author":27,"featured_media":15701,"parent":0,"menu_order":0,"comment_status":"closed","ping_status":"closed","template":"templates\/Products.php","meta":{"_acf_changed":false,"_et_pb_use_builder":"","_et_pb_old_content":"","_et_gb_content_width":"","inline_featured_image":false,"footnotes":""},"class_list":["post-28915","page","type-page","status-publish","has-post-thumbnail","hentry","entry"],"acf":[],"_links":{"self":[{"href":"https:\/\/agroland.ro\/c\/wp-json\/wp\/v2\/pages\/28915","targetHints":{"allow":["GET"]}}],"collection":[{"href":"https:\/\/agroland.ro\/c\/wp-json\/wp\/v2\/pages"}],"about":[{"href":"https:\/\/agroland.ro\/c\/wp-json\/wp\/v2\/types\/page"}],"author":[{"embeddable":true,"href":"https:\/\/agroland.ro\/c\/wp-json\/wp\/v2\/users\/27"}],"replies":[{"embeddable":true,"href":"https:\/\/agroland.ro\/c\/wp-json\/wp\/v2\/comments?post=28915"}],"version-history":[{"count":66,"href":"https:\/\/agroland.ro\/c\/wp-json\/wp\/v2\/pages\/28915\/revisions"}],"predecessor-version":[{"id":44549,"href":"https:\/\/agroland.ro\/c\/wp-json\/wp\/v2\/pages\/28915\/revisions\/44549"}],"wp:featuredmedia":[{"embeddable":true,"href":"https:\/\/agroland.ro\/c\/wp-json\/wp\/v2\/media\/15701"}],"wp:attachment":[{"href":"https:\/\/agroland.ro\/c\/wp-json\/wp\/v2\/media?parent=28915"}],"curies":[{"name":"wp","href":"https:\/\/api.w.org\/{rel}","templated":true}]}}