{"id":29020,"date":"2022-03-08T15:49:26","date_gmt":"2022-03-08T13:49:26","guid":{"rendered":"https:\/\/agroland.ro\/c\/?page_id=29020"},"modified":"2025-11-26T20:16:25","modified_gmt":"2025-11-26T18:16:25","slug":"ghiduri-agroland-cresterea-puicutelor-si-gainilor-ouatoare","status":"publish","type":"page","link":"https:\/\/agroland.ro\/c\/ghiduri-agroland-cresterea-puicutelor-si-gainilor-ouatoare\/","title":{"rendered":"Tot ce trebuie s\u0103 \u0219tii despre cre\u0219terea puicu\u021belor ou\u0103toare"},"content":{"rendered":"\n<p>Cre\u0219terea puicu\u021belor ou\u0103toare de o zi la curte, \u00een gospod\u0103riile familiale, nu se face cu investi\u021bii mari din punct de vedere al exploat\u0103rii. Oamenii prefer\u0103 s\u0103 creasc\u0103 puicu\u021be ou\u0103toare de o zi pentru a consuma ou\u0103 de cas\u0103, de calitate superioar\u0103 din punct de vedere al propriet\u0103\u021bilor. <\/p>\n\n\n\n<div style=\"height:18px\" aria-hidden=\"true\" class=\"wp-block-spacer\"><\/div>\n\n\n\n<figure class=\"wp-block-image size-large\"><img loading=\"lazy\" decoding=\"async\" width=\"1024\" height=\"671\" src=\"https:\/\/agroland.ro\/c\/wp-content\/uploads\/2022\/04\/gaini-oautoare-1024x671.png\" alt=\"\" class=\"wp-image-29837\" srcset=\"https:\/\/agroland.ro\/c\/wp-content\/uploads\/2022\/04\/gaini-oautoare-1024x671.png 1024w, https:\/\/agroland.ro\/c\/wp-content\/uploads\/2022\/04\/gaini-oautoare-300x197.png 300w, https:\/\/agroland.ro\/c\/wp-content\/uploads\/2022\/04\/gaini-oautoare-768x503.png 768w, https:\/\/agroland.ro\/c\/wp-content\/uploads\/2022\/04\/gaini-oautoare-1000x655.png 1000w, https:\/\/agroland.ro\/c\/wp-content\/uploads\/2022\/04\/gaini-oautoare-500x328.png 500w, https:\/\/agroland.ro\/c\/wp-content\/uploads\/2022\/04\/gaini-oautoare.png 1245w\" sizes=\"(max-width: 1024px) 100vw, 1024px\" \/><\/figure>\n\n\n\n<p><strong>Ce trebuie s\u0103 \u0219ti\u021bi despre cre\u0219terea puicu\u021belor<\/strong>:<\/p>\n\n\n\n<ol class=\"wp-block-list\">\n<li><a href=\"#puicute\">Cum trebuie s\u0103 arate puicu\u021bele ou\u0103toare de o zi la achizi\u021bie<\/a><\/li>\n\n\n\n<li><a href=\"#furajare\">Furajarea \u0219i cre\u0219terea puicu\u021belor ou\u0103toare de o zi \u00een perioada de demaraj<\/a><\/li>\n\n\n\n<li><a href=\"#crestere\">Furajarea \u0219i cre\u0219terea puicu\u021belor ou\u0103toare \u00een perioada de 7-12 s\u0103pt\u0103m\u00e2ni<\/a><\/li>\n\n\n\n<li><a href=\"#ouat\">Furajarea \u0219i cre\u0219terea puicu\u021belor ou\u0103toare \u00een perioada de 13-18 s\u0103pt\u0103m\u00e2ni<\/a><\/li>\n\n\n\n<li><a href=\"#adapost\">Amenajarea ad\u0103postului pentru g\u0103inile ou\u0103toare<\/a><\/li>\n<\/ol>\n\n\n\n<h2 class=\"wp-block-heading\" id=\"puicute\">Puicu\u021be ou\u0103toare de o zi la achizi\u021bie&nbsp;<\/h2>\n\n\n\n<p>Puicu\u021bele ou\u0103toare Agroland sunt la v\u00e2nzare periodic \u00een&nbsp; <a href=\"https:\/\/agroland.ro\/c\/magazinele-noastre\/\" target=\"_blank\" rel=\"noreferrer noopener\">Magazinele Agroland<\/a> din \u021bar\u0103. Prezent\u0103m caracteristicile hibridului de ou\u0103, dar mai \u00eent\u00e2i v\u0103 oferim informa\u021bii punctuale despre calitatea puilor de o zi achizi\u021biona\u021bi \u00een magazinele noastre. Este esen\u021bial s\u0103 pleca\u021bi acas\u0103 cu pui s\u0103n\u0103to\u0219i. De aceea, v\u0103 prezent\u0103m toate caracteristicile unui pui de o zi s\u0103n\u0103tos.<\/p>\n\n\n\n<ul class=\"wp-block-list\">\n<li>\u00ce\u0219i men\u021bine echilibrul, are picioarele drepte<\/li>\n\n\n\n<li>Abdomenul este normal, ombilicul uscat<\/li>\n\n\n\n<li>Puful puilor de o zi trebuie s\u0103 fie uscat, pufos la atingere<\/li>\n\n\n\n<li>Puii trebuie s\u0103 fie activi, nu letargici<\/li>\n\n\n\n<li>Un pui ar trebui s\u0103 aib\u0103 greutatea aproximativ\u0103 de 40 g +\/-<\/li>\n\n\n\n<li>Puii se achizi\u021bioneaz\u0103 doar \u00een l\u0103di\u021be de plastic sau cutii de carton, ventilate, decontaminate<\/li>\n<\/ul>\n\n\n\n<p>Sursa de achizi\u021bie trebuie s\u0103 fie mereu sigur\u0103. <strong>Puicu\u021bele ou\u0103toare Agroland provin din sta\u021bii de incuba\u021bie autohtone<\/strong>, nu din str\u0103in\u0103tate. Ajung \u00een magazine \u00een cel mai scurt timp, \u00een condi\u021bii de transport conforme.&nbsp;<\/p>\n\n\n\n<div style=\"height:18px\" aria-hidden=\"true\" class=\"wp-block-spacer\"><\/div>\n\n\n\n<figure class=\"wp-block-image size-full\"><img loading=\"lazy\" decoding=\"async\" width=\"1024\" height=\"512\" src=\"https:\/\/agroland.ro\/c\/wp-content\/uploads\/2022\/03\/puicute-ouatoare.png\" alt=\"cre\u0219terea puicu\u021belor\" class=\"wp-image-29132\" srcset=\"https:\/\/agroland.ro\/c\/wp-content\/uploads\/2022\/03\/puicute-ouatoare.png 1024w, https:\/\/agroland.ro\/c\/wp-content\/uploads\/2022\/03\/puicute-ouatoare-300x150.png 300w, https:\/\/agroland.ro\/c\/wp-content\/uploads\/2022\/03\/puicute-ouatoare-768x384.png 768w, https:\/\/agroland.ro\/c\/wp-content\/uploads\/2022\/03\/puicute-ouatoare-1000x500.png 1000w, https:\/\/agroland.ro\/c\/wp-content\/uploads\/2022\/03\/puicute-ouatoare-500x250.png 500w\" sizes=\"(max-width: 1024px) 100vw, 1024px\" \/><\/figure>\n\n\n\n<h3 class=\"wp-block-heading\">&nbsp;Caracteristicile puicu\u021belor ou\u0103toare Agroland<\/h3>\n\n\n\n<p>Agroland comercializeaz\u0103 <a href=\"https:\/\/agroland.ro\/c\/pasari\/puicute-ouatoare\/\">puicu\u021be de o zi de calitate superioar\u0103<\/a>. <strong>\u00cencep ouatul la v\u00e2rsta de 18 s\u0103pt\u0103m\u00e2ni \u0219i depun de p\u00e2n\u0103 la 300 ou\u0103\/an<\/strong>. Un alt mare avantaj este consumul redus de furaje. <\/p>\n\n\n\n<h2 class=\"wp-block-heading\" id=\"furajare\">Furajarea \u0219i cre\u0219terea puicu\u021belor ou\u0103toare de o zi \u00een perioada de demaraj<\/h2>\n\n\n\n<p>Perioada de demaraj, cea de la <strong>0 la 6 s\u0103pt\u0103m\u00e2ni de via\u021b\u0103<\/strong> este cea mai grea perioad\u0103 din parcursul de dezvoltare a puicu\u021belor de o zi. \u00cen aceast\u0103 perioad\u0103 <strong>puii ar trebui s\u0103 ajung\u0103 la greutatea de 460 gr<\/strong>. Doar cu furajarea corect\u0103 \u0219i cu \u00eengrijirea corespunz\u0103toare hibrizii vor trece bine peste aceast\u0103 perioad\u0103. <strong>Vor fi crescu\u021bi doar 10-13 pui pe mp de ad\u0103post<\/strong>. Va fi nevoie ca ad\u0103postul s\u0103 fie decontaminat \u0219i s\u0103 fie utilat cu <a href=\"https:\/\/agroland.ro\/15-hranitori-si-sisteme-hranire\">hr\u0103nitoare<\/a> \u0219i <a href=\"https:\/\/agroland.ro\/14-adapatori-si-sisteme-de-adapare\">ad\u0103p\u0103toare<\/a>.&nbsp;<\/p>\n\n\n\n<div style=\"height:11px\" aria-hidden=\"true\" class=\"wp-block-spacer\"><\/div>\n\n\n\n<p>Cre\u0219terea puicu\u021belor nu se face al\u0103turi de g\u0103inile adulte. <strong>\u00cen perioada de demaraj se vor umple hr\u0103nitoarele de dou\u0103 ori pe zi<\/strong>, iar apa proasp\u0103t\u0103 va fi la discre\u021bie. Utilizarea furajelor \u0219i concentratelor Viva, disponibile, ajut\u0103 la ob\u021binerea de sporuri \u00een greutate foarte bune, consum specific redus, gust \u0219i aspect autentic al c\u0103rnii.<\/p>\n\n\n\n<div style=\"height:11px\" aria-hidden=\"true\" class=\"wp-block-spacer\"><\/div>\n\n\n\n<p><strong>Furajele BIO Agroland<\/strong> NU CON\u021aIN: f\u0103in\u0103 de carne, f\u0103in\u0103 de pe\u0219te, oase, resturi de animale, hormoni \u0219i substan\u021be interzise \u00een alimenta\u021bia omului \u0219i al animalelor. Ingredientele sunt provenite din agricultur\u0103 ecologic\u0103 sunt create f\u0103r\u0103 utilizarea pesticidelor, fertilizan\u021bilor chimici sau organismelor modificate genetic (OMG).<\/p>\n\n\n\n<div style=\"height:11px\" aria-hidden=\"true\" class=\"wp-block-spacer\"><\/div>\n\n\n\n<p>\u00cen primele 3 s\u0103pt\u0103m\u00e2ni se recomand\u0103 <a href=\"https:\/\/agroland.ro\/crestere-pasari\/454500-furaj-bio-starter-pui-20-kg.html\" target=\"_blank\" rel=\"noreferrer noopener\">Furaj Bio starter pui<\/a><strong>. <\/strong>Hr\u0103nind puii cu furajele din gama natural se prelunge\u015fte cu c\u00e2teva zile durata cre\u015fterii. La v\u00e2rsta de 42 de zile puicu\u021bele pot atinge greutatea de 2,2 kg. Avantajul administr\u0103rii furajelor din gama natural este dat de pre\u0163ul mai redus al unui kg de furaj. Dup\u0103 v\u00e2rsta de 14 zile puicu\u021bele ou\u0103toare au un ritm mai lent de cre\u015ftere dec\u00e2t al puilor de carne, deci implicit consumul de furaj va fi mai mic.&nbsp;<\/p>\n\n\n\n<div style=\"height:18px\" aria-hidden=\"true\" class=\"wp-block-spacer\"><\/div>\n\n\n\n<figure class=\"wp-block-table\"><table><tbody><tr><td>Se administreaz\u0103 la:<\/td><td>pui de g\u0103in\u0103&nbsp; de la 1 zi la 21 de zile<\/td><\/tr><tr><td>Tip de produs:<\/td><td>furaj complet, nu trebuie combinat cu alte cereale<\/td><\/tr><tr><td>Utilizare:<\/td><td>se administreaz\u0103 ca atare, la discre\u0163ie<\/td><\/tr><tr><td>Consum estimat\/pui:<\/td><td>1 kg<\/td><\/tr><tr><td>Compozi\u0163ie:<\/td><td>Energie metabolizabil\u0103 p\u0103s\u0103ri: 3000,18 kcal\/kg, protein\u0103 brut\u0103: 21,01%, gr\u0103sime brut\u0103: 7,40%, fibr\u0103 brut\u0103: 4,73%, cenu\u0219\u0103 brut\u0103: 4,49%, lizin\u0103: 1,37%, metionin\u0103: 0,66%, calciu: 1,00%, sodiu: 0,21%, fosfor: 0,52%<\/td><\/tr><\/tbody><\/table><\/figure>\n\n\n\n<p>Alternativa de furajarea poate fi <a href=\"https:\/\/agroland.ro\/cresterea-animalelor\/400-concentrat-starter-crestere-pui-25kg.html\">Concentrat starter cre\u0219tere pui<\/a> \u00een amestec cu cereale m\u0103cinate, astfel: concentrat 35% + cereale m\u0103cinate 65% (porumb \u0219i gr\u00e2u 2\/1). Chiar \u0219i cu respectarea tuturor condi\u021biilor de furajare \u0219i de cre\u0219tere, este posibil\u0103 pierderea unor pui (3% din total) din cauza bolilor infec\u021bioase respiratorii care se transmit u\u0219or, \u0219i av\u00e2nd \u00een vedere c\u0103 puii crescu\u021bi \u00een gospod\u0103rii nu sunt de obicei vaccina\u021bi \u00eempotriva bolilor aviare infec\u021bioase.&nbsp;<\/p>\n\n\n\n<h3 class=\"wp-block-heading\">Lumin\u0103&nbsp;<\/h3>\n\n\n\n<p>Lumina este esen\u021bial\u0103 \u00een ad\u0103postul puilor. Asigurarea luminii necesare permite puilor alimentarea permanent\u0103, deci dezvoltarea \u00een ritmul \u00een care au nevoie. \u00cen perioada 0-6 zile&nbsp;se va \u00eencepe cu un program de lumin\u0103 de 22 de ore pe zi, cu o intensitate de 20-40 luc\u0219i\/mp. Se scade treptat num\u0103rul de ore de lumin\u0103. <\/p>\n\n\n\n<p>La fiecare s\u0103pt\u0103m\u00e2n\u0103 se vor sc\u0103dea c\u00e2te dou\u0103 ore de lumin\u0103, iar intensitatea luminii se va p\u0103stra la 10-20 luc\u0219i. \u00cen s\u0103pt\u0103m\u00e2na a \u0219asea se vor asigura 16 ore de lumin\u0103 pe zi \u0219i 10-20 luc\u0219i. Vezi <a href=\"https:\/\/agroland.ro\/c\/ghiduri-agroland-pregatirea-adapostului-recomandari-generale\/\" target=\"_blank\" rel=\"noreferrer noopener\">cum s\u0103 preg\u0103te\u0219ti corect ad\u0103postul puilor<\/a>.<\/p>\n\n\n\n<h3 class=\"wp-block-heading\">Temperatur\u0103<\/h3>\n\n\n\n<p>Puii vor sta \u00eentr-un ad\u0103post uscat \u0219i c\u0103lduros. \u00cen prima s\u0103pt\u0103m\u00e2n\u0103 de via\u021b\u0103 \u00een ad\u0103p\u0103st vor fi 32-35 de \u2103 \u0219i umiditate de 50-70%. Din s\u0103pt\u0103m\u00e2na urm\u0103toare umiditatea scade la 40-60% iar temperatura va fi diminuat\u0103 cu c\u00e2te 4 \u2103 \u00een fiecare s\u0103pt\u0103m\u00e2n\u0103. \u00cen s\u0103pt\u0103m\u00e2na a \u0219asea temperatura va ajunge la 20-22 \u2103.&nbsp;<\/p>\n\n\n\n<h2 class=\"wp-block-heading\" id=\"crestere\">Furajarea \u0219i cre\u0219terea puicu\u021belor ou\u0103toare \u00een perioada de 7-12 s\u0103pt\u0103m\u00e2ni<\/h2>\n\n\n\n<p>\u00cen perioada 7-12 s\u0103pt\u0103m\u00e2ni puicu\u021bele vor ajunge la aproximativ 900 gr. \u00cen aceast\u0103 perioad\u0103 se poate administra <a href=\"https:\/\/agroland.ro\/cresterea-animalelor\/454964-furaj-bio-crestere-pasari-20-kg.html\" target=\"_blank\" rel=\"noreferrer noopener\">Furaj BIO cre\u0219tere p\u0103s\u0103ri<\/a>&nbsp;ca atare, astfel. Dac\u0103 a\u021bi ales concentratul, respecta\u021bi re\u021beta: concentrat&nbsp; 25% + cereale m\u0103cinate 75% (porumb \u0219i gr\u00e2u (2\/1).<\/p>\n\n\n\n<div style=\"height:18px\" aria-hidden=\"true\" class=\"wp-block-spacer\"><\/div>\n\n\n\n<figure class=\"wp-block-table\"><table><tbody><tr><td>Se adminitreaz\u0103 la:<\/td><td>puicu\u021be \u00eentre 6 p\u00e2n\u0103 la 18 s\u0103pt\u0103m\u00e2ni<\/td><\/tr><tr><td>Tip de produs:<\/td><td>furaj complet BIO<\/td><\/tr><tr><td>Utilizare:<\/td><td>furaj complet, nu trebuie combinat cu alte cereale<\/td><\/tr><tr><td>Compozi\u021bie:<\/td><td>Protein\u0103 brut\u0103: 20,01%, gr\u0103sime brut\u0103: 6,24%, fibr\u0103 brut\u0103: 5,01%, cenu\u0219\u0103 brut\u0103: 5,48%, energie metabolizabil\u0103: 12,77 MJ\/kg, metionin\u0103: 0,52%, lizin\u0103 brut\u0103: 1,16%, calciu: 0,81%, fosfor: 0,51%, sodiu: 0,17%.<\/td><\/tr><\/tbody><\/table><\/figure>\n\n\n\n<p>\u00cen aceast\u0103 perioad\u0103 \u00een ad\u0103post nu se vor face schimb\u0103ri majore. P\u0103s\u0103rile vor cre\u0219te, vor avea nevoie de spa\u021biu. \u0218ansele&nbsp;de mortalitate scad. Condi\u021biile de cre\u0219tere nu se schimb\u0103 semnificativ.&nbsp;<\/p>\n\n\n\n<h3 class=\"wp-block-heading\">Lumin\u0103<\/h3>\n\n\n\n<p>\u00cencep\u00e2nd cu s\u0103pt\u0103m\u00e2na a \u0219aptea se vor asigura c\u00e2te 15 ore de lumin\u0103 zilnic cu intensitate de 20-40 luc\u0219i\/mp. De la o s\u0103pt\u0103m\u00e2n\u0103 la alta se scade c\u00e2te o or\u0103 de lumin\u0103, iar intensitatea luminoas\u0103 se va stabili \u00een s\u0103pt\u0103m\u00e2nile 8-12 \u00eentre 10-20 luc\u0219i\/mp.&nbsp;<\/p>\n\n\n\n<h3 class=\"wp-block-heading\">Temperatura \u0219i umiditatea<\/h3>\n\n\n\n<p>\u00cen aceast\u0103 perioad\u0103 temperatura \u0219i umiditatea se vor p\u0103stra \u00eentre aceea\u0219i parametri. Temperatura r\u0103m\u00e2ne \u00eentre 20-22 \u2103, iar umiditatea \u00eentre 40-60%. Este o perioad\u0103 u\u0219oar\u0103, f\u0103r\u0103 prea multe schimb\u0103ri, \u00een care puicu\u021bele devin mai rezistente.&nbsp;<\/p>\n\n\n\n<h2 class=\"wp-block-heading\" id=\"ouat\">Furajarea \u0219i cre\u0219terea puicu\u021belor ou\u0103toare \u00een perioada de 13-18 s\u0103pt\u0103m\u00e2ni<\/h2>\n\n\n\n<p>Din nou o perioad\u0103 f\u0103r\u0103 mari schimb\u0103ri, \u00een care nu se efectueaz\u0103 investi\u021bii sau lucr\u0103ri importante. Puicu\u021bele iau \u00een greutate p\u00e2n\u0103 la 1180-1255 gr. Au nevoie doar de 11 ore de lumin\u0103 pe zi, iar intensitatea se stabile\u0219te doar \u00eentre 10-20 luc\u0219i\/mp. Puicu\u021bele au nevoie de un ad\u0103post cu 20-22 \u2103 cu o umiditate de aproximativ 40-60%.&nbsp;<\/p>\n\n\n\n<div style=\"height:11px\" aria-hidden=\"true\" class=\"wp-block-spacer\"><\/div>\n\n\n\n<p>Schimb\u0103ri minore apar doar \u00een perioada de pre-ouat, adic\u0103 \u00een s\u0103pt\u0103m\u00e2na 17-18. \u00cen aceast\u0103 s\u0103pt\u0103m\u00e2n\u0103 greutatea puicu\u021belor cre\u0219te p\u00e2n\u0103 la 1370 gr. Deja puicu\u021bele sunt mari, dorm \u0219i tr\u0103iesc cu g\u0103inile adulte. <strong>Ar trebui s\u0103 existe doar 10 p\u0103s\u0103ri\/1 mp<\/strong>. <strong>Orele de expunere la lumin\u0103 va cre\u0219te p\u00e2n\u0103 al 12,5 ore\/zi<\/strong>, dar intensitatea luminoas\u0103 scade la 5-10 luc\u0219i\/mp. Temperatura \u0219i umiditatea r\u0103m\u00e2n la fel. Dac\u0103 puicu\u021bele nu se \u00eencadreaz\u0103 \u00een greutatea necesar\u0103, se recomand\u0103 introducerea concentratului \u00een hran\u0103, pentru a se m\u0103ri nivelul energetic.&nbsp;<\/p>\n\n\n\n<div style=\"height:11px\" aria-hidden=\"true\" class=\"wp-block-spacer\"><\/div>\n\n\n\n<p>Hrana se va administra la discre\u021bie, nutre\u021bul combinat este recomandat \u00een acest caz. Consumul de furaje \u0219i cel de ap\u0103 sunt direct propor\u021bionale. Se include \u00een hran\u0103 acela\u0219i concentrat men\u021bionat la capitolul anterior \u00een amestec cu cereale m\u0103cinate, astfel: concentrat 35% + cereale m\u0103cinate 65% (porumb, gr\u00e2u \u0219i orz 2\/1\/1).<\/p>\n\n\n\n<h2 class=\"wp-block-heading\">Tratamente pentru puicu\u021bele ou\u0103toare<\/h2>\n\n\n\n<p>\u00cen apa de b\u0103ut se recomand\u0103 a se folosi aditivi furajeri. Aditivii sunt suplimente cu rol de&nbsp;protec\u021bie pentru puii \u0219i p\u0103s\u0103rile de curte. Nu trateaz\u0103 boli, doar ajut\u0103 organismul s\u0103 aib\u0103 o dezvoltare optim\u0103.<\/p>\n\n\n\n<ul class=\"wp-block-list\">\n<li><a href=\"https:\/\/agroland.ro\/cresterea-animalelor\/548-novimin-antistress.html\">Novimin<\/a> &#8211; supliment vitamino-mineral pentru un start optim, \u00eembun\u0103t\u0103\u021birea digestiei gr\u0103similor, prevenirea stresului de transport \u0219i vaccinare, precum \u0219i cre\u0219terea rezisten\u021bei organismului. Dozaj: 0,5-1 ml\/l de ap\u0103, \u00eencep\u00e2nd din prima zi, timp de 3 zile, cu repetare din 2 \u00een 2 s\u0103pt\u0103m\u00e2ni pe toat\u0103 perioada de cre\u0219tere<\/li>\n\n\n\n<li><a href=\"https:\/\/agroland.ro\/cresterea-animalelor\/76-133-nutri-safecid-100ml.html#\/60-volum-100_ml\">Nutri Safe<\/a> &#8211; are rol antibiotic \u0219i stimulator de cre\u0219tere prin \u00eembun\u0103t\u0103\u021birea digestiei. Dozaj: 1 ml\/l de ap\u0103, permanent.<\/li>\n<\/ul>\n\n\n\n<h2 class=\"wp-block-heading\" id=\"gaini-ouatoare\">Cre\u0219terea g\u0103inilor ou\u0103toare, de la 18 la 77 s\u0103pt\u0103m\u00e2ni<\/h2>\n\n\n\n<p>G\u0103inile ou\u0103toare de la Agroland sunt foarte c\u0103utate pentru randamentul crescut de ou\u0103 de prim\u0103 calitate. Aceste p\u0103s\u0103ri \u00eencep ouatul la 18 s\u0103pt\u0103m\u00e2ni \u0219i depun peste 300 ou\u0103 pe an. G\u0103inie nu vor oua la fel de mult \u00een oricare dintre perioadele de dezvoltare. <strong>P\u00e2n\u0103 la 20 de s\u0103pt\u0103m\u00e2ni doar jum\u0103tate din ele vor ou\u0103. Abia \u00eentre 21 \u0219i 55 de s\u0103pt\u0103m\u00e2ni toate puicu\u021bele vor oua<\/strong>. Furajarea corect\u0103 poten\u021beaz\u0103 ouatul. Agroland recomand\u0103 <a href=\"https:\/\/agroland.ro\/cresterea-animalelor\/455170-furaj-bio-pentru-gaini-ouatoare-20-kg.html\">Furaj Bio pentru g\u0103ini ou\u0103toare<\/a>. Este natural, con\u021bine cereale din cultura BIO, \u0219i este eficient mai ales pentru gospod\u0103riile mici.<\/p>\n\n\n\n<div style=\"height:18px\" aria-hidden=\"true\" class=\"wp-block-spacer\"><\/div>\n\n\n\n<figure class=\"wp-block-table\"><table><tbody><tr><td>Se administreaz\u0103 la:<\/td><td>g\u0103inile ou\u0103toare cu v\u00e2rsta mai mare de 20 de s\u0103pt\u0103m\u00e2ni<\/td><\/tr><tr><td>Tip de produs:<\/td><td>furaj complet \/ nutre\u0163 combinat<\/td><\/tr><tr><td>Utilizare:<\/td><td>se administreaz\u0103 ca atare, la discre\u0163ie<\/td><\/tr><tr><td>Compozi\u0163ie:<\/td><td>Energie metabolizabil\u0103: 10,94 MJ\/kg, protein\u0103 brut\u0103: 17,01%, gr\u0103sime brut\u0103: 7,8%, fibr\u0103 brut\u0103: 5,5%, cenu\u0219\u0103 brut\u0103: 7,33%, calciu: 3,45%, fosfor: 0,69%, sodiu: 0,28%<\/td><\/tr><\/tbody><\/table><\/figure>\n\n\n\n<p>Pe c\u00e2t posibil acces la spa\u021biul verde sau s\u0103 fie alimentate cu iarb\u0103 \u0219i verde\u021buri. Furajele utilizate \u00een alimenta\u021bia p\u0103s\u0103rilor sunt porumbul (50-60% din alimenta\u021bie, are nivel energetic mare), orzul ( \u00een propor\u021bie de 50% din alimeta\u021bie), ov\u0103zul&nbsp;(10% din alimenta\u021bie), gr\u00e2ul (12% din alimenta\u021bie, con\u021bine mult\u0103 protein\u0103, 50% din alimenta\u021bie \u00een nutre\u021burile combinate).<\/p>\n\n\n\n<h3 class=\"wp-block-heading\" id=\"adapost\">Amenajarea ad\u0103postului pentru g\u0103inile ou\u0103toare<\/h3>\n\n\n\n<p>Ad\u0103postul g\u0103inilor ou\u0103toare va fi diferit fa\u021b\u0103 de a puicu\u021belor. \u00cen primul r\u00e2nd <a href=\"https:\/\/agroland.ro\/17-custi-cuibare\">trebuie instalate cuibarele<\/a>, care trebuie s\u0103 fie \u00eenc\u0103p\u0103toare, s\u0103 aib\u0103 o m\u0103rime minim\u0103 de 30x30x30 cm. \u00cen ad\u0103post ar trebui <strong>s\u0103 convie\u021buiasc\u0103 aproximativ 6-7 g\u0103ini\/mp<\/strong>, care s\u0103 aib\u0103 acces permanent la hran\u0103 \u0219i ap\u0103. Se recomand\u0103 o ad\u0103p\u0103toare rotund\u0103 pentru 100 de p\u0103s\u0103ri sau 1 niplu la 10 p\u0103s\u0103ri. <\/p>\n\n\n\n<p>Temperatura din ad\u0103post trebuie <strong>s\u0103 fie la aproximativ 20 \u2103<\/strong>. Vara p\u0103s\u0103rile trebuie s\u0103 aib\u0103 umbr\u0103 din plin. Temperaturile foarte mari sunt considerate critice pentru g\u0103inile care ou\u0103. De asemenea, iarna ad\u0103postul trebuie c\u00e2t mai bine izolat sau \u00eenc\u0103lzit, altfel produc\u021bia de ou\u0103 scade. La -10 grade g\u0103inile nu mai ou\u0103.&nbsp;<\/p>\n\n\n\n<h2 class=\"wp-block-heading\">Pe scurt<\/h2>\n\n\n\n<p>Dac\u0103 e\u0219ti \u00een c\u0103utarea celor mai productive puicu\u021be \u0219i g\u0103ini ou\u0103toare, la Agroland g\u0103si\u021bi exemplare de calitate, care v\u0103 vor satisface preten\u021biile. R\u0103spundem celor mai \u00eent\u00e2lnite \u00eentreb\u0103ri referitoare la puicu\u021bele ou\u0103toare Agroland. <\/p>\n\n\n\n<h3 class=\"wp-block-heading\">1\ufe0f\u20e3 Unde po\u021bi s\u0103 cumperi Puicu\u021be ou\u0103toare Agroland?<\/h3>\n\n\n\n<p>&nbsp;Agroland are periodic la v\u00e2nzare puicu\u021be ou\u0103toare. Puicu\u021bele ou\u0103toare Agroland sunt la v\u00e2nzare periodic \u00een Magazinele Agroland din \u021bar\u0103. La noi g\u0103se\u0219ti <a href=\"#puicute\">puicu\u021be ou\u0103toare<\/a> de calitate superioar\u0103. Puicu\u021bele se vor achizi\u021biona pe baz\u0103 de comand\u0103 \u00een magazinele Agroland<\/p>\n\n\n\n<h3 class=\"wp-block-heading\">2\ufe0f\u20e3 Ce furaje sunt potrivite pentru puicu\u021bele ou\u0103toare \u00een prima s\u0103pt\u0103m\u00e2n\u0103?<\/h3>\n\n\n\n<p>Hrana puilor de o zi trebuie s\u0103 fie format\u0103 \u00een propor\u021bie de peste 90 la sut\u0103 din ingrediente naturale. Se recomand\u0103 formulele de furajare complete, achizi\u021bionate ca atare, pentru ca dezvoltarea puicu\u021belor s\u0103 se realizeze conform calendarului. Agroland recomand\u0103 <a href=\"#furajare\">formulele de furajare de la Viva<\/a>, pe care le g\u0103si\u021bi \u00een orice magazin din \u021bar\u0103, dar le pute\u021bi comanda \u0219i pe platforma online.&nbsp;&nbsp;<\/p>\n\n\n\n<h3 class=\"wp-block-heading\">3\ufe0f\u20e3 Care sunt condi\u021biile de cre\u0219tere obligatorii pentru g\u0103inile ou\u0103toare?<\/h3>\n\n\n\n<p>&nbsp;Lumina, c\u0103ldura, umiditatea, cuibarul \u0219i furajarea sunt parametrii de cre\u0219tere obligatoriu de urmat. Nu ignora <a href=\"#gaini-ouatoare\">condi\u021biile obligatorii de cre\u0219tere a g\u0103inilor<\/a>, pentru a ob\u021bine produc\u021bia maxim\u0103 de ou\u0103 de la fiecare pas\u0103re \u00een parte.&nbsp;<\/p>\n","protected":false},"excerpt":{"rendered":"<p>Cre\u0219terea puicu\u021belor ou\u0103toare de o zi la curte, \u00een gospod\u0103riile familiale, nu se face cu investi\u021bii mari din punct de vedere al exploat\u0103rii. Oamenii prefer\u0103 s\u0103 creasc\u0103 puicu\u021be ou\u0103toare de o zi pentru a consuma ou\u0103 de cas\u0103, de calitate superioar\u0103 din punct de vedere al propriet\u0103\u021bilor. Ce trebuie s\u0103 \u0219ti\u021bi despre cre\u0219terea puicu\u021belor: Puicu\u021be&hellip; <a class=\"more-link\" href=\"https:\/\/agroland.ro\/c\/ghiduri-agroland-cresterea-puicutelor-si-gainilor-ouatoare\/\">Continu\u0103 lectura <span class=\"screen-reader-text\">Tot ce trebuie s\u0103 \u0219tii despre cre\u0219terea puicu\u021belor ou\u0103toare<\/span><\/a><\/p>\n","protected":false},"author":27,"featured_media":0,"parent":0,"menu_order":0,"comment_status":"closed","ping_status":"closed","template":"templates\/Products.php","meta":{"_acf_changed":false,"_et_pb_use_builder":"","_et_pb_old_content":"","_et_gb_content_width":"","inline_featured_image":false,"footnotes":""},"class_list":["post-29020","page","type-page","status-publish","hentry","entry"],"acf":[],"_links":{"self":[{"href":"https:\/\/agroland.ro\/c\/wp-json\/wp\/v2\/pages\/29020","targetHints":{"allow":["GET"]}}],"collection":[{"href":"https:\/\/agroland.ro\/c\/wp-json\/wp\/v2\/pages"}],"about":[{"href":"https:\/\/agroland.ro\/c\/wp-json\/wp\/v2\/types\/page"}],"author":[{"embeddable":true,"href":"https:\/\/agroland.ro\/c\/wp-json\/wp\/v2\/users\/27"}],"replies":[{"embeddable":true,"href":"https:\/\/agroland.ro\/c\/wp-json\/wp\/v2\/comments?post=29020"}],"version-history":[{"count":38,"href":"https:\/\/agroland.ro\/c\/wp-json\/wp\/v2\/pages\/29020\/revisions"}],"predecessor-version":[{"id":43018,"href":"https:\/\/agroland.ro\/c\/wp-json\/wp\/v2\/pages\/29020\/revisions\/43018"}],"wp:attachment":[{"href":"https:\/\/agroland.ro\/c\/wp-json\/wp\/v2\/media?parent=29020"}],"curies":[{"name":"wp","href":"https:\/\/api.w.org\/{rel}","templated":true}]}}