{"id":29031,"date":"2022-03-08T16:27:23","date_gmt":"2022-03-08T14:27:23","guid":{"rendered":"https:\/\/agroland.ro\/c\/?page_id=29031"},"modified":"2025-05-11T12:52:04","modified_gmt":"2025-05-11T09:52:04","slug":"ghiduri-agroland-cresterea-bobocilor-de-rata","status":"publish","type":"page","link":"https:\/\/agroland.ro\/c\/ghiduri-agroland-cresterea-bobocilor-de-rata\/","title":{"rendered":"Cre\u0219terea bobocilor de ra\u021b\u0103 \u00een gospod\u0103rie&nbsp;"},"content":{"rendered":"\n<p>Cu siguran\u021b\u0103 g\u0103inile sunt p\u0103s\u0103rile preferate de fermierii rom\u00e2ni pentru a fi crescute la curte, dar g\u00e2\u0219tele \u0219i ra\u021bele se g\u0103sesc \u0219i ele printre preferin\u021bele gospodarilor. \u00cen primul r\u00e2nd, sunt p\u0103s\u0103ri u\u0219or de \u00eengrijit, deloc preten\u021bioase \u0219i foarte rezistente la \u00eemboln\u0103viri. Cre\u0219terea bobocilor de ra\u021b\u0103 pare a fii costisitoare, pentru c\u0103 sunt mai mari, deci consum\u0103 mai multe furaje dec\u00e2t g\u0103inile. \u00cens\u0103, cu produsele potrivite, costurile sunt mult reduse.\u00a0<\/p>\n\n\n\n<div style=\"height:18px\" aria-hidden=\"true\" class=\"wp-block-spacer\"><\/div>\n\n\n\n<figure class=\"wp-block-image size-full\"><img loading=\"lazy\" decoding=\"async\" width=\"1024\" height=\"512\" src=\"https:\/\/agroland.ro\/c\/wp-content\/uploads\/2022\/03\/rate-pekin-agroland.png\" alt=\"\" class=\"wp-image-29147\" srcset=\"https:\/\/agroland.ro\/c\/wp-content\/uploads\/2022\/03\/rate-pekin-agroland.png 1024w, https:\/\/agroland.ro\/c\/wp-content\/uploads\/2022\/03\/rate-pekin-agroland-300x150.png 300w, https:\/\/agroland.ro\/c\/wp-content\/uploads\/2022\/03\/rate-pekin-agroland-768x384.png 768w, https:\/\/agroland.ro\/c\/wp-content\/uploads\/2022\/03\/rate-pekin-agroland-1000x500.png 1000w, https:\/\/agroland.ro\/c\/wp-content\/uploads\/2022\/03\/rate-pekin-agroland-500x250.png 500w\" sizes=\"(max-width: 1024px) 100vw, 1024px\" \/><\/figure>\n\n\n\n<figure class=\"wp-block-table aligncenter\"><table><tbody><tr><td>?<a href=\"#perioada-de-crestere\">Perioada de cre\u0219tere<\/a><\/td><td>?<a href=\"#furajare\">Furajarea bobocilor <\/a><\/td><td>?<a href=\"#dezinfectia\">Dezinfec\u021bia ad\u0103postului&nbsp;<\/a><\/td><td>?<a href=\"#parametrii\">Parametrii de cre\u0219tere<\/a><\/td><td>?<a href=\"#aditivi\">Aditivi furajeri<\/a><\/td><\/tr><\/tbody><\/table><\/figure>\n\n\n\n<p>Bobocii de ra\u021b\u0103 au ritm foarte rapid de cre\u0219tere. Ra\u021bele sunt crescute mai ales pentru carnea \u0219i ficatul lor, care au o calitate deosebit\u0103. Greutatea unui boboc ajunge la maturitate la peste 3 kilograme, put\u00e2nd ajunge p\u00e2n\u0103 la 4-5 kilograme. Bobocii de ra\u021b\u0103 pot fi crescu\u021bi \u00een curte, se pot hr\u0103ni u\u0219or pe c\u00e2mp, b\u0103l\u021bi \u0219i zone de lunc\u0103. Cre\u0219terea \u00een sistem extensiv are avantajul de a reduce din necesarul de furaje, pentru c\u0103 ra\u021bele se hr\u0103nesc \u0219i cu foarte mult\u0103 iarb\u0103.<\/p>\n\n\n\n<div style=\"height:15px\" aria-hidden=\"true\" class=\"wp-block-spacer\"><\/div>\n\n\n\n<h2 class=\"wp-block-heading\" id=\"perioada-de-crestere\">&nbsp;1. Bobocii de ra\u021b\u0103 &#8211; perioada de cre\u0219tere<\/h2>\n\n\n\n<p>Bobocii de ra\u021b\u0103 comercializa\u021bi sunt specializa\u021bi pentru produc\u021bia de carne, cum sunt cele Pekin. Au un ritm rapid de cre\u0219tere. Explic\u0103m evolu\u021bia bobocilor de ra\u021b\u0103 \u00een fiecare s\u0103pt\u0103m\u00e2n\u0103.<\/p>\n\n\n\n<p><strong>\u00cen prima s\u0103pt\u0103m\u00e2n\u0103 <\/strong>de via\u021b\u0103 un boboc are doar 27 de grame. Consumul de furaj va fi aproximativ c\u00e2t greutatea corporal\u0103, deci va m\u00e2nca 83 g de furaj complet\/1 kg viu. \u00cen ad\u0103posturile \u00een care sunt crescu\u021bi bobocii se va p\u0103stra o densitate de 35 boboci\/mp. Temperatura din ad\u0103post va trebui men\u021binut\u0103 \u00een prima s\u0103pt\u0103m\u00e2n\u0103 \u00eentre 30\u2103 \u0219i 32\u2103, p\u00e2n\u0103 se regleaz\u0103 sistemul de termoreglare corporal\u0103.<\/p>\n\n\n\n<p><strong>\u00cen a doua s\u0103pt\u0103m\u00e2n\u0103<\/strong> bobocul de ra\u021b\u0103 aproape c\u0103-\u0219i tripleaz\u0103 greutatea, ajunge la 76 de grame. Este cel mai mare pas de cre\u0219tere din bobocului. Spa\u021biul destinat bobocilor \u00een ad\u0103post trebuie s\u0103 fie m\u0103rit. Pe metrul p\u0103trat vor \u00eenc\u0103pea doar 17 boboci. Fiecare boboc va consuma s\u0103pt\u0103m\u00e2nal \u00een medie 1,28 kg\/kg viu. \u00cen ad\u0103postul bobocilor temperatura scade cu 4 grade \u0219i se p\u0103streaz\u0103 doar 28\u2103.&nbsp;<\/p>\n\n\n\n<p><strong>\u00cen cea de-a treia s\u0103pt\u0103m\u00e2n\u0103<\/strong> greutatea bobocului de ra\u021b\u0103 se dubleaz\u0103 fa\u021b\u0103 de s\u0103pt\u0103m\u00e2na a doua, iar pas\u0103rea va avea aproximativ 1,40 kg. Bobocii vor consuma mai moderat, aproximativ 1,58 kg furaj\/kg viu. \u00cen ad\u0103post vor locui doar 10 boboci pe metrul p\u0103trat, iar temperatura nu va dep\u0103\u0219i 26\u2103.&nbsp;<\/p>\n\n\n\n<p><strong>\u00cen cea de-a patra s\u0103pt\u0103m\u00e2n\u0103<\/strong> greutatea bobocilor de ra\u021b\u0103 ajunge deja la 1,80 kg. Consumul de furaje r\u0103m\u00e2ne moderat, la fel ca \u0219i cre\u0219terea \u00een greutate. Consumul total cumulat \u00eentr-o s\u0103pt\u0103m\u00e2n\u0103 pentru un boboc de ra\u021b\u0103 este de pu\u021bin peste 3 kg de furaje speciale. Condi\u021biile de cre\u0219tere \u0219i \u00eengrijire sunt deja lejere, mai ales dac\u0103 bobocii sunt crescu\u021bi pe perioada verii. Nu au nevoie de mai mult de 23\u2103 \u00een ad\u0103post, dar au nevoie de mai mult spa\u021biu, pentru c\u0103 \u00eencap doar 7 boboci pe metrul p\u0103trat.<\/p>\n\n\n\n<p><strong>\u00cen a cincea s\u0103pt\u0103m\u00e2n\u0103<\/strong> bobocul trece deja de 2 kg, va avea aproximativ 2,3 kg \u0219i va consuma \u00een medie 4,74 kg de furaj pe s\u0103pt\u0103m\u00e2n\u0103. Folosirea furajului amestec, special creat este cea mai convenabil\u0103 solu\u021bie pentru orice gospodar. Bobocii nu vor avea loc mai mult de 5 pe metrul p\u0103trat, iar temperatura \u00een ad\u0103post scade din nou p\u00e2n\u0103 la 20\u2103.<\/p>\n\n\n\n<p><strong>\u00cen cea de-a \u0219asea \u0219i a \u0219aptea s\u0103pt\u0103m\u00e2n\u0103<\/strong> greutatea bobocului ajunge p\u00e2n\u0103 la 3,3&nbsp; kilograme. Consumul de cereale va fi destul de consistent. Cre\u0219te p\u00e2n\u0103 la 6,35 kg de furaj special pe s\u0103pt\u0103m\u00e2n\u0103. \u00cen ad\u0103post vor \u00eenc\u0103pea maxim 5 boboci pe metrul p\u0103trat, iar temperatura va fi p\u0103strat\u0103 la 18\u2103.<\/p>\n\n\n\n<p><strong>\u00cen s\u0103pt\u0103m\u00e2na a opta<\/strong> bobocii deja ajung la maturitate. Fa\u021b\u0103 de s\u0103pt\u0103m\u00e2na a \u0219asea bobocii vor avea cu un kilogram \u00een plus. Deja vor putea sta doar 4 boboci pe metrul p\u0103trat av\u00e2nd \u00een vedere c\u0103 vor avea deja 3,39 kg \u0219i vor consuma aproximativ 9,5 kg de furaj s\u0103pt\u0103m\u00e2nal.<\/p>\n\n\n\n<h2 class=\"wp-block-heading\" id=\"furajare\">2. Furajarea bobocilor de ra\u021b\u0103<\/h2>\n\n\n\n<p>&nbsp;Formulele de furajul granulat complet Viva Bio <a href=\"https:\/\/agroland.ro\/cresterea-animalelor\/428-nutret-combinat-finisare-curcani-30kg.html\">NC 1640<\/a> sau Viva Bio <a href=\"https:\/\/agroland.ro\/cresterea-animalelor\/420-nutret-combinat-finisare-pasari-natural-30kg.html\">NC 1153<\/a> sunt recomandate pentru hr\u0103nirea corect\u0103 a bobocilor de ra\u021b\u0103 pe toat\u0103 perioada de cre\u0219tere. Furajarea ra\u021belor se poate face cu amestec de cereale folosind Concentratul furajer Viva Bio CC 1000. Acest tip de furaj granula reduce mult risipa de furaj, iar cre\u0219terea bobocilor este mult mai eficient\u0103.<\/p>\n\n\n\n<figure class=\"wp-block-table\"><table><tbody><tr><td>\u00a0?<strong><a href=\"https:\/\/agroland.ro\/cresterea-animalelor\/454871-nutre-combinat-palmipede-starter-i-cretere-25-kg.html\">Furaj special pentru ra\u021be \u0219i g\u00e2\u0219te<\/a><\/strong><br><strong><em>Furajul se administreaz\u0103 ca atare, la discre\u0163ie.<\/em><\/strong><em>\u00a0<\/em><br><\/td><\/tr><tr><td>Nutre\u021bul combinat este un furaj complet premium, special dezvoltat pentru palmipede \u2013 ra\u021be \u0219i g\u00e2\u0219te \u2013 \u00een faza de starter \u0219i cre\u0219tere. <\/td><\/tr><tr><td>Compozi\u0163ie: cca. 16,85% protein\u0103 brut\u0103, 2890 kcal\/kg, 0,75% lizin\u0103, 0,31% metionin\u0103, 1,57% calciu, 0,37% fosfor, 0,24% sodiu.<\/td><\/tr><\/tbody><\/table><\/figure>\n\n\n\n<p>Furajul m\u0103cinat se lipe\u0219te de ciocul bobocilor \u015fi \u00een acest caz au nevoie de un vas cu ap\u0103 unde \u00ee\u015fi pot sp\u0103la ciocul. Din acest motiv se recomand\u0103 umezirea furajelor \u00eenainte de a fi administrate. Un vas \u00een plus pentru sp\u0103larea ciocului pune \u00een pericol a\u0219ternutul din ad\u0103post. Pentru <a href=\"https:\/\/agroland.ro\/cautare?controller=search&amp;s=hr%C4%83nitoare\">hr\u0103nirea<\/a> \u0219i <a href=\"https:\/\/agroland.ro\/cautare?controller=search&amp;s=ad%C4%83p%C4%83toare\">ad\u0103parea<\/a> bobocilor de ra\u021b\u0103 folosi\u021bi instrumente moderne, practice \u0219i eficiente. Totu\u0219i, dezavantajul furajelor umede este c\u0103 pot fermenta u\u0219or, deci trebuie preparat \u00een cantit\u0103\u021bi mici \u0219i schimbat dac\u0103 r\u0103m\u00e2ne \u00een plus.&nbsp;<\/p>\n\n\n\n<figure class=\"wp-block-table aligncenter\"><table><tbody><tr><td>? <strong>Concentrat finisare CC 1000<\/strong><br><br>Bobocii de ra\u0163\u0103 \u0219i de g\u00e2sc\u0103 de la 1 zi p\u00e2n\u0103 la sacrificare<br>Boboci de g\u00e2sc\u0103 din s\u0103pt\u0103m\u00e2na a IV-a p\u00e2n\u0103 la sacrificare<\/td><\/tr><tr><td>Utilizare: <em>furaj complementar \/ concentrat furajer, se amestec\u0103 cu furajele din gospod\u0103rie<\/em><\/td><\/tr><tr><td>Compozi\u0163ie: protein\u0103 &#8211; 40,03 %; energie &#8211; 8,16 MJ\/ kg; coccidiostatic &#8211; absent<\/td><\/tr><\/tbody><\/table><\/figure>\n\n\n\n<p>Furajarea ra\u0163etor se face poate face \u0219i \u00een dou\u0103 faze. \u00cen prim\u0103 faz\u0103 se administreaz\u0103 un furaj complet, pentru perioada 1-3 s\u0103pt\u0103m\u00e2ni, continu\u00e2ndu-se cu furajul de finisare. Dureaz\u0103&nbsp; dou\u0103 s\u0103pt\u0103m\u00e2ni, c\u00e2nd densitatea de populare este de 15-20 cap\/mp. Acest furaj con\u021bine mai mult\u0103 protein\u0103, asigur\u0103 mai mult\u0103 energie. Se va folosi umezit pentru a fi mai u\u0219or de m\u00e2ncat de c\u0103tre bobocii de ra\u021b\u0103. A doua faz\u0103 dureaz\u0103 din s\u0103pt\u0103m\u00e2na a treia c\u00e2nd densitatea este de 8, 6 \u015fi respectiv 4 capete Ia sacrificare, Ia v\u00e2rsta de 2 luni.&nbsp;<\/p>\n\n\n\n<figure class=\"wp-block-table aligncenter\"><table><tbody><tr><td>?<strong>Furaj Viva Bio NC 1640<\/strong><br><br>bobocii de ra\u0163\u0103 de la 1 zi la 3 s\u0103pt\u0103m\u00e2ni<\/td><\/tr><tr><td>Furaj complet \/ nutre\u0163 combinat se administreaz\u0103 ca atare, la discre\u0163ie<\/td><\/tr><tr><td>Compozi\u0163ie: protein\u0103 &#8211; 17,39 %; energie &#8211; 12,10 MJ\/ kg; coccidiostatic &#8211; absent<\/td><\/tr><\/tbody><\/table><\/figure>\n\n\n\n<p>Furajarea at\u00e2t a bobocilor de ra\u021b\u0103, c\u00e2t \u0219i a celor de g\u00e2sc\u0103 trebuie s\u0103 fie lipsit\u0103 de coccidiostatice, de aceea, recomand\u0103m folosirea furajelor de finisare care nu con\u0163in medicamente. Cel&nbsp;mai bine este dac\u0103 ra\u021bele au acces la c\u00e2mp, \u0219i se pot hr\u0103ni cu iarb\u0103, astfel nivelul furaj\u0103rii cu cereale sau nutre\u021b complet poate s\u0103 scad\u0103 cu p\u00e2n\u0103 la 30%.<\/p>\n\n\n\n<h2 class=\"wp-block-heading\" id=\"dezinfectia\">3. Dezinfec\u0163ia&nbsp; ad\u0103postului<\/h2>\n\n\n\n<p>Este absolut obligatoriu ca ad\u0103postul s\u0103 fie curat \u015fi dezinfectat \u00eenainte de sosirea bobocilor de ra\u021b\u0103. Spa\u0163iul \u00een care sunt \u0163inute ra\u021bele trebuie s\u0103 fie \u00eenc\u0103p\u0103tor \u015fi s\u0103 le permit\u0103 s\u0103 se simt\u0103 \u00een siguran\u0163\u0103, la ad\u0103post de pr\u0103d\u0103tori. Libertatea de mi\u015fcare este important\u0103 \u015fi se stabile\u015fte \u00een func\u0163ie de v\u00e2rsta ra\u021belor. <\/p>\n\n\n\n<figure class=\"wp-block-table aligncenter\"><table><tbody><tr><td>? <strong>Dezinfec\u021bia ad\u0103postului<\/strong><br><br>Se face folosind produsul <a href=\"https:\/\/agroland.ro\/cresterea-animalelor\/561-procid-forte-100ml.html\">Procid Forte<\/a> cu ac\u021biune asupra bacteriilor, virusurilor, fungilor \u015fi algelor. Dozaj: 5 ml\/l ap\u0103, folosind o cantitate de 250-500 ml\/mp prin pulverizare cu timp de expunere de 30 minute.&nbsp;<\/td><\/tr><\/tbody><\/table><\/figure>\n\n\n\n<p><h2 id=\"parametrii\">4. Parametrii de cre\u0219tere<\/h2><\/p>\n\n\n\n<ul class=\"wp-block-list\">\n<li>Temperatura: \u00een primele 7 zile se asigur\u0103 30-32 grade Celsius, dup\u0103 care se reduce cu c\u00e2te 2-3 grade Celsius\/s\u0103pt\u0103m\u00e2n\u0103 p\u00e2n\u0103 se ajunge la 16-18 grade.<\/li>\n\n\n\n<li>Lumina: \u00een prima s\u0103pt\u0103m\u00e2n\u0103 se asigur\u0103 lumina 24 h\/zi, dup\u0103 care se reduce cu c\u00e2te o jum\u0103tate de ora\/zi, p\u00e2n\u0103 la 14 zile, c\u00e2nd ajungem la 17 h\/zi, durat\u0103 care se men\u021bine p\u00e2n\u0103 la sacrificare. Dac\u0103 dori\u021bi s\u0103 sacrifica\u021bi bobocii mai repede, este recomandat s\u0103 men\u021bine\u021bi lumina 24 h\/zi pe toat\u0103 durata cre\u0219terii, deoarece lumina stimuleaz\u0103 consumul de ap\u0103 \u0219i furaje.<\/li>\n\n\n\n<li>Ad\u0103parea: se asigur\u0103 permanent ap\u0103 proasp\u0103t\u0103 la discre\u021bie. Se pot utiliza ad\u0103p\u0103torile de la pui sau ad\u0103p\u0103tori de tip jgheab (se calculeaz\u0103 un front de ad\u0103pare de 5 cm\/boboc).<\/li>\n<\/ul>\n\n\n\n<h2 class=\"wp-block-heading\" id=\"aditivi\">5. Aditivi furajeri<\/h2>\n\n\n\n<p>Se recomand\u0103 folosirea urm\u0103torilor aditivi furajeri \u00een apa de b\u0103ut. Aditivii \u00eent\u0103resc sistemul imunitar \u015fi cresc performan\u0163ele oferind p\u0103s\u0103rilor aportul necesar de vitamine \u0219i aminoacizi, asigur\u00e2nd astfel o performan\u0163\u0103 optim\u0103 de produc\u0163ie.&nbsp;<\/p>\n\n\n\n<p><a href=\"https:\/\/agroland.ro\/cresterea-animalelor\/371-jolo-mix.html\" target=\"_blank\" rel=\"noreferrer noopener\">Jolomix<\/a> este un complex de vitamine \u015fi aminoacizi pentru g\u00e2\u0219te \u0219i ra\u021be. Se administreaz\u0103 \u00een primele 6 s\u0103pt\u0103m\u00e2ni de via\u021b\u0103, se administreaz\u0103 timp de 3-5 zile\/s\u0103pt\u0103m\u00e2n\u0103 1 ml la 1 l de ap\u0103.<\/p>\n\n\n\n<p><a href=\"https:\/\/agroland.ro\/cresterea-animalelor\/76-133-nutri-safecid-100ml.html#\/60-volum-100_ml\" target=\"_blank\" rel=\"noreferrer noopener\">Nutri Safe<\/a> \u00eempiedic\u0103 dezvoltarea unor bacterii patogene \u00een tubul digestiv \u0219i favorizeaz\u0103 digestia furajelor \u0219i viteza de cre\u0219tere. Se administreaz\u0103 \u00een apa de b\u0103ut c\u00e2te 1-2 ml\/litru \u00een mod preventiv \u0219i 3 ml\/litru \u00een mod curativ.&nbsp;<\/p>\n\n\n\n<p><a href=\"https:\/\/agroland.ro\/cresterea-animalelor\/373-135-cavimin.html#\/60-volum-100_ml\" target=\"_blank\" rel=\"noreferrer noopener\">Cavimin<\/a> con\u0163ine minerale \u015fi oligoelemente implicate \u00een osteosinteza, prevenind ologirea \u0219i canibalismul la g\u00e2\u0219te \u0219i ra\u021be. Se administreaz\u0103 \u00een apa de b\u0103ut, 5 ml\/ litru.<\/p>\n\n\n\n<p><a href=\"https:\/\/agroland.ro\/cresterea-animalelor\/548-novimin-antistress.html\" target=\"_blank\" rel=\"noreferrer noopener\">Novimin Antristress <\/a>supliment lichid cu vitamine \u0219i minerale pentru ra\u021be \u0219i g\u00e2\u0219te. Se folose\u0219te \u00een primele zile de via\u021b\u0103 \u0219i \u00een perioada vaccin\u0103rii. De asemenea ajut\u0103 p\u0103s\u0103rile s\u0103 dep\u0103\u0219easc\u0103 diferitele situa\u021bii de stres. Se administreaz\u0103&nbsp; 0,5 p\u00e2n\u0103 la 1 ml\/ litru \u00een apa de b\u0103ut. Tratamentul se \u021bine pe o perioad\u0103 de p\u00e2n\u0103 la 5 zile consecutiv.<\/p>\n","protected":false},"excerpt":{"rendered":"<p>Cu siguran\u021b\u0103 g\u0103inile sunt p\u0103s\u0103rile preferate de fermierii rom\u00e2ni pentru a fi crescute la curte, dar g\u00e2\u0219tele \u0219i ra\u021bele se g\u0103sesc \u0219i ele printre preferin\u021bele gospodarilor. \u00cen primul r\u00e2nd, sunt p\u0103s\u0103ri u\u0219or de \u00eengrijit, deloc preten\u021bioase \u0219i foarte rezistente la \u00eemboln\u0103viri. Cre\u0219terea bobocilor de ra\u021b\u0103 pare a fii costisitoare, pentru c\u0103 sunt mai mari, deci&hellip; <a class=\"more-link\" href=\"https:\/\/agroland.ro\/c\/ghiduri-agroland-cresterea-bobocilor-de-rata\/\">Continu\u0103 lectura <span class=\"screen-reader-text\">Cre\u0219terea bobocilor de ra\u021b\u0103 \u00een gospod\u0103rie&nbsp;<\/span><\/a><\/p>\n","protected":false},"author":27,"featured_media":14491,"parent":0,"menu_order":0,"comment_status":"closed","ping_status":"closed","template":"templates\/Products.php","meta":{"_acf_changed":false,"_et_pb_use_builder":"","_et_pb_old_content":"","_et_gb_content_width":"","inline_featured_image":false,"footnotes":""},"class_list":["post-29031","page","type-page","status-publish","has-post-thumbnail","hentry","entry"],"acf":[],"_links":{"self":[{"href":"https:\/\/agroland.ro\/c\/wp-json\/wp\/v2\/pages\/29031","targetHints":{"allow":["GET"]}}],"collection":[{"href":"https:\/\/agroland.ro\/c\/wp-json\/wp\/v2\/pages"}],"about":[{"href":"https:\/\/agroland.ro\/c\/wp-json\/wp\/v2\/types\/page"}],"author":[{"embeddable":true,"href":"https:\/\/agroland.ro\/c\/wp-json\/wp\/v2\/users\/27"}],"replies":[{"embeddable":true,"href":"https:\/\/agroland.ro\/c\/wp-json\/wp\/v2\/comments?post=29031"}],"version-history":[{"count":30,"href":"https:\/\/agroland.ro\/c\/wp-json\/wp\/v2\/pages\/29031\/revisions"}],"predecessor-version":[{"id":40546,"href":"https:\/\/agroland.ro\/c\/wp-json\/wp\/v2\/pages\/29031\/revisions\/40546"}],"wp:featuredmedia":[{"embeddable":true,"href":"https:\/\/agroland.ro\/c\/wp-json\/wp\/v2\/media\/14491"}],"wp:attachment":[{"href":"https:\/\/agroland.ro\/c\/wp-json\/wp\/v2\/media?parent=29031"}],"curies":[{"name":"wp","href":"https:\/\/api.w.org\/{rel}","templated":true}]}}