{"id":29039,"date":"2022-03-08T17:24:51","date_gmt":"2022-03-08T15:24:51","guid":{"rendered":"https:\/\/agroland.ro\/c\/?page_id=29039"},"modified":"2024-09-04T09:32:29","modified_gmt":"2024-09-04T06:32:29","slug":"ghiduri-arbusti-fructiferi","status":"publish","type":"page","link":"https:\/\/agroland.ro\/c\/ghiduri-arbusti-fructiferi\/","title":{"rendered":"Ghiduri Arbu\u0219ti Fructiferi"},"content":{"rendered":"\n<div style=\"height:19px\" aria-hidden=\"true\" class=\"wp-block-spacer\"><\/div>\n\n\n\n<figure class=\"wp-block-image size-large is-style-default\"><img loading=\"lazy\" decoding=\"async\" width=\"1024\" height=\"379\" src=\"https:\/\/agroland.ro\/c\/wp-content\/uploads\/2022\/03\/Ghid_agroland_ingrijire_arbusti_fructiferi__-1024x379.png\" alt=\"\" class=\"wp-image-29053\" srcset=\"https:\/\/agroland.ro\/c\/wp-content\/uploads\/2022\/03\/Ghid_agroland_ingrijire_arbusti_fructiferi__-1024x379.png 1024w, https:\/\/agroland.ro\/c\/wp-content\/uploads\/2022\/03\/Ghid_agroland_ingrijire_arbusti_fructiferi__-300x111.png 300w, https:\/\/agroland.ro\/c\/wp-content\/uploads\/2022\/03\/Ghid_agroland_ingrijire_arbusti_fructiferi__-768x284.png 768w, https:\/\/agroland.ro\/c\/wp-content\/uploads\/2022\/03\/Ghid_agroland_ingrijire_arbusti_fructiferi__-1536x569.png 1536w, https:\/\/agroland.ro\/c\/wp-content\/uploads\/2022\/03\/Ghid_agroland_ingrijire_arbusti_fructiferi__-1568x580.png 1568w, https:\/\/agroland.ro\/c\/wp-content\/uploads\/2022\/03\/Ghid_agroland_ingrijire_arbusti_fructiferi__-1000x370.png 1000w, https:\/\/agroland.ro\/c\/wp-content\/uploads\/2022\/03\/Ghid_agroland_ingrijire_arbusti_fructiferi__-500x185.png 500w, https:\/\/agroland.ro\/c\/wp-content\/uploads\/2022\/03\/Ghid_agroland_ingrijire_arbusti_fructiferi__.png 1702w\" sizes=\"(max-width: 1024px) 100vw, 1024px\" \/><\/figure>\n\n\n\n<div style=\"height:19px\" aria-hidden=\"true\" class=\"wp-block-spacer\"><\/div>\n\n\n\n<p>\u27a4 Ferilizarea pomilor fructiferi, buta\u0219ilor \u0219i arbu\u0219tilor fructiferi \u2013 c\u00e2nd \u0219i cum se aplic\u0103 corect fertilizatorii \u00bb <a href=\"https:\/\/agroland.ro\/c\/ferilizarea-pomilor-fructiferi-butasilor-si-arbustilor-fructiferi-cand-si-cum-se-aplica-corect-fertilizatorii\/\" data-type=\"link\" data-id=\"https:\/\/agroland.ro\/c\/ferilizarea-pomilor-fructiferi-butasilor-si-arbustilor-fructiferi-cand-si-cum-se-aplica-corect-fertilizatorii\/\">Vezi Ghidul<\/a><\/p>\n\n\n<div style=\"height:19px\" aria-hidden=\"true\" class=\"wp-block-spacer\"><\/div>\n\n\n<p>\u27a4 De ce nu se prind buta\u0219ii, arbu\u0219tii sau pomii fructiferi \u2013 este sau nu vina materialului s\u0103ditor? \u00bb <a href=\"https:\/\/agroland.ro\/c\/esecul-plantarii-materialului-saditor\/\">Vezi Ghidul<\/a><\/p>\n\n\n<div style=\"height:19px\" aria-hidden=\"true\" class=\"wp-block-spacer\"><\/div>\n\n\n<p>\u27a4 Cum identifici materialul s\u0103ditor viabil fa\u021b\u0103 de cel uscat? \u00bb <a href=\"https:\/\/agroland.ro\/c\/cum-identifici-materialul-saditor-viabil-fata-de-cel-uscat\/\">Vezi Ghidul<\/a><\/p>\n\n\n<div style=\"height:19px\" aria-hidden=\"true\" class=\"wp-block-spacer\"><\/div>\n\n\n<p>\u27a4 Cum recuno\u0219ti pomii fructiferi, arbu\u0219tii \u0219i buta\u0219ii de calitate \u00bb <a href=\"https:\/\/agroland.ro\/c\/cum-recunosti-puietii-de-pomi-fructiferi-arbustii-si-butasii-de-calitate\/\">Vezi Ghidul<\/a><\/p>\n\n\n<div style=\"height:25px\" aria-hidden=\"true\" class=\"wp-block-spacer\"><\/div>\n\n\n\n<h4 class=\"wp-block-heading\">Goji &#8211; Ghid de \u00eentre\u021binere<\/h4>\n\n\n\n<p>\u27a4 Cum se planteaz\u0103 arbustul de goji \u00bb <a href=\"https:\/\/agroland.ro\/c\/sfaturi-utile-pentru-plantarea-reusita-a-arbustului-de-goji\/\">Vezi Ghidul<\/a><\/p>\n\n\n\n<div style=\"height:18px\" aria-hidden=\"true\" class=\"wp-block-spacer\"><\/div>\n\n\n\n<p>\u27a4 \u00centre\u021binere \u0219i lucr\u0103ri necesare pentru arbustul de goji pe perioada anului \u00bb <a href=\"https:\/\/agroland.ro\/c\/taierea-si-intretinerea-arbustului-de-goji-pe-perioada-anului\/\">Vezi Ghidul<\/a><\/p>\n\n\n\n<div style=\"height:18px\" aria-hidden=\"true\" class=\"wp-block-spacer\"><\/div>\n\n\n\n<p>\u27a4 Recoltarea fructelor de goji \u0219i valorificarea lor \u00bb <a href=\"https:\/\/agroland.ro\/c\/recoltarea-si-pastrarea-boabelor-de-goji\/\">Vezi Ghidul<\/a><\/p>\n\n\n\n<p><\/p>\n\n\n\n<div style=\"height:18px\" aria-hidden=\"true\" class=\"wp-block-spacer\"><\/div>\n\n\n\n<h4 class=\"wp-block-heading\">Afin &#8211; Ghid de \u00eentre\u021binere<\/h4>\n\n\n\n<p>\u27a4 Cum se planteaz\u0103 afinul? \u00bb <a href=\"https:\/\/agroland.ro\/c\/sfaturi-practice-pentru-infiintarea-unei-culturi-de-afin-la-tine-in-gradina\/\">Vezi Ghidul<\/a><\/p>\n\n\n\n<div style=\"height:18px\" aria-hidden=\"true\" class=\"wp-block-spacer\"><\/div>\n\n\n\n<p>\u27a4 \u00centre\u021binere \u0219i lucr\u0103ri necesare afinului pe perioada anului \u00bb <a href=\"https:\/\/agroland.ro\/c\/intretinere-si-lucrari-necesare-afinului-pe-perioada-anului\/\">Vezi Ghidul<\/a><\/p>\n\n\n\n<div style=\"height:18px\" aria-hidden=\"true\" class=\"wp-block-spacer\"><\/div>\n\n\n\n<p>\u27a4  Recoltarea afinelor \u0219i valorificarea lor \u00bb <a href=\"https:\/\/agroland.ro\/c\/recoltarea-si-depozitarea-afinelor\/\">Vezi Ghidul<\/a><\/p>\n\n\n\n<div style=\"height:18px\" aria-hidden=\"true\" class=\"wp-block-spacer\"><\/div>\n\n\n\n<h4 class=\"wp-block-heading\">C\u0103tin\u0103 &#8211; Ghid de \u00eentre\u021binere<\/h4>\n\n\n\n<p>\u27a4Cum se planteaz\u0103 arbustul de c\u0103tin\u0103? \u00bb <a href=\"https:\/\/agroland.ro\/c\/plantarea-si-ingrijirea-catinei\/\" target=\"_blank\" rel=\"noreferrer noopener\">Vezi Ghidul<\/a><\/p>\n\n\n\n<div style=\"height:18px\" aria-hidden=\"true\" class=\"wp-block-spacer\"><\/div>\n\n\n\n<p>\u27a4 \u00centre\u021binerea culturii de c\u0103tin\u0103 pe perioada anului \u00bb <a href=\"https:\/\/agroland.ro\/c\/intretinerea-culturii-de-catina-taieri-inmultire-tratare\/\">Vezi Ghidul<\/a><\/p>\n\n\n\n<div style=\"height:18px\" aria-hidden=\"true\" class=\"wp-block-spacer\"><\/div>\n\n\n\n<p>\u27a4 Recoltarea c\u0103tinei \u0219i valorificarea ei \u00bb <a href=\"https:\/\/agroland.ro\/c\/recoltarea-catinei-si-valorificarea-ei\/\">Vezi Ghidul<\/a><\/p>\n\n\n\n<div style=\"height:18px\" aria-hidden=\"true\" class=\"wp-block-spacer\"><\/div>\n\n\n\n<h4 class=\"wp-block-heading\">Zmeur &#8211; Ghid de \u00eentre\u021binere<\/h4>\n\n\n\n<p>\u27a4 Cum se planteaz\u0103 arbustul de zmeur \u00een gr\u0103din\u0103? \u00bb <a href=\"https:\/\/agroland.ro\/c\/sfaturi-utile-pentru-plantarea-arbustului-de-zmeur-in-gradina\/\" target=\"_blank\" rel=\"noreferrer noopener\">Vezi Ghidul<\/a><\/p>\n\n\n\n<div style=\"height:18px\" aria-hidden=\"true\" class=\"wp-block-spacer\"><\/div>\n\n\n\n<p>\u27a4 Cum se recolteaz\u0103 zmeura? \u00bb <a href=\"https:\/\/agroland.ro\/c\/cum-se-recolteaza-zmeura\/\">Vezi Ghidul<\/a><\/p>\n\n\n\n<div style=\"height:18px\" aria-hidden=\"true\" class=\"wp-block-spacer\"><\/div>\n\n\n\n<p>\u27a4 T\u0103ierea la zmeur \u00bb <a href=\"https:\/\/agroland.ro\/c\/taierea-la-zmeur\/\" target=\"_blank\" rel=\"noreferrer noopener\">Vezi Ghidul<\/a><\/p>\n\n\n\n<div style=\"height:18px\" aria-hidden=\"true\" class=\"wp-block-spacer\"><\/div>\n\n\n\n<h4 class=\"wp-block-heading\">Agri\u0219 &#8211; Ghid de \u00eentre\u021binere<\/h4>\n\n\n\n<p>\u27a4 Cum se planteaz\u0103 agri\u0219ul? \u00bb <a href=\"https:\/\/agroland.ro\/c\/sfaturi-practice-pentru-plantarea-agrisului-in-gradina\/\" target=\"_blank\" rel=\"noreferrer noopener\">Vezi Ghidul<\/a><\/p>\n\n\n\n<div style=\"height:18px\" aria-hidden=\"true\" class=\"wp-block-spacer\"><\/div>\n\n\n\n<p>\u27a4 Recoltarea, beneficiile \u0219i valorificarea agri\u0219elor \u00bb <a href=\"https:\/\/agroland.ro\/c\/recoltarea-agriselor-si-valorificarea-lor\/\">Vezi Ghidul<\/a><\/p>\n\n\n\n<div style=\"height:18px\" aria-hidden=\"true\" class=\"wp-block-spacer\"><\/div>\n\n\n\n<p>\u27a4 C\u00e2nd \u0219i cum t\u0103iem agri\u0219ul? \u00bb <a href=\"https:\/\/agroland.ro\/c\/taierea-la-agris\/\" target=\"_blank\" rel=\"noreferrer noopener\">Vezi Ghidul<\/a><\/p>\n\n\n\n<div style=\"height:18px\" aria-hidden=\"true\" class=\"wp-block-spacer\"><\/div>\n\n\n\n<h4 class=\"wp-block-heading\">Coac\u0103z &#8211; Ghid de \u00eentre\u021binere<\/h4>\n\n\n\n<p>\u27a4 Cum se planteaz\u0103 coac\u0103zul? \u00bb <a href=\"https:\/\/agroland.ro\/c\/sfaturi-practice-pentru-plantarea-coacazului-in-gradina\/\" target=\"_blank\" rel=\"noreferrer noopener\">Vezi Ghidul<\/a><\/p>\n\n\n\n<div style=\"height:18px\" aria-hidden=\"true\" class=\"wp-block-spacer\"><\/div>\n\n\n\n<p>\u27a4 \u00centre\u021binerea arbu\u0219tilor de coac\u0103z pe perioada anului \u00bb <a href=\"https:\/\/agroland.ro\/c\/ingrijirea-arbustilor-de-zmeur-mur-coacaz-si-agris\/\">Vezi Ghidul<\/a> <\/p>\n\n\n\n<div style=\"height:18px\" aria-hidden=\"true\" class=\"wp-block-spacer\"><\/div>\n\n\n\n<p>\u27a4 C\u00e2nd \u0219i cum t\u0103iem coac\u0103zul? \u00bb <a rel=\"noreferrer noopener\" href=\"https:\/\/agroland.ro\/c\/cand-si-cum-taiem-coacazul\/\" target=\"_blank\">Vezi Ghidul<\/a><\/p>\n\n\n\n<div style=\"height:18px\" aria-hidden=\"true\" class=\"wp-block-spacer\"><\/div>\n\n\n\n<p>\u27a4 Recoltarea coac\u0103zelor \u0219i valorificarea lor \u00bb <a href=\"https:\/\/agroland.ro\/c\/recoltarea-coacazelor-si-valorificarea-lor\/\">Vezi Ghidul<\/a><\/p>\n\n\n\n<div style=\"height:18px\" aria-hidden=\"true\" class=\"wp-block-spacer\"><\/div>\n\n\n\n<h4 class=\"wp-block-heading\">Mur &#8211; Ghid de \u00eentre\u021binere<\/h4>\n\n\n\n<p>\u27a4 Cum se planteaz\u0103 arbustul de mur? \u00bb <a href=\"https:\/\/agroland.ro\/c\/sfaturi-utile-pentru-plantarea-arbustului-de-mur-in-gradina\/\" target=\"_blank\" rel=\"noreferrer noopener\">Vezi Ghidul<\/a><\/p>\n\n\n\n<div style=\"height:18px\" aria-hidden=\"true\" class=\"wp-block-spacer\"><\/div>\n\n\n\n<p>\u27a4 \u00centre\u021binerea arbu\u0219tilor de mur pe perioada anului \u00bb <a href=\"https:\/\/agroland.ro\/c\/ingrijirea-arbustilor-de-zmeur-mur-coacaz-si-agris\/\">Vezi Ghidul<\/a> <\/p>\n\n\n\n<div style=\"height:18px\" aria-hidden=\"true\" class=\"wp-block-spacer\"><\/div>\n\n\n\n<p>\u27a4 Recoltarea murelor, p\u0103strarea \u0219i valorificarea lor \u00bb <a href=\"https:\/\/agroland.ro\/c\/recoltarea-murelor-si-beneficiile-lor\/\">Vezi Ghidul<\/a><\/p>\n\n\n\n<div style=\"height:18px\" aria-hidden=\"true\" class=\"wp-block-spacer\"><\/div>\n\n\n\n<p>\u27a4 C\u00e2nd \u0219i cum t\u0103iem murul? \u00bb <a href=\"https:\/\/agroland.ro\/c\/taierile-la-mur\/\">Vezi Ghidul<\/a><\/p>\n\n\n\n<p><\/p>\n","protected":false},"excerpt":{"rendered":"<p>\u27a4 Ferilizarea pomilor fructiferi, buta\u0219ilor \u0219i arbu\u0219tilor fructiferi \u2013 c\u00e2nd \u0219i cum se aplic\u0103 corect fertilizatorii \u00bb Vezi Ghidul \u27a4 De ce nu se prind buta\u0219ii, arbu\u0219tii sau pomii fructiferi \u2013 este sau nu vina materialului s\u0103ditor? \u00bb Vezi Ghidul \u27a4 Cum identifici materialul s\u0103ditor viabil fa\u021b\u0103 de cel uscat? \u00bb Vezi Ghidul \u27a4 Cum&hellip; <a class=\"more-link\" href=\"https:\/\/agroland.ro\/c\/ghiduri-arbusti-fructiferi\/\">Continu\u0103 lectura <span class=\"screen-reader-text\">Ghiduri Arbu\u0219ti Fructiferi<\/span><\/a><\/p>\n","protected":false},"author":27,"featured_media":0,"parent":0,"menu_order":0,"comment_status":"closed","ping_status":"closed","template":"templates\/Products.php","meta":{"_acf_changed":false,"_et_pb_use_builder":"","_et_pb_old_content":"","_et_gb_content_width":"","inline_featured_image":false,"footnotes":""},"class_list":["post-29039","page","type-page","status-publish","hentry","entry"],"acf":[],"_links":{"self":[{"href":"https:\/\/agroland.ro\/c\/wp-json\/wp\/v2\/pages\/29039","targetHints":{"allow":["GET"]}}],"collection":[{"href":"https:\/\/agroland.ro\/c\/wp-json\/wp\/v2\/pages"}],"about":[{"href":"https:\/\/agroland.ro\/c\/wp-json\/wp\/v2\/types\/page"}],"author":[{"embeddable":true,"href":"https:\/\/agroland.ro\/c\/wp-json\/wp\/v2\/users\/27"}],"replies":[{"embeddable":true,"href":"https:\/\/agroland.ro\/c\/wp-json\/wp\/v2\/comments?post=29039"}],"version-history":[{"count":22,"href":"https:\/\/agroland.ro\/c\/wp-json\/wp\/v2\/pages\/29039\/revisions"}],"predecessor-version":[{"id":38453,"href":"https:\/\/agroland.ro\/c\/wp-json\/wp\/v2\/pages\/29039\/revisions\/38453"}],"wp:attachment":[{"href":"https:\/\/agroland.ro\/c\/wp-json\/wp\/v2\/media?parent=29039"}],"curies":[{"name":"wp","href":"https:\/\/api.w.org\/{rel}","templated":true}]}}