{"id":29065,"date":"2022-03-08T18:19:53","date_gmt":"2022-03-08T16:19:53","guid":{"rendered":"https:\/\/agroland.ro\/c\/?page_id=29065"},"modified":"2024-05-20T19:23:05","modified_gmt":"2024-05-20T16:23:05","slug":"ghiduri-gradina-de-legume","status":"publish","type":"page","link":"https:\/\/agroland.ro\/c\/ghiduri-gradina-de-legume\/","title":{"rendered":"Ghiduri Gr\u0103dina de Legume"},"content":{"rendered":"\n<div style=\"height:19px\" aria-hidden=\"true\" class=\"wp-block-spacer\"><\/div>\n\n\n\n<h2 class=\"wp-block-heading\">Sfaturi Generale<\/h2>\n\n\n\n<div style=\"height:19px\" aria-hidden=\"true\" class=\"wp-block-spacer\"><\/div>\n\n\n\n<p>\u27a4 De ce are nevoie cultura de legume de biostimulatori \u00bb <a href=\"https:\/\/agroland.ro\/c\/cum-construiesti-o-sera-de-gradina\/\">Vezi Ghidul<\/a><\/p>\n\n\n\n<div style=\"height:19px\" aria-hidden=\"true\" class=\"wp-block-spacer\"><\/div>\n\n\n\n<p>\u27a4 Proiectarea \u0219i \u00eenfiin\u021barea gr\u0103dinii de legume pentru cultura asociat\u0103 \u00bb <a href=\"https:\/\/agroland.ro\/c\/proiectarea-si-infiintarea-gradinii-de-legume-pentru-cultura-asociata\/\">Vezi Ghidul<\/a><\/p>\n\n\n\n<div style=\"height:19px\" aria-hidden=\"true\" class=\"wp-block-spacer\"><\/div>\n\n\n\n<p>\u27a4 Cum construie\u0219ti o ser\u0103 de gr\u0103din\u0103?  \u00bb <a href=\"https:\/\/agroland.ro\/c\/cum-construiesti-o-sera-de-gradina\/\">Vezi Ghidul<\/a><\/p>\n\n\n\n<div style=\"height:18px\" aria-hidden=\"true\" class=\"wp-block-spacer\"><\/div>\n\n\n\n<p>\u27a4 Cultura asociat\u0103. Care legume cresc bine \u00eempreun\u0103 \u0219i care nu? \u00bb <a href=\"https:\/\/agroland.ro\/c\/cultura-asociata-care-legume-cresc-bine-impreuna-si-care-nu\/\">Vezi Ghidul<\/a><\/p>\n\n\n\n<div style=\"height:19px\" aria-hidden=\"true\" class=\"wp-block-spacer\"><\/div>\n\n\n\n<p>\u27a4 Recoltarea \u0219i p\u0103strarea legumelor \u00een gospod\u0103rie \u00bb <a href=\"https:\/\/agroland.ro\/c\/recoltarea-si-pastrarea-legumelor-in-gospodarie\/\">Vezi Ghidul<\/a><\/p>\n\n\n\n<div style=\"height:18px\" aria-hidden=\"true\" class=\"wp-block-spacer\"><\/div>\n\n\n\n<p>\u27a4 12 luni \u00een gr\u0103dina de legume \u00bb <a href=\"https:\/\/agroland.ro\/c\/12-luni-in-gradina-de-legume\/\">Vezi Ghidul<\/a><\/p>\n\n\n\n<div style=\"height:25px\" aria-hidden=\"true\" class=\"wp-block-spacer\"><\/div>\n\n\n\n<p>\u27a4 Top 3 d\u0103un\u0103tori din depozitele de cereale \u0219i tratamentele care-i elimin\u0103 \u00bb <a href=\"https:\/\/agroland.ro\/c\/top-3-daunatori-din-depozitele-de-cereale-si-tratamentele-care-i-elimina\/\">Vezi Ghidul<\/a><\/p>\n\n\n\n<div style=\"height:18px\" aria-hidden=\"true\" class=\"wp-block-spacer\"><\/div>\n\n\n\n<p>\u27a4 Cum preg\u0103te\u0219ti mulciul pentru gr\u0103dina ta, \u00een 5 pa\u0219i simpli&nbsp; \u00bb <a href=\"https:\/\/agroland.ro\/c\/cum-pregatesti-mulciul-pentru-gradina-ta-in-3-pasi-simpli\/\" data-type=\"link\" data-id=\"https:\/\/agroland.ro\/c\/cum-pregatesti-mulciul-pentru-gradina-ta-in-3-pasi-simpli\/\">Vezi Ghidul<\/a><\/p>\n\n\n\n<div style=\"height:25px\" aria-hidden=\"true\" class=\"wp-block-spacer\"><\/div>\n\n\n\n<figure class=\"wp-block-image size-large is-style-default\"><img loading=\"lazy\" decoding=\"async\" width=\"1024\" height=\"379\" src=\"https:\/\/agroland.ro\/c\/wp-content\/uploads\/2022\/03\/Ghid_agroland_ingrijire_gradina_de_legume-1024x379.png\" alt=\"\" class=\"wp-image-29066\" srcset=\"https:\/\/agroland.ro\/c\/wp-content\/uploads\/2022\/03\/Ghid_agroland_ingrijire_gradina_de_legume-1024x379.png 1024w, https:\/\/agroland.ro\/c\/wp-content\/uploads\/2022\/03\/Ghid_agroland_ingrijire_gradina_de_legume-300x111.png 300w, https:\/\/agroland.ro\/c\/wp-content\/uploads\/2022\/03\/Ghid_agroland_ingrijire_gradina_de_legume-768x284.png 768w, https:\/\/agroland.ro\/c\/wp-content\/uploads\/2022\/03\/Ghid_agroland_ingrijire_gradina_de_legume-1536x569.png 1536w, https:\/\/agroland.ro\/c\/wp-content\/uploads\/2022\/03\/Ghid_agroland_ingrijire_gradina_de_legume-1568x580.png 1568w, https:\/\/agroland.ro\/c\/wp-content\/uploads\/2022\/03\/Ghid_agroland_ingrijire_gradina_de_legume-1000x370.png 1000w, https:\/\/agroland.ro\/c\/wp-content\/uploads\/2022\/03\/Ghid_agroland_ingrijire_gradina_de_legume-500x185.png 500w, https:\/\/agroland.ro\/c\/wp-content\/uploads\/2022\/03\/Ghid_agroland_ingrijire_gradina_de_legume.png 1702w\" sizes=\"(max-width: 1024px) 100vw, 1024px\" \/><\/figure>\n\n\n\n<div style=\"height:19px\" aria-hidden=\"true\" class=\"wp-block-spacer\"><\/div>\n\n\n\n<h4 class=\"wp-block-heading\">P\u0103trunjel <\/h4>\n\n\n\n<p>\u27a4 Tot ce trebuie s\u0103 \u0219tii despre cultura p\u0103trunjelului \u00een gr\u0103din\u0103 \u00bb <a href=\"https:\/\/agroland.ro\/c\/tot-ce-trebuie-sa-stii-despre-cultura-patrunjelului-in-gradina\/\" target=\"_blank\" rel=\"noreferrer noopener\">Vezi Ghidul<\/a><\/p>\n\n\n\n<div style=\"height:18px\" aria-hidden=\"true\" class=\"wp-block-spacer\"><\/div>\n\n\n\n<h4 class=\"wp-block-heading\">Morcov<\/h4>\n\n\n\n<p>\u27a4 Tot ce trebuie s\u0103 \u0219tii despre cultura morcovului \u00een gr\u0103din\u0103 \u00bb <a rel=\"noreferrer noopener\" href=\"https:\/\/agroland.ro\/c\/tot-ce-trebuie-sa-stii-despre-cultura-morcovului-in-gradina\/\" target=\"_blank\">Vezi Ghidul<\/a><br>\u27a4 Boli \u0219i d\u0103un\u0103tori \u00een cultura de morcovi \u00bb <a href=\"https:\/\/agroland.ro\/c\/boli-si-daunatori-in-cultura-de-morcovi\/\" target=\"_blank\" rel=\"noreferrer noopener\">Vezi Ghidul<\/a><\/p>\n\n\n\n<div style=\"height:18px\" aria-hidden=\"true\" class=\"wp-block-spacer\"><\/div>\n\n\n\n<h4 class=\"wp-block-heading\">V\u00e2n\u0103t\u0103<\/h4>\n\n\n\n<p>\u27a4 Tot ce trebuie s\u0103 \u0219tii despre cultura vinetelor \u00een gr\u0103din\u0103 \u0219i solarii \u00bb <a rel=\"noreferrer noopener\" href=\"https:\/\/agroland.ro\/c\/tot-ce-trebuie-sa-stii-despre-cultura-vinetelor-in-gradina-si-solarii\/\" target=\"_blank\">Vezi Ghidul<\/a><br>\u27a4 Boli \u0219i d\u0103un\u0103tori care apar \u00een cultura de vinete \u00bb <a href=\"https:\/\/agroland.ro\/c\/boli-si-daunatori-care-apar-in-cultura-de-vinete\/\" target=\"_blank\" rel=\"noreferrer noopener\">Vezi Ghidul<\/a><\/p>\n\n\n\n<div style=\"height:18px\" aria-hidden=\"true\" class=\"wp-block-spacer\"><\/div>\n\n\n\n<h4 class=\"wp-block-heading\">Ro\u0219ii<\/h4>\n\n\n\n<p>\u27a4 Tot ce trebuie s\u0103 \u0219tii despre plantarea ro\u0219iilor \u00een gr\u0103din\u0103 \u0219i solarii \u00bb <a href=\"https:\/\/agroland.ro\/c\/tot-ce-trebuie-sa-stii-despre-plantarea-rosiilor-in-gradina-si-solarii\/\" target=\"_blank\" rel=\"noreferrer noopener\">Vezi Ghidul<\/a><br>\u27a4Boli \u0219i d\u0103un\u0103tori care apar \u00een cultura de ro\u0219ii \u00bb <a href=\"https:\/\/agroland.ro\/c\/boli-si-daunatori-care-apar-in-cultura-de-rosii-cum-le-recunosti-si-ce-tratament-e-potrivit\/\" target=\"_blank\" rel=\"noreferrer noopener\">Vezi Ghidul<\/a><br>\u27a4Cum st\u00e2rpim omida fructelor \u2013 d\u0103un\u0103torul din culturile de ro\u0219ii, ardei \u0219i vinete \u00bb <a href=\"https:\/\/agroland.ro\/c\/cum-starpim-omida-fructelor-daunatorul-din-culturile-de-rosii-ardei-si-vinete\/\" target=\"_blank\" rel=\"noreferrer noopener\">Vezi Ghidul<\/a><br>\u27a4Cum st\u00e2rpim omida fructelor \u2013 d\u0103un\u0103torul din culturile de ro\u0219ii, ardei \u0219i vinete \u00bb <a href=\"https:\/\/agroland.ro\/c\/cum-starpim-omida-fructelor-daunatorul-din-culturile-de-rosii-ardei-si-vinete\/\" data-type=\"link\" data-id=\"https:\/\/agroland.ro\/c\/cum-starpim-omida-fructelor-daunatorul-din-culturile-de-rosii-ardei-si-vinete\/\">Vezi Ghidul<\/a><\/p>\n\n\n\n<div style=\"height:18px\" aria-hidden=\"true\" class=\"wp-block-spacer\"><\/div>\n\n\n\n<h4 class=\"wp-block-heading\">Ardei<\/h4>\n\n\n\n<p>\u27a4 Boli \u0219i d\u0103un\u0103tori care apar \u00een cultura de ardei \u00bb <a href=\"https:\/\/agroland.ro\/c\/boli-si-daunatori-care-apar-in-cultura-de-ardei\/\">Vezi Ghidul<\/a><br>\u27a4 Sfaturi practice pentru plantarea ardeilor \u00een gr\u0103din\u0103 \u00bb <a href=\"https:\/\/agroland.ro\/c\/sfaturi-practice-pentru-plantarea-ardeilor-in-gradina\/\">Vezi Ghidul<\/a><br>\u27a4 Cum st\u00e2rpim omida fructelor \u2013 d\u0103un\u0103torul din culturile de ro\u0219ii, ardei \u0219i vinete \u00bb <a href=\"https:\/\/agroland.ro\/c\/cum-starpim-omida-fructelor-daunatorul-din-culturile-de-rosii-ardei-si-vinete\/\">Vezi Ghidul<\/a><\/p>\n\n\n\n<div style=\"height:18px\" aria-hidden=\"true\" class=\"wp-block-spacer\"><\/div>\n\n\n\n<h4 class=\"wp-block-heading\">\u021aelina de r\u0103d\u0103cin\u0103<\/h4>\n\n\n\n<p>\u27a4 Tot ce trebuie s\u0103 \u0219tii despre cultura \u021belinei de r\u0103d\u0103cin\u0103 \u00een gr\u0103dina de legume \u00bb <a href=\"https:\/\/agroland.ro\/c\/tot-ce-trebuie-sa-stii-despre-cultura-telinei-de-radacina-in-gradina-de-legume\/\">Vezi Ghidul<\/a><\/p>\n\n\n\n<div style=\"height:18px\" aria-hidden=\"true\" class=\"wp-block-spacer\"><\/div>\n\n\n\n<h4 class=\"wp-block-heading\">P\u0103st\u00e2rnacul<\/h4>\n\n\n\n<p>\u27a4 Tot ce trebuie s\u0103 \u0219tii despre cultura p\u0103st\u00e2rnacului \u00een gr\u0103din\u0103 \u00bb <a href=\"https:\/\/agroland.ro\/c\/tot-ce-trebuie-sa-stii-despre-cultura-pastarnacului-in-gradina\/\">Vezi Ghidul<\/a><\/p>\n\n\n\n<div style=\"height:18px\" aria-hidden=\"true\" class=\"wp-block-spacer\"><\/div>\n\n\n\n<h4 class=\"wp-block-heading\">Ridichi<\/h4>\n\n\n\n<p>\u27a4 Tot ce trebuie s\u0103 \u0219tii despre cultura ridichilor \u00een gr\u0103din\u0103 \u00bb <a href=\"https:\/\/agroland.ro\/c\/tot-ce-trebuie-sa-stii-despre-cultura-ridichilor-in-gradina\/\">Vezi Ghidul<\/a><\/p>\n\n\n\n<p>\u27a4 Boli \u0219i d\u0103un\u0103tori din cultura de ridichi \u00bb <a href=\"https:\/\/agroland.ro\/c\/boli-si-daunatori-din-cultura-de-ridichi\/\">Vezi Ghidul<\/a><\/p>\n\n\n\n<div style=\"height:18px\" aria-hidden=\"true\" class=\"wp-block-spacer\"><\/div>\n\n\n\n<h4 class=\"wp-block-heading\">Ceapa<\/h4>\n\n\n\n<p>\u27a4 Tot ce trebuie s\u0103 \u0219tii despre cultura cepei \u00een gr\u0103din\u0103 \u00bb <a href=\"https:\/\/agroland.ro\/c\/tot-ce-trebuie-sa-stii-despre-cultura-cepei-in-gradina\/\">Vezi Ghidul<\/a><br>\u27a4 Boli \u0219i d\u0103un\u0103tori din cultura de ceap\u0103 \u00bb <a href=\"https:\/\/agroland.ro\/c\/boli-si-daunatori-din-cultura-de-ceapa\/\">Vezi Ghidul<\/a><\/p>\n\n\n\n<div style=\"height:18px\" aria-hidden=\"true\" class=\"wp-block-spacer\"><\/div>\n\n\n\n<h4 class=\"wp-block-heading\">Maz\u0103re<\/h4>\n\n\n\n<p>\u27a4 Tot ce trebuie s\u0103 \u0219tii despre cultura maz\u0103rii \u00een gr\u0103din\u0103 \u00bb <a href=\"https:\/\/agroland.ro\/c\/tot-ce-trebuie-sa-stii-despre-cultura-mazarii-in-gradina\/\">Vezi Ghidul<\/a><\/p>\n\n\n\n<div style=\"height:18px\" aria-hidden=\"true\" class=\"wp-block-spacer\"><\/div>\n\n\n\n<h4 class=\"wp-block-heading\">Usturoi<\/h4>\n\n\n\n<p>\u27a4 Tot ce trebuie s\u0103 \u0219tii despre cultura usturoiului \u00een gr\u0103din\u0103 \u00bb <a href=\"https:\/\/agroland.ro\/c\/tot-ce-trebuie-sa-stii-despre-cultura-usturoiului-in-gradina\/\">Vezi Ghidul<\/a><br>\u27a4 Boli \u0219i d\u0103un\u0103tori din cultura de praz \u0219i usturoi \u00bb <a href=\"https:\/\/agroland.ro\/c\/boli-si-daunatori-din-cultura-de-praz-si-usturoi\/\">Vezi Ghidul<\/a><\/p>\n\n\n\n<div style=\"height:18px\" aria-hidden=\"true\" class=\"wp-block-spacer\"><\/div>\n\n\n\n<h4 class=\"wp-block-heading\">Cartofi<\/h4>\n\n\n\n<p>\u27a4 Tot ce trebuie s\u0103 \u0219tii despre cultura cartofului \u00een gr\u0103din\u0103 \u00bb <a href=\"https:\/\/agroland.ro\/c\/tot-ce-trebuie-sa-stii-despre-cultura-cartofului-in-gradina\/\">Vezi Ghidul<\/a><\/p>\n\n\n\n<div style=\"height:18px\" aria-hidden=\"true\" class=\"wp-block-spacer\"><\/div>\n\n\n\n<h4 class=\"wp-block-heading\">Castrave\u021bi<\/h4>\n\n\n\n<p>\u27a4 Bolile \u0219i d\u0103un\u0103torii din cultura de castrave\u021bi \u00bb <a href=\"https:\/\/agroland.ro\/c\/bolile-si-daunatorii-din-cultura-de-castraveti\/\">Vezi Ghidul<\/a><br>\u27a4 Tot ce trebuie s\u0103 \u0219tii despre cultura castrave\u021bilor \u00een gr\u0103din\u0103 \u00bb <a href=\"https:\/\/agroland.ro\/c\/tot-ce-trebuie-sa-stii-despre-cultura-castravetilor-in-gradina\/\">Vezi Ghidul<\/a><\/p>\n\n\n\n<div style=\"height:18px\" aria-hidden=\"true\" class=\"wp-block-spacer\"><\/div>\n\n\n\n<h4 class=\"wp-block-heading\">Varza alb\u0103<\/h4>\n\n\n\n<p>\u27a4 Tot ce trebuie s\u0103 \u0219tii despre cultura verzei albe \u00een gr\u0103din\u0103 \u00bb <a href=\"https:\/\/agroland.ro\/c\/tot-ce-trebuie-sa-stii-despre-cultura-verzei-albe-in-gradina\/\">Vezi Ghidul<\/a><\/p>\n\n\n\n<p>\u27a4 Tratamente recomandate pentru eliminarea d\u0103un\u0103torilor din cultura de varz\u0103 \u00bb <a href=\"https:\/\/agroland.ro\/c\/tratamente-recomandate-pentru-eliminarea-daunatorilor-din-cultura-de-varza\/\">Vezi Ghidul<\/a><br>\u27a4 Boli \u0219i d\u0103un\u0103tori din cultura de varz\u0103 \u00bb <a href=\"https:\/\/agroland.ro\/c\/boli-si-daunatori-din-cultura-de-varza\/\">Vezi Ghidul<\/a><\/p>\n\n\n\n<div style=\"height:18px\" aria-hidden=\"true\" class=\"wp-block-spacer\"><\/div>\n\n\n\n<h4 class=\"wp-block-heading\">Conopida<\/h4>\n\n\n\n<p>\u27a4 Tot ce trebuie s\u0103 \u0219tii despre cultura conopidei \u00een gr\u0103din\u0103 \u00bb <a href=\"https:\/\/agroland.ro\/c\/tot-ce-trebuie-sa-stii-despre-cultura-conopidei-in-gradina\/\">Vezi Ghidul<\/a> <br>\u27a4 Boli \u0219i d\u0103un\u0103tori din cultura de conopid\u0103 \u00bb <a href=\"https:\/\/agroland.ro\/c\/boli-si-daunatori-din-cultura-de-conopida\/\">Vezi Ghidul<\/a><\/p>\n\n\n\n<div style=\"height:18px\" aria-hidden=\"true\" class=\"wp-block-spacer\"><\/div>\n\n\n\n<h4 class=\"wp-block-heading\">Sfecla ro\u0219ie<\/h4>\n\n\n\n<p>\u27a4 Tot ce trebuie s\u0103 \u0219tii despre cultura sfeclei ro\u0219ii \u00een gr\u0103din\u0103 \u00bb <a href=\"https:\/\/agroland.ro\/c\/tot-ce-trebuie-sa-stii-despre-cultura-sfeclei-rosii-in-gradina\/\">Vezi Ghidul <\/a><\/p>\n\n\n\n<div style=\"height:18px\" aria-hidden=\"true\" class=\"wp-block-spacer\"><\/div>\n\n\n\n<h4 class=\"wp-block-heading\">Fasolea<\/h4>\n\n\n\n<p>\u27a4 Tot ce trebuie s\u0103 \u0219tii despre cultura fasolei \u00een gr\u0103dina de legume \u00bb <a href=\"https:\/\/agroland.ro\/c\/tot-ce-trebuie-sa-stii-despre-cultura-fasolei-in-gradina-de-legume\/\">Vezi Ghidul <\/a><\/p>\n\n\n\n<div style=\"height:18px\" aria-hidden=\"true\" class=\"wp-block-spacer\"><\/div>\n\n\n\n<h4 class=\"wp-block-heading\">Dovlecelul<\/h4>\n\n\n\n<p>\u27a4 Tot ce trebuie s\u0103 \u0219tii despre cultura dovlecelului \u00een gr\u0103din\u0103 \u0219i solarii \u00bb <a href=\"https:\/\/agroland.ro\/c\/tot-ce-trebuie-sa-stii-despre-cultura-dovlecelului-in-gradina-si-solarii\/\">Vezi Ghidul <\/a><br>\u27a4 Bolile \u0219i d\u0103un\u0103torii din cultura de dovlecei \u00bb <a href=\"https:\/\/agroland.ro\/c\/bolile-si-daunatorii-din-cultura-de-dovlecei\/\">Vezi Ghidul <\/a><\/p>\n\n\n\n<div style=\"height:18px\" aria-hidden=\"true\" class=\"wp-block-spacer\"><\/div>\n\n\n\n<h4 class=\"wp-block-heading\">Bame<\/h4>\n\n\n\n<p>\u27a4 Tot ce trebuie s\u0103 \u0219tii despre cultura bamelor \u00een gr\u0103din\u0103 \u00bb <a href=\"https:\/\/agroland.ro\/c\/tot-ce-trebuie-sa-stii-despre-cultura-bamelor-in-gradina\/\">Vezi Ghidul <\/a><\/p>\n\n\n\n<div style=\"height:18px\" aria-hidden=\"true\" class=\"wp-block-spacer\"><\/div>\n\n\n\n<h4 class=\"wp-block-heading\">Spanacul<\/h4>\n\n\n\n<p>\u27a4 Tot ce trebuie s\u0103 \u0219tii despre cultura spanacului \u00een gr\u0103din\u0103 \u00bb <a href=\"https:\/\/agroland.ro\/c\/tot-ce-trebuie-sa-stii-despre-cultura-spanacului-in-gradina\/\">Vezi Ghidul <\/a><\/p>\n\n\n\n<div style=\"height:18px\" aria-hidden=\"true\" class=\"wp-block-spacer\"><\/div>\n\n\n\n<h4 class=\"wp-block-heading\">Salata<\/h4>\n\n\n\n<p>\u27a4 Tot ce trebuie s\u0103 \u0219tii despre cultura salatei \u00een gr\u0103din\u0103 \u0219i solarii \u00bb <a href=\"https:\/\/agroland.ro\/c\/tot-ce-trebuie-sa-stii-despre-cultura-salatei-in-gradina-si-solarii\/\">Vezi Ghidul <\/a><\/p>\n\n\n\n<div style=\"height:18px\" aria-hidden=\"true\" class=\"wp-block-spacer\"><\/div>\n\n\n\n<h4 class=\"wp-block-heading\">Pepenele galben<\/h4>\n\n\n\n<p>\u27a4 Tot ce trebuie s\u0103 \u0219tii despre cultura pepenelui galben \u00een gr\u0103din\u0103 \u00bb <a href=\"https:\/\/agroland.ro\/c\/tot-ce-trebuie-sa-stii-despre-cultura-pepenelui-galben-in-gradina\/\">Vezi Ghidul <\/a><br>\u27a4 Bolile \u0219i d\u0103un\u0103torii din cultura de pepeni \u00bb <a href=\"https:\/\/agroland.ro\/c\/bolile-si-daunatorii-din-cultura-de-pepeni\/\">Vezi Ghidul<\/a><\/p>\n\n\n\n<div style=\"height:18px\" aria-hidden=\"true\" class=\"wp-block-spacer\"><\/div>\n\n\n\n<h4 class=\"wp-block-heading\">Pepenele verde<\/h4>\n\n\n\n<p>\u27a4 Tot ce trebuie s\u0103 \u0219tii despre cultura pepenelui verde \u00een gr\u0103din\u0103 \u00bb <a href=\"https:\/\/agroland.ro\/c\/tot-ce-trebuie-sa-stii-despre-cultura-pepenelui-verde-in-gradina\/\">Vezi Ghidul <\/a><br>\u27a4 Bolile \u0219i d\u0103un\u0103torii din cultura de pepeni \u00bb <a href=\"https:\/\/agroland.ro\/c\/bolile-si-daunatorii-din-cultura-de-pepeni\/\">Vezi Ghidul <\/a><\/p>\n","protected":false},"excerpt":{"rendered":"<p>Sfaturi Generale \u27a4 De ce are nevoie cultura de legume de biostimulatori \u00bb Vezi Ghidul \u27a4 Proiectarea \u0219i \u00eenfiin\u021barea gr\u0103dinii de legume pentru cultura asociat\u0103 \u00bb Vezi Ghidul \u27a4 Cum construie\u0219ti o ser\u0103 de gr\u0103din\u0103? \u00bb Vezi Ghidul \u27a4 Cultura asociat\u0103. Care legume cresc bine \u00eempreun\u0103 \u0219i care nu? \u00bb Vezi Ghidul \u27a4 Recoltarea \u0219i&hellip; <a class=\"more-link\" href=\"https:\/\/agroland.ro\/c\/ghiduri-gradina-de-legume\/\">Continu\u0103 lectura <span class=\"screen-reader-text\">Ghiduri Gr\u0103dina de Legume<\/span><\/a><\/p>\n","protected":false},"author":27,"featured_media":0,"parent":0,"menu_order":0,"comment_status":"closed","ping_status":"closed","template":"templates\/Products.php","meta":{"_acf_changed":false,"_et_pb_use_builder":"","_et_pb_old_content":"","_et_gb_content_width":"","inline_featured_image":false,"footnotes":""},"class_list":["post-29065","page","type-page","status-publish","hentry","entry"],"acf":[],"_links":{"self":[{"href":"https:\/\/agroland.ro\/c\/wp-json\/wp\/v2\/pages\/29065","targetHints":{"allow":["GET"]}}],"collection":[{"href":"https:\/\/agroland.ro\/c\/wp-json\/wp\/v2\/pages"}],"about":[{"href":"https:\/\/agroland.ro\/c\/wp-json\/wp\/v2\/types\/page"}],"author":[{"embeddable":true,"href":"https:\/\/agroland.ro\/c\/wp-json\/wp\/v2\/users\/27"}],"replies":[{"embeddable":true,"href":"https:\/\/agroland.ro\/c\/wp-json\/wp\/v2\/comments?post=29065"}],"version-history":[{"count":34,"href":"https:\/\/agroland.ro\/c\/wp-json\/wp\/v2\/pages\/29065\/revisions"}],"predecessor-version":[{"id":37729,"href":"https:\/\/agroland.ro\/c\/wp-json\/wp\/v2\/pages\/29065\/revisions\/37729"}],"wp:attachment":[{"href":"https:\/\/agroland.ro\/c\/wp-json\/wp\/v2\/media?parent=29065"}],"curies":[{"name":"wp","href":"https:\/\/api.w.org\/{rel}","templated":true}]}}