{"id":29620,"date":"2022-03-29T15:46:00","date_gmt":"2022-03-29T12:46:00","guid":{"rendered":"https:\/\/agroland.ro\/c\/?page_id=29620"},"modified":"2022-04-01T12:51:32","modified_gmt":"2022-04-01T09:51:32","slug":"ghiduri-agroland-ingrijirea-animalelor-de-companie","status":"publish","type":"page","link":"https:\/\/agroland.ro\/c\/ghiduri-agroland-ingrijirea-animalelor-de-companie\/","title":{"rendered":"\u00cengrijirea animalelor de companie"},"content":{"rendered":"\n<p>Animalele de companie sunt parte din familie. Fericirea lor depinde de modul \u00een care sunt crescu\u021bi \u0219i \u00eengriji\u021bi. De aceea am preg\u0103tit un ghid util cu sfaturi despre cum s\u0103 \u00eengrije\u0219ti \u00een mod corect c\u00e2inii \u0219i pisicile pentru a se bucura de o via\u021b\u0103 lung\u0103.<\/p>\n\n\n\n<div style=\"height:18px\" aria-hidden=\"true\" class=\"wp-block-spacer\"><\/div>\n\n\n\n<h2 class=\"wp-block-heading\"><strong>Ghidurile Agroland<\/strong><\/h2>\n\n\n\n<div style=\"height:18px\" aria-hidden=\"true\" class=\"wp-block-spacer\"><\/div>\n\n\n\n<div class=\"wp-block-columns is-style-twentytwentyone-columns-overlap is-layout-flex wp-container-core-columns-is-layout-9d6595d7 wp-block-columns-is-layout-flex\">\n<div class=\"wp-block-column is-layout-flow wp-block-column-is-layout-flow\">\n<figure class=\"wp-block-image size-large is-style-default\"><a href=\"https:\/\/agroland.ro\/c\/ghiduri-ingrijirea-cainilor\/\"><img loading=\"lazy\" decoding=\"async\" width=\"1024\" height=\"788\" src=\"https:\/\/agroland.ro\/c\/wp-content\/uploads\/2022\/03\/Ghidurile-Agroland-ingrijire-caini-1024x788.png\" alt=\"\" class=\"wp-image-29642\" srcset=\"https:\/\/agroland.ro\/c\/wp-content\/uploads\/2022\/03\/Ghidurile-Agroland-ingrijire-caini-1024x788.png 1024w, https:\/\/agroland.ro\/c\/wp-content\/uploads\/2022\/03\/Ghidurile-Agroland-ingrijire-caini-300x231.png 300w, https:\/\/agroland.ro\/c\/wp-content\/uploads\/2022\/03\/Ghidurile-Agroland-ingrijire-caini-768x591.png 768w, https:\/\/agroland.ro\/c\/wp-content\/uploads\/2022\/03\/Ghidurile-Agroland-ingrijire-caini-1000x770.png 1000w, https:\/\/agroland.ro\/c\/wp-content\/uploads\/2022\/03\/Ghidurile-Agroland-ingrijire-caini-500x385.png 500w, https:\/\/agroland.ro\/c\/wp-content\/uploads\/2022\/03\/Ghidurile-Agroland-ingrijire-caini.png 1199w\" sizes=\"(max-width: 1024px) 100vw, 1024px\" \/><\/a><\/figure>\n<\/div>\n\n\n\n<div class=\"wp-block-column is-layout-flow wp-block-column-is-layout-flow\">\n<figure class=\"wp-block-image size-large is-style-default\"><a href=\"https:\/\/agroland.ro\/c\/ghiduri-ingrijirea-pisicilor\/\"><img loading=\"lazy\" decoding=\"async\" width=\"1024\" height=\"788\" src=\"https:\/\/agroland.ro\/c\/wp-content\/uploads\/2022\/03\/Ghidurile-Agroland-ingrijire-pisici-1-1024x788.png\" alt=\"\" class=\"wp-image-29646\" srcset=\"https:\/\/agroland.ro\/c\/wp-content\/uploads\/2022\/03\/Ghidurile-Agroland-ingrijire-pisici-1-1024x788.png 1024w, https:\/\/agroland.ro\/c\/wp-content\/uploads\/2022\/03\/Ghidurile-Agroland-ingrijire-pisici-1-300x231.png 300w, https:\/\/agroland.ro\/c\/wp-content\/uploads\/2022\/03\/Ghidurile-Agroland-ingrijire-pisici-1-768x591.png 768w, https:\/\/agroland.ro\/c\/wp-content\/uploads\/2022\/03\/Ghidurile-Agroland-ingrijire-pisici-1-1000x770.png 1000w, https:\/\/agroland.ro\/c\/wp-content\/uploads\/2022\/03\/Ghidurile-Agroland-ingrijire-pisici-1-500x385.png 500w, https:\/\/agroland.ro\/c\/wp-content\/uploads\/2022\/03\/Ghidurile-Agroland-ingrijire-pisici-1.png 1199w\" sizes=\"(max-width: 1024px) 100vw, 1024px\" \/><\/a><\/figure>\n<\/div>\n<\/div>\n\n\n\n<div style=\"height:100px\" aria-hidden=\"true\" class=\"wp-block-spacer\"><\/div>\n","protected":false},"excerpt":{"rendered":"<p>Animalele de companie sunt parte din familie. Fericirea lor depinde de modul \u00een care sunt crescu\u021bi \u0219i \u00eengriji\u021bi. De aceea am preg\u0103tit un ghid util cu sfaturi despre cum s\u0103 \u00eengrije\u0219ti \u00een mod corect c\u00e2inii \u0219i pisicile pentru a se bucura de o via\u021b\u0103 lung\u0103. Ghidurile Agroland<\/p>\n","protected":false},"author":26,"featured_media":0,"parent":0,"menu_order":0,"comment_status":"closed","ping_status":"closed","template":"templates\/Products.php","meta":{"_acf_changed":false,"_et_pb_use_builder":"","_et_pb_old_content":"","_et_gb_content_width":"","inline_featured_image":false,"footnotes":""},"class_list":["post-29620","page","type-page","status-publish","hentry","entry"],"acf":[],"_links":{"self":[{"href":"https:\/\/agroland.ro\/c\/wp-json\/wp\/v2\/pages\/29620","targetHints":{"allow":["GET"]}}],"collection":[{"href":"https:\/\/agroland.ro\/c\/wp-json\/wp\/v2\/pages"}],"about":[{"href":"https:\/\/agroland.ro\/c\/wp-json\/wp\/v2\/types\/page"}],"author":[{"embeddable":true,"href":"https:\/\/agroland.ro\/c\/wp-json\/wp\/v2\/users\/26"}],"replies":[{"embeddable":true,"href":"https:\/\/agroland.ro\/c\/wp-json\/wp\/v2\/comments?post=29620"}],"version-history":[{"count":10,"href":"https:\/\/agroland.ro\/c\/wp-json\/wp\/v2\/pages\/29620\/revisions"}],"predecessor-version":[{"id":29818,"href":"https:\/\/agroland.ro\/c\/wp-json\/wp\/v2\/pages\/29620\/revisions\/29818"}],"wp:attachment":[{"href":"https:\/\/agroland.ro\/c\/wp-json\/wp\/v2\/media?parent=29620"}],"curies":[{"name":"wp","href":"https:\/\/api.w.org\/{rel}","templated":true}]}}