{"id":29623,"date":"2022-03-29T16:55:30","date_gmt":"2022-03-29T13:55:30","guid":{"rendered":"https:\/\/agroland.ro\/c\/?page_id=29623"},"modified":"2025-11-12T16:40:41","modified_gmt":"2025-11-12T14:40:41","slug":"ghiduri-ingrijirea-cainilor","status":"publish","type":"page","link":"https:\/\/agroland.ro\/c\/ghiduri-ingrijirea-cainilor\/","title":{"rendered":"Ghiduri \u00eengrijirea c\u00e2inilor"},"content":{"rendered":"\n<div style=\"height:18px\" aria-hidden=\"true\" class=\"wp-block-spacer\"><\/div>\n\n\n\n<h2 class=\"wp-block-heading\">Schem\u0103 vaccinare la c\u00e2ini<\/h2>\n\n\n\n<div style=\"height:18px\" aria-hidden=\"true\" class=\"wp-block-spacer\"><\/div>\n\n\n\n<figure class=\"wp-block-image size-large is-style-default\"><img loading=\"lazy\" decoding=\"async\" width=\"1024\" height=\"379\" src=\"https:\/\/agroland.ro\/c\/wp-content\/uploads\/2022\/03\/vaccinarea-la-caini-agroland-1024x379.png\" alt=\"\" class=\"wp-image-29672\" srcset=\"https:\/\/agroland.ro\/c\/wp-content\/uploads\/2022\/03\/vaccinarea-la-caini-agroland-1024x379.png 1024w, https:\/\/agroland.ro\/c\/wp-content\/uploads\/2022\/03\/vaccinarea-la-caini-agroland-300x111.png 300w, https:\/\/agroland.ro\/c\/wp-content\/uploads\/2022\/03\/vaccinarea-la-caini-agroland-768x284.png 768w, https:\/\/agroland.ro\/c\/wp-content\/uploads\/2022\/03\/vaccinarea-la-caini-agroland-1536x569.png 1536w, https:\/\/agroland.ro\/c\/wp-content\/uploads\/2022\/03\/vaccinarea-la-caini-agroland-1568x580.png 1568w, https:\/\/agroland.ro\/c\/wp-content\/uploads\/2022\/03\/vaccinarea-la-caini-agroland-1000x370.png 1000w, https:\/\/agroland.ro\/c\/wp-content\/uploads\/2022\/03\/vaccinarea-la-caini-agroland-500x185.png 500w, https:\/\/agroland.ro\/c\/wp-content\/uploads\/2022\/03\/vaccinarea-la-caini-agroland.png 1702w\" sizes=\"(max-width: 1024px) 100vw, 1024px\" \/><\/figure>\n\n\n\n<div style=\"height:18px\" aria-hidden=\"true\" class=\"wp-block-spacer\"><\/div>\n\n\n\n<p>\u27a4 Schema de vaccinare obligatorie pentru c\u00e2ini \u00bb <a href=\"https:\/\/agroland.ro\/c\/schema-de-vaccinare-obligatorie-pentru-caini\/\">Vezi Ghidul<\/a><\/p>\n\n\n\n<div style=\"height:18px\" aria-hidden=\"true\" class=\"wp-block-spacer\"><\/div>\n\n\n\n<h2 class=\"wp-block-heading\">Sterilizarea la c\u00e2ini<\/h2>\n\n\n\n<div style=\"height:18px\" aria-hidden=\"true\" class=\"wp-block-spacer\"><\/div>\n\n\n\n<figure class=\"wp-block-image size-large is-style-default\"><img loading=\"lazy\" decoding=\"async\" width=\"1024\" height=\"379\" src=\"https:\/\/agroland.ro\/c\/wp-content\/uploads\/2022\/03\/sterilizarea-la-caini-ghiduri-agroland-1024x379.png\" alt=\"\" class=\"wp-image-29675\" srcset=\"https:\/\/agroland.ro\/c\/wp-content\/uploads\/2022\/03\/sterilizarea-la-caini-ghiduri-agroland-1024x379.png 1024w, https:\/\/agroland.ro\/c\/wp-content\/uploads\/2022\/03\/sterilizarea-la-caini-ghiduri-agroland-300x111.png 300w, https:\/\/agroland.ro\/c\/wp-content\/uploads\/2022\/03\/sterilizarea-la-caini-ghiduri-agroland-768x284.png 768w, https:\/\/agroland.ro\/c\/wp-content\/uploads\/2022\/03\/sterilizarea-la-caini-ghiduri-agroland-1536x569.png 1536w, https:\/\/agroland.ro\/c\/wp-content\/uploads\/2022\/03\/sterilizarea-la-caini-ghiduri-agroland-1568x580.png 1568w, https:\/\/agroland.ro\/c\/wp-content\/uploads\/2022\/03\/sterilizarea-la-caini-ghiduri-agroland-1000x370.png 1000w, https:\/\/agroland.ro\/c\/wp-content\/uploads\/2022\/03\/sterilizarea-la-caini-ghiduri-agroland-500x185.png 500w, https:\/\/agroland.ro\/c\/wp-content\/uploads\/2022\/03\/sterilizarea-la-caini-ghiduri-agroland.png 1702w\" sizes=\"(max-width: 1024px) 100vw, 1024px\" \/><\/figure>\n\n\n\n<div style=\"height:18px\" aria-hidden=\"true\" class=\"wp-block-spacer\"><\/div>\n\n\n\n<p>\u27a4 Tot ce trebuie s\u0103 \u0219tii despre sterilizarea c\u0103\u021belelor \u00bb <a href=\"https:\/\/agroland.ro\/c\/tot-ce-trebuie-sa-stii-despre-sterilizarea-catelelor\/\">Vezi Ghidul<\/a><\/p>\n\n\n\n<div style=\"height:11px\" aria-hidden=\"true\" class=\"wp-block-spacer\"><\/div>\n\n\n\n<p>\u27a4 De ce este recomandat\u0103 sterilizarea c\u00e2inilor masculi? \u00bb <a href=\"https:\/\/agroland.ro\/c\/de-ce-este-recomandata-sterilizarea-cainilor-masculi\/\">Vezi Ghidul<\/a><\/p>\n\n\n\n<div style=\"height:11px\" aria-hidden=\"true\" class=\"wp-block-spacer\"><\/div>\n\n\n\n<p>\u27a4 Cum \u00eengrijim c\u00e2inele dup\u0103 opera\u021bia de sterilizare? \u00bb <a href=\"https:\/\/agroland.ro\/c\/cum-ingrijim-cainele-dupa-operatia-de-sterilizare\/\">Vezi Ghidul<\/a><\/p>\n\n\n\n<div style=\"height:18px\" aria-hidden=\"true\" class=\"wp-block-spacer\"><\/div>\n\n\n\n<h2 class=\"wp-block-heading\">Boli \u0219i tratamente la c\u00e2ini<\/h2>\n\n\n\n<div style=\"height:18px\" aria-hidden=\"true\" class=\"wp-block-spacer\"><\/div>\n\n\n\n<figure class=\"wp-block-image size-large is-style-default\"><img loading=\"lazy\" decoding=\"async\" width=\"1024\" height=\"379\" src=\"https:\/\/agroland.ro\/c\/wp-content\/uploads\/2022\/03\/boli-si-tratamente-ghiduri-agroland-1024x379.png\" alt=\"\" class=\"wp-image-29678\" srcset=\"https:\/\/agroland.ro\/c\/wp-content\/uploads\/2022\/03\/boli-si-tratamente-ghiduri-agroland-1024x379.png 1024w, https:\/\/agroland.ro\/c\/wp-content\/uploads\/2022\/03\/boli-si-tratamente-ghiduri-agroland-300x111.png 300w, https:\/\/agroland.ro\/c\/wp-content\/uploads\/2022\/03\/boli-si-tratamente-ghiduri-agroland-768x284.png 768w, https:\/\/agroland.ro\/c\/wp-content\/uploads\/2022\/03\/boli-si-tratamente-ghiduri-agroland-1536x569.png 1536w, https:\/\/agroland.ro\/c\/wp-content\/uploads\/2022\/03\/boli-si-tratamente-ghiduri-agroland-1568x580.png 1568w, https:\/\/agroland.ro\/c\/wp-content\/uploads\/2022\/03\/boli-si-tratamente-ghiduri-agroland-1000x370.png 1000w, https:\/\/agroland.ro\/c\/wp-content\/uploads\/2022\/03\/boli-si-tratamente-ghiduri-agroland-500x185.png 500w, https:\/\/agroland.ro\/c\/wp-content\/uploads\/2022\/03\/boli-si-tratamente-ghiduri-agroland.png 1702w\" sizes=\"(max-width: 1024px) 100vw, 1024px\" \/><\/figure>\n\n\n\n<div style=\"height:18px\" aria-hidden=\"true\" class=\"wp-block-spacer\"><\/div>\n\n\n\n<p>\u27a4 Parvoviroza, una dintre bolile care pot pune pericol via\u021ba c\u0103\u021belului t\u0103u \u00bb <a href=\"https:\/\/agroland.ro\/c\/parvoviroza-una-dintre-bolile-care-pot-pune-pericol-viata-catelului-tau\/\">Vezi Ghidul<\/a><\/p>\n\n\n\n<div style=\"height:11px\" aria-hidden=\"true\" class=\"wp-block-spacer\"><\/div>\n\n\n\n<p>\u27a4 Panosteita, o boal\u0103 ce poate afecta c\u00e2inii \u00een perioada de cre\u0219tere \u00bb <a href=\"https:\/\/agroland.ro\/c\/panosteita-o-boala-ce-poate-afecta-cainii-in-perioada-de-crestere\/\">Vezi Ghidul<\/a><\/p>\n\n\n\n<div style=\"height:11px\" aria-hidden=\"true\" class=\"wp-block-spacer\"><\/div>\n\n\n\n<p>\u27a4 Babesioza, boala care poate fi transmis\u0103 c\u00e2inilor de la c\u0103pu\u0219e \u00bb <a href=\"https:\/\/agroland.ro\/c\/babesioza-boala-care-poate-fi-transmisa-cainilor-de-la-capuse\/\">Vezi Ghidul<\/a><\/p>\n\n\n\n<div style=\"height:11px\" aria-hidden=\"true\" class=\"wp-block-spacer\"><\/div>\n\n\n\n<p>\u27a4 Dirofilarioza, boala transmis\u0103 c\u00e2inilor prin mu\u0219c\u0103tura de \u021b\u00e2n\u021bar \u00bb <a href=\"https:\/\/agroland.ro\/c\/dirofilarioza-boala-transmisa-cainilor-prin-muscatura-de-tantar\/\">Vezi Ghidul<\/a><\/p>\n\n\n\n<div style=\"height:11px\" aria-hidden=\"true\" class=\"wp-block-spacer\"><\/div>\n\n\n\n<p>\u27a4 Cele mai \u00eent\u00e2lnite afec\u021biuni dermatologice ale c\u00e2inilor \u00bb <a href=\"https:\/\/agroland.ro\/c\/cele-mai-intalnite-afectiuni-dermatologice-ale-cainilor\/\">Vezi Ghidul<\/a><\/p>\n\n\n\n<div style=\"height:18px\" aria-hidden=\"true\" class=\"wp-block-spacer\"><\/div>\n\n\n\n<h2 class=\"wp-block-heading\">Sfaturi de cre\u0219tere <\/h2>\n\n\n\n<div style=\"height:18px\" aria-hidden=\"true\" class=\"wp-block-spacer\"><\/div>\n\n\n\n<figure class=\"wp-block-image size-large is-style-default\"><img loading=\"lazy\" decoding=\"async\" width=\"1024\" height=\"379\" src=\"https:\/\/agroland.ro\/c\/wp-content\/uploads\/2022\/03\/sfaturi-de-crestere-ghiduri-agroland-1024x379.png\" alt=\"\" class=\"wp-image-29681\" srcset=\"https:\/\/agroland.ro\/c\/wp-content\/uploads\/2022\/03\/sfaturi-de-crestere-ghiduri-agroland-1024x379.png 1024w, https:\/\/agroland.ro\/c\/wp-content\/uploads\/2022\/03\/sfaturi-de-crestere-ghiduri-agroland-300x111.png 300w, https:\/\/agroland.ro\/c\/wp-content\/uploads\/2022\/03\/sfaturi-de-crestere-ghiduri-agroland-768x284.png 768w, https:\/\/agroland.ro\/c\/wp-content\/uploads\/2022\/03\/sfaturi-de-crestere-ghiduri-agroland-1536x569.png 1536w, https:\/\/agroland.ro\/c\/wp-content\/uploads\/2022\/03\/sfaturi-de-crestere-ghiduri-agroland-1568x580.png 1568w, https:\/\/agroland.ro\/c\/wp-content\/uploads\/2022\/03\/sfaturi-de-crestere-ghiduri-agroland-1000x370.png 1000w, https:\/\/agroland.ro\/c\/wp-content\/uploads\/2022\/03\/sfaturi-de-crestere-ghiduri-agroland-500x185.png 500w, https:\/\/agroland.ro\/c\/wp-content\/uploads\/2022\/03\/sfaturi-de-crestere-ghiduri-agroland.png 1702w\" sizes=\"(max-width: 1024px) 100vw, 1024px\" \/><\/figure>\n\n\n\n<div style=\"height:18px\" aria-hidden=\"true\" class=\"wp-block-spacer\"><\/div>\n\n\n\n<p>\u27a4 6 jocuri pe care s\u0103 le joci cu c\u00e2inele \u00een cas\u0103 \u00bb <a href=\"https:\/\/agroland.ro\/c\/6-jocuri-pe-care-sa-le-joci-cu-cainele-in-casa\/\">Vezi Ghidul<\/a><\/p>\n\n\n\n<div style=\"height:11px\" aria-hidden=\"true\" class=\"wp-block-spacer\"><\/div>\n\n\n\n<p> \u27a4 Cum \u00ee\u021bi \u00eenve\u021bi c\u00e2inele s\u0103 mearg\u0103 la pas \u0219i s\u0103 nu mai trag\u0103 \u00een les\u0103?  \u00bb <a href=\"https:\/\/agroland.ro\/c\/cum-iti-inveti-cainele-sa-mearga-la-pas-si-sa-nu-mai-traga-in-lesa\/\">Vezi Ghidul<\/a><\/p>\n\n\n\n<div style=\"height:11px\" aria-hidden=\"true\" class=\"wp-block-spacer\"><\/div>\n\n\n\n<p>\u27a4 De ce ai nevoie c\u00e2nd te decizi s\u0103 cre\u0219ti un c\u00e2ine \u00een curte? \u00bb <a href=\"https:\/\/agroland.ro\/c\/de-ce-ai-nevoie-cand-te-decizi-sa-cresti-un-caine-in-curte\/\">Vezi Ghidul<\/a><\/p>\n\n\n\n<div style=\"height:11px\" aria-hidden=\"true\" class=\"wp-block-spacer\"><\/div>\n\n\n\n<p>\u27a4 De ce ai nevoie pentru a cre\u0219te un c\u00e2ine \u00een apartament? \u00bb <a href=\"https:\/\/agroland.ro\/c\/de-ce-ai-nevoie-pentru-a-creste-un-caine-in-apartament\/\">Vezi Ghidul<\/a><\/p>\n\n\n\n<div style=\"height:11px\" aria-hidden=\"true\" class=\"wp-block-spacer\"><\/div>\n\n\n\n<p>\u27a4 Cum \u00eenve\u021bi un c\u00e2ine s\u0103 \u00ee\u0219i fac\u0103 nevoile afar\u0103? \u00bb <a href=\"https:\/\/agroland.ro\/c\/cum-inveti-un-caine-sa-isi-faca-nevoile-afara\/\">Vezi Ghidul<\/a><\/p>\n\n\n\n<div style=\"height:11px\" aria-hidden=\"true\" class=\"wp-block-spacer\"><\/div>\n\n\n\n<p>\u27a4 Cum \u00eengrijim un c\u00e2ine ajuns la v\u00e2rsta senioratului? \u00bb <a href=\"https:\/\/agroland.ro\/c\/cum-ingrijim-un-caine-ajuns-la-varsta-senioratului\/\">Vezi Ghidul<\/a><\/p>\n\n\n\n<div style=\"height:11px\" aria-hidden=\"true\" class=\"wp-block-spacer\"><\/div>\n\n\n\n<p>\u27a4 Cum s\u0103 v\u0103 preg\u0103ti\u021bi pentru prima menstr\u0103 a c\u0103\u021belu\u0219ei? \u00bb <a href=\"https:\/\/agroland.ro\/c\/cum-sa-va-pregatiti-pentru-prima-menstra-a-catelusei\/\">Vezi Ghidul<\/a><\/p>\n\n\n\n<div style=\"height:11px\" aria-hidden=\"true\" class=\"wp-block-spacer\"><\/div>\n\n\n\n<p>\u27a4 Cum \u00ee\u021bi hr\u0103ne\u0219ti c\u00e2inele \u00een func\u021bie de v\u00e2rst\u0103 \u00bb <a href=\"https:\/\/agroland.ro\/c\/cum-iti-hranesti-corect-cainele-in-functie-de-varsta\/\">Vezi Ghidul<\/a><\/p>\n\n\n\n<div style=\"height:11px\" aria-hidden=\"true\" class=\"wp-block-spacer\"><\/div>\n\n\n\n<p>\u27a4 Rase de c\u00e2ini sensibili la c\u0103ldur\u0103. Cum protejezi c\u00e2inii vara? \u00bb <a href=\"https:\/\/agroland.ro\/c\/rase-de-caini-sensibili-la-caldura-cum-protejezi-cainii-vara\/\" target=\"_blank\" rel=\"noreferrer noopener\">Vezi Ghidul<\/a><\/p>\n\n\n\n<h2 class=\"wp-block-heading\">Rase de c\u00e2ini<\/h2>\n\n\n\n<p>\u27a4 <strong>Bichon Frise<\/strong> \u00bb <a href=\"https:\/\/agroland.ro\/c\/bichon-frise-caine-de-talie-mica\/\">Afl\u0103 totul despre ras\u0103<\/a><\/p>\n\n\n\n<p>\u27a4 <strong>Golden Retriever<\/strong> \u00bb <a href=\"https:\/\/agroland.ro\/c\/rasa-de-caine-golden-retriever-ingrijire\/\">Afl\u0103 totul despre ras\u0103<\/a><\/p>\n\n\n\n<p>\u27a4 <strong>Yorkshire Terrier<\/strong> \u00bb <a href=\"https:\/\/agroland.ro\/c\/yorkshire-terrier-crestere-ingrijire-alimentatie\/\">Afl\u0103 totul despre ras\u0103<\/a><\/p>\n\n\n\n<p>\u27a4 <strong>Shih Tzu<\/strong> \u00bb <a href=\"https:\/\/agroland.ro\/c\/rasa-de-caini-shih-tzu-aspect-ingrijire-hrana\/\">Afl\u0103 totul despre ras\u0103<\/a><\/p>\n\n\n\n<div style=\"height:100px\" aria-hidden=\"true\" class=\"wp-block-spacer\"><\/div>\n","protected":false},"excerpt":{"rendered":"<p>Schem\u0103 vaccinare la c\u00e2ini \u27a4 Schema de vaccinare obligatorie pentru c\u00e2ini \u00bb Vezi Ghidul Sterilizarea la c\u00e2ini \u27a4 Tot ce trebuie s\u0103 \u0219tii despre sterilizarea c\u0103\u021belelor \u00bb Vezi Ghidul \u27a4 De ce este recomandat\u0103 sterilizarea c\u00e2inilor masculi? \u00bb Vezi Ghidul \u27a4 Cum \u00eengrijim c\u00e2inele dup\u0103 opera\u021bia de sterilizare? \u00bb Vezi Ghidul Boli \u0219i tratamente la&hellip; <a class=\"more-link\" href=\"https:\/\/agroland.ro\/c\/ghiduri-ingrijirea-cainilor\/\">Continu\u0103 lectura <span class=\"screen-reader-text\">Ghiduri \u00eengrijirea c\u00e2inilor<\/span><\/a><\/p>\n","protected":false},"author":26,"featured_media":0,"parent":0,"menu_order":0,"comment_status":"closed","ping_status":"closed","template":"templates\/Products.php","meta":{"_acf_changed":false,"_et_pb_use_builder":"","_et_pb_old_content":"","_et_gb_content_width":"","inline_featured_image":false,"footnotes":""},"class_list":["post-29623","page","type-page","status-publish","hentry","entry"],"acf":[],"_links":{"self":[{"href":"https:\/\/agroland.ro\/c\/wp-json\/wp\/v2\/pages\/29623","targetHints":{"allow":["GET"]}}],"collection":[{"href":"https:\/\/agroland.ro\/c\/wp-json\/wp\/v2\/pages"}],"about":[{"href":"https:\/\/agroland.ro\/c\/wp-json\/wp\/v2\/types\/page"}],"author":[{"embeddable":true,"href":"https:\/\/agroland.ro\/c\/wp-json\/wp\/v2\/users\/26"}],"replies":[{"embeddable":true,"href":"https:\/\/agroland.ro\/c\/wp-json\/wp\/v2\/comments?post=29623"}],"version-history":[{"count":31,"href":"https:\/\/agroland.ro\/c\/wp-json\/wp\/v2\/pages\/29623\/revisions"}],"predecessor-version":[{"id":42485,"href":"https:\/\/agroland.ro\/c\/wp-json\/wp\/v2\/pages\/29623\/revisions\/42485"}],"wp:attachment":[{"href":"https:\/\/agroland.ro\/c\/wp-json\/wp\/v2\/media?parent=29623"}],"curies":[{"name":"wp","href":"https:\/\/api.w.org\/{rel}","templated":true}]}}