{"id":29629,"date":"2022-03-29T16:56:01","date_gmt":"2022-03-29T13:56:01","guid":{"rendered":"https:\/\/agroland.ro\/c\/?page_id=29629"},"modified":"2026-01-22T12:54:59","modified_gmt":"2026-01-22T10:54:59","slug":"ghiduri-ingrijirea-pisicilor","status":"publish","type":"page","link":"https:\/\/agroland.ro\/c\/ghiduri-ingrijirea-pisicilor\/","title":{"rendered":"Ghiduri \u00eengrijirea pisicilor"},"content":{"rendered":"\n<div style=\"height:18px\" aria-hidden=\"true\" class=\"wp-block-spacer\"><\/div>\n\n\n\n<h2 class=\"wp-block-heading\">Schem\u0103 vaccinare la pisici<\/h2>\n\n\n\n<div style=\"height:18px\" aria-hidden=\"true\" class=\"wp-block-spacer\"><\/div>\n\n\n\n<figure class=\"wp-block-image size-large is-style-default\"><img loading=\"lazy\" decoding=\"async\" width=\"1024\" height=\"379\" src=\"https:\/\/agroland.ro\/c\/wp-content\/uploads\/2022\/03\/vaccinare-pisici-ghiduri-agroland-1024x379.png\" alt=\"\" class=\"wp-image-29749\" srcset=\"https:\/\/agroland.ro\/c\/wp-content\/uploads\/2022\/03\/vaccinare-pisici-ghiduri-agroland-1024x379.png 1024w, https:\/\/agroland.ro\/c\/wp-content\/uploads\/2022\/03\/vaccinare-pisici-ghiduri-agroland-300x111.png 300w, https:\/\/agroland.ro\/c\/wp-content\/uploads\/2022\/03\/vaccinare-pisici-ghiduri-agroland-768x284.png 768w, https:\/\/agroland.ro\/c\/wp-content\/uploads\/2022\/03\/vaccinare-pisici-ghiduri-agroland-1536x569.png 1536w, https:\/\/agroland.ro\/c\/wp-content\/uploads\/2022\/03\/vaccinare-pisici-ghiduri-agroland-1568x580.png 1568w, https:\/\/agroland.ro\/c\/wp-content\/uploads\/2022\/03\/vaccinare-pisici-ghiduri-agroland-1000x370.png 1000w, https:\/\/agroland.ro\/c\/wp-content\/uploads\/2022\/03\/vaccinare-pisici-ghiduri-agroland-500x185.png 500w, https:\/\/agroland.ro\/c\/wp-content\/uploads\/2022\/03\/vaccinare-pisici-ghiduri-agroland.png 1702w\" sizes=\"(max-width: 1024px) 100vw, 1024px\" \/><\/figure>\n\n\n\n<div style=\"height:18px\" aria-hidden=\"true\" class=\"wp-block-spacer\"><\/div>\n\n\n\n<p>\u27a4 Schema de vaccinare obligatorie pentru pisici \u00bb <a href=\"https:\/\/agroland.ro\/c\/schema-de-vaccinare-obligatorie-pentru-pisici\/\">Vezi Ghidul<\/a><\/p>\n\n\n\n<div style=\"height:18px\" aria-hidden=\"true\" class=\"wp-block-spacer\"><\/div>\n\n\n\n<h2 class=\"wp-block-heading\">Sterilizarea la pisici<\/h2>\n\n\n\n<div style=\"height:18px\" aria-hidden=\"true\" class=\"wp-block-spacer\"><\/div>\n\n\n\n<figure class=\"wp-block-image size-large is-style-default\"><img loading=\"lazy\" decoding=\"async\" width=\"1024\" height=\"379\" src=\"https:\/\/agroland.ro\/c\/wp-content\/uploads\/2022\/03\/sterilizare-pisici-ghiduri-agroland-1024x379.png\" alt=\"\" class=\"wp-image-29753\" srcset=\"https:\/\/agroland.ro\/c\/wp-content\/uploads\/2022\/03\/sterilizare-pisici-ghiduri-agroland-1024x379.png 1024w, https:\/\/agroland.ro\/c\/wp-content\/uploads\/2022\/03\/sterilizare-pisici-ghiduri-agroland-300x111.png 300w, https:\/\/agroland.ro\/c\/wp-content\/uploads\/2022\/03\/sterilizare-pisici-ghiduri-agroland-768x284.png 768w, https:\/\/agroland.ro\/c\/wp-content\/uploads\/2022\/03\/sterilizare-pisici-ghiduri-agroland-1536x569.png 1536w, https:\/\/agroland.ro\/c\/wp-content\/uploads\/2022\/03\/sterilizare-pisici-ghiduri-agroland-1568x580.png 1568w, https:\/\/agroland.ro\/c\/wp-content\/uploads\/2022\/03\/sterilizare-pisici-ghiduri-agroland-1000x370.png 1000w, https:\/\/agroland.ro\/c\/wp-content\/uploads\/2022\/03\/sterilizare-pisici-ghiduri-agroland-500x185.png 500w, https:\/\/agroland.ro\/c\/wp-content\/uploads\/2022\/03\/sterilizare-pisici-ghiduri-agroland.png 1702w\" sizes=\"(max-width: 1024px) 100vw, 1024px\" \/><\/figure>\n\n\n\n<div style=\"height:18px\" aria-hidden=\"true\" class=\"wp-block-spacer\"><\/div>\n\n\n\n<p>\u27a4 Sterilizeaz\u0103 pisica \u00eenc\u0103 de la v\u00e2rsta de 3 luni, dac\u0103 nu vrei s\u0103 umpli curtea de pui! \u00bb <a href=\"https:\/\/agroland.ro\/c\/sterilizeaza-pisica-inca-de-la-varsta-de-3-luni-daca-nu-vrei-sa-umpli-curtea-de-pui\/\">Vezi Ghidul<\/a><\/p>\n\n\n\n<div style=\"height:11px\" aria-hidden=\"true\" class=\"wp-block-spacer\"><\/div>\n\n\n\n<p>\u27a4 De ce este important s\u0103 castrezi motanul? \u00bb <a href=\"https:\/\/agroland.ro\/c\/de-ce-este-important-sa-castrezi-motanul\/\">Vezi Ghidul<\/a><\/p>\n\n\n\n<div style=\"height:11px\" aria-hidden=\"true\" class=\"wp-block-spacer\"><\/div>\n\n\n\n<p>\u27a4 Cum \u00eengrije\u0219ti pisica dup\u0103 opera\u021bia de sterilizare? \u00bb <a href=\"https:\/\/agroland.ro\/c\/cum-ingrijesti-pisica-dupa-operatia-de-sterilizare\/\">Vezi Ghidul<\/a><\/p>\n\n\n\n<div style=\"height:18px\" aria-hidden=\"true\" class=\"wp-block-spacer\"><\/div>\n\n\n\n<h2 class=\"wp-block-heading\">Boli \u0219i tratamente la pisici<\/h2>\n\n\n\n<div style=\"height:18px\" aria-hidden=\"true\" class=\"wp-block-spacer\"><\/div>\n\n\n\n<figure class=\"wp-block-image size-large is-style-default\"><img loading=\"lazy\" decoding=\"async\" width=\"1024\" height=\"379\" src=\"https:\/\/agroland.ro\/c\/wp-content\/uploads\/2022\/03\/boli-si-tratamente-pisici-ghiduri-agroland-1024x379.png\" alt=\"\" class=\"wp-image-29755\" srcset=\"https:\/\/agroland.ro\/c\/wp-content\/uploads\/2022\/03\/boli-si-tratamente-pisici-ghiduri-agroland-1024x379.png 1024w, https:\/\/agroland.ro\/c\/wp-content\/uploads\/2022\/03\/boli-si-tratamente-pisici-ghiduri-agroland-300x111.png 300w, https:\/\/agroland.ro\/c\/wp-content\/uploads\/2022\/03\/boli-si-tratamente-pisici-ghiduri-agroland-768x284.png 768w, https:\/\/agroland.ro\/c\/wp-content\/uploads\/2022\/03\/boli-si-tratamente-pisici-ghiduri-agroland-1536x569.png 1536w, https:\/\/agroland.ro\/c\/wp-content\/uploads\/2022\/03\/boli-si-tratamente-pisici-ghiduri-agroland-1568x580.png 1568w, https:\/\/agroland.ro\/c\/wp-content\/uploads\/2022\/03\/boli-si-tratamente-pisici-ghiduri-agroland-1000x370.png 1000w, https:\/\/agroland.ro\/c\/wp-content\/uploads\/2022\/03\/boli-si-tratamente-pisici-ghiduri-agroland-500x185.png 500w, https:\/\/agroland.ro\/c\/wp-content\/uploads\/2022\/03\/boli-si-tratamente-pisici-ghiduri-agroland.png 1702w\" sizes=\"(max-width: 1024px) 100vw, 1024px\" \/><\/figure>\n\n\n\n<div style=\"height:18px\" aria-hidden=\"true\" class=\"wp-block-spacer\"><\/div>\n\n\n\n<p>\u27a4 Leucemia felin\u0103, una dintre bolile periculoase pentru pisicile adulte \u00bb <a href=\"https:\/\/agroland.ro\/c\/leucemia-felina-una-dintre-bolile-periculoase-pentru-pisicile-adulte\/\">Vezi Ghidul<\/a><\/p>\n\n\n\n<div style=\"height:11px\" aria-hidden=\"true\" class=\"wp-block-spacer\"><\/div>\n\n\n\n<p>\u27a4 Panleucopenia felin\u0103, cea mai r\u0103sp\u00e2ndit\u0103 boal\u0103 la pisoi \u00bb <a href=\"https:\/\/agroland.ro\/c\/panleucopenia-felina-cea-mai-raspandita-boala-la-pisoi\/\">Vezi Ghidul<\/a><\/p>\n\n\n\n<div style=\"height:11px\" aria-hidden=\"true\" class=\"wp-block-spacer\"><\/div>\n\n\n\n<p>\u27a4 Peritonita infec\u021bioas\u0103 felin\u0103, boal\u0103 cauzat\u0103 de infec\u021bia cu coronavirus \u00bb <a href=\"https:\/\/agroland.ro\/c\/peritonita-infectioasa-felina-boala-cauzata-de-infectia-cu-coronavirus\/\">Vezi Ghidul<\/a><\/p>\n\n\n\n<div style=\"height:18px\" aria-hidden=\"true\" class=\"wp-block-spacer\"><\/div>\n\n\n\n<h2 class=\"wp-block-heading\">Sfaturi de cre\u0219tere<\/h2>\n\n\n\n<div style=\"height:18px\" aria-hidden=\"true\" class=\"wp-block-spacer\"><\/div>\n\n\n\n<figure class=\"wp-block-image size-large is-style-default\"><img loading=\"lazy\" decoding=\"async\" width=\"1024\" height=\"379\" src=\"https:\/\/agroland.ro\/c\/wp-content\/uploads\/2022\/03\/sfaturi-de-crestere-pisici-ghiduri-agroland-1024x379.png\" alt=\"\" class=\"wp-image-29757\" srcset=\"https:\/\/agroland.ro\/c\/wp-content\/uploads\/2022\/03\/sfaturi-de-crestere-pisici-ghiduri-agroland-1024x379.png 1024w, https:\/\/agroland.ro\/c\/wp-content\/uploads\/2022\/03\/sfaturi-de-crestere-pisici-ghiduri-agroland-300x111.png 300w, https:\/\/agroland.ro\/c\/wp-content\/uploads\/2022\/03\/sfaturi-de-crestere-pisici-ghiduri-agroland-768x284.png 768w, https:\/\/agroland.ro\/c\/wp-content\/uploads\/2022\/03\/sfaturi-de-crestere-pisici-ghiduri-agroland-1536x569.png 1536w, https:\/\/agroland.ro\/c\/wp-content\/uploads\/2022\/03\/sfaturi-de-crestere-pisici-ghiduri-agroland-1568x580.png 1568w, https:\/\/agroland.ro\/c\/wp-content\/uploads\/2022\/03\/sfaturi-de-crestere-pisici-ghiduri-agroland-1000x370.png 1000w, https:\/\/agroland.ro\/c\/wp-content\/uploads\/2022\/03\/sfaturi-de-crestere-pisici-ghiduri-agroland-500x185.png 500w, https:\/\/agroland.ro\/c\/wp-content\/uploads\/2022\/03\/sfaturi-de-crestere-pisici-ghiduri-agroland.png 1702w\" sizes=\"(max-width: 1024px) 100vw, 1024px\" \/><\/figure>\n\n\n\n<div style=\"height:18px\" aria-hidden=\"true\" class=\"wp-block-spacer\"><\/div>\n\n\n\n<p>\u27a4 Tu \u0219tiai c\u0103 pisicile pot tr\u0103i peste 20 de ani? Afl\u0103 secretele unei vie\u021bi longevive! \u00bb <a href=\"https:\/\/agroland.ro\/c\/tu-stiai-ca-pisicile-pot-trai-peste-20-de-ani-afla-secretele-unei-vieti-longevive\/\">Vezi Ghidul<\/a><\/p>\n\n\n\n<div style=\"height:11px\" aria-hidden=\"true\" class=\"wp-block-spacer\"><\/div>\n\n\n\n<p>\u27a4 De ce ai nevoie pentru a cre\u0219te o pisic\u0103 \u00een apartament? \u00bb <a href=\"https:\/\/agroland.ro\/c\/de-ce-ai-nevoie-pentru-a-creste-o-pisica-in-apartament\/\">Vezi Ghidul<\/a><\/p>\n\n\n\n<div style=\"height:11px\" aria-hidden=\"true\" class=\"wp-block-spacer\"><\/div>\n\n\n\n<p>\u27a4 Cum \u00ee\u021bi hr\u0103ne\u0219ti corect pisica \u00een func\u021bie de v\u00e2rst\u0103 \u00bb <a href=\"https:\/\/agroland.ro\/c\/cum-iti-hranesti-corect-pisica-in-functie-de-varsta\/\">Vezi Ghidul<\/a><\/p>\n\n\n\n<div style=\"height:11px\" aria-hidden=\"true\" class=\"wp-block-spacer\"><\/div>\n\n\n\n<p>\u27a4 Cum protej\u0103m pisicile vara de arsuri solare \u0219i deshidratare \u00bb <a href=\"https:\/\/agroland.ro\/c\/cum-protejezi-pisicile-vara\/\" target=\"_blank\" rel=\"noreferrer noopener\">Vezi Ghidul<\/a><\/p>\n\n\n\n<h2 class=\"wp-block-heading\">Rase de pisici<\/h2>\n\n\n\n<p>\u27a4 <strong>British Shorthair<\/strong> \u00bb <a href=\"https:\/\/agroland.ro\/c\/rasa-de-pisici-british-shorthair\/\">Afl\u0103 totul despre ras\u0103<\/a><\/p>\n\n\n\n<p>\u27a4 <strong>Pisica persan\u0103<\/strong> \u00bb <a href=\"https:\/\/agroland.ro\/c\/rasa-de-pisica-persana-reguli-de-ingrijire\/\">Afl\u0103 totul despre ras\u0103<\/a><\/p>\n\n\n\n<p>\u27a4 <strong>Pisica Ragdoll<\/strong> \u00bb <a href=\"https:\/\/agroland.ro\/c\/rasa-de-pisica-ragdoll-hrana-si-ingrijire\/\">Afl\u0103 totul despre ras\u0103<\/a><\/p>\n\n\n\n<p>\u27a4 <strong>Pisica siamez\u0103<\/strong> \u00bb <a href=\"https:\/\/agroland.ro\/c\/pisica-siameza-ghid-de-crestere\/\">Afl\u0103 totul despre ras\u0103<\/a><\/p>\n\n\n\n<div style=\"height:100px\" aria-hidden=\"true\" class=\"wp-block-spacer\"><\/div>\n","protected":false},"excerpt":{"rendered":"<p>Schem\u0103 vaccinare la pisici \u27a4 Schema de vaccinare obligatorie pentru pisici \u00bb Vezi Ghidul Sterilizarea la pisici \u27a4 Sterilizeaz\u0103 pisica \u00eenc\u0103 de la v\u00e2rsta de 3 luni, dac\u0103 nu vrei s\u0103 umpli curtea de pui! \u00bb Vezi Ghidul \u27a4 De ce este important s\u0103 castrezi motanul? \u00bb Vezi Ghidul \u27a4 Cum \u00eengrije\u0219ti pisica dup\u0103 opera\u021bia&hellip; <a class=\"more-link\" href=\"https:\/\/agroland.ro\/c\/ghiduri-ingrijirea-pisicilor\/\">Continu\u0103 lectura <span class=\"screen-reader-text\">Ghiduri \u00eengrijirea pisicilor<\/span><\/a><\/p>\n","protected":false},"author":26,"featured_media":0,"parent":0,"menu_order":0,"comment_status":"closed","ping_status":"closed","template":"templates\/Products.php","meta":{"_acf_changed":false,"_et_pb_use_builder":"","_et_pb_old_content":"","_et_gb_content_width":"","inline_featured_image":false,"footnotes":""},"class_list":["post-29629","page","type-page","status-publish","hentry","entry"],"acf":[],"_links":{"self":[{"href":"https:\/\/agroland.ro\/c\/wp-json\/wp\/v2\/pages\/29629","targetHints":{"allow":["GET"]}}],"collection":[{"href":"https:\/\/agroland.ro\/c\/wp-json\/wp\/v2\/pages"}],"about":[{"href":"https:\/\/agroland.ro\/c\/wp-json\/wp\/v2\/types\/page"}],"author":[{"embeddable":true,"href":"https:\/\/agroland.ro\/c\/wp-json\/wp\/v2\/users\/26"}],"replies":[{"embeddable":true,"href":"https:\/\/agroland.ro\/c\/wp-json\/wp\/v2\/comments?post=29629"}],"version-history":[{"count":17,"href":"https:\/\/agroland.ro\/c\/wp-json\/wp\/v2\/pages\/29629\/revisions"}],"predecessor-version":[{"id":43552,"href":"https:\/\/agroland.ro\/c\/wp-json\/wp\/v2\/pages\/29629\/revisions\/43552"}],"wp:attachment":[{"href":"https:\/\/agroland.ro\/c\/wp-json\/wp\/v2\/media?parent=29629"}],"curies":[{"name":"wp","href":"https:\/\/api.w.org\/{rel}","templated":true}]}}