{"id":29653,"date":"2022-03-30T10:48:31","date_gmt":"2022-03-30T07:48:31","guid":{"rendered":"https:\/\/agroland.ro\/c\/?page_id=29653"},"modified":"2023-05-08T15:01:11","modified_gmt":"2023-05-08T12:01:11","slug":"ghiduri-agroland-ingrijirea-plantelor-de-apartament","status":"publish","type":"page","link":"https:\/\/agroland.ro\/c\/ghiduri-agroland-ingrijirea-plantelor-de-apartament\/","title":{"rendered":"\u00cengrijirea plantelor de apartament"},"content":{"rendered":"\n<div style=\"height:18px\" aria-hidden=\"true\" class=\"wp-block-spacer\"><\/div>\n\n\n\n<p>\u00cengrijirea plantelor de apartament este o treab\u0103 u\u0219oar\u0103 dac\u0103 respec\u021bi c\u00e2teva reguli de baz\u0103. Ghidul nostru cu sfaturi pentru cre\u0219terea \u0219i \u00eentre\u021binerea plantelor de interior \u00ee\u021bi vine \u00een ajutor pentru ca tu s\u0103 ai parte de cele mai frumoase plante.<\/p>\n\n\n\n<div style=\"height:18px\" aria-hidden=\"true\" class=\"wp-block-spacer\"><\/div>\n\n\n\n<figure class=\"wp-block-image size-large is-style-default\"><img loading=\"lazy\" decoding=\"async\" width=\"1024\" height=\"379\" src=\"https:\/\/agroland.ro\/c\/wp-content\/uploads\/2022\/03\/ghiduri-agroland-plante-de-interior-1024x379.png\" alt=\"\" class=\"wp-image-29670\" srcset=\"https:\/\/agroland.ro\/c\/wp-content\/uploads\/2022\/03\/ghiduri-agroland-plante-de-interior-1024x379.png 1024w, https:\/\/agroland.ro\/c\/wp-content\/uploads\/2022\/03\/ghiduri-agroland-plante-de-interior-300x111.png 300w, https:\/\/agroland.ro\/c\/wp-content\/uploads\/2022\/03\/ghiduri-agroland-plante-de-interior-768x284.png 768w, https:\/\/agroland.ro\/c\/wp-content\/uploads\/2022\/03\/ghiduri-agroland-plante-de-interior-1536x569.png 1536w, https:\/\/agroland.ro\/c\/wp-content\/uploads\/2022\/03\/ghiduri-agroland-plante-de-interior-1568x580.png 1568w, https:\/\/agroland.ro\/c\/wp-content\/uploads\/2022\/03\/ghiduri-agroland-plante-de-interior-1000x370.png 1000w, https:\/\/agroland.ro\/c\/wp-content\/uploads\/2022\/03\/ghiduri-agroland-plante-de-interior-500x185.png 500w, https:\/\/agroland.ro\/c\/wp-content\/uploads\/2022\/03\/ghiduri-agroland-plante-de-interior.png 1702w\" sizes=\"(max-width: 1024px) 100vw, 1024px\" \/><\/figure>\n\n\n\n<div style=\"height:18px\" aria-hidden=\"true\" class=\"wp-block-spacer\"><\/div>\n\n\n\n<h4 class=\"wp-block-heading\">Sfaturi generale<\/h4>\n\n\n\n<p>\u27a4 Cum \u0219i c\u00e2nd se schimb\u0103 corect substratul \u0219i ghiveciul plantelor de interior \u00bb <a href=\"https:\/\/agroland.ro\/c\/sfaturi-pentru-mutarea-plantelor-in-interior\/\">Vezi Ghidul<\/a><\/p>\n\n\n\n<div style=\"height:11px\" aria-hidden=\"true\" class=\"wp-block-spacer\"><\/div>\n\n\n\n<p>\u27a4Cum amenajezi o gr\u0103din\u0103 \u00een balcon \u00bb <a href=\"https:\/\/agroland.ro\/c\/cum-rezolvam-problema-varfurilor-maro-la-plantele-de-apartament\/\">Vezi Ghidul<\/a><\/p>\n\n\n\n<div style=\"height:11px\" aria-hidden=\"true\" class=\"wp-block-spacer\"><\/div>\n\n\n\n<p>\u27a4Cum rezolv\u0103m problema v\u00e2rfurilor maro la plantele de apartament \u00bb <a href=\"https:\/\/agroland.ro\/c\/cum-rezolvam-problema-varfurilor-maro-la-plantele-de-apartament\/\">Vezi Ghidul<\/a><\/p>\n\n\n\n<div style=\"height:11px\" aria-hidden=\"true\" class=\"wp-block-spacer\"><\/div>\n\n\n\n<p>\u27a4 De ce trebuie s\u0103 \u021binem cont atunci c\u00e2nd mut\u0103m plantele \u00een interior \u00bb <a href=\"https:\/\/agroland.ro\/c\/sfaturi-pentru-mutarea-plantelor-in-interior\/\">Vezi Ghidul<\/a><\/p>\n\n\n\n<div style=\"height:11px\" aria-hidden=\"true\" class=\"wp-block-spacer\"><\/div>\n\n\n\n<p>\u27a4 Ce facem cu plantele c\u00e2nd plec\u0103m \u00een concediu \u00bb <a href=\"https:\/\/agroland.ro\/c\/ce-facem-cu-plantele-cand-plecam-in-concediu\/\">Vezi Ghidul<\/a><\/p>\n\n\n\n<div style=\"height:11px\" aria-hidden=\"true\" class=\"wp-block-spacer\"><\/div>\n\n\n\n<p>\u27a4 Ce plante po\u021bi cre\u0219te pe balcon \u00bb <a href=\"https:\/\/agroland.ro\/c\/ce-plante-poti-creste-pe-balcon\/\">Vezi Ghidul<\/a><\/p>\n\n\n\n<div style=\"height:18px\" aria-hidden=\"true\" class=\"wp-block-spacer\"><\/div>\n\n\n\n<h4 class=\"wp-block-heading\"><strong>Cr\u0103ciuni\u021bele<\/strong><\/h4>\n\n\n\n<p>\u27a4 Cum \u00eengrije\u0219ti Cr\u0103ciuni\u021bele pentru a te putea bucura de ele \u0219i anul viitor? \u00bb <a href=\"https:\/\/agroland.ro\/c\/cum-ingrijesti-craciunitele-pentru-a-te-putea-bucura-de-ele-si-anul-viitor\/\">Vezi Ghidul<\/a><\/p>\n\n\n\n<div style=\"height:18px\" aria-hidden=\"true\" class=\"wp-block-spacer\"><\/div>\n\n\n\n<h4 class=\"wp-block-heading\"><strong>Mu\u0219catele<\/strong><\/h4>\n\n\n\n<p>\u27a4 Scurt ghid practic de \u00eengrijire a mu\u0219catelor iarna \u00bb <a href=\"https:\/\/agroland.ro\/c\/scurt-ghid-practic-de-ingrijire-a-muscatelor-iarna\/\">Vezi Ghidul<\/a><\/p>\n\n\n\n<div style=\"height:18px\" aria-hidden=\"true\" class=\"wp-block-spacer\"><\/div>\n\n\n\n<h4 class=\"wp-block-heading\"><strong>Orhideele<\/strong><\/h4>\n\n\n\n<p>\u27a4 Afl\u0103 ce tip de orhidee ai, ca s\u0103 \u0219tii cum s\u0103 ai grij\u0103 de ea \u00bb <a href=\"https:\/\/agroland.ro\/c\/afla-ce-tip-de-orhidee-ai-ca-sa-stii-cum-sa-ai-grija-de-ea\/\">Vezi Ghidul<\/a><\/p>\n\n\n\n<div style=\"height:11px\" aria-hidden=\"true\" class=\"wp-block-spacer\"><\/div>\n\n\n\n<p>\u27a4 Cum schimbi substratul orhideelor \u0219i cum le schimbi ghiveciul cu unul mai mare? \u00bb <a href=\"https:\/\/agroland.ro\/c\/cum-schimbi-substratul-orhideelor-si-cum-le-schimbi-ghiveciul-cu-unul-mai-mare\/\">Vezi Ghidul<\/a><\/p>\n\n\n\n<div style=\"height:11px\" aria-hidden=\"true\" class=\"wp-block-spacer\"><\/div>\n\n\n\n<p>\u27a4 \u00cengrijirea corect\u0103 a orhideelor \u00bb <a href=\"https:\/\/agroland.ro\/c\/ingrijirea-corecta-a-orhideelor\/\">Vezi Ghidul<\/a><\/p>\n\n\n\n<div style=\"height:11px\" aria-hidden=\"true\" class=\"wp-block-spacer\"><\/div>\n\n\n\n<p>\u27a4 Boli ale orhideelor \u0219i tratamente compatibile \u00bb <a href=\"https:\/\/agroland.ro\/c\/boli-ale-orhideelor-si-tratamente-compatibile\/\">Vezi Ghidul<\/a><\/p>\n\n\n\n<div style=\"height:100px\" aria-hidden=\"true\" class=\"wp-block-spacer\"><\/div>\n","protected":false},"excerpt":{"rendered":"<p>\u00cengrijirea plantelor de apartament este o treab\u0103 u\u0219oar\u0103 dac\u0103 respec\u021bi c\u00e2teva reguli de baz\u0103. Ghidul nostru cu sfaturi pentru cre\u0219terea \u0219i \u00eentre\u021binerea plantelor de interior \u00ee\u021bi vine \u00een ajutor pentru ca tu s\u0103 ai parte de cele mai frumoase plante. Sfaturi generale \u27a4 Cum \u0219i c\u00e2nd se schimb\u0103 corect substratul \u0219i ghiveciul plantelor de interior&hellip; <a class=\"more-link\" href=\"https:\/\/agroland.ro\/c\/ghiduri-agroland-ingrijirea-plantelor-de-apartament\/\">Continu\u0103 lectura <span class=\"screen-reader-text\">\u00cengrijirea plantelor de apartament<\/span><\/a><\/p>\n","protected":false},"author":26,"featured_media":0,"parent":0,"menu_order":0,"comment_status":"closed","ping_status":"closed","template":"templates\/Products.php","meta":{"_acf_changed":false,"_et_pb_use_builder":"","_et_pb_old_content":"","_et_gb_content_width":"","inline_featured_image":false,"footnotes":""},"class_list":["post-29653","page","type-page","status-publish","hentry","entry"],"acf":[],"_links":{"self":[{"href":"https:\/\/agroland.ro\/c\/wp-json\/wp\/v2\/pages\/29653","targetHints":{"allow":["GET"]}}],"collection":[{"href":"https:\/\/agroland.ro\/c\/wp-json\/wp\/v2\/pages"}],"about":[{"href":"https:\/\/agroland.ro\/c\/wp-json\/wp\/v2\/types\/page"}],"author":[{"embeddable":true,"href":"https:\/\/agroland.ro\/c\/wp-json\/wp\/v2\/users\/26"}],"replies":[{"embeddable":true,"href":"https:\/\/agroland.ro\/c\/wp-json\/wp\/v2\/comments?post=29653"}],"version-history":[{"count":14,"href":"https:\/\/agroland.ro\/c\/wp-json\/wp\/v2\/pages\/29653\/revisions"}],"predecessor-version":[{"id":34089,"href":"https:\/\/agroland.ro\/c\/wp-json\/wp\/v2\/pages\/29653\/revisions\/34089"}],"wp:attachment":[{"href":"https:\/\/agroland.ro\/c\/wp-json\/wp\/v2\/media?parent=29653"}],"curies":[{"name":"wp","href":"https:\/\/api.w.org\/{rel}","templated":true}]}}