{"id":30486,"date":"2022-05-19T10:02:11","date_gmt":"2022-05-19T07:02:11","guid":{"rendered":"https:\/\/agroland.ro\/c\/?page_id=30486"},"modified":"2025-12-17T17:33:59","modified_gmt":"2025-12-17T15:33:59","slug":"majorari-de-capital","status":"publish","type":"page","link":"https:\/\/agroland.ro\/c\/relatia-cu-investitorii\/majorari-de-capital\/","title":{"rendered":"Major\u0103ri de Capital"},"content":{"rendered":"\n<p>\u00cen aceast\u0103 sec\u021biune, investitorii pot g\u0103si toate informa\u021biile legate de opera\u021biunea din 2021 de majorare a capitalului, aprobat\u0103 prin Decizia Adun\u0103rii Generale Extraordinar\u0103 a Ac\u021bionarilor (\u201eAGEA\u201d) desf\u0103\u0219urat\u0103 \u00een data de 28.04.2021.&nbsp; Conform deciziei AGEA, Compania va emite \u00een opera\u021biunea de majorare a capitalului 4.708.236 noi ac\u021biuni ordinare cu o valoare nominal\u0103 de 0,1 lei \/ ac\u021biune.<\/p>\n\n\n\n<div class=\"wp-block-columns is-style-twentytwentyone-columns-overlap is-layout-flex wp-container-core-columns-is-layout-9d6595d7 wp-block-columns-is-layout-flex\">\n<div class=\"wp-block-column is-layout-flow wp-block-column-is-layout-flow\">\n<div style=\"height:10px\" aria-hidden=\"true\" class=\"wp-block-spacer\"><\/div>\n\n\n\n<div class=\"wp-block-buttons is-layout-flex wp-block-buttons-is-layout-flex\" style=\"padding-top:var(--wp--preset--spacing--30);padding-bottom:var(--wp--preset--spacing--30)\">\n<div class=\"wp-block-button\"><a class=\"wp-block-button__link has-white-color has-text-color has-background has-custom-font-size wp-element-button\" href=\"https:\/\/agroland.ro\/c\/wp-content\/uploads\/2022\/05\/Prospect_AGROLAND_BUSINESS_SYSTEM_S.A-OCR.pdf\" style=\"border-radius:39px;background-color:#ff0000;font-size:14px\" target=\"_blank\" rel=\"noreferrer noopener\">Prospect &gt;<\/a><\/div>\n<\/div>\n\n\n\n<div style=\"height:10px\" aria-hidden=\"true\" class=\"wp-block-spacer\"><\/div>\n\n\n\n<div class=\"wp-block-buttons is-layout-flex wp-block-buttons-is-layout-flex\" style=\"padding-top:var(--wp--preset--spacing--30);padding-bottom:var(--wp--preset--spacing--30)\">\n<div class=\"wp-block-button\"><a class=\"wp-block-button__link has-white-color has-text-color has-background has-custom-font-size wp-element-button\" href=\"https:\/\/agroland.ro\/c\/wp-content\/uploads\/2022\/05\/DECIZIA_ASF_NR_1460-19.11.2021.pdf\" style=\"border-radius:39px;background-color:#ff0000;font-size:14px\" target=\"_blank\" rel=\"noreferrer noopener\">Decizia ASF Nr. 1460 din 19.11.2020 &gt;<\/a><\/div>\n<\/div>\n\n\n\n<div style=\"height:10px\" aria-hidden=\"true\" class=\"wp-block-spacer\"><\/div>\n\n\n\n<div class=\"wp-block-buttons is-horizontal is-content-justification-left is-layout-flex wp-container-core-buttons-is-layout-fbe44932 wp-block-buttons-is-layout-flex\" style=\"padding-top:var(--wp--preset--spacing--30);padding-right:0;padding-bottom:var(--wp--preset--spacing--30);padding-left:0\">\n<div class=\"wp-block-button\"><a class=\"wp-block-button__link has-white-color has-text-color has-background has-custom-font-size wp-element-button\" href=\"https:\/\/agroland.ro\/c\/wp-content\/uploads\/2022\/05\/AG-act-constitutiv-22.10.2021.pdf\" style=\"border-radius:39px;background-color:#ff0000;font-size:14px\" target=\"_blank\" rel=\"noreferrer noopener\">Act Constitutiv &gt;<\/a><\/div>\n<\/div>\n\n\n\n<div class=\"wp-block-buttons is-horizontal is-content-justification-left is-layout-flex wp-container-core-buttons-is-layout-c87eb09c wp-block-buttons-is-layout-flex\" style=\"padding-top:var(--wp--preset--spacing--40);padding-right:0;padding-bottom:var(--wp--preset--spacing--40);padding-left:0\">\n<div class=\"wp-block-button\"><a class=\"wp-block-button__link has-white-color has-text-color has-background has-custom-font-size wp-element-button\" href=\"https:\/\/agroland.ro\/c\/wp-content\/uploads\/2022\/05\/Formular_SubscriereEtapa1_majorare_aporturi-cu-nr-decizie-aprobare.pdf\" style=\"border-radius:39px;background-color:#ff0000;font-size:14px\" target=\"_blank\" rel=\"noreferrer noopener\">Formuar de subscriere ><\/a><\/div>\n<\/div>\n\n\n\n<div class=\"wp-block-buttons is-layout-flex wp-block-buttons-is-layout-flex\" style=\"padding-top:var(--wp--preset--spacing--40);padding-bottom:var(--wp--preset--spacing--40)\">\n<div class=\"wp-block-button\"><a class=\"wp-block-button__link has-white-color has-text-color has-background has-custom-font-size wp-element-button\" href=\"https:\/\/agroland.ro\/c\/wp-content\/uploads\/2022\/05\/Formular_RetragereEtapa1_majorare_aporturi-cu-nr-decizie-aprobare.pdf\" style=\"border-radius:39px;background-color:#ff0000;font-size:14px\" target=\"_blank\" rel=\"noreferrer noopener\">Formular de retragere a acceptului de achizi\u021bionare &gt;<\/a><\/div>\n<\/div>\n\n\n\n<p><\/p>\n<\/div>\n\n\n\n<div class=\"wp-block-column is-layout-flow wp-block-column-is-layout-flow\">\n<p><strong><em>DISCLAIMER<\/em><\/strong><\/p>\n\n\n\n<p style=\"font-size:8px\"><em>Documentele pe care \u00eencerca\u0163i s\u0103 le accesa\u0163i v\u0103 sunt puse la dispozi\u0163ie pe aceast\u0103 pagin\u0103 de internet de c\u0103tre Agroland Business System S.A., cu bun\u0103 credin\u0163\u0103 \u015fi exclusiv \u00een scop informativ. Aceste documente nu se adreseaz\u0103, sau, dup\u0103 caz, nu sunt accesibile, persoanelor din Statele Unite ale Americii sau persoanelor care au re\u0219edin\u021ba sau care se afl\u0103 \u00een Australia, Canada, Japonia sau orice alt\u0103 jurisdic\u0163ie \u00een care punerea la dispozi\u021bie a documentelor pe care \u00eencerca\u0163i s\u0103 le accesa\u0163i ar \u00eenc\u0103lca legile \u0219i reglement\u0103rile aplicabile.<\/em><\/p>\n\n\n\n<p style=\"font-size:8px\"><em>Documentele nu reprezint\u0103 \u015fi nu fac parte din nicio ofert\u0103 sau solicitare de a cump\u0103ra sau a subscrie valori mobiliare care s-ar derula \u00een Statele Unite ale Americii, Australia, Canada, Japonia sau \u00een orice jurisdic\u0163ie \u00een care astfel de oferte sau v\u00e2nz\u0103ri sunt ilegale (\u201eJurisdic\u0163iile Excluse\u201d). Valorile mobiliare \u00een leg\u0103tur\u0103 cu care urmeaz\u0103 s\u0103 se desf\u0103\u0219oare o ofert\u0103 nu au fost \u015fi nu vor fi \u00eenregistrate \u00een baza Legii privind Valorile Mobiliare din SUA, 1933, cu modific\u0103rile ulterioare, sau \u00een baza altor legi aplicabile privind valorile mobiliare din orice stat, provincie, teritoriu, district sau jurisdic\u0163ie din Jurisdic\u021biile Excluse<\/em><\/p>\n<\/div>\n<\/div>\n\n\n\n<p>Opera\u021biunea de majorare a capitalului va fi organizat\u0103 \u00een dou\u0103 etape ce se vor desf\u0103\u0219ura \u00een perioada 25.11.2021 \u2013 31.01.2022. Prima etap\u0103 o reprezint\u0103 subcrierea pe baza drepturilor de preferin\u021b\u0103 iar \u00een a doua se va desf\u0103\u0219ura plasamentul privat. Calendarul detaliat al opera\u021biunii este prezentat mai jos:<\/p>\n\n\n\n<div style=\"height:30px\" aria-hidden=\"true\" class=\"wp-block-spacer is-style-default\"><\/div>\n\n\n\n<figure class=\"wp-block-table is-style-regular tabel-evenimente\">\n  <table>\n    <tbody>\n      <tr>\n        <td><strong>Eveniment<\/strong><\/td>\n        <td><strong>Data<\/strong><\/td>\n      <\/tr>\n      <tr>\n        <td>Tranzac\u021bionarea drepturilor de preferin\u021b\u0103 AGR01<\/td>\n        <td>25.11.2021 \u2013 10.12.2021<\/td>\n      <\/tr>\n      <tr>\n        <td>Etapa 1: subscrieri \u00een baza drepturilor de preferin\u021b\u0103<\/td>\n        <td>15.12.2021 \u2013 13.01.2022<\/td>\n      <\/tr>\n      <tr>\n        <td>Publicarea raportului despre \u00eencheierea etapei 1<\/td>\n        <td>14.01.2022<\/td>\n      <\/tr>\n      <tr>\n        <td>Etapa 2: plasament privat pentru ac\u021biunile r\u0103mase<\/td>\n        <td>17.01.2022 \u2013 31.01.2022, cu op\u021biune de \u00eenchidere anticipat\u0103<\/td>\n      <\/tr>\n    <\/tbody>\n  <\/table>\n<\/figure>\n\n<style>\n.tabel-evenimente table {\n  border-collapse: collapse;\n  width: 100%;\n}\n\n.tabel-evenimente td,\n.tabel-evenimente th {\n  border: 1px solid #ccc;\n  padding: 10px;\n}\n<\/style>\n\n\n\n<div style=\"height:30px\" aria-hidden=\"true\" class=\"wp-block-spacer is-style-default\"><\/div>\n\n\n\n<p>Drepturile de preferin\u021b\u0103 cu simbol AGR01, au fost \u00eenc\u0103rcate \u00een conturile ac\u021bionarilor \u00een data de 21.05.2021. Drepturile de preferin\u021b\u0103 vor fi tranzac\u021bionate pe pia\u021ba SMT-AeRO a Bursei de Valori Bucure\u0219ti, conform calendarului de mai sus, \u00een perioada&nbsp;<strong>25.11.2021 \u2013 10.12.2021.<\/strong><\/p>\n\n\n\n<p>\u00cen prima etap\u0103, investitorii vor putea cump\u0103ra ac\u021biuni nou emise pe baza num\u0103rului de drepturi de preferin\u021b\u0103. Pre\u021bul de subscriere pe ac\u021biune \u00een Etapa 1 a fost stabilit la&nbsp;<strong>3,07 lei\/ac\u021biune<\/strong>&nbsp;\u0219i include valoarea nominal\u0103 a ac\u021biunii (0,1 lei) plus prima de emisiune (2,97 lei). Pentru a subscrie o nou\u0103 ac\u021biune&nbsp;la acest pre\u021b, sunt necesare&nbsp;<strong>2,5 drepturi de preferin\u021b\u0103<\/strong>, cu rotunjire la cel mai apropiat num\u0103r natural inferior.<\/p>\n\n\n\n<p>Perioada de exercitare a drepturilor de preferin\u021b\u0103 va fi de 30 zile, \u00eencep\u00e2nd din a treia zi lucr\u0103toare dup\u0103 \u00eencheierea perioadei de tranzac\u021bionare a drepturilor de preferin\u021b\u0103, respectiv \u00eentre&nbsp;<strong>15 decembrie 2021 \u0219i 13 ianuarie 2022<\/strong>. Subscrierea \u00een cadrul Ofertei se va realiza \u00een&nbsp;<strong>intervalul 9:30 -17.00<\/strong>&nbsp;ale fiec\u0103rei zile lucr\u0103toare,&nbsp;<strong>cu excep\u021bia ultimei zile lucr\u0103toare c\u00e2nd programul de subscriere este 9.30-12.00.<\/strong><\/p>\n\n\n\n<p>Ac\u021biunile r\u0103mase nesubscrise \u00een etapa exercit\u0103rii drepturilor de preferin\u021b\u0103, vor fi oferite \u00een cadrul unui plasament privat unui num\u0103r de maximum 149 de investitori (\u201eEtapa 2\u201d) la un pre\u021b\u0326&nbsp;ce va fi anun\u021bat print- un raport curent ce va fi publicat ulterior.<\/p>\n","protected":false},"excerpt":{"rendered":"<p>\u00cen aceast\u0103 sec\u021biune, investitorii pot g\u0103si toate informa\u021biile legate de opera\u021biunea din 2021 de majorare a capitalului, aprobat\u0103 prin Decizia Adun\u0103rii Generale Extraordinar\u0103 a Ac\u021bionarilor (\u201eAGEA\u201d) desf\u0103\u0219urat\u0103 \u00een data de 28.04.2021.&nbsp; Conform deciziei AGEA, Compania va emite \u00een opera\u021biunea de majorare a capitalului 4.708.236 noi ac\u021biuni ordinare cu o valoare nominal\u0103 de 0,1 lei \/&hellip; <a class=\"more-link\" href=\"https:\/\/agroland.ro\/c\/relatia-cu-investitorii\/majorari-de-capital\/\">Continu\u0103 lectura <span class=\"screen-reader-text\">Major\u0103ri de Capital<\/span><\/a><\/p>\n","protected":false},"author":29,"featured_media":0,"parent":30309,"menu_order":0,"comment_status":"closed","ping_status":"closed","template":"templates\/About.php","meta":{"_acf_changed":false,"_et_pb_use_builder":"","_et_pb_old_content":"","_et_gb_content_width":"","inline_featured_image":false,"footnotes":""},"class_list":["post-30486","page","type-page","status-publish","hentry","entry"],"acf":[],"_links":{"self":[{"href":"https:\/\/agroland.ro\/c\/wp-json\/wp\/v2\/pages\/30486","targetHints":{"allow":["GET"]}}],"collection":[{"href":"https:\/\/agroland.ro\/c\/wp-json\/wp\/v2\/pages"}],"about":[{"href":"https:\/\/agroland.ro\/c\/wp-json\/wp\/v2\/types\/page"}],"author":[{"embeddable":true,"href":"https:\/\/agroland.ro\/c\/wp-json\/wp\/v2\/users\/29"}],"replies":[{"embeddable":true,"href":"https:\/\/agroland.ro\/c\/wp-json\/wp\/v2\/comments?post=30486"}],"version-history":[{"count":28,"href":"https:\/\/agroland.ro\/c\/wp-json\/wp\/v2\/pages\/30486\/revisions"}],"predecessor-version":[{"id":43309,"href":"https:\/\/agroland.ro\/c\/wp-json\/wp\/v2\/pages\/30486\/revisions\/43309"}],"up":[{"embeddable":true,"href":"https:\/\/agroland.ro\/c\/wp-json\/wp\/v2\/pages\/30309"}],"wp:attachment":[{"href":"https:\/\/agroland.ro\/c\/wp-json\/wp\/v2\/media?parent=30486"}],"curies":[{"name":"wp","href":"https:\/\/api.w.org\/{rel}","templated":true}]}}