{"id":30899,"date":"2022-06-02T09:59:12","date_gmt":"2022-06-02T06:59:12","guid":{"rendered":"https:\/\/agroland.ro\/c\/?page_id=30899"},"modified":"2022-09-02T11:38:56","modified_gmt":"2022-09-02T08:38:56","slug":"rascumparare-actiuni","status":"publish","type":"page","link":"https:\/\/agroland.ro\/c\/relatia-cu-investitorii\/rascumparare-actiuni\/","title":{"rendered":"R\u0103scump\u0103rare Ac\u021biuni"},"content":{"rendered":"\n<p>V\u0103 invit\u0103m s\u0103 consulta\u021bi cele mai recente informa\u021bii despre r\u0103scump\u0103rarea ac\u021biunilor&nbsp;<strong>Agroland Business System S.A<\/strong>.  Pentru mai multe informa\u021bii despre data public\u0103rii rapoartelor, v\u0103 invit\u0103m s\u0103 consulta\u021bi&nbsp;<strong>Rapoartele Curente.<\/strong><\/p>\n\n\n\n<ul class=\"wp-block-list\"><li><strong><a href=\"https:\/\/agroland.ro\/c\/wp-content\/uploads\/2022\/05\/AG_20220526173044_Raport-Curent-AG-25-RO.pdf\">Demararea programului de r\u0103scump\u0103rare ac\u021biuni<\/a><\/strong><\/li><li><a href=\"https:\/\/agroland.ro\/c\/wp-content\/uploads\/2022\/06\/AG_20220603095037_Raport-Curent-AG-25-RO.pdf\">Raport curent 25\/2022<\/a><\/li><li><a href=\"https:\/\/agroland.ro\/c\/wp-content\/uploads\/2022\/06\/AG_20220610085653_Raport-Curent-AG-31-RO.pdf\">Raport curent 31\/2022<\/a><\/li><li><a href=\"https:\/\/agroland.ro\/c\/wp-content\/uploads\/2022\/06\/AG_20220616172556_Raport-Curent-AG-32-RO.pdf\">Raport curent 32\/2022<\/a><\/li><li><a href=\"https:\/\/agroland.ro\/c\/wp-content\/uploads\/2022\/06\/AG_20220623194408_Raport-Curent-AG-33-RO.pdf\">Raport curent 33\/2022<\/a><\/li><li><a href=\"https:\/\/agroland.ro\/c\/wp-content\/uploads\/2022\/07\/AG_20220630200609_Raport-Curent-AG-35-RO.pdf\">Raport curent 35\/2022<\/a><\/li><li><a href=\"https:\/\/agroland.ro\/c\/wp-content\/uploads\/2022\/07\/AG_20220708093022_Raport-Curent-AG-36-RO.pdf\">Raport curent 36\/2022<\/a><\/li><li><a href=\"https:\/\/agroland.ro\/c\/wp-content\/uploads\/2022\/07\/AG_20220714185236_Raport-Curent-AG-38-RO.pdf\">Raport curent 38\/2022<\/a><\/li><li><a href=\"https:\/\/agroland.ro\/c\/wp-content\/uploads\/2022\/07\/AG_20220722013304_Raport-Curent-AG-39-RO.pdf\">Raport curent 39\/2022<\/a><\/li><li><a href=\"https:\/\/agroland.ro\/c\/wp-content\/uploads\/2022\/07\/AG_20220728184058_Raport-Curent-AG-41-RO.pdf\">Raport curent 41\/2022<\/a><\/li><li><a href=\"https:\/\/agroland.ro\/c\/wp-content\/uploads\/2022\/08\/AG_20220804233526_Raport-Curent-AG-42-RO.pdf\">Raport curent 42\/2022<\/a><\/li><li><a href=\"https:\/\/agroland.ro\/c\/wp-content\/uploads\/2022\/08\/AG_20220811190950_Raport-Curent-AG-44-RO.pdf\">Raport curent 44\/2022<\/a><\/li><li><a href=\"https:\/\/agroland.ro\/c\/wp-content\/uploads\/2022\/08\/AG_20220818224919_Raport-Curent-AG-47-RO.pdf\">Raport curent 47\/2022<\/a><\/li><li><a href=\"https:\/\/agroland.ro\/c\/wp-content\/uploads\/2022\/08\/AG_20220825174234_Raport-Curent-AG-48-RO.pdf\">Raport curent 48\/2022<\/a><\/li><li><a href=\"https:\/\/agroland.ro\/c\/wp-content\/uploads\/2022\/09\/AG_20220901173744_Raport-Curent-AG-49-RO.pdf\">Raport curent 49\/2022<\/a><\/li><\/ul>\n","protected":false},"excerpt":{"rendered":"<p>V\u0103 invit\u0103m s\u0103 consulta\u021bi cele mai recente informa\u021bii despre r\u0103scump\u0103rarea ac\u021biunilor&nbsp;Agroland Business System S.A. Pentru mai multe informa\u021bii despre data public\u0103rii rapoartelor, v\u0103 invit\u0103m s\u0103 consulta\u021bi&nbsp;Rapoartele Curente. Demararea programului de r\u0103scump\u0103rare ac\u021biuni Raport curent 25\/2022 Raport curent 31\/2022 Raport curent 32\/2022 Raport curent 33\/2022 Raport curent 35\/2022 Raport curent 36\/2022 Raport curent 38\/2022 Raport curent&hellip; <a class=\"more-link\" href=\"https:\/\/agroland.ro\/c\/relatia-cu-investitorii\/rascumparare-actiuni\/\">Continu\u0103 lectura <span class=\"screen-reader-text\">R\u0103scump\u0103rare Ac\u021biuni<\/span><\/a><\/p>\n","protected":false},"author":29,"featured_media":0,"parent":30309,"menu_order":0,"comment_status":"closed","ping_status":"closed","template":"templates\/About.php","meta":{"_acf_changed":false,"_et_pb_use_builder":"","_et_pb_old_content":"","_et_gb_content_width":"","inline_featured_image":false,"footnotes":""},"class_list":["post-30899","page","type-page","status-publish","hentry","entry"],"acf":[],"_links":{"self":[{"href":"https:\/\/agroland.ro\/c\/wp-json\/wp\/v2\/pages\/30899","targetHints":{"allow":["GET"]}}],"collection":[{"href":"https:\/\/agroland.ro\/c\/wp-json\/wp\/v2\/pages"}],"about":[{"href":"https:\/\/agroland.ro\/c\/wp-json\/wp\/v2\/types\/page"}],"author":[{"embeddable":true,"href":"https:\/\/agroland.ro\/c\/wp-json\/wp\/v2\/users\/29"}],"replies":[{"embeddable":true,"href":"https:\/\/agroland.ro\/c\/wp-json\/wp\/v2\/comments?post=30899"}],"version-history":[{"count":16,"href":"https:\/\/agroland.ro\/c\/wp-json\/wp\/v2\/pages\/30899\/revisions"}],"predecessor-version":[{"id":31614,"href":"https:\/\/agroland.ro\/c\/wp-json\/wp\/v2\/pages\/30899\/revisions\/31614"}],"up":[{"embeddable":true,"href":"https:\/\/agroland.ro\/c\/wp-json\/wp\/v2\/pages\/30309"}],"wp:attachment":[{"href":"https:\/\/agroland.ro\/c\/wp-json\/wp\/v2\/media?parent=30899"}],"curies":[{"name":"wp","href":"https:\/\/api.w.org\/{rel}","templated":true}]}}