{"id":31538,"date":"2022-08-30T10:40:31","date_gmt":"2022-08-30T07:40:31","guid":{"rendered":"https:\/\/agroland.ro\/c\/?page_id=31538"},"modified":"2024-09-23T21:31:07","modified_gmt":"2024-09-23T18:31:07","slug":"ghiduri-bulbi-de-toamna","status":"publish","type":"page","link":"https:\/\/agroland.ro\/c\/ghiduri-bulbi-de-toamna\/","title":{"rendered":"Ghiduri Bulbi de Toamn\u0103"},"content":{"rendered":"\n<div style=\"height:19px\" aria-hidden=\"true\" class=\"wp-block-spacer\"><\/div>\n\n\n\n<figure class=\"wp-block-image size-large is-style-default\"><img loading=\"lazy\" decoding=\"async\" width=\"1024\" height=\"379\" src=\"https:\/\/agroland.ro\/c\/wp-content\/uploads\/2022\/08\/Banner-ingust-site-33-1024x379.png\" alt=\"\" class=\"wp-image-31539\" srcset=\"https:\/\/agroland.ro\/c\/wp-content\/uploads\/2022\/08\/Banner-ingust-site-33-1024x379.png 1024w, https:\/\/agroland.ro\/c\/wp-content\/uploads\/2022\/08\/Banner-ingust-site-33-300x111.png 300w, https:\/\/agroland.ro\/c\/wp-content\/uploads\/2022\/08\/Banner-ingust-site-33-768x284.png 768w, https:\/\/agroland.ro\/c\/wp-content\/uploads\/2022\/08\/Banner-ingust-site-33-1536x569.png 1536w, https:\/\/agroland.ro\/c\/wp-content\/uploads\/2022\/08\/Banner-ingust-site-33-1568x580.png 1568w, https:\/\/agroland.ro\/c\/wp-content\/uploads\/2022\/08\/Banner-ingust-site-33-1000x370.png 1000w, https:\/\/agroland.ro\/c\/wp-content\/uploads\/2022\/08\/Banner-ingust-site-33-500x185.png 500w, https:\/\/agroland.ro\/c\/wp-content\/uploads\/2022\/08\/Banner-ingust-site-33.png 1702w\" sizes=\"(max-width: 1024px) 100vw, 1024px\" \/><\/figure>\n\n\n\n<div style=\"height:19px\" aria-hidden=\"true\" class=\"wp-block-spacer\"><\/div>\n\n\n\n<h4 class=\"wp-block-heading\">Sfaturi Generale<\/h4>\n\n\n\n<p>\u27a4 Bulbi de flori care trebuie proteja\u021bi peste iarn\u0103 \u00bb <a href=\"https:\/\/agroland.ro\/c\/bulbi-de-flori-care-trebuie-protejati-peste-iarna\/\" data-type=\"link\" data-id=\"https:\/\/agroland.ro\/c\/bulbi-de-flori-care-trebuie-protejati-peste-iarna\/\">Vezi Ghidul<\/a><\/p>\n\n\n\n<div style=\"height:18px\" aria-hidden=\"true\" class=\"wp-block-spacer\"><\/div>\n\n\n\n<p>\u27a4 Sfaturi \u00een plantarea bulbilor de toamn\u0103 \u00bb <a href=\"https:\/\/agroland.ro\/c\/sfaturi-in-plantarea-bulbilor-de-toamna\/\">Vezi Ghidul<\/a><\/p>\n\n\n\n<div style=\"height:18px\" aria-hidden=\"true\" class=\"wp-block-spacer\"><\/div>\n\n\n\n<p>\u27a4 Cum s\u0103 combin\u0103m bulbii pentru o gr\u0103din\u0103 de vis \u00bb <a href=\"https:\/\/agroland.ro\/c\/cum-sa-combinam-bulbii-pentru-o-gradina-de-vis\/\">Vezi Ghidul<\/a><\/p>\n\n\n\n<div style=\"height:18px\" aria-hidden=\"true\" class=\"wp-block-spacer\"><\/div>\n\n\n\n<p>\u27a4 Septembrie &#8211; noiembrie, momentul ideal pentru plantarea bulbilor de toamn\u0103 \u00bb <a href=\"https:\/\/agroland.ro\/c\/septembrie-noiembrie-momentul-ideal-pentru-plantarea-bulbilor-de-toamna-si-a-butasilor-de-trandafir\/\">Vezi Ghidul<\/a><\/p>\n\n\n\n<div style=\"height:18px\" aria-hidden=\"true\" class=\"wp-block-spacer\"><\/div>\n\n\n\n<h4 class=\"wp-block-heading\">Lalele <\/h4>\n\n\n\n<p>\u27a4 Cum plant\u0103m \u0219i \u00eengrijim lalelele \u00bb <a href=\"https:\/\/agroland.ro\/c\/sfaturi-practice-pentru-plantarea-bulbilor-de-lalele\/\" target=\"_blank\" rel=\"noreferrer noopener\">Vezi Ghidul<\/a><\/p>\n\n\n\n<div style=\"height:18px\" aria-hidden=\"true\" class=\"wp-block-spacer\"><\/div>\n\n\n\n<p>\u27a4 Sfaturi practice pentru plantarea bulbilor de lalele \u00bb <a href=\"https:\/\/agroland.ro\/c\/sfaturi-practice-pentru-plantarea-bulbilor-de-lalele\/\">Vezi Ghidul<\/a><\/p>\n\n\n\n<div style=\"height:18px\" aria-hidden=\"true\" class=\"wp-block-spacer\"><\/div>\n\n\n\n<h4 class=\"wp-block-heading\">Crini<\/h4>\n\n\n\n<p>\u27a4 \u00cengrijirea corect\u0103 a crinului din gr\u0103din\u0103 \u00bb <a href=\"https:\/\/agroland.ro\/c\/plantarea-bulbilor-de-crini-in-cativa-pasi-simpli-pentru-o-gradina-inmiresmata\/\" target=\"_blank\" rel=\"noreferrer noopener\">Vezi Ghidul<\/a><\/p>\n\n\n\n<div style=\"height:18px\" aria-hidden=\"true\" class=\"wp-block-spacer\"><\/div>\n\n\n\n<p>\u27a4 Plantarea bulbilor de crini \u00een c\u00e2\u021biva pa\u0219i simpli, pentru o gr\u0103din\u0103 \u00eenmiresmat\u0103 \u00bb <a href=\"https:\/\/agroland.ro\/c\/plantarea-bulbilor-de-crini-in-cativa-pasi-simpli-pentru-o-gradina-inmiresmata\/\">Vezi Ghidul<\/a><\/p>\n\n\n\n<div style=\"height:18px\" aria-hidden=\"true\" class=\"wp-block-spacer\"><\/div>\n\n\n\n<h4 class=\"wp-block-heading\">Zambile<\/h4>\n\n\n\n<p>\u27a4 Plantarea zambilelor \u00een c\u00e2\u021biva pa\u0219i simpli \u00bb <a href=\"https:\/\/agroland.ro\/c\/plantarea-zambilelor-in-cativa-pasi-simpli\/\">Vezi Ghidul<\/a><\/p>\n\n\n\n<div style=\"height:18px\" aria-hidden=\"true\" class=\"wp-block-spacer\"><\/div>\n\n\n\n<h4 class=\"wp-block-heading\">Br\u00e2ndu\u0219ele<\/h4>\n\n\n\n<p>\u27a4 Sfaturi utile pentru plantarea br\u00e2ndu\u0219elor \u00een gr\u0103din\u0103 \u00bb <a href=\"https:\/\/agroland.ro\/c\/sfaturi-utile-pentru-plantarea-branduselor-in-gradina\/\">Vezi Ghidul<\/a><\/p>\n\n\n\n<div style=\"height:18px\" aria-hidden=\"true\" class=\"wp-block-spacer\"><\/div>\n\n\n\n<h4 class=\"wp-block-heading\">Iris<\/h4>\n\n\n\n<p>\u27a4 Plantarea bulbilor de iris \u00een patru pa\u0219i simpli \u00bb <a href=\"https:\/\/agroland.ro\/c\/plantarea-bulbilor-de-iris-in-patru-pasi-simpli\/\">Vezi Ghidul<\/a><\/p>\n\n\n\n<div style=\"height:18px\" aria-hidden=\"true\" class=\"wp-block-spacer\"><\/div>\n\n\n\n<h4 class=\"wp-block-heading\">Frezie<\/h4>\n\n\n\n<p>\u27a4 Plantarea bulbilor de frezie \u00een gr\u0103din\u0103, \u00een ser\u0103 sau \u00een ghiveci \u00bb <a href=\"https:\/\/agroland.ro\/c\/plantarea-bulbilor-de-frezie-in-gradina-in-sera-sau-in-ghiveci\/\">Vezi Ghidul<\/a><\/p>\n\n\n\n<div style=\"height:18px\" aria-hidden=\"true\" class=\"wp-block-spacer\"><\/div>\n\n\n\n<h4 class=\"wp-block-heading\">Narcise<\/h4>\n\n\n\n<p>\u27a4 Plantarea bulbilor de narcise, respect\u00e2nd 4 reguli simple \u0219i eficiente \u00bb <a href=\"https:\/\/agroland.ro\/c\/plantarea-bulbilor-de-narcise-respectand-4-reguli-simple-si-eficiente\/\">Vezi Ghidul<\/a><\/p>\n\n\n\n<div style=\"height:18px\" aria-hidden=\"true\" class=\"wp-block-spacer\"><\/div>\n\n\n\n<p>\u27a4 Fritillaria \u0219i narcisele, repelent natural al c\u00e2rti\u021belor \u00bb <a href=\"https:\/\/agroland.ro\/c\/fritillaria-si-narcisele-repelent-natural-al-cartitelor\/\">Vezi Ghidul<\/a><\/p>\n\n\n\n<div style=\"height:20px\" aria-hidden=\"true\" class=\"wp-block-spacer\"><\/div>\n","protected":false},"excerpt":{"rendered":"<p>Sfaturi Generale \u27a4 Bulbi de flori care trebuie proteja\u021bi peste iarn\u0103 \u00bb Vezi Ghidul \u27a4 Sfaturi \u00een plantarea bulbilor de toamn\u0103 \u00bb Vezi Ghidul \u27a4 Cum s\u0103 combin\u0103m bulbii pentru o gr\u0103din\u0103 de vis \u00bb Vezi Ghidul \u27a4 Septembrie &#8211; noiembrie, momentul ideal pentru plantarea bulbilor de toamn\u0103 \u00bb Vezi Ghidul Lalele \u27a4 Cum plant\u0103m&hellip; <a class=\"more-link\" href=\"https:\/\/agroland.ro\/c\/ghiduri-bulbi-de-toamna\/\">Continu\u0103 lectura <span class=\"screen-reader-text\">Ghiduri Bulbi de Toamn\u0103<\/span><\/a><\/p>\n","protected":false},"author":26,"featured_media":0,"parent":0,"menu_order":0,"comment_status":"closed","ping_status":"closed","template":"templates\/Products.php","meta":{"_acf_changed":false,"_et_pb_use_builder":"","_et_pb_old_content":"","_et_gb_content_width":"","inline_featured_image":false,"footnotes":""},"class_list":["post-31538","page","type-page","status-publish","hentry","entry"],"acf":[],"_links":{"self":[{"href":"https:\/\/agroland.ro\/c\/wp-json\/wp\/v2\/pages\/31538","targetHints":{"allow":["GET"]}}],"collection":[{"href":"https:\/\/agroland.ro\/c\/wp-json\/wp\/v2\/pages"}],"about":[{"href":"https:\/\/agroland.ro\/c\/wp-json\/wp\/v2\/types\/page"}],"author":[{"embeddable":true,"href":"https:\/\/agroland.ro\/c\/wp-json\/wp\/v2\/users\/26"}],"replies":[{"embeddable":true,"href":"https:\/\/agroland.ro\/c\/wp-json\/wp\/v2\/comments?post=31538"}],"version-history":[{"count":9,"href":"https:\/\/agroland.ro\/c\/wp-json\/wp\/v2\/pages\/31538\/revisions"}],"predecessor-version":[{"id":38605,"href":"https:\/\/agroland.ro\/c\/wp-json\/wp\/v2\/pages\/31538\/revisions\/38605"}],"wp:attachment":[{"href":"https:\/\/agroland.ro\/c\/wp-json\/wp\/v2\/media?parent=31538"}],"curies":[{"name":"wp","href":"https:\/\/api.w.org\/{rel}","templated":true}]}}