{"id":33199,"date":"2023-02-01T12:29:11","date_gmt":"2023-02-01T10:29:11","guid":{"rendered":"https:\/\/agroland.ro\/c\/?page_id=33199"},"modified":"2024-05-22T17:56:12","modified_gmt":"2024-05-22T14:56:12","slug":"ghiduri-bulbi-de-primavara","status":"publish","type":"page","link":"https:\/\/agroland.ro\/c\/ghiduri-bulbi-de-primavara\/","title":{"rendered":"Ghiduri Bulbi de Prim\u0103var\u0103"},"content":{"rendered":"\n<div style=\"height:19px\" aria-hidden=\"true\" class=\"wp-block-spacer\"><\/div>\n\n\n\n<figure class=\"wp-block-image size-large is-style-default\"><img loading=\"lazy\" decoding=\"async\" width=\"1024\" height=\"379\" src=\"https:\/\/agroland.ro\/c\/wp-content\/uploads\/2023\/02\/Banner-ingust-site-77-1024x379.png\" alt=\"\" class=\"wp-image-33200\" srcset=\"https:\/\/agroland.ro\/c\/wp-content\/uploads\/2023\/02\/Banner-ingust-site-77-1024x379.png 1024w, https:\/\/agroland.ro\/c\/wp-content\/uploads\/2023\/02\/Banner-ingust-site-77-300x111.png 300w, https:\/\/agroland.ro\/c\/wp-content\/uploads\/2023\/02\/Banner-ingust-site-77-768x284.png 768w, https:\/\/agroland.ro\/c\/wp-content\/uploads\/2023\/02\/Banner-ingust-site-77-1536x569.png 1536w, https:\/\/agroland.ro\/c\/wp-content\/uploads\/2023\/02\/Banner-ingust-site-77-1568x580.png 1568w, https:\/\/agroland.ro\/c\/wp-content\/uploads\/2023\/02\/Banner-ingust-site-77-1000x370.png 1000w, https:\/\/agroland.ro\/c\/wp-content\/uploads\/2023\/02\/Banner-ingust-site-77-500x185.png 500w, https:\/\/agroland.ro\/c\/wp-content\/uploads\/2023\/02\/Banner-ingust-site-77.png 1702w\" sizes=\"(max-width: 1024px) 100vw, 1024px\" \/><\/figure>\n\n\n\n<div style=\"height:19px\" aria-hidden=\"true\" class=\"wp-block-spacer\"><\/div>\n\n\n\n<h4 class=\"wp-block-heading\">Sfaturi Generale<\/h4>\n\n\n\n<p>\u27a4 Plantarea corect\u0103 a bulbilor de prim\u0103var\u0103 \u00bb <a href=\"https:\/\/agroland.ro\/c\/plantarea-corecta-a-bulbilor-de-primavara\/\">Vezi Ghidul<\/a><\/p>\n\n\n\n<p>\u27a4 Bulbi de flori care trebuie proteja\u021bi peste iarn\u0103 \u00bb <a href=\"https:\/\/agroland.ro\/c\/bulbi-de-flori-care-trebuie-protejati-peste-iarna\/\">Vezi Ghidul<\/a><\/p>\n\n\n\n<div style=\"height:18px\" aria-hidden=\"true\" class=\"wp-block-spacer\"><\/div>\n\n\n\n<h4 class=\"wp-block-heading\">Dalii <\/h4>\n\n\n\n<p>\u27a4 Plantarea \u0219i \u00eengrijirea Daliilor \u00een gr\u0103din\u0103 \u00bb <a href=\"https:\/\/agroland.ro\/c\/plantarea-si-ingrijirea-daliilor-in-gradina\/\">Vezi Ghidul<\/a><\/p>\n\n\n\n<div style=\"height:18px\" aria-hidden=\"true\" class=\"wp-block-spacer\"><\/div>\n\n\n\n<h4 class=\"wp-block-heading\">Crini<\/h4>\n\n\n\n<p>\u27a4 \u00cengrijirea corect\u0103 a crinului din gr\u0103din\u0103 \u00bb <a href=\"https:\/\/agroland.ro\/c\/ingrijirea-corecta-a-crinului-din-gradina\/\">Vezi Ghidul<\/a><\/p>\n\n\n\n<div style=\"height:18px\" aria-hidden=\"true\" class=\"wp-block-spacer\"><\/div>\n\n\n\n<p>\u27a4 Plantarea bulbilor de crini \u00een c\u00e2\u021biva pa\u0219i simpli, pentru o gr\u0103din\u0103 \u00eenmiresmat\u0103 \u00bb <a href=\"https:\/\/agroland.ro\/c\/plantarea-bulbilor-de-crini-in-cativa-pasi-simpli-pentru-o-gradina-inmiresmata\/\">Vezi Ghidul<\/a><\/p>\n\n\n\n<div style=\"height:18px\" aria-hidden=\"true\" class=\"wp-block-spacer\"><\/div>\n\n\n\n<h4 class=\"wp-block-heading\">Gladiole<\/h4>\n\n\n\n<p>\u27a4 Plantarea \u0219i \u00eengrijirea corect\u0103 a bulbilor de gladiole \u00bb <a href=\"https:\/\/agroland.ro\/c\/plantarea-si-ingrijirea-corecta-a-bulbilor-de-gladiole\/\">Vezi Ghidul<\/a><\/p>\n\n\n\n<div style=\"height:18px\" aria-hidden=\"true\" class=\"wp-block-spacer\"><\/div>\n\n\n\n<h4 class=\"wp-block-heading\">Bujori<\/h4>\n\n\n\n<p>\u27a4 Plantarea bujorilor \u00een gr\u0103din\u0103 \u00bb <a href=\"https:\/\/agroland.ro\/c\/plantarea-bujorilor-in-gradina\/\">Vezi Ghidul<\/a><\/p>\n\n\n\n<div style=\"height:18px\" aria-hidden=\"true\" class=\"wp-block-spacer\"><\/div>\n\n\n\n<h4 class=\"wp-block-heading\">Cal\u0103<\/h4>\n\n\n\n<p>\u27a4 Plantarea bulbilor de cale \u00bb <a href=\"https:\/\/agroland.ro\/c\/plantarea-si-ingrijirea-calei\/\">Vezi Ghidul<\/a><\/p>\n\n\n\n<div style=\"height:18px\" aria-hidden=\"true\" class=\"wp-block-spacer\"><\/div>\n\n\n\n<h4 class=\"wp-block-heading\">Begonie<\/h4>\n\n\n\n<p>\u27a4 Cum s\u0103 plantezi \u0219i s\u0103 \u00eengrije\u0219ti begoniile \u00een gr\u0103din\u0103 \u00bb <a href=\"https:\/\/agroland.ro\/c\/cum-sa-plantezi-si-sa-ingrijesti-begoniile-in-gradina\/\">Vezi Ghidul<\/a><\/p>\n\n\n\n<div style=\"height:18px\" aria-hidden=\"true\" class=\"wp-block-spacer\"><\/div>\n\n\n\n<h4 class=\"wp-block-heading\">Gloxinia<\/h4>\n\n\n\n<p>\u27a4 Cum plantezi \u0219i cum \u00eengrije\u0219ti Gloxinia \u00bb <a href=\"https:\/\/agroland.ro\/c\/cum-plantezi-si-cum-ingrijesti-gloxinia\/\">Vezi Ghidul<\/a><\/p>\n\n\n\n<div style=\"height:20px\" aria-hidden=\"true\" class=\"wp-block-spacer\"><\/div>\n","protected":false},"excerpt":{"rendered":"<p>Sfaturi Generale \u27a4 Plantarea corect\u0103 a bulbilor de prim\u0103var\u0103 \u00bb Vezi Ghidul \u27a4 Bulbi de flori care trebuie proteja\u021bi peste iarn\u0103 \u00bb Vezi Ghidul Dalii \u27a4 Plantarea \u0219i \u00eengrijirea Daliilor \u00een gr\u0103din\u0103 \u00bb Vezi Ghidul Crini \u27a4 \u00cengrijirea corect\u0103 a crinului din gr\u0103din\u0103 \u00bb Vezi Ghidul \u27a4 Plantarea bulbilor de crini \u00een c\u00e2\u021biva pa\u0219i simpli,&hellip; <a class=\"more-link\" href=\"https:\/\/agroland.ro\/c\/ghiduri-bulbi-de-primavara\/\">Continu\u0103 lectura <span class=\"screen-reader-text\">Ghiduri Bulbi de Prim\u0103var\u0103<\/span><\/a><\/p>\n","protected":false},"author":26,"featured_media":0,"parent":0,"menu_order":0,"comment_status":"closed","ping_status":"closed","template":"templates\/Products.php","meta":{"_acf_changed":false,"_et_pb_use_builder":"","_et_pb_old_content":"","_et_gb_content_width":"","inline_featured_image":false,"footnotes":""},"class_list":["post-33199","page","type-page","status-publish","hentry","entry"],"acf":[],"_links":{"self":[{"href":"https:\/\/agroland.ro\/c\/wp-json\/wp\/v2\/pages\/33199","targetHints":{"allow":["GET"]}}],"collection":[{"href":"https:\/\/agroland.ro\/c\/wp-json\/wp\/v2\/pages"}],"about":[{"href":"https:\/\/agroland.ro\/c\/wp-json\/wp\/v2\/types\/page"}],"author":[{"embeddable":true,"href":"https:\/\/agroland.ro\/c\/wp-json\/wp\/v2\/users\/26"}],"replies":[{"embeddable":true,"href":"https:\/\/agroland.ro\/c\/wp-json\/wp\/v2\/comments?post=33199"}],"version-history":[{"count":6,"href":"https:\/\/agroland.ro\/c\/wp-json\/wp\/v2\/pages\/33199\/revisions"}],"predecessor-version":[{"id":37823,"href":"https:\/\/agroland.ro\/c\/wp-json\/wp\/v2\/pages\/33199\/revisions\/37823"}],"wp:attachment":[{"href":"https:\/\/agroland.ro\/c\/wp-json\/wp\/v2\/media?parent=33199"}],"curies":[{"name":"wp","href":"https:\/\/api.w.org\/{rel}","templated":true}]}}