{"id":33780,"date":"2023-03-01T12:22:34","date_gmt":"2023-03-01T10:22:34","guid":{"rendered":"https:\/\/agroland.ro\/c\/?page_id=33780"},"modified":"2023-04-04T15:42:07","modified_gmt":"2023-04-04T12:42:07","slug":"expoflora-primavara-agroland","status":"publish","type":"page","link":"https:\/\/agroland.ro\/c\/expoflora-primavara-agroland\/","title":{"rendered":"????????? ????????!"},"content":{"rendered":"\n<div class=\"wp-block-group\"><div class=\"wp-block-group__inner-container is-layout-flow wp-block-group-is-layout-flow\">\n<div class=\"wp-block-group\"><div class=\"wp-block-group__inner-container is-layout-flow wp-block-group-is-layout-flow\">\n<div class=\"wp-block-group\"><div class=\"wp-block-group__inner-container is-layout-flow wp-block-group-is-layout-flow\">\n<div style=\"height:18px\" aria-hidden=\"true\" class=\"wp-block-spacer\"><\/div>\n\n\n\n<div class=\"wp-block-group\"><div class=\"wp-block-group__inner-container is-layout-flow wp-block-group-is-layout-flow\"><div class=\"wp-block-image\">\n<figure class=\"aligncenter size-full\"><img loading=\"lazy\" decoding=\"async\" width=\"902\" height=\"444\" src=\"https:\/\/agroland.ro\/c\/wp-content\/uploads\/2023\/04\/Add-a-subheading-2.png\" alt=\"\" class=\"wp-image-33948\" srcset=\"https:\/\/agroland.ro\/c\/wp-content\/uploads\/2023\/04\/Add-a-subheading-2.png 902w, https:\/\/agroland.ro\/c\/wp-content\/uploads\/2023\/04\/Add-a-subheading-2-300x148.png 300w, https:\/\/agroland.ro\/c\/wp-content\/uploads\/2023\/04\/Add-a-subheading-2-768x378.png 768w, https:\/\/agroland.ro\/c\/wp-content\/uploads\/2023\/04\/Add-a-subheading-2-500x246.png 500w\" sizes=\"(max-width: 902px) 100vw, 902px\" \/><\/figure>\n<\/div>\n\n\n<div style=\"height:0px\" aria-hidden=\"true\" class=\"wp-block-spacer\"><\/div>\n<\/div><\/div>\n\n\n\n<h2 class=\"wp-block-heading has-text-align-center\"><strong>Weekendul acesta s\u0103rb\u0103torim Gr\u0103dina de Prim\u0103var\u0103!<\/strong><\/h2>\n<\/div><\/div>\n<\/div><\/div>\n\n\n\n<div style=\"height:18px\" aria-hidden=\"true\" class=\"wp-block-spacer\"><\/div>\n\n\n\n<div class=\"wp-block-group\"><div class=\"wp-block-group__inner-container is-layout-flow wp-block-group-is-layout-flow\">\n<p class=\"has-text-align-center\">Te a\u0219tept\u0103m la festivalul florilor \u00een ghiveci, material s\u0103ditor, dar \u0219i multe alte produse pentru iubitorii de gr\u0103din\u0103rit! Vino \u00een perioada<strong> 6 &#8211;<\/strong> <strong>9 aprilie <\/strong>la ????????? \u00een magazinele Agroland selec\u021bionate*!<\/p>\n\n\n\n<p><\/p>\n\n\n\n<div style=\"height:18px\" aria-hidden=\"true\" class=\"wp-block-spacer\"><\/div>\n<\/div><\/div>\n\n\n\n<div class=\"wp-block-group\"><div class=\"wp-block-group__inner-container is-layout-flow wp-block-group-is-layout-flow\">\n<div class=\"wp-block-group\"><div class=\"wp-block-group__inner-container is-layout-flow wp-block-group-is-layout-flow\"><div class=\"wp-block-image\">\n<figure class=\"aligncenter size-large\"><img loading=\"lazy\" decoding=\"async\" width=\"1024\" height=\"378\" src=\"https:\/\/agroland.ro\/c\/wp-content\/uploads\/2023\/02\/3-1024x378.png\" alt=\"\" class=\"wp-image-33782\" srcset=\"https:\/\/agroland.ro\/c\/wp-content\/uploads\/2023\/02\/3-1024x378.png 1024w, https:\/\/agroland.ro\/c\/wp-content\/uploads\/2023\/02\/3-300x111.png 300w, https:\/\/agroland.ro\/c\/wp-content\/uploads\/2023\/02\/3-768x283.png 768w, https:\/\/agroland.ro\/c\/wp-content\/uploads\/2023\/02\/3-1000x369.png 1000w, https:\/\/agroland.ro\/c\/wp-content\/uploads\/2023\/02\/3-500x185.png 500w, https:\/\/agroland.ro\/c\/wp-content\/uploads\/2023\/02\/3.png 1027w\" sizes=\"(max-width: 1024px) 100vw, 1024px\" \/><\/figure>\n<\/div>\n\n\n<div style=\"height:14px\" aria-hidden=\"true\" class=\"wp-block-spacer\"><\/div>\n\n\n<div class=\"wp-block-image\">\n<figure class=\"aligncenter size-large\"><img loading=\"lazy\" decoding=\"async\" width=\"1024\" height=\"378\" src=\"https:\/\/agroland.ro\/c\/wp-content\/uploads\/2023\/02\/1-1024x378.png\" alt=\"\" class=\"wp-image-33783\" srcset=\"https:\/\/agroland.ro\/c\/wp-content\/uploads\/2023\/02\/1-1024x378.png 1024w, https:\/\/agroland.ro\/c\/wp-content\/uploads\/2023\/02\/1-300x111.png 300w, https:\/\/agroland.ro\/c\/wp-content\/uploads\/2023\/02\/1-768x283.png 768w, https:\/\/agroland.ro\/c\/wp-content\/uploads\/2023\/02\/1-1000x369.png 1000w, https:\/\/agroland.ro\/c\/wp-content\/uploads\/2023\/02\/1-500x185.png 500w, https:\/\/agroland.ro\/c\/wp-content\/uploads\/2023\/02\/1.png 1027w\" sizes=\"(max-width: 1024px) 100vw, 1024px\" \/><\/figure>\n<\/div>\n\n\n<div style=\"height:14px\" aria-hidden=\"true\" class=\"wp-block-spacer\"><\/div>\n<\/div><\/div>\n\n\n\n<div class=\"wp-block-group\"><div class=\"wp-block-group__inner-container is-layout-flow wp-block-group-is-layout-flow\">\n<div class=\"wp-block-group\"><div class=\"wp-block-group__inner-container is-layout-flow wp-block-group-is-layout-flow\">\n<div class=\"wp-block-group\"><div class=\"wp-block-group__inner-container is-layout-flow wp-block-group-is-layout-flow\"><div class=\"wp-block-image\">\n<figure class=\"aligncenter size-large\"><img loading=\"lazy\" decoding=\"async\" width=\"1024\" height=\"378\" src=\"https:\/\/agroland.ro\/c\/wp-content\/uploads\/2023\/02\/4-1024x378.png\" alt=\"\" class=\"wp-image-33785\" srcset=\"https:\/\/agroland.ro\/c\/wp-content\/uploads\/2023\/02\/4-1024x378.png 1024w, https:\/\/agroland.ro\/c\/wp-content\/uploads\/2023\/02\/4-300x111.png 300w, https:\/\/agroland.ro\/c\/wp-content\/uploads\/2023\/02\/4-768x283.png 768w, https:\/\/agroland.ro\/c\/wp-content\/uploads\/2023\/02\/4-1000x369.png 1000w, https:\/\/agroland.ro\/c\/wp-content\/uploads\/2023\/02\/4-500x185.png 500w, https:\/\/agroland.ro\/c\/wp-content\/uploads\/2023\/02\/4.png 1027w\" sizes=\"(max-width: 1024px) 100vw, 1024px\" \/><\/figure>\n<\/div>\n\n\n<div style=\"height:14px\" aria-hidden=\"true\" class=\"wp-block-spacer\"><\/div>\n<\/div><\/div>\n<\/div><\/div>\n\n\n\n<div class=\"wp-block-group\"><div class=\"wp-block-group__inner-container is-layout-flow wp-block-group-is-layout-flow\">\n<div class=\"wp-block-group\"><div class=\"wp-block-group__inner-container is-layout-flow wp-block-group-is-layout-flow\">\n<div style=\"height:14px\" aria-hidden=\"true\" class=\"wp-block-spacer\"><\/div>\n\n\n<div class=\"wp-block-image\">\n<figure class=\"aligncenter size-large\"><img loading=\"lazy\" decoding=\"async\" width=\"1024\" height=\"378\" src=\"https:\/\/agroland.ro\/c\/wp-content\/uploads\/2023\/02\/5-1024x378.png\" alt=\"\" class=\"wp-image-33786\" srcset=\"https:\/\/agroland.ro\/c\/wp-content\/uploads\/2023\/02\/5-1024x378.png 1024w, https:\/\/agroland.ro\/c\/wp-content\/uploads\/2023\/02\/5-300x111.png 300w, https:\/\/agroland.ro\/c\/wp-content\/uploads\/2023\/02\/5-768x283.png 768w, https:\/\/agroland.ro\/c\/wp-content\/uploads\/2023\/02\/5-1000x369.png 1000w, https:\/\/agroland.ro\/c\/wp-content\/uploads\/2023\/02\/5-500x185.png 500w, https:\/\/agroland.ro\/c\/wp-content\/uploads\/2023\/02\/5.png 1027w\" sizes=\"(max-width: 1024px) 100vw, 1024px\" \/><\/figure>\n<\/div>\n\n\n<div style=\"height:18px\" aria-hidden=\"true\" class=\"wp-block-spacer\"><\/div>\n<\/div><\/div>\n<\/div><\/div>\n\n\n\n<div class=\"wp-block-group\"><div class=\"wp-block-group__inner-container is-layout-flow wp-block-group-is-layout-flow\">\n<div class=\"wp-block-group\"><div class=\"wp-block-group__inner-container is-layout-flow wp-block-group-is-layout-flow\">\n<div class=\"wp-block-group\"><div class=\"wp-block-group__inner-container is-layout-flow wp-block-group-is-layout-flow\">\n<div class=\"wp-block-group\"><div class=\"wp-block-group__inner-container is-layout-flow wp-block-group-is-layout-flow\"><div class=\"wp-block-image\">\n<figure class=\"aligncenter size-large\"><img loading=\"lazy\" decoding=\"async\" width=\"1024\" height=\"378\" src=\"https:\/\/agroland.ro\/c\/wp-content\/uploads\/2023\/02\/6-1024x378.png\" alt=\"\" class=\"wp-image-33787\" srcset=\"https:\/\/agroland.ro\/c\/wp-content\/uploads\/2023\/02\/6-1024x378.png 1024w, https:\/\/agroland.ro\/c\/wp-content\/uploads\/2023\/02\/6-300x111.png 300w, https:\/\/agroland.ro\/c\/wp-content\/uploads\/2023\/02\/6-768x283.png 768w, https:\/\/agroland.ro\/c\/wp-content\/uploads\/2023\/02\/6-1000x369.png 1000w, https:\/\/agroland.ro\/c\/wp-content\/uploads\/2023\/02\/6-500x185.png 500w, https:\/\/agroland.ro\/c\/wp-content\/uploads\/2023\/02\/6.png 1027w\" sizes=\"(max-width: 1024px) 100vw, 1024px\" \/><\/figure>\n<\/div>\n\n\n<div style=\"height:14px\" aria-hidden=\"true\" class=\"wp-block-spacer\"><\/div>\n\n\n\n<figure class=\"wp-block-image size-full\"><img loading=\"lazy\" decoding=\"async\" width=\"1024\" height=\"378\" src=\"https:\/\/agroland.ro\/c\/wp-content\/uploads\/2023\/03\/Expoflora-bannere.png\" alt=\"\" class=\"wp-image-33811\" srcset=\"https:\/\/agroland.ro\/c\/wp-content\/uploads\/2023\/03\/Expoflora-bannere.png 1024w, https:\/\/agroland.ro\/c\/wp-content\/uploads\/2023\/03\/Expoflora-bannere-300x111.png 300w, https:\/\/agroland.ro\/c\/wp-content\/uploads\/2023\/03\/Expoflora-bannere-768x284.png 768w, https:\/\/agroland.ro\/c\/wp-content\/uploads\/2023\/03\/Expoflora-bannere-1000x369.png 1000w, https:\/\/agroland.ro\/c\/wp-content\/uploads\/2023\/03\/Expoflora-bannere-500x185.png 500w\" sizes=\"(max-width: 1024px) 100vw, 1024px\" \/><\/figure>\n\n\n\n<div style=\"height:18px\" aria-hidden=\"true\" class=\"wp-block-spacer\"><\/div>\n\n\n\n<p class=\"has-large-font-size\"><strong>*?????????? ????????????:<\/strong><\/p>\n<\/div><\/div>\n\n\n\n<div class=\"wp-block-group\"><div class=\"wp-block-group__inner-container is-layout-flow wp-block-group-is-layout-flow\">\n<ul class=\"wp-block-list\">\n<li>Agroland MEGA Afuma\u021bi- \u0218oseaua Bucuresti-Urziceni, nr. 254 (<a href=\"https:\/\/agroland.ro\/c\/magazinele-noastre\/magazin\/agroland-mega-afumati\/\" data-type=\"URL\" data-id=\"https:\/\/agroland.ro\/c\/magazinele-noastre\/magazin\/agroland-mega-afumati\/\" target=\"_blank\" rel=\"noreferrer noopener\">vezi detalii<\/a>) <\/li>\n\n\n\n<li>Agroland MEGA Bal\u0219 &#8211; Strada Depozitelor, nr. 1A, unit. 5, Centrul Joy <a rel=\"noreferrer noopener nofollow\" href=\"https:\/\/bit.ly\/3UPn5WH\" target=\"_blank\">(<\/a><a href=\"https:\/\/agroland.ro\/c\/magazinele-noastre\/magazin\/agroland-mega-bals\/\" data-type=\"URL\" data-id=\"https:\/\/agroland.ro\/c\/magazinele-noastre\/magazin\/agroland-mega-bals\/\" target=\"_blank\" rel=\"noreferrer noopener\">vezi detalii<\/a>)<\/li>\n\n\n\n<li>Agroland MEGA B\u00e2rlad &#8211; Bulevardul Republicii, nr. 320 <a rel=\"noreferrer noopener\" href=\"https:\/\/agroland.ro\/c\/magazinele-noastre\/magazin\/agroland-mega-barlad\/\" data-type=\"URL\" data-id=\"https:\/\/agroland.ro\/c\/magazinele-noastre\/magazin\/agroland-mega-barlad\/\" target=\"_blank\">(vezi detalii)<\/a><\/li>\n\n\n\n<li>Agroland MEGA Bolintin-Vale &#8211; Strada Poarta Luncii, nr. 74 <a rel=\"noreferrer noopener nofollow\" href=\"https:\/\/bit.ly\/3dMWpoW\" target=\"_blank\">(<\/a><a rel=\"noreferrer noopener\" href=\"https:\/\/agroland.ro\/c\/magazinele-noastre\/magazin\/agroland-mega-bolintin-vale\/\" target=\"_blank\">vezi detalii)<\/a> <\/li>\n\n\n\n<li>Agroland Boto\u0219ani 2 &#8211; Bulevardul Mihai Eminescu, nr. 4 <a rel=\"noreferrer noopener\" href=\"https:\/\/agroland.ro\/c\/magazinele-noastre\/magazin\/agroland-botosani-2\/\" data-type=\"URL\" data-id=\"https:\/\/agroland.ro\/c\/magazinele-noastre\/magazin\/agroland-botosani-2\/\" target=\"_blank\">(vezi detalii<\/a>)<\/li>\n\n\n\n<li>Agroland MEGA Br\u0103ila &#8211; Strada Rm. S\u0103rat, nr. 98 A (<a rel=\"noreferrer noopener\" href=\"https:\/\/agroland.ro\/c\/magazinele-noastre\/magazin\/agroland-mega-braila\/\" data-type=\"URL\" data-id=\"https:\/\/agroland.ro\/c\/magazinele-noastre\/magazin\/agroland-mega-braila\/\" target=\"_blank\">vezi detalii<\/a>) <\/li>\n\n\n\n<li>Agroland MEGA Bucure\u0219ti 1 &#8211; \u0218oseaua Fundeni, nr. 40, sector 2 (<a rel=\"noreferrer noopener\" href=\"https:\/\/agroland.ro\/c\/magazinele-noastre\/magazin\/agroland-mega-bucuresti\/\" data-type=\"URL\" data-id=\"https:\/\/agroland.ro\/c\/magazinele-noastre\/magazin\/agroland-mega-bucuresti\/\" target=\"_blank\">vezi detalii<\/a>) <\/li>\n\n\n\n<li>Agroland MEGA Bucure\u0219ti 2 &#8211; Strada Bucure\u0219ti &#8211; T\u00e2rgovi\u0219te, nr. 50, Sector 1 (<a rel=\"noreferrer noopener\" href=\"https:\/\/agroland.ro\/c\/magazinele-noastre\/magazin\/agroland-mega-bucuresti-2\/\" data-type=\"URL\" data-id=\"https:\/\/agroland.ro\/c\/magazinele-noastre\/magazin\/agroland-mega-bucuresti-2\/\" target=\"_blank\">vezi detalii<\/a>) <\/li>\n\n\n\n<li>Agroland Buhu\u0219i &#8211; Strada Nicolae B\u0103lcescu, nr. 1 (<a rel=\"noreferrer noopener\" href=\"https:\/\/agroland.ro\/c\/magazinele-noastre\/magazin\/agroland-buhusi\/\" data-type=\"URL\" data-id=\"https:\/\/agroland.ro\/c\/magazinele-noastre\/magazin\/agroland-buhusi\/\" target=\"_blank\">vezi detalii<\/a>) <\/li>\n\n\n\n<li>Agroland MEGA C\u00e2mpulung- Centrul Comercial CUB CENTER Str. Ciprian Porumbescu, nr. 29 (<a href=\"https:\/\/agroland.ro\/c\/magazinele-noastre\/magazin\/agroland-mega-campulung\/\" data-type=\"URL\" data-id=\"https:\/\/agroland.ro\/c\/magazinele-noastre\/magazin\/agroland-mega-campulung\/\">vezi detalii<\/a>) <\/li>\n\n\n\n<li>Agroland MEGA Caracal- &nbsp;Str. 1 Decembrie 1918, nr. 80 (<a rel=\"noreferrer noopener\" href=\"https:\/\/agroland.ro\/c\/magazinele-noastre\/magazin\/agroland-mega-caracal\/\" data-type=\"URL\" data-id=\"https:\/\/agroland.ro\/c\/magazinele-noastre\/magazin\/agroland-mega-caracal\/\" target=\"_blank\">vezi detalii<\/a>) <\/li>\n\n\n\n<li>Agroland MEGA Craiova &#8211; Calea Bucuresti, nr. 78, Electroputere Mall, corp C1 (<a rel=\"noreferrer noopener\" href=\"https:\/\/agroland.ro\/c\/magazinele-noastre\/magazin\/agroland-mega-electroputere-mall\/\" data-type=\"URL\" data-id=\"https:\/\/agroland.ro\/c\/magazinele-noastre\/magazin\/agroland-mega-electroputere-mall\/\" target=\"_blank\">vezi detalii<\/a>)<\/li>\n\n\n\n<li>Agroland Dorohoi &#8211; Bulevardul Victoriei, nr. 120A, Centrul Comercial Nest Dorohoi (<a rel=\"noreferrer noopener\" href=\"https:\/\/agroland.ro\/c\/magazinele-noastre\/magazin\/agroland-dorohoi-2\" data-type=\"URL\" data-id=\"https:\/\/agroland.ro\/c\/magazinele-noastre\/magazin\/agroland-dorohoi-2\" target=\"_blank\">vezi detalii<\/a>) <\/li>\n\n\n\n<li>Agroland Foc\u0219ani &#8211; Str. Oborul de vite, nr. 7 (<a rel=\"noreferrer noopener\" href=\"https:\/\/agroland.ro\/c\/magazinele-noastre\/magazin\/agroland-focsani\/\" data-type=\"URL\" data-id=\"https:\/\/agroland.ro\/c\/magazinele-noastre\/magazin\/agroland-focsani\/\" target=\"_blank\">vezi detalii<\/a>) <\/li>\n\n\n\n<li>Agroland MEGA Hu\u0219i &#8211; Strada Ana Ip\u0103tescu, nr. 2 B (<a rel=\"noreferrer noopener\" href=\"https:\/\/agroland.ro\/c\/magazinele-noastre\/magazin\/agroland-husi\/\" data-type=\"URL\" data-id=\"https:\/\/agroland.ro\/c\/magazinele-noastre\/magazin\/agroland-husi\/\" target=\"_blank\">vezi deta<\/a><a rel=\"noreferrer noopener nofollow\" href=\"https:\/\/bit.ly\/3y0952K\" target=\"_blank\">lii<\/a>) <\/li>\n\n\n\n<li>Agroland MEGA Lie\u0219ti &#8211; Strada Anghel Saligny, nr. 27 (<a rel=\"noreferrer noopener\" href=\"https:\/\/agroland.ro\/c\/magazinele-noastre\/magazin\/agroland-mega-liesti\/\" data-type=\"URL\" data-id=\"https:\/\/agroland.ro\/c\/magazinele-noastre\/magazin\/agroland-mega-liesti\/\" target=\"_blank\">vezi detalii<\/a>) <\/li>\n\n\n\n<li>Agroland MEGA Lugoj &#8211; Calea Timi\u0219orii, nr. 62 (<a rel=\"noreferrer noopener\" href=\"https:\/\/agroland.ro\/c\/magazinele-noastre\/magazin\/agroland-mega-lugoj\/\" data-type=\"URL\" data-id=\"https:\/\/agroland.ro\/c\/magazinele-noastre\/magazin\/agroland-mega-lugoj\/\" target=\"_blank\">vezi detalii<\/a>) <\/li>\n\n\n\n<li>Agroland MEGA Miroslava &#8211; Strada Constantin Langa, 91B (<a rel=\"noreferrer noopener\" href=\"https:\/\/agroland.ro\/c\/magazinele-noastre\/magazin\/agroland-mega-miroslav\/\" data-type=\"URL\" data-id=\"https:\/\/agroland.ro\/c\/magazinele-noastre\/magazin\/agroland-mega-miroslav\/\" target=\"_blank\">vezi detalii<\/a>)<\/li>\n\n\n\n<li>Agroland MEGA Mo\u0219ni\u021ba \u2013 Strada Principala nr. 2 (<a rel=\"noreferrer noopener\" href=\"https:\/\/agroland.ro\/c\/magazinele-noastre\/magazin\/agroland-mega-mosnita-noua\/\" data-type=\"URL\" data-id=\"https:\/\/agroland.ro\/c\/magazinele-noastre\/magazin\/agroland-mega-mosnita-noua\/\" target=\"_blank\">vezi detalii<\/a>) <\/li>\n\n\n\n<li>Agroland MEGA N\u0103vodari &#8211; Strada Constan\u021bei, nr. 40 (<a rel=\"noreferrer noopener\" href=\"https:\/\/agroland.ro\/c\/magazinele-noastre\/magazin\/agroland-mega-navodari\/\" target=\"_blank\">vezi detalii<\/a>) <\/li>\n\n\n\n<li>Agroland One\u0219ti 2 &#8211; Strada George Bacovia, nr. 15 (<a rel=\"noreferrer noopener\" href=\"https:\/\/agroland.ro\/c\/magazinele-noastre\/magazin\/agroland-onesti-2\/\" data-type=\"URL\" data-id=\"https:\/\/agroland.ro\/c\/magazinele-noastre\/magazin\/agroland-onesti-2\/\" target=\"_blank\">vezi detalii<\/a>) <\/li>\n\n\n\n<li>Agroland MEGA Pa\u0219cani &#8211; Strada Moldovei, 17 bis, Retail Park (<a rel=\"noreferrer noopener\" href=\"https:\/\/agroland.ro\/c\/magazinele-noastre\/magazin\/mega_pascani\/\" target=\"_blank\">vezi detalii<\/a>)<\/li>\n\n\n\n<li>Agroland Severin &#8211; Bulevardul Tudor Vladimirescu, nr. 32 (<a href=\"https:\/\/agroland.ro\/c\/magazinele-noastre\/magazin\/agroland-drobeta-turnu-severin-2\/\" data-type=\"URL\" data-id=\"https:\/\/agroland.ro\/c\/magazinele-noastre\/magazin\/agroland-drobeta-turnu-severin-2\/\" target=\"_blank\" rel=\"noreferrer noopener\">vezi detalii<\/a>)<\/li>\n\n\n\n<li>Agroland MEGA Sf. Gheorghe &#8211; Strada Lunca Oltului, nr. 3 (<a href=\"https:\/\/agroland.ro\/c\/magazinele-noastre\/magazin\/agroland-mega-sfantu-gheorghe\/\" data-type=\"URL\" data-id=\"https:\/\/agroland.ro\/c\/magazinele-noastre\/magazin\/agroland-mega-sfantu-gheorghe\/\" target=\"_blank\" rel=\"noreferrer noopener\">vezi detalii<\/a>) <\/li>\n\n\n\n<li>Agroland MEGA Ianca &#8211; Calea Br\u0103ilei, nr. 195-197 (<a href=\"http:\/\/agroland.ro\/c\/magazinele-noastre\/magazin\/agroland-ianca\/\" data-type=\"URL\" data-id=\"agroland.ro\/c\/magazinele-noastre\/magazin\/agroland-ianca\/\">vezi detalii<\/a>) <\/li>\n\n\n\n<li>Agroland MEGA Sibiu &#8211; Calea \u0218urii Mari, 39b (<a href=\"https:\/\/agroland.ro\/c\/magazinele-noastre\/magazin\/agroland-mega-sibiu\/\" data-type=\"URL\" data-id=\"https:\/\/agroland.ro\/c\/magazinele-noastre\/magazin\/agroland-mega-sibiu\/\" target=\"_blank\" rel=\"noreferrer noopener\">vezi detalii<\/a>) <\/li>\n\n\n\n<li>Agroland T\u00e2rgu Neam\u021b- Strada Cuza Vod\u0103, nr. 3 (<a href=\"https:\/\/agroland.ro\/c\/magazinele-noastre\/magazin\/agroland-targu-neamt-2\/\" data-type=\"URL\" data-id=\"https:\/\/agroland.ro\/c\/magazinele-noastre\/magazin\/agroland-targu-neamt-2\/\" target=\"_blank\" rel=\"noreferrer noopener\">vezi detalii<\/a>) <\/li>\n\n\n\n<li>Agroland T\u00e2rgu Frumos &#8211; Strada Buznei, nr. 4A-4C (<a href=\"https:\/\/agroland.ro\/c\/magazinele-noastre\/magazin\/agroland-targu-frumos\/\" data-type=\"URL\" data-id=\"https:\/\/agroland.ro\/c\/magazinele-noastre\/magazin\/agroland-targu-frumos\/\" target=\"_blank\" rel=\"noreferrer noopener\">vezi detalii<\/a>) <\/li>\n\n\n\n<li>Agroland MEGA Timisoara &#8211; Strada Stan Vidrighin, nr. 7 (<a href=\"https:\/\/agroland.ro\/c\/magazinele-noastre\/magazin\/agroland-mega-timisoara\/\" data-type=\"URL\" data-id=\"https:\/\/agroland.ro\/c\/magazinele-noastre\/magazin\/agroland-mega-timisoara\/\" target=\"_blank\" rel=\"noreferrer noopener\">vezi detalii<\/a>) <\/li>\n\n\n\n<li>Agroland Tecuci- Strada 1 Decembrie, nr. 109 (<a href=\"https:\/\/agroland.ro\/c\/magazinele-noastre\/magazin\/agroland-mega-tecuci\/\">vezi detalii<\/a>) <\/li>\n\n\n\n<li>Agroland Tulcea- Strada Viticulturii nr. 25 (<a rel=\"noreferrer noopener\" href=\"http:\/\/agroland.ro\/c\/magazinele-noastre\/magazin\/agroland-tulcea-2\/\" data-type=\"URL\" data-id=\"agroland.ro\/c\/magazinele-noastre\/magazin\/agroland-tulcea-2\/\" target=\"_blank\">vezi detalii<\/a>) <\/li>\n\n\n\n<li>Agroland MEGA Vaslui &#8211; Strada C\u0103lug\u0103reni, nr. 106 (<a rel=\"noreferrer noopener\" href=\"http:\/\/agroland.ro\/c\/magazinele-noastre\/magazin\/agroland-mega-vaslui\/\" target=\"_blank\">vezi detalii<\/a>) <\/li>\n<\/ul>\n\n\n\n<div style=\"height:18px\" aria-hidden=\"true\" class=\"wp-block-spacer\"><\/div>\n<\/div><\/div>\n<\/div><\/div>\n<\/div><\/div>\n<\/div><\/div>\n<\/div><\/div>\n<\/div><\/div>\n<\/div><\/div>\n\n\n\n<div class=\"wp-block-group\"><div class=\"wp-block-group__inner-container is-layout-flow wp-block-group-is-layout-flow\">\n<div class=\"wp-block-group\"><div class=\"wp-block-group__inner-container is-layout-flow wp-block-group-is-layout-flow\">\n<div style=\"height:6px\" aria-hidden=\"true\" class=\"wp-block-spacer\"><\/div>\n<\/div><\/div>\n<\/div><\/div>\n\n\n\n<div class=\"wp-block-group\"><div class=\"wp-block-group__inner-container is-layout-flow wp-block-group-is-layout-flow\">\n<div class=\"wp-block-group\"><div class=\"wp-block-group__inner-container is-layout-flow wp-block-group-is-layout-flow\"><\/div><\/div>\n<\/div><\/div>\n\n\n\n<div class=\"wp-block-group\"><div class=\"wp-block-group__inner-container is-layout-flow wp-block-group-is-layout-flow\">\n<div class=\"wp-block-group\"><div class=\"wp-block-group__inner-container is-layout-flow wp-block-group-is-layout-flow\">\n<div class=\"wp-block-group\"><div class=\"wp-block-group__inner-container is-layout-flow wp-block-group-is-layout-flow\">\n<div style=\"height:25px\" aria-hidden=\"true\" class=\"wp-block-spacer\"><\/div>\n<\/div><\/div>\n<\/div><\/div>\n<\/div><\/div>\n\n\n\n<div class=\"wp-block-columns alignwide is-layout-flex wp-container-core-columns-is-layout-9d6595d7 wp-block-columns-is-layout-flex\">\n<div class=\"wp-block-column is-layout-flow wp-block-column-is-layout-flow\">\n<hr class=\"wp-block-separator alignwide has-alpha-channel-opacity is-style-twentytwentyone-separator-thick\"\/>\n<\/div>\n<\/div>\n\n\n\n<div class=\"wp-block-group\"><div class=\"wp-block-group__inner-container is-layout-flow wp-block-group-is-layout-flow\"><\/div><\/div>\n","protected":false},"excerpt":{"rendered":"<p>Weekendul acesta s\u0103rb\u0103torim Gr\u0103dina de Prim\u0103var\u0103! Te a\u0219tept\u0103m la festivalul florilor \u00een ghiveci, material s\u0103ditor, dar \u0219i multe alte produse pentru iubitorii de gr\u0103din\u0103rit! Vino \u00een perioada 6 &#8211; 9 aprilie la ????????? \u00een magazinele Agroland selec\u021bionate*! *?????????? ????????????:<\/p>\n","protected":false},"author":32,"featured_media":0,"parent":0,"menu_order":0,"comment_status":"closed","ping_status":"closed","template":"templates\/Products.php","meta":{"_acf_changed":false,"_et_pb_use_builder":"","_et_pb_old_content":"","_et_gb_content_width":"","inline_featured_image":false,"footnotes":""},"class_list":["post-33780","page","type-page","status-publish","hentry","entry"],"acf":[],"_links":{"self":[{"href":"https:\/\/agroland.ro\/c\/wp-json\/wp\/v2\/pages\/33780","targetHints":{"allow":["GET"]}}],"collection":[{"href":"https:\/\/agroland.ro\/c\/wp-json\/wp\/v2\/pages"}],"about":[{"href":"https:\/\/agroland.ro\/c\/wp-json\/wp\/v2\/types\/page"}],"author":[{"embeddable":true,"href":"https:\/\/agroland.ro\/c\/wp-json\/wp\/v2\/users\/32"}],"replies":[{"embeddable":true,"href":"https:\/\/agroland.ro\/c\/wp-json\/wp\/v2\/comments?post=33780"}],"version-history":[{"count":21,"href":"https:\/\/agroland.ro\/c\/wp-json\/wp\/v2\/pages\/33780\/revisions"}],"predecessor-version":[{"id":33954,"href":"https:\/\/agroland.ro\/c\/wp-json\/wp\/v2\/pages\/33780\/revisions\/33954"}],"wp:attachment":[{"href":"https:\/\/agroland.ro\/c\/wp-json\/wp\/v2\/media?parent=33780"}],"curies":[{"name":"wp","href":"https:\/\/api.w.org\/{rel}","templated":true}]}}