{"id":33838,"date":"2023-03-08T13:09:33","date_gmt":"2023-03-08T11:09:33","guid":{"rendered":"https:\/\/agroland.ro\/c\/?page_id=33838"},"modified":"2024-11-06T14:21:28","modified_gmt":"2024-11-06T12:21:28","slug":"plata-in-rate-in-magazine","status":"publish","type":"page","link":"https:\/\/agroland.ro\/c\/plata-in-rate-in-magazine\/","title":{"rendered":"Plata \u00een rate \u00een magazine"},"content":{"rendered":"\n<div class=\"wp-block-group\"><div class=\"wp-block-group__inner-container is-layout-flow wp-block-group-is-layout-flow\">\n<div class=\"wp-block-group\"><div class=\"wp-block-group__inner-container is-layout-flow wp-block-group-is-layout-flow\">\n<div class=\"wp-block-group\"><div class=\"wp-block-group__inner-container is-layout-flow wp-block-group-is-layout-flow\">\n<div style=\"height:18px\" aria-hidden=\"true\" class=\"wp-block-spacer\"><\/div>\n\n\n\n<div class=\"wp-block-group\"><div class=\"wp-block-group__inner-container is-layout-flow wp-block-group-is-layout-flow\"><div class=\"wp-block-image\">\n<figure class=\"aligncenter size-full\"><img loading=\"lazy\" decoding=\"async\" width=\"1024\" height=\"390\" src=\"https:\/\/agroland.ro\/c\/wp-content\/uploads\/2023\/09\/unnamed-2.png\" alt=\"\" class=\"wp-image-35965\" srcset=\"https:\/\/agroland.ro\/c\/wp-content\/uploads\/2023\/09\/unnamed-2.png 1024w, https:\/\/agroland.ro\/c\/wp-content\/uploads\/2023\/09\/unnamed-2-300x114.png 300w, https:\/\/agroland.ro\/c\/wp-content\/uploads\/2023\/09\/unnamed-2-768x293.png 768w, https:\/\/agroland.ro\/c\/wp-content\/uploads\/2023\/09\/unnamed-2-1000x381.png 1000w, https:\/\/agroland.ro\/c\/wp-content\/uploads\/2023\/09\/unnamed-2-500x190.png 500w\" sizes=\"(max-width: 1024px) 100vw, 1024px\" \/><\/figure>\n<\/div>\n\n\n<div style=\"height:0px\" aria-hidden=\"true\" class=\"wp-block-spacer\"><\/div>\n<\/div><\/div>\n<\/div><\/div>\n<\/div><\/div>\n\n\n\n<div style=\"height:18px\" aria-hidden=\"true\" class=\"wp-block-spacer\"><\/div>\n\n\n\n<div class=\"wp-block-group\"><div class=\"wp-block-group__inner-container is-layout-flow wp-block-group-is-layout-flow\">\n<p class=\"has-text-align-center\">Cump\u0103r\u0103turi f\u0103r\u0103 griji cu plata \u00een rate f\u0103r\u0103 dob\u00e2nd\u0103! \u00cen magazinele Agroland, sunt disponibile op\u021biuni flexibile de finan\u021bare \u00een rate, prin parteneriate cu diverse institu\u021bii financiare:<\/p>\n\n\n\n<div style=\"height:20px\" aria-hidden=\"true\" class=\"wp-block-spacer\"><\/div>\n\n\n\n<p><strong>Credit Europe Avantaj<\/strong> \u2013 Plata \u00een rate f\u0103r\u0103 dob\u00e2nd\u0103, \u00een func\u021bie de valoarea achizi\u021biei:<\/p>\n\n\n\n<p>p\u00e2n\u0103 la 3 rate pentru cump\u0103r\u0103turi \u00eentre 200 \u0219i 500 lei,<br>p\u00e2n\u0103 la 6 rate pentru sume \u00eentre 501 \u0219i 1.500 lei,<br>p\u00e2n\u0103 la 9 rate pentru achizi\u021bii \u00eentre 1.501 \u0219i 3.000 lei,<br>p\u00e2n\u0103 la 12 rate pentru cump\u0103r\u0103turi de peste 3.001 lei.<\/p>\n\n\n\n<p>Pentru op\u021biuni de plat\u0103 \u00een rate mai mari de 12 luni, v\u0103 rug\u0103m s\u0103 contacta\u021bi banca dumneavoastr\u0103.<\/p>\n\n\n\n<div style=\"height:15px\" aria-hidden=\"true\" class=\"wp-block-spacer\"><\/div>\n\n\n\n<p><strong>BT Direct <\/strong>(eCheck) \u2013 Finan\u021bare rapid\u0103, cu aplicarea \u0219i aprobarea creditului direct \u00een magazin. Clientul are nevoie doar de buletin pentru a completa cererea, iar aprobarea \u0219i semnarea documentelor se fac \u00een magazin.<\/p>\n\n\n\n<div style=\"height:15px\" aria-hidden=\"true\" class=\"wp-block-spacer\"><\/div>\n\n\n\n<p><strong>BT Star Card<\/strong> \u2013 Plat\u0103 \u00een rate fixe \u0219i program de loialitate. Clien\u021bii pot alege plata \u00een p\u00e2n\u0103 la 4 rate f\u0103r\u0103 dob\u00e2nd\u0103 \u0219i pot acumula puncte STAR pentru achizi\u021biile efectuate integral, pe care le pot folosi ca discount la urm\u0103toarele cump\u0103r\u0103turi. P\u00e2n\u0103 la data de 14.01.2025, clien\u021bii pot alege s\u0103 pl\u0103teasc\u0103 \u00een p\u00e2n\u0103 la 8 rate f\u0103r\u0103 dob\u00e2nd\u0103 sau s\u0103 acumuleze 3 puncte STAR pentru achizi\u021biile efectuate.<\/p>\n\n\n\n<div style=\"height:15px\" aria-hidden=\"true\" class=\"wp-block-spacer\"><\/div>\n\n\n\n<p><strong>UniCredit UCFIN <\/strong>\u2013 Finan\u021bare prin aplica\u021bia digital\u0103 UCFIN, accesibil\u0103 \u0219i rapid\u0103, cu aprobare \u00een 15 minute pentru credite destinate achizi\u021biei produselor dorite.<\/p>\n\n\n\n<div style=\"height:15px\" aria-hidden=\"true\" class=\"wp-block-spacer\"><\/div>\n\n\n\n<p>Clien\u021bii pot discuta direct cu echipa Agroland pentru a alege solu\u021bia de finan\u021bare cea mai potrivit\u0103, \u00een func\u021bie de nevoile lor de achizi\u021bie \u0219i de planificarea bugetului.<\/p>\n\n\n\n<div style=\"height:49px\" aria-hidden=\"true\" class=\"wp-block-spacer\"><\/div>\n\n\n\n<p class=\"has-text-align-center\">Ofertele de creditare sunt disponibile exclusiv \u00een magazinele Agroland Mega \u0219i \u00een loca\u021biile Agroland de suprafa\u021b\u0103 mare. <\/p>\n\n\n\n<div style=\"height:18px\" aria-hidden=\"true\" class=\"wp-block-spacer\"><\/div>\n<\/div><\/div>\n\n\n\n<p class=\"has-text-align-center\">Vezi oferta pentru:<\/p>\n\n\n\n<p class=\"has-text-align-center\"><a href=\"https:\/\/agroland.ro\/c\/cumpara-online-in-rate-2\/\" data-type=\"link\" data-id=\"https:\/\/agroland.ro\/c\/cumpara-online-in-rate-2\/\">Plata \u00een rate magazin online<\/a><\/p>\n<\/div><\/div>\n\n\n\n<div style=\"height:18px\" aria-hidden=\"true\" class=\"wp-block-spacer\"><\/div>\n","protected":false},"excerpt":{"rendered":"<p>Cump\u0103r\u0103turi f\u0103r\u0103 griji cu plata \u00een rate f\u0103r\u0103 dob\u00e2nd\u0103! \u00cen magazinele Agroland, sunt disponibile op\u021biuni flexibile de finan\u021bare \u00een rate, prin parteneriate cu diverse institu\u021bii financiare: Credit Europe Avantaj \u2013 Plata \u00een rate f\u0103r\u0103 dob\u00e2nd\u0103, \u00een func\u021bie de valoarea achizi\u021biei: p\u00e2n\u0103 la 3 rate pentru cump\u0103r\u0103turi \u00eentre 200 \u0219i 500 lei,p\u00e2n\u0103 la 6 rate pentru&hellip; <a class=\"more-link\" href=\"https:\/\/agroland.ro\/c\/plata-in-rate-in-magazine\/\">Continu\u0103 lectura <span class=\"screen-reader-text\">Plata \u00een rate \u00een magazine<\/span><\/a><\/p>\n","protected":false},"author":26,"featured_media":33845,"parent":0,"menu_order":0,"comment_status":"closed","ping_status":"closed","template":"templates\/Products.php","meta":{"_acf_changed":false,"_et_pb_use_builder":"","_et_pb_old_content":"","_et_gb_content_width":"","inline_featured_image":false,"footnotes":""},"class_list":["post-33838","page","type-page","status-publish","has-post-thumbnail","hentry","entry"],"acf":[],"_links":{"self":[{"href":"https:\/\/agroland.ro\/c\/wp-json\/wp\/v2\/pages\/33838","targetHints":{"allow":["GET"]}}],"collection":[{"href":"https:\/\/agroland.ro\/c\/wp-json\/wp\/v2\/pages"}],"about":[{"href":"https:\/\/agroland.ro\/c\/wp-json\/wp\/v2\/types\/page"}],"author":[{"embeddable":true,"href":"https:\/\/agroland.ro\/c\/wp-json\/wp\/v2\/users\/26"}],"replies":[{"embeddable":true,"href":"https:\/\/agroland.ro\/c\/wp-json\/wp\/v2\/comments?post=33838"}],"version-history":[{"count":30,"href":"https:\/\/agroland.ro\/c\/wp-json\/wp\/v2\/pages\/33838\/revisions"}],"predecessor-version":[{"id":39120,"href":"https:\/\/agroland.ro\/c\/wp-json\/wp\/v2\/pages\/33838\/revisions\/39120"}],"wp:featuredmedia":[{"embeddable":true,"href":"https:\/\/agroland.ro\/c\/wp-json\/wp\/v2\/media\/33845"}],"wp:attachment":[{"href":"https:\/\/agroland.ro\/c\/wp-json\/wp\/v2\/media?parent=33838"}],"curies":[{"name":"wp","href":"https:\/\/api.w.org\/{rel}","templated":true}]}}