{"id":34307,"date":"2023-05-25T10:38:01","date_gmt":"2023-05-25T07:38:01","guid":{"rendered":"https:\/\/agroland.ro\/c\/?page_id=34307"},"modified":"2024-07-03T18:50:34","modified_gmt":"2024-07-03T15:50:34","slug":"amenajarea-cu-gazon","status":"publish","type":"page","link":"https:\/\/agroland.ro\/c\/amenajarea-cu-gazon\/","title":{"rendered":"Amenajarea cu gazon"},"content":{"rendered":"\n<p>Solu\u021bia cea mai rapid\u0103, corect\u0103 \u0219i eficient\u0103 pentru a ob\u021bine o curte cu gazon impecabil este s\u0103 pl\u0103te\u0219ti un specialist care s\u0103 se ocupe de instalarea gazonului, acesta este adev\u0103rul. \u00cens\u0103, nu este singura metod\u0103 prin care po\u021bi s\u0103 ob\u021bii gazonul dorit la tine \u00een curte.<\/p>\n\n\n\n<figure class=\"wp-block-image size-full is-style-default\"><img loading=\"lazy\" decoding=\"async\" width=\"1024\" height=\"379\" src=\"https:\/\/agroland.ro\/c\/wp-content\/uploads\/2023\/05\/Amenajarea-cu-gazon.png\" alt=\"\" class=\"wp-image-34323\" srcset=\"https:\/\/agroland.ro\/c\/wp-content\/uploads\/2023\/05\/Amenajarea-cu-gazon.png 1024w, https:\/\/agroland.ro\/c\/wp-content\/uploads\/2023\/05\/Amenajarea-cu-gazon-300x111.png 300w, https:\/\/agroland.ro\/c\/wp-content\/uploads\/2023\/05\/Amenajarea-cu-gazon-768x284.png 768w, https:\/\/agroland.ro\/c\/wp-content\/uploads\/2023\/05\/Amenajarea-cu-gazon-1000x370.png 1000w, https:\/\/agroland.ro\/c\/wp-content\/uploads\/2023\/05\/Amenajarea-cu-gazon-500x185.png 500w\" sizes=\"(max-width: 1024px) 100vw, 1024px\" \/><\/figure>\n\n\n\n<p>\u27a4 Cum se face corect irigarea gazonului? \u00bb&nbsp;<a href=\"https:\/\/agroland.ro\/c\/cum-se-face-corect-irigarea-gazonului\/\" data-type=\"link\" data-id=\"https:\/\/agroland.ro\/c\/cum-se-face-corect-irigarea-gazonului\/\">Vezi Ghidul<\/a><br>\u27a4 Bolile gazonului \u0219i cele mai bune solu\u021bii de remediere \u00bb&nbsp;<a href=\"https:\/\/agroland.ro\/c\/ce-boli-apar-in-gazon-si-care-sunt-cele-mai-bune-tratamente\/\" data-type=\"link\" data-id=\"https:\/\/agroland.ro\/c\/ce-boli-apar-in-gazon-si-care-sunt-cele-mai-bune-tratamente\/\">Vezi Ghidul<\/a><br>\u27a4 Cum \u00ee\u021bi amenajezi curtea casei cu gazon \u00bb&nbsp;<a href=\"https:\/\/agroland.ro\/c\/cum-iti-amenajezi-curtea-casei-cu-gazon\/\">Vezi Ghidul<\/a><\/p>\n\n\n\n<p>\u27a4 \u00cengrijirea gazonului vara \u00bb <a href=\"https:\/\/agroland.ro\/c\/ingrijirea-gazonului-vara-2\/\">Vezi Ghidul<\/a><\/p>\n\n\n\n<p>\u27a4Fertilizarea gazonului \u00bb <a href=\"https:\/\/agroland.ro\/c\/fertilizarea-gazonului\/\">Vezi Ghidul<\/a><\/p>\n","protected":false},"excerpt":{"rendered":"<p>Solu\u021bia cea mai rapid\u0103, corect\u0103 \u0219i eficient\u0103 pentru a ob\u021bine o curte cu gazon impecabil este s\u0103 pl\u0103te\u0219ti un specialist care s\u0103 se ocupe de instalarea gazonului, acesta este adev\u0103rul. \u00cens\u0103, nu este singura metod\u0103 prin care po\u021bi s\u0103 ob\u021bii gazonul dorit la tine \u00een curte. \u27a4 Cum se face corect irigarea gazonului? \u00bb&nbsp;Vezi Ghidul\u27a4&hellip; <a class=\"more-link\" href=\"https:\/\/agroland.ro\/c\/amenajarea-cu-gazon\/\">Continu\u0103 lectura <span class=\"screen-reader-text\">Amenajarea cu gazon<\/span><\/a><\/p>\n","protected":false},"author":25,"featured_media":0,"parent":0,"menu_order":0,"comment_status":"closed","ping_status":"closed","template":"templates\/Products.php","meta":{"_acf_changed":false,"_et_pb_use_builder":"","_et_pb_old_content":"","_et_gb_content_width":"","inline_featured_image":false,"footnotes":""},"class_list":["post-34307","page","type-page","status-publish","hentry","entry"],"acf":[],"_links":{"self":[{"href":"https:\/\/agroland.ro\/c\/wp-json\/wp\/v2\/pages\/34307","targetHints":{"allow":["GET"]}}],"collection":[{"href":"https:\/\/agroland.ro\/c\/wp-json\/wp\/v2\/pages"}],"about":[{"href":"https:\/\/agroland.ro\/c\/wp-json\/wp\/v2\/types\/page"}],"author":[{"embeddable":true,"href":"https:\/\/agroland.ro\/c\/wp-json\/wp\/v2\/users\/25"}],"replies":[{"embeddable":true,"href":"https:\/\/agroland.ro\/c\/wp-json\/wp\/v2\/comments?post=34307"}],"version-history":[{"count":8,"href":"https:\/\/agroland.ro\/c\/wp-json\/wp\/v2\/pages\/34307\/revisions"}],"predecessor-version":[{"id":38135,"href":"https:\/\/agroland.ro\/c\/wp-json\/wp\/v2\/pages\/34307\/revisions\/38135"}],"wp:attachment":[{"href":"https:\/\/agroland.ro\/c\/wp-json\/wp\/v2\/media?parent=34307"}],"curies":[{"name":"wp","href":"https:\/\/api.w.org\/{rel}","templated":true}]}}