{"id":35844,"date":"2023-09-22T09:48:43","date_gmt":"2023-09-22T06:48:43","guid":{"rendered":"https:\/\/agroland.ro\/c\/?page_id=35844"},"modified":"2024-01-29T15:06:38","modified_gmt":"2024-01-29T13:06:38","slug":"ulei-de-somon-premium","status":"publish","type":"page","link":"https:\/\/agroland.ro\/c\/ulei-de-somon-premium\/","title":{"rendered":"Ulei de somon PREMIUM- Agroland"},"content":{"rendered":"<div class=\"wp-block-image\">\n<figure class=\"aligncenter size-large\"><img loading=\"lazy\" decoding=\"async\" width=\"1024\" height=\"462\" src=\"https:\/\/agroland.ro\/c\/wp-content\/uploads\/2023\/09\/Banner1_11@3x-1024x462.png\" alt=\"\" class=\"wp-image-35933\" srcset=\"https:\/\/agroland.ro\/c\/wp-content\/uploads\/2023\/09\/Banner1_11@3x-1024x462.png 1024w, https:\/\/agroland.ro\/c\/wp-content\/uploads\/2023\/09\/Banner1_11@3x-300x135.png 300w, https:\/\/agroland.ro\/c\/wp-content\/uploads\/2023\/09\/Banner1_11@3x-768x346.png 768w, https:\/\/agroland.ro\/c\/wp-content\/uploads\/2023\/09\/Banner1_11@3x-1536x693.png 1536w, https:\/\/agroland.ro\/c\/wp-content\/uploads\/2023\/09\/Banner1_11@3x-2048x923.png 2048w, https:\/\/agroland.ro\/c\/wp-content\/uploads\/2023\/09\/Banner1_11@3x-1568x707.png 1568w, https:\/\/agroland.ro\/c\/wp-content\/uploads\/2023\/09\/Banner1_11@3x-2000x902.png 2000w, https:\/\/agroland.ro\/c\/wp-content\/uploads\/2023\/09\/Banner1_11@3x-1000x451.png 1000w, https:\/\/agroland.ro\/c\/wp-content\/uploads\/2023\/09\/Banner1_11@3x-500x225.png 500w\" sizes=\"(max-width: 1024px) 100vw, 1024px\" \/><\/figure>\n<\/div>\n\n\n<div style=\"height:34px\" aria-hidden=\"true\" class=\"wp-block-spacer\"><\/div>\n\n\n\n<p class=\"has-text-align-center\">Pentru s\u0103n\u0103tatea optim\u0103 a prietenului t\u0103u cu blan\u0103, uleiul de somon este esen\u021bial, datorit\u0103 con\u021binutului s\u0103u de Omega-3 \u0219i Omega-6<\/p>\n\n\n\n<div style=\"height:50px\" aria-hidden=\"true\" class=\"wp-block-spacer\"><\/div>\n\n\n\n<p class=\"has-text-align-center has-large-font-size\"><strong>Principalele beneficii ale Uleiului de Somon<\/strong><\/p>\n\n\n\n<div style=\"height:34px\" aria-hidden=\"true\" class=\"wp-block-spacer\"><\/div>\n\n\n<div class=\"wp-block-image\">\n<figure class=\"aligncenter size-full\"><img loading=\"lazy\" decoding=\"async\" width=\"2166\" height=\"993\" src=\"https:\/\/agroland.ro\/c\/wp-content\/uploads\/2023\/09\/Banner2_1@3x.png\" alt=\"\" class=\"wp-image-35846\" srcset=\"https:\/\/agroland.ro\/c\/wp-content\/uploads\/2023\/09\/Banner2_1@3x.png 2166w, https:\/\/agroland.ro\/c\/wp-content\/uploads\/2023\/09\/Banner2_1@3x-300x138.png 300w, https:\/\/agroland.ro\/c\/wp-content\/uploads\/2023\/09\/Banner2_1@3x-1024x469.png 1024w, https:\/\/agroland.ro\/c\/wp-content\/uploads\/2023\/09\/Banner2_1@3x-768x352.png 768w, https:\/\/agroland.ro\/c\/wp-content\/uploads\/2023\/09\/Banner2_1@3x-1536x704.png 1536w, https:\/\/agroland.ro\/c\/wp-content\/uploads\/2023\/09\/Banner2_1@3x-2048x939.png 2048w, https:\/\/agroland.ro\/c\/wp-content\/uploads\/2023\/09\/Banner2_1@3x-1568x719.png 1568w, https:\/\/agroland.ro\/c\/wp-content\/uploads\/2023\/09\/Banner2_1@3x-2000x917.png 2000w, https:\/\/agroland.ro\/c\/wp-content\/uploads\/2023\/09\/Banner2_1@3x-1000x458.png 1000w, https:\/\/agroland.ro\/c\/wp-content\/uploads\/2023\/09\/Banner2_1@3x-500x229.png 500w\" sizes=\"(max-width: 2166px) 100vw, 2166px\" \/><\/figure>\n<\/div>\n\n\n<div style=\"height:50px\" aria-hidden=\"true\" class=\"wp-block-spacer\"><\/div>\n\n\n<div class=\"wp-block-image\">\n<figure class=\"aligncenter size-full\"><a href=\"https:\/\/bit.ly\/3Rbwb0J\" target=\"_blank\" rel=\"noreferrer noopener nofollow\"><img loading=\"lazy\" decoding=\"async\" width=\"2167\" height=\"846\" src=\"https:\/\/agroland.ro\/c\/wp-content\/uploads\/2023\/09\/Banner3_1@3x.png\" alt=\"\" class=\"wp-image-35847\" srcset=\"https:\/\/agroland.ro\/c\/wp-content\/uploads\/2023\/09\/Banner3_1@3x.png 2167w, https:\/\/agroland.ro\/c\/wp-content\/uploads\/2023\/09\/Banner3_1@3x-300x117.png 300w, https:\/\/agroland.ro\/c\/wp-content\/uploads\/2023\/09\/Banner3_1@3x-1024x400.png 1024w, https:\/\/agroland.ro\/c\/wp-content\/uploads\/2023\/09\/Banner3_1@3x-768x300.png 768w, https:\/\/agroland.ro\/c\/wp-content\/uploads\/2023\/09\/Banner3_1@3x-1536x600.png 1536w, https:\/\/agroland.ro\/c\/wp-content\/uploads\/2023\/09\/Banner3_1@3x-2048x800.png 2048w, https:\/\/agroland.ro\/c\/wp-content\/uploads\/2023\/09\/Banner3_1@3x-1568x612.png 1568w, https:\/\/agroland.ro\/c\/wp-content\/uploads\/2023\/09\/Banner3_1@3x-2000x781.png 2000w, https:\/\/agroland.ro\/c\/wp-content\/uploads\/2023\/09\/Banner3_1@3x-1000x390.png 1000w, https:\/\/agroland.ro\/c\/wp-content\/uploads\/2023\/09\/Banner3_1@3x-500x195.png 500w\" sizes=\"(max-width: 2167px) 100vw, 2167px\" \/><\/a><\/figure>\n<\/div>\n\n\n<div style=\"height:50px\" aria-hidden=\"true\" class=\"wp-block-spacer\"><\/div>\n\n\n\n<p class=\"has-text-align-center has-large-font-size\"><strong>Opiniile Clien\u021bilor care au Testat Produsul<\/strong><\/p>\n\n\n\n<div style=\"height:34px\" aria-hidden=\"true\" class=\"wp-block-spacer\"><\/div>\n\n\n\n<div class=\"wp-block-columns is-layout-flex wp-container-core-columns-is-layout-9d6595d7 wp-block-columns-is-layout-flex\">\n<div class=\"wp-block-column is-layout-flow wp-block-column-is-layout-flow\">\n<figure class=\"wp-block-image size-full\"><img loading=\"lazy\" decoding=\"async\" width=\"514\" height=\"526\" src=\"https:\/\/agroland.ro\/c\/wp-content\/uploads\/2023\/09\/f1.png\" alt=\"\" class=\"wp-image-35864\" srcset=\"https:\/\/agroland.ro\/c\/wp-content\/uploads\/2023\/09\/f1.png 514w, https:\/\/agroland.ro\/c\/wp-content\/uploads\/2023\/09\/f1-293x300.png 293w, https:\/\/agroland.ro\/c\/wp-content\/uploads\/2023\/09\/f1-489x500.png 489w\" sizes=\"(max-width: 514px) 100vw, 514px\" \/><\/figure>\n<\/div>\n\n\n\n<div class=\"wp-block-column is-layout-flow wp-block-column-is-layout-flow\">\n<figure class=\"wp-block-image size-full\"><img loading=\"lazy\" decoding=\"async\" width=\"538\" height=\"606\" src=\"https:\/\/agroland.ro\/c\/wp-content\/uploads\/2023\/09\/f4.png\" alt=\"\" class=\"wp-image-35867\" srcset=\"https:\/\/agroland.ro\/c\/wp-content\/uploads\/2023\/09\/f4.png 538w, https:\/\/agroland.ro\/c\/wp-content\/uploads\/2023\/09\/f4-266x300.png 266w, https:\/\/agroland.ro\/c\/wp-content\/uploads\/2023\/09\/f4-444x500.png 444w\" sizes=\"(max-width: 538px) 100vw, 538px\" \/><\/figure>\n<\/div>\n<\/div>\n\n\n\n<div class=\"wp-block-columns is-layout-flex wp-container-core-columns-is-layout-9d6595d7 wp-block-columns-is-layout-flex\">\n<div class=\"wp-block-column is-layout-flow wp-block-column-is-layout-flow\">\n<figure class=\"wp-block-image size-full\"><img loading=\"lazy\" decoding=\"async\" width=\"536\" height=\"665\" src=\"https:\/\/agroland.ro\/c\/wp-content\/uploads\/2023\/09\/f3.png\" alt=\"\" class=\"wp-image-35866\" srcset=\"https:\/\/agroland.ro\/c\/wp-content\/uploads\/2023\/09\/f3.png 536w, https:\/\/agroland.ro\/c\/wp-content\/uploads\/2023\/09\/f3-242x300.png 242w, https:\/\/agroland.ro\/c\/wp-content\/uploads\/2023\/09\/f3-403x500.png 403w\" sizes=\"(max-width: 536px) 100vw, 536px\" \/><\/figure>\n<\/div>\n\n\n\n<div class=\"wp-block-column is-layout-flow wp-block-column-is-layout-flow\">\n<figure class=\"wp-block-image size-full\"><img loading=\"lazy\" decoding=\"async\" width=\"534\" height=\"613\" src=\"https:\/\/agroland.ro\/c\/wp-content\/uploads\/2023\/09\/f2.png\" alt=\"\" class=\"wp-image-35865\" srcset=\"https:\/\/agroland.ro\/c\/wp-content\/uploads\/2023\/09\/f2.png 534w, https:\/\/agroland.ro\/c\/wp-content\/uploads\/2023\/09\/f2-261x300.png 261w, https:\/\/agroland.ro\/c\/wp-content\/uploads\/2023\/09\/f2-436x500.png 436w\" sizes=\"(max-width: 534px) 100vw, 534px\" \/><\/figure>\n<\/div>\n<\/div>\n\n\n\n<div class=\"wp-block-columns is-layout-flex wp-container-core-columns-is-layout-9d6595d7 wp-block-columns-is-layout-flex\">\n<div class=\"wp-block-column is-layout-flow wp-block-column-is-layout-flow\">\n<figure class=\"wp-block-image size-full\"><img loading=\"lazy\" decoding=\"async\" width=\"529\" height=\"521\" src=\"https:\/\/agroland.ro\/c\/wp-content\/uploads\/2023\/09\/f5.png\" alt=\"\" class=\"wp-image-35869\" srcset=\"https:\/\/agroland.ro\/c\/wp-content\/uploads\/2023\/09\/f5.png 529w, https:\/\/agroland.ro\/c\/wp-content\/uploads\/2023\/09\/f5-300x295.png 300w, https:\/\/agroland.ro\/c\/wp-content\/uploads\/2023\/09\/f5-500x492.png 500w\" sizes=\"(max-width: 529px) 100vw, 529px\" \/><\/figure>\n<\/div>\n\n\n\n<div class=\"wp-block-column is-layout-flow wp-block-column-is-layout-flow\">\n<figure class=\"wp-block-image size-full\"><img loading=\"lazy\" decoding=\"async\" width=\"433\" height=\"507\" src=\"https:\/\/agroland.ro\/c\/wp-content\/uploads\/2023\/09\/f6.png\" alt=\"\" class=\"wp-image-35870\" srcset=\"https:\/\/agroland.ro\/c\/wp-content\/uploads\/2023\/09\/f6.png 433w, https:\/\/agroland.ro\/c\/wp-content\/uploads\/2023\/09\/f6-256x300.png 256w, https:\/\/agroland.ro\/c\/wp-content\/uploads\/2023\/09\/f6-427x500.png 427w\" sizes=\"(max-width: 433px) 100vw, 433px\" \/><\/figure>\n<\/div>\n<\/div>\n\n\n\n<div style=\"height:50px\" aria-hidden=\"true\" class=\"wp-block-spacer\"><\/div>\n\n\n\n<p class=\"has-text-align-center has-large-font-size\"><strong>\u0218tiai c\u0103 Uleiul de Somon este potrivit at\u00e2t pentru C\u00c2INI, c\u00e2t \u0219i pentru PISICI?<\/strong><\/p>\n\n\n\n<div style=\"height:34px\" aria-hidden=\"true\" class=\"wp-block-spacer\"><\/div>\n\n\n\n<div style=\"height:34px\" aria-hidden=\"true\" class=\"wp-block-spacer\"><\/div>\n\n\n\n<figure class=\"wp-block-image size-full\"><img loading=\"lazy\" decoding=\"async\" width=\"1024\" height=\"477\" src=\"https:\/\/agroland.ro\/c\/wp-content\/uploads\/2024\/01\/SUPER-Pret.png\" alt=\"\" class=\"wp-image-36895\" srcset=\"https:\/\/agroland.ro\/c\/wp-content\/uploads\/2024\/01\/SUPER-Pret.png 1024w, https:\/\/agroland.ro\/c\/wp-content\/uploads\/2024\/01\/SUPER-Pret-300x140.png 300w, https:\/\/agroland.ro\/c\/wp-content\/uploads\/2024\/01\/SUPER-Pret-768x358.png 768w, https:\/\/agroland.ro\/c\/wp-content\/uploads\/2024\/01\/SUPER-Pret-1000x466.png 1000w, https:\/\/agroland.ro\/c\/wp-content\/uploads\/2024\/01\/SUPER-Pret-500x233.png 500w\" sizes=\"(max-width: 1024px) 100vw, 1024px\" \/><\/figure>\n\n\n\n<div class=\"wp-block-columns is-layout-flex wp-container-core-columns-is-layout-9d6595d7 wp-block-columns-is-layout-flex\">\n<div class=\"wp-block-column is-layout-flow wp-block-column-is-layout-flow\"><div class=\"wp-block-image\">\n<figure class=\"aligncenter size-full\"><a href=\"https:\/\/agroland.ro\/c\/magazinele-noastre\/\" target=\"_blank\" rel=\"noreferrer noopener\"><img loading=\"lazy\" decoding=\"async\" width=\"1042\" height=\"708\" src=\"https:\/\/agroland.ro\/c\/wp-content\/uploads\/2023\/09\/Banner6@3x.png\" alt=\"\" class=\"wp-image-35849\" srcset=\"https:\/\/agroland.ro\/c\/wp-content\/uploads\/2023\/09\/Banner6@3x.png 1042w, https:\/\/agroland.ro\/c\/wp-content\/uploads\/2023\/09\/Banner6@3x-300x204.png 300w, https:\/\/agroland.ro\/c\/wp-content\/uploads\/2023\/09\/Banner6@3x-1024x696.png 1024w, https:\/\/agroland.ro\/c\/wp-content\/uploads\/2023\/09\/Banner6@3x-768x522.png 768w, https:\/\/agroland.ro\/c\/wp-content\/uploads\/2023\/09\/Banner6@3x-1000x679.png 1000w, https:\/\/agroland.ro\/c\/wp-content\/uploads\/2023\/09\/Banner6@3x-500x340.png 500w\" sizes=\"(max-width: 1042px) 100vw, 1042px\" \/><\/a><\/figure>\n<\/div><\/div>\n\n\n\n<div class=\"wp-block-column is-layout-flow wp-block-column-is-layout-flow\"><div class=\"wp-block-image\">\n<figure class=\"aligncenter size-full\"><a href=\"https:\/\/agroland.ro\/petshop\/2391-ulei-de-somon-500-ml.html\" target=\"_blank\" rel=\"noreferrer noopener\"><img loading=\"lazy\" decoding=\"async\" width=\"1081\" height=\"708\" src=\"https:\/\/agroland.ro\/c\/wp-content\/uploads\/2023\/09\/Banner5@3x.png\" alt=\"\" class=\"wp-image-35850\" srcset=\"https:\/\/agroland.ro\/c\/wp-content\/uploads\/2023\/09\/Banner5@3x.png 1081w, https:\/\/agroland.ro\/c\/wp-content\/uploads\/2023\/09\/Banner5@3x-300x196.png 300w, https:\/\/agroland.ro\/c\/wp-content\/uploads\/2023\/09\/Banner5@3x-1024x671.png 1024w, https:\/\/agroland.ro\/c\/wp-content\/uploads\/2023\/09\/Banner5@3x-768x503.png 768w, https:\/\/agroland.ro\/c\/wp-content\/uploads\/2023\/09\/Banner5@3x-1000x655.png 1000w, https:\/\/agroland.ro\/c\/wp-content\/uploads\/2023\/09\/Banner5@3x-500x327.png 500w\" sizes=\"(max-width: 1081px) 100vw, 1081px\" \/><\/a><\/figure>\n<\/div><\/div>\n<\/div>\n\n\n\n<div style=\"height:100px\" aria-hidden=\"true\" class=\"wp-block-spacer\"><\/div>\n\n\n\n<hr class=\"wp-block-separator has-alpha-channel-opacity\"\/>\n\n\n\n<div style=\"height:100px\" aria-hidden=\"true\" class=\"wp-block-spacer\"><\/div>\n\n\n","protected":false},"excerpt":{"rendered":"<p>Pentru s\u0103n\u0103tatea optim\u0103 a prietenului t\u0103u cu blan\u0103, uleiul de somon este esen\u021bial, datorit\u0103 con\u021binutului s\u0103u de Omega-3 \u0219i Omega-6 Principalele beneficii ale Uleiului de Somon Opiniile Clien\u021bilor care au Testat Produsul \u0218tiai c\u0103 Uleiul de Somon este potrivit at\u00e2t pentru C\u00c2INI, c\u00e2t \u0219i pentru PISICI?<\/p>\n","protected":false},"author":32,"featured_media":0,"parent":0,"menu_order":0,"comment_status":"open","ping_status":"closed","template":"templates\/Products.php","meta":{"_acf_changed":false,"_et_pb_use_builder":"","_et_pb_old_content":"","_et_gb_content_width":"","inline_featured_image":false,"footnotes":""},"class_list":["post-35844","page","type-page","status-publish","hentry","entry"],"acf":[],"_links":{"self":[{"href":"https:\/\/agroland.ro\/c\/wp-json\/wp\/v2\/pages\/35844","targetHints":{"allow":["GET"]}}],"collection":[{"href":"https:\/\/agroland.ro\/c\/wp-json\/wp\/v2\/pages"}],"about":[{"href":"https:\/\/agroland.ro\/c\/wp-json\/wp\/v2\/types\/page"}],"author":[{"embeddable":true,"href":"https:\/\/agroland.ro\/c\/wp-json\/wp\/v2\/users\/32"}],"replies":[{"embeddable":true,"href":"https:\/\/agroland.ro\/c\/wp-json\/wp\/v2\/comments?post=35844"}],"version-history":[{"count":27,"href":"https:\/\/agroland.ro\/c\/wp-json\/wp\/v2\/pages\/35844\/revisions"}],"predecessor-version":[{"id":36896,"href":"https:\/\/agroland.ro\/c\/wp-json\/wp\/v2\/pages\/35844\/revisions\/36896"}],"wp:attachment":[{"href":"https:\/\/agroland.ro\/c\/wp-json\/wp\/v2\/media?parent=35844"}],"curies":[{"name":"wp","href":"https:\/\/api.w.org\/{rel}","templated":true}]}}