{"id":37208,"date":"2024-03-18T11:25:46","date_gmt":"2024-03-18T09:25:46","guid":{"rendered":"https:\/\/agroland.ro\/c\/?page_id=37208"},"modified":"2024-03-18T13:10:19","modified_gmt":"2024-03-18T11:10:19","slug":"concurs-de-primavara-2024","status":"publish","type":"page","link":"https:\/\/agroland.ro\/c\/concurs-de-primavara-2024\/","title":{"rendered":"Concurs de Prim\u0103var\u0103 2024"},"content":{"rendered":"\n<figure class=\"wp-block-image size-large\"><a href=\"https:\/\/form.jotform.com\/240521622926351\" target=\"_blank\" rel=\"noreferrer noopener nofollow\"><img loading=\"lazy\" decoding=\"async\" width=\"1024\" height=\"507\" src=\"https:\/\/agroland.ro\/c\/wp-content\/uploads\/2024\/03\/Banner_Vlad-site-3-1024x507.png\" alt=\"\" class=\"wp-image-37215\" srcset=\"https:\/\/agroland.ro\/c\/wp-content\/uploads\/2024\/03\/Banner_Vlad-site-3-1024x507.png 1024w, https:\/\/agroland.ro\/c\/wp-content\/uploads\/2024\/03\/Banner_Vlad-site-3-300x149.png 300w, https:\/\/agroland.ro\/c\/wp-content\/uploads\/2024\/03\/Banner_Vlad-site-3-768x380.png 768w, https:\/\/agroland.ro\/c\/wp-content\/uploads\/2024\/03\/Banner_Vlad-site-3-1000x495.png 1000w, https:\/\/agroland.ro\/c\/wp-content\/uploads\/2024\/03\/Banner_Vlad-site-3-500x248.png 500w, https:\/\/agroland.ro\/c\/wp-content\/uploads\/2024\/03\/Banner_Vlad-site-3.png 1080w\" sizes=\"(max-width: 1024px) 100vw, 1024px\" \/><\/a><\/figure>\n\n\n\n<p class=\"has-text-align-center\">Coloreaz\u0103-\u021bi via\u021ba, cultiv\u0103-\u021bi pasiunea!<\/p>\n\n\n\n<p class=\"has-text-align-center\">\u00cembr\u0103\u021bi\u0219eaz\u0103 natura \u0219i las\u0103-\u021bi pasiunea pentru gr\u0103din\u0103rit s\u0103 \u00eenfloreasc\u0103 al\u0103turi de noi! Particip\u0103 la concursul nostru special \u0219i ai \u0219ansa s\u0103 c\u00e2\u0219tigi premii cu care s\u0103-\u021bi \u00eenfrumuse\u021bezi gr\u0103dina \u0219i sufletul.<br>Tot ce trebuie s\u0103 faci este s\u0103 <em>achizi\u021bionezi de minim 50 lei din magazinele participante \u0219i s\u0103 \u00eencarci bonul \u00eempreun\u0103 cu datele de contact in formularul de mai jos<\/em>.<br>Regulamentul concursului poate fi consultat <a href=\"https:\/\/agroland.ro\/c\/wp-content\/uploads\/2024\/03\/Regulament_Coloreaza-ti-viata-cultiva-ti-pasiunea-1.pdf\" data-type=\"link\" data-id=\"https:\/\/agroland.ro\/c\/wp-content\/uploads\/2024\/03\/Regulament_Coloreaza-ti-viata-cultiva-ti-pasiunea-1.pdf\" target=\"_blank\" rel=\"noreferrer noopener\">AICI<\/a>.<\/p>\n\n\n\n<div class=\"wp-block-buttons is-horizontal is-content-justification-center is-nowrap is-layout-flex wp-container-core-buttons-is-layout-fc65f29c wp-block-buttons-is-layout-flex\">\n<div class=\"wp-block-button is-style-fill\"><a class=\"wp-block-button__link has-white-color has-text-color has-background has-link-color has-text-align-center wp-element-button\" href=\"https:\/\/form.jotform.com\/240521622926351\" style=\"border-radius:100px;background-color:#d50032\" target=\"_blank\" rel=\"noreferrer noopener nofollow\">\u00censcrie-te aici<\/a><\/div>\n<\/div>\n\n\n\n<div style=\"height:25px\" aria-hidden=\"true\" class=\"wp-block-spacer\"><\/div>\n\n\n\n<hr class=\"wp-block-separator has-alpha-channel-opacity\"\/>\n\n\n\n<div style=\"height:25px\" aria-hidden=\"true\" class=\"wp-block-spacer\"><\/div>\n\n\n\n<p class=\"has-text-align-center has-normal-font-size\">? ?????????? ????????????:<\/p>\n\n\n\n<div style=\"height:25px\" aria-hidden=\"true\" class=\"wp-block-spacer\"><\/div>\n\n\n\n<p class=\"has-text-align-center\">?Agroland MEGA Afuma\u021bi &#8211; \u0218oseaua Bucure\u0219ti-Urziceni, nr. 254, Afuma\u021bi, Ilfov (<a href=\"https:\/\/agroland.ro\/c\/magazinele-noastre\/magazin\/agroland-mega-afumati\/\" data-type=\"link\" data-id=\"https:\/\/agroland.ro\/c\/magazinele-noastre\/magazin\/agroland-mega-afumati\/\" target=\"_blank\" rel=\"noreferrer noopener\">Click pentru detalii<\/a>)<br>?Agroland MEGA Bal\u0219 &#8211; Str. Depozitelor, nr. 1A, unit. 5, Centrul Joy, Bal\u0219, Olt (<a href=\"https:\/\/agroland.ro\/c\/magazinele-noastre\/magazin\/agroland-mega-bals\/\" data-type=\"link\" data-id=\"https:\/\/agroland.ro\/c\/magazinele-noastre\/magazin\/agroland-mega-bals\/\" target=\"_blank\" rel=\"noreferrer noopener\">Click pentru detalii<\/a>)<br>?Agroland MEGA B\u00e2rlad &#8211; Bld. Republicii, nr. 320, B\u00e2rlad, Vaslui (<a href=\"https:\/\/agroland.ro\/c\/magazinele-noastre\/magazin\/agroland-mega-barlad\/\" data-type=\"link\" data-id=\"https:\/\/agroland.ro\/c\/magazinele-noastre\/magazin\/agroland-mega-barlad\/\" target=\"_blank\" rel=\"noreferrer noopener\">Click pentru detalii<\/a>)<br>?Agroland MEGA Bolintin Vale &#8211; Str. Poarta Luncii, nr. 74, Bolintin Vale, Giurgiu (<a href=\"https:\/\/agroland.ro\/c\/magazinele-noastre\/magazin\/agroland-mega-bolintin-vale\/\" data-type=\"link\" data-id=\"https:\/\/agroland.ro\/c\/magazinele-noastre\/magazin\/agroland-mega-bolintin-vale\/\" target=\"_blank\" rel=\"noreferrer noopener\">Click pentru detalii<\/a>)<br>?Agroland Boto\u0219ani 2 &#8211; Centrul Comercial STOP SHOP Boto\u0219ani, Bld. Mihai Eminescu, nr. 4, Boto\u0219ani (<a href=\"https:\/\/agroland.ro\/c\/magazinele-noastre\/magazin\/agroland-botosani-2\/\" data-type=\"link\" data-id=\"https:\/\/agroland.ro\/c\/magazinele-noastre\/magazin\/agroland-botosani-2\/\" target=\"_blank\" rel=\"noreferrer noopener\">Click pentru detalii<\/a>)<br>?Agroland MEGA Br\u0103ila &#8211; Str. R\u00e2mnicu S\u0103rat, nr. 98 A, Br\u0103ila (<a href=\"https:\/\/agroland.ro\/c\/magazinele-noastre\/magazin\/agroland-mega-braila\/\" data-type=\"link\" data-id=\"https:\/\/agroland.ro\/c\/magazinele-noastre\/magazin\/agroland-mega-braila\/\" target=\"_blank\" rel=\"noreferrer noopener\">Click pentru detalii<\/a>)<br>?Agroland MEGA Bucure\u0219ti 1 &#8211; \u0218oseaua Fundeni, nr. 40, sector 2, Bucure\u0219ti (<a href=\"https:\/\/agroland.ro\/c\/magazinele-noastre\/magazin\/agroland-mega-bucuresti\/\" data-type=\"link\" data-id=\"https:\/\/agroland.ro\/c\/magazinele-noastre\/magazin\/agroland-mega-bucuresti\/\" target=\"_blank\" rel=\"noreferrer noopener\">Click pentru detalii<\/a>)<br>?Agroland Buhu\u0219i &#8211; Str. Nicolae Balcescu, nr. 1, Buhu\u0219i , Bac\u0103u (<a href=\"https:\/\/agroland.ro\/c\/magazinele-noastre\/magazin\/agroland-buhusi\/\" data-type=\"link\" data-id=\"https:\/\/agroland.ro\/c\/magazinele-noastre\/magazin\/agroland-buhusi\/\" target=\"_blank\" rel=\"noreferrer noopener\">Click pentru detalii<\/a>)<br>?Agroland MEGA Caracal &#8211; str. 1 Decembrie 1918, nr. 80, Galeria Comercial\u0103 Caracal, Caracal, Olt (<a href=\"https:\/\/agroland.ro\/c\/magazinele-noastre\/magazin\/agroland-mega-caracal\/\" data-type=\"link\" data-id=\"https:\/\/agroland.ro\/c\/magazinele-noastre\/magazin\/agroland-mega-caracal\/\" target=\"_blank\" rel=\"noreferrer noopener\">Click pentru detalii<\/a>)<br>?Agroland MEGA C\u00e2mpulung &#8211;&nbsp;str. I.C. Br\u0103tianu, nr. 6, C\u00e2mpulung, Arge\u0219 (<a href=\"https:\/\/agroland.ro\/c\/magazinele-noastre\/magazin\/agroland-mega-campulung\/\" data-type=\"link\" data-id=\"https:\/\/agroland.ro\/c\/magazinele-noastre\/magazin\/agroland-mega-campulung\/\" target=\"_blank\" rel=\"noreferrer noopener\">Click pentru detalii<\/a>)<br>?Agroland Cobadin &#8211; \u0218oseaua Constan\u021bei, 6A, Cobadin, Constan\u021ba (<a href=\"https:\/\/agroland.ro\/c\/magazinele-noastre\/magazin\/agroland-cobadin\/\" data-type=\"link\" data-id=\"https:\/\/agroland.ro\/c\/magazinele-noastre\/magazin\/agroland-cobadin\/\" target=\"_blank\" rel=\"noreferrer noopener\">Click pentru detalii<\/a>)<br>?Agroland MEGA Domne\u0219ti &#8211; \u015eoseaua Tudor Vladimirescu, Nr. 323, Complex Retail Domne\u0219ti, Spa\u021biul P04, Domne\u015fti, Ilfov (<a href=\"https:\/\/agroland.ro\/c\/magazinele-noastre\/magazin\/agroland-mega-domnesti\/\" data-type=\"link\" data-id=\"https:\/\/agroland.ro\/c\/magazinele-noastre\/magazin\/agroland-mega-domnesti\/\" target=\"_blank\" rel=\"noreferrer noopener\">Click pentru detalii<\/a>)<br>?Agroland Dorohoi &#8211; Bld. Victoriei, Nr. 120A, Centrul Comercial Nest Dorohoi, Dorohoi, Boto\u0219ani (<a href=\"https:\/\/agroland.ro\/c\/magazinele-noastre\/magazin\/agroland-dorohoi-2\/\" data-type=\"link\" data-id=\"https:\/\/agroland.ro\/c\/magazinele-noastre\/magazin\/agroland-dorohoi-2\/\" target=\"_blank\" rel=\"noreferrer noopener\">Click pentru detalii<\/a>)<br>?Agroland MEGA Dumbr\u0103vi\u021ba &#8211; Str. Str. Pet\u0151fi&nbsp;S\u00e1ndor&nbsp;nr. 33, Dumbr\u0103vi\u021ba, Timi\u0219 (<a href=\"https:\/\/agroland.ro\/c\/magazinele-noastre\/magazin\/agroland-dumbravita\/\" data-type=\"link\" data-id=\"https:\/\/agroland.ro\/c\/magazinele-noastre\/magazin\/agroland-dumbravita\/\" target=\"_blank\" rel=\"noreferrer noopener\">Click pentru detalii<\/a>)<br>?Agroland Drobeta Turnu Severin 1 &#8211; &nbsp;Bd. Tudor Vladimirescu, Nr. 32 , Drobeta Turnu Severin, Mehedin\u021bi (<a href=\"https:\/\/agroland.ro\/c\/magazinele-noastre\/magazin\/agroland-drobeta-turnu-severin-3\/\" data-type=\"link\" data-id=\"https:\/\/agroland.ro\/c\/magazinele-noastre\/magazin\/agroland-drobeta-turnu-severin-3\/\" target=\"_blank\" rel=\"noreferrer noopener\">Click pentru detalii<\/a>)<br>?Agroland Fierbin\u021bi T\u00e2rg &#8211; Calea Urziceni, nr. 6, Fierbin\u021bi T\u00e2rg, Ialomi\u021ba (<a href=\"https:\/\/agroland.ro\/c\/magazinele-noastre\/magazin\/agroland-fierbinti-targ\/\" data-type=\"link\" data-id=\"https:\/\/agroland.ro\/c\/magazinele-noastre\/magazin\/agroland-fierbinti-targ\/\" target=\"_blank\" rel=\"noreferrer noopener\">Click pentru detalii<\/a>)<br>?Agroland MEGA G\u0103e\u0219ti &#8211;&nbsp;Str. 13 Decembrie, nr. 71, G\u0103e\u0219ti , D\u00e2mbovi\u021ba (<a href=\"https:\/\/agroland.ro\/c\/magazinele-noastre\/magazin\/agroland-gaesti\/\" data-type=\"link\" data-id=\"https:\/\/agroland.ro\/c\/magazinele-noastre\/magazin\/agroland-gaesti\/\" target=\"_blank\" rel=\"noreferrer noopener\">Click pentru detalii<\/a>)<br>?Agroland MEGA Hu\u0219i &#8211; Str. Ana Ip\u0103tescu 2 B, Hu\u0219i 735100, Hu\u0219i, Vaslui (<a href=\"https:\/\/agroland.ro\/c\/magazinele-noastre\/magazin\/agroland-husi\/\" data-type=\"link\" data-id=\"https:\/\/agroland.ro\/c\/magazinele-noastre\/magazin\/agroland-husi\/\" target=\"_blank\" rel=\"noreferrer noopener\">Click pentru detalii<\/a>)<br>?Agroland MEGA Ianca &#8211;&nbsp;Calea Br\u0103ilei, nr. 195-197, Ianca, Br\u0103ila (<a href=\"https:\/\/agroland.ro\/c\/magazinele-noastre\/magazin\/agroland-ianca\/\" data-type=\"link\" data-id=\"https:\/\/agroland.ro\/c\/magazinele-noastre\/magazin\/agroland-ianca\/\" target=\"_blank\" rel=\"noreferrer noopener\">Click pentru detalii<\/a>)<br>?Agroland MEGA Lie\u0219ti &#8211; Str. Anghel Saligny, nr. 27, Lie\u0219ti, Gala\u021bi (<a href=\"https:\/\/agroland.ro\/c\/magazinele-noastre\/magazin\/agroland-mega-liesti\/\" data-type=\"link\" data-id=\"https:\/\/agroland.ro\/c\/magazinele-noastre\/magazin\/agroland-mega-liesti\/\" target=\"_blank\" rel=\"noreferrer noopener\">Click pentru detalii<\/a>)<br>?Agroland MEGA Lugoj &#8211; Calea Timi\u0219orii, nr.62, Lugoj, Timi\u0219 (<a href=\"https:\/\/agroland.ro\/c\/magazinele-noastre\/magazin\/agroland-mega-lugoj\/\" data-type=\"link\" data-id=\"https:\/\/agroland.ro\/c\/magazinele-noastre\/magazin\/agroland-mega-lugoj\/\" target=\"_blank\" rel=\"noreferrer noopener\">Click pentru detalii<\/a>)<br>?Agroland MEGA Mo\u0219ni\u021ba Nou\u0103 &#8211; Str. Principal\u0103, nr. 2, Mo\u0219ni\u021ba Nou\u0103, Timi\u0219 (<a href=\"https:\/\/agroland.ro\/c\/magazinele-noastre\/magazin\/agroland-mega-mosnita-noua\/\" data-type=\"link\" data-id=\"https:\/\/agroland.ro\/c\/magazinele-noastre\/magazin\/agroland-mega-mosnita-noua\/\" target=\"_blank\" rel=\"noreferrer noopener\">Click pentru detalii<\/a>)<br>?Agroland MEGA Miroslava &#8211; Str. Constantin Langa, 91B, Miroslava, Ia\u0219i (<a href=\"https:\/\/agroland.ro\/c\/magazinele-noastre\/magazin\/agroland-mega-miroslav\/\" target=\"_blank\" rel=\"noreferrer noopener\">Click pentru detalii<\/a>)<br>?Agroland MEGA N\u0103vodari &#8211; Str. Constan\u021bei, nr. 40, N\u0103vodari, Constan\u021ba (<a href=\"https:\/\/agroland.ro\/c\/magazinele-noastre\/magazin\/agroland-mega-navodari\/\" data-type=\"link\" data-id=\"https:\/\/agroland.ro\/c\/magazinele-noastre\/magazin\/agroland-mega-navodari\/\" target=\"_blank\" rel=\"noreferrer noopener\">Click pentru detalii<\/a>)<br>?Agroland One\u0219ti 2 &#8211; Str. George Bacovia, nr. 15, One\u0219ti, Bac\u0103u (<a href=\"https:\/\/agroland.ro\/c\/magazinele-noastre\/magazin\/agroland-onesti-2\/\" data-type=\"link\" data-id=\"https:\/\/agroland.ro\/c\/magazinele-noastre\/magazin\/agroland-onesti-2\/\" target=\"_blank\" rel=\"noreferrer noopener\">Click pentru detalii<\/a>)<br>?Agroland MEGA Pa\u0219cani &#8211; str. Moldovei, 17 bis, Retail Park, Pa\u0219cani, Ia\u0219i (<a href=\"https:\/\/agroland.ro\/c\/magazinele-noastre\/magazin\/mega_pascani\/\" target=\"_blank\" rel=\"noreferrer noopener\">Click pentru detalii<\/a>)<br>?Agroland MEGA Sf\u00e2ntu Gheorghe &#8211; Str. Lunca Oltului, nr.3, Sf\u00e2ntu Gheorghe, Covasna (<a href=\"https:\/\/agroland.ro\/c\/magazinele-noastre\/magazin\/agroland-mega-sfantu-gheorghe\/\" data-type=\"link\" data-id=\"https:\/\/agroland.ro\/c\/magazinele-noastre\/magazin\/agroland-mega-sfantu-gheorghe\/\" target=\"_blank\" rel=\"noreferrer noopener\">Click pentru detalii<\/a>)<br>?Agroland Slobozia &#8211; \u0218oseaua Br\u0103ilei nr. 21, Slobozia, Ialomi\u021ba (<a href=\"https:\/\/agroland.ro\/c\/magazinele-noastre\/magazin\/agroland-slobozia-2\/\" data-type=\"link\" data-id=\"https:\/\/agroland.ro\/c\/magazinele-noastre\/magazin\/agroland-slobozia-2\/\" target=\"_blank\" rel=\"noreferrer noopener\">Click pentru detalii<\/a>)<br>?Agroland T\u00e2rgu Frumos &#8211; Str. Buznei, nr. 4A-4C, T\u00e2rgu Frumos, Ia\u0219i (<a href=\"https:\/\/agroland.ro\/c\/magazinele-noastre\/magazin\/agroland-targu-frumos\/\" data-type=\"link\" data-id=\"https:\/\/agroland.ro\/c\/magazinele-noastre\/magazin\/agroland-targu-frumos\/\" target=\"_blank\" rel=\"noreferrer noopener\">Click pentru detalii<\/a>)<br>?Agroland MEGA T\u00e2rgu Secuiesc &#8211; Str. Cernatului, nr. 22, Retail Park, T\u00e2rgu Secuiesc, Covasna (<a href=\"https:\/\/agroland.ro\/c\/magazinele-noastre\/magazin\/agroland-mega-targu-secuiesc\/\" data-type=\"link\" data-id=\"https:\/\/agroland.ro\/c\/magazinele-noastre\/magazin\/agroland-mega-targu-secuiesc\/\" target=\"_blank\" rel=\"noreferrer noopener\">Click pentru detalii<\/a>)<br>?Agroland MEGA Tecuci &#8211; Strada 1 Decembrie, nr. 109, Tecuci, Gala\u021bi (<a href=\"https:\/\/agroland.ro\/c\/magazinele-noastre\/magazin\/agroland-mega-tecuci\/\" data-type=\"link\" data-id=\"https:\/\/agroland.ro\/c\/magazinele-noastre\/magazin\/agroland-mega-tecuci\/\" target=\"_blank\" rel=\"noreferrer noopener\">Click pentru detalii<\/a>)<br>?Agroland Valu lui Traian &#8211; &nbsp;Calea Dobrogei, Nr. 1, Valu lui Traian, Constan\u021ba (<a href=\"https:\/\/agroland.ro\/c\/magazinele-noastre\/magazin\/agroland-valu-lui-traian\/\" data-type=\"link\" data-id=\"https:\/\/agroland.ro\/c\/magazinele-noastre\/magazin\/agroland-valu-lui-traian\/\" target=\"_blank\" rel=\"noreferrer noopener\">Click pentru detalii<\/a>)<br>?Agroland MEGA Vaslui &#8211; Str. C\u0103lug\u0103reni, nr. 106, Vaslui (<a href=\"https:\/\/agroland.ro\/c\/magazinele-noastre\/magazin\/agroland-mega-vaslui\/\" data-type=\"link\" data-id=\"https:\/\/agroland.ro\/c\/magazinele-noastre\/magazin\/agroland-mega-vaslui\/\" target=\"_blank\" rel=\"noreferrer noopener\">Click pentru detalii<\/a>)<\/p>\n\n\n\n<div style=\"height:25px\" aria-hidden=\"true\" class=\"wp-block-spacer\"><\/div>\n\n\n\n<p class=\"has-text-align-center\">Visul t\u0103u colorat \u00eencepe aici!<\/p>\n\n\n\n<hr class=\"wp-block-separator has-alpha-channel-opacity\"\/>\n","protected":false},"excerpt":{"rendered":"<p>Coloreaz\u0103-\u021bi via\u021ba, cultiv\u0103-\u021bi pasiunea! \u00cembr\u0103\u021bi\u0219eaz\u0103 natura \u0219i las\u0103-\u021bi pasiunea pentru gr\u0103din\u0103rit s\u0103 \u00eenfloreasc\u0103 al\u0103turi de noi! Particip\u0103 la concursul nostru special \u0219i ai \u0219ansa s\u0103 c\u00e2\u0219tigi premii cu care s\u0103-\u021bi \u00eenfrumuse\u021bezi gr\u0103dina \u0219i sufletul.Tot ce trebuie s\u0103 faci este s\u0103 achizi\u021bionezi de minim 50 lei din magazinele participante \u0219i s\u0103 \u00eencarci bonul \u00eempreun\u0103 cu datele&hellip; <a class=\"more-link\" href=\"https:\/\/agroland.ro\/c\/concurs-de-primavara-2024\/\">Continu\u0103 lectura <span class=\"screen-reader-text\">Concurs de Prim\u0103var\u0103 2024<\/span><\/a><\/p>\n","protected":false},"author":25,"featured_media":0,"parent":0,"menu_order":0,"comment_status":"closed","ping_status":"closed","template":"templates\/Blog.php","meta":{"_acf_changed":false,"_et_pb_use_builder":"","_et_pb_old_content":"","_et_gb_content_width":"","inline_featured_image":false,"footnotes":""},"class_list":["post-37208","page","type-page","status-publish","hentry","entry"],"acf":[],"_links":{"self":[{"href":"https:\/\/agroland.ro\/c\/wp-json\/wp\/v2\/pages\/37208","targetHints":{"allow":["GET"]}}],"collection":[{"href":"https:\/\/agroland.ro\/c\/wp-json\/wp\/v2\/pages"}],"about":[{"href":"https:\/\/agroland.ro\/c\/wp-json\/wp\/v2\/types\/page"}],"author":[{"embeddable":true,"href":"https:\/\/agroland.ro\/c\/wp-json\/wp\/v2\/users\/25"}],"replies":[{"embeddable":true,"href":"https:\/\/agroland.ro\/c\/wp-json\/wp\/v2\/comments?post=37208"}],"version-history":[{"count":3,"href":"https:\/\/agroland.ro\/c\/wp-json\/wp\/v2\/pages\/37208\/revisions"}],"predecessor-version":[{"id":37216,"href":"https:\/\/agroland.ro\/c\/wp-json\/wp\/v2\/pages\/37208\/revisions\/37216"}],"wp:attachment":[{"href":"https:\/\/agroland.ro\/c\/wp-json\/wp\/v2\/media?parent=37208"}],"curies":[{"name":"wp","href":"https:\/\/api.w.org\/{rel}","templated":true}]}}