{"id":38539,"date":"2024-09-16T18:32:35","date_gmt":"2024-09-16T15:32:35","guid":{"rendered":"https:\/\/agroland.ro\/c\/?page_id=38539"},"modified":"2026-02-11T07:59:44","modified_gmt":"2026-02-11T05:59:44","slug":"bolile-pasarilor-de-curte","status":"publish","type":"page","link":"https:\/\/agroland.ro\/c\/ghiduri-agroland-cresterea-pasarilor\/bolile-pasarilor-de-curte\/","title":{"rendered":"Bolile p\u0103s\u0103rilor de curte"},"content":{"rendered":"<div class=\"wp-block-image\">\n<figure class=\"aligncenter size-full\"><img loading=\"lazy\" decoding=\"async\" width=\"738\" height=\"494\" src=\"https:\/\/agroland.ro\/c\/wp-content\/uploads\/2018\/06\/cotet-pentru-gaini.jpg\" alt=\"\" class=\"wp-image-37987\" srcset=\"https:\/\/agroland.ro\/c\/wp-content\/uploads\/2018\/06\/cotet-pentru-gaini.jpg 738w, https:\/\/agroland.ro\/c\/wp-content\/uploads\/2018\/06\/cotet-pentru-gaini-300x201.jpg 300w, https:\/\/agroland.ro\/c\/wp-content\/uploads\/2018\/06\/cotet-pentru-gaini-500x335.jpg 500w\" sizes=\"(max-width: 738px) 100vw, 738px\" \/><\/figure>\n<\/div>\n\n\n<p><\/p>\n\n\n\n<div style=\"height:30px\" aria-hidden=\"true\" class=\"wp-block-spacer\"><\/div>\n\n\n\n<p>\u27a4 Cele mai frecvente boli ale puilor de curc\u0103 \u00bb <a href=\"https:\/\/agroland.ro\/c\/cele-mai-frecvente-boli-la-puii-de-curca\/\">Vezi Ghidul<\/a><\/p>\n\n\n\n<div style=\"height:30px\" aria-hidden=\"true\" class=\"wp-block-spacer\"><\/div>\n\n\n\n<p>\u27a4 Cele mai frecvente boli ale ra\u021belor \u00bb <a href=\"https:\/\/agroland.ro\/c\/cele-mai-frecvente-boli-ale-ratelor\/\">Vezi Ghidul<\/a><\/p>\n\n\n\n<div style=\"height:30px\" aria-hidden=\"true\" class=\"wp-block-spacer\"><\/div>\n\n\n\n<p>\u27a4 Histomonoza sau boala capului negru \u2013 semnele bolii, preven\u021bie \u0219i tratament \u00bb <a href=\"https:\/\/agroland.ro\/c\/cum-putem-preveni-histomonoza-sau-boala-capului-negru\/\">Vezi Ghidul<\/a><\/p>\n\n\n\n<div style=\"height:30px\" aria-hidden=\"true\" class=\"wp-block-spacer\"><\/div>\n\n\n\n<p>\u27a4 Pseudopesta aviar\u0103 \u2013 simptome \u0219i preven\u021bie prin vaccinare \u00bb <a href=\"https:\/\/agroland.ro\/c\/pseudopesta-aviara-simptome-si-preventie-prin-vaccinare\/\">Vezi Ghidul<\/a><\/p>\n\n\n\n<div style=\"height:30px\" aria-hidden=\"true\" class=\"wp-block-spacer\"><\/div>\n\n\n\n<p>\u27a4 Variola p\u0103s\u0103rilor de curte \u2013 simptome, preven\u021bie \u0219i tratament \u00bb <a href=\"https:\/\/agroland.ro\/c\/variola-pasarilor-de-curte-simptome-preventie-si-tratament\/\">Vezi Ghidul<\/a><\/p>\n\n\n\n<div style=\"height:30px\" aria-hidden=\"true\" class=\"wp-block-spacer\"><\/div>\n\n\n\n<p>\u27a4 Bron\u0219ita infec\u021bioas\u0103 la p\u0103s\u0103rile de curte \u2013 simptome, preven\u021bie \u0219i tratament \u00bb <a href=\"https:\/\/agroland.ro\/c\/bronsita-infectioasa-o-boala-des-intalnita-la-pasarile-de-curte\/\">Vezi Ghidul<\/a><\/p>\n\n\n\n<div style=\"height:30px\" aria-hidden=\"true\" class=\"wp-block-spacer\"><\/div>\n\n\n\n<p>\u27a4 Coccidioza la p\u0103s\u0103ri. Simptome \u0219i tratament \u00bb<a href=\"https:\/\/agroland.ro\/c\/coccidioza-la-pasari-simptome-si-tratament\/\"> Vezi Ghidul<\/a><\/p>\n\n\n\n<div style=\"height:30px\" aria-hidden=\"true\" class=\"wp-block-spacer\"><\/div>\n\n\n\n<p>\u27a4 Canibalismul la p\u0103s\u0103rile de curte \u00bb <a href=\"https:\/\/agroland.ro\/c\/canibalismul-sau-ciugulirea-la-pasarile-de-curte\/\">Vezi Ghidul<\/a><\/p>\n\n\n\n<div style=\"height:30px\" aria-hidden=\"true\" class=\"wp-block-spacer\"><\/div>\n\n\n\n<p>\u27a4 Cum sc\u0103p\u0103m p\u0103s\u0103rile de parazi\u021bii interni \u00bb <a href=\"https:\/\/agroland.ro\/c\/cum-scapam-pasarile-de-parazitii-interni\/\">Vezi Ghidul<\/a><\/p>\n\n\n\n<div style=\"height:30px\" aria-hidden=\"true\" class=\"wp-block-spacer\"><\/div>\n\n\n\n<p>\u27a4 Schema de vaccinare a p\u0103s\u0103rilor de curte \u00bb <a href=\"https:\/\/agroland.ro\/c\/schema-de-vaccinare-a-pasarilor-de-curte\/\">Vezi Ghidul<\/a><\/p>\n\n\n\n<div style=\"height:30px\" aria-hidden=\"true\" class=\"wp-block-spacer\"><\/div>\n\n\n\n<p>\u27a4 R\u00e2ia piciorului la g\u0103ini \u00bb <a href=\"https:\/\/agroland.ro\/c\/schema-de-vaccinare-a-pasarilor-de-curte\/\" target=\"_blank\" rel=\"noreferrer noopener\">Vezi Ghidul<\/a><\/p>\n\n\n\n<div style=\"height:30px\" aria-hidden=\"true\" class=\"wp-block-spacer\"><\/div>\n\n\n\n<p>\u27a4Cum se transmite toxoplasma gondii de la pisici la g\u0103ini \u00bb <a href=\"https:\/\/agroland.ro\/c\/toxoplasma-gondii-la-pisici-si-gaini\/\">Vezi Ghidul<\/a><\/p>\n","protected":false},"excerpt":{"rendered":"<p>\u27a4 Cele mai frecvente boli ale puilor de curc\u0103 \u00bb Vezi Ghidul \u27a4 Cele mai frecvente boli ale ra\u021belor \u00bb Vezi Ghidul \u27a4 Histomonoza sau boala capului negru \u2013 semnele bolii, preven\u021bie \u0219i tratament \u00bb Vezi Ghidul \u27a4 Pseudopesta aviar\u0103 \u2013 simptome \u0219i preven\u021bie prin vaccinare \u00bb Vezi Ghidul \u27a4 Variola p\u0103s\u0103rilor de curte \u2013&hellip; <a class=\"more-link\" href=\"https:\/\/agroland.ro\/c\/ghiduri-agroland-cresterea-pasarilor\/bolile-pasarilor-de-curte\/\">Continu\u0103 lectura <span class=\"screen-reader-text\">Bolile p\u0103s\u0103rilor de curte<\/span><\/a><\/p>\n","protected":false},"author":27,"featured_media":0,"parent":28760,"menu_order":0,"comment_status":"closed","ping_status":"closed","template":"templates\/Products.php","meta":{"_acf_changed":false,"_et_pb_use_builder":"","_et_pb_old_content":"","_et_gb_content_width":"","inline_featured_image":false,"footnotes":""},"class_list":["post-38539","page","type-page","status-publish","hentry","entry"],"acf":[],"_links":{"self":[{"href":"https:\/\/agroland.ro\/c\/wp-json\/wp\/v2\/pages\/38539","targetHints":{"allow":["GET"]}}],"collection":[{"href":"https:\/\/agroland.ro\/c\/wp-json\/wp\/v2\/pages"}],"about":[{"href":"https:\/\/agroland.ro\/c\/wp-json\/wp\/v2\/types\/page"}],"author":[{"embeddable":true,"href":"https:\/\/agroland.ro\/c\/wp-json\/wp\/v2\/users\/27"}],"replies":[{"embeddable":true,"href":"https:\/\/agroland.ro\/c\/wp-json\/wp\/v2\/comments?post=38539"}],"version-history":[{"count":11,"href":"https:\/\/agroland.ro\/c\/wp-json\/wp\/v2\/pages\/38539\/revisions"}],"predecessor-version":[{"id":43731,"href":"https:\/\/agroland.ro\/c\/wp-json\/wp\/v2\/pages\/38539\/revisions\/43731"}],"up":[{"embeddable":true,"href":"https:\/\/agroland.ro\/c\/wp-json\/wp\/v2\/pages\/28760"}],"wp:attachment":[{"href":"https:\/\/agroland.ro\/c\/wp-json\/wp\/v2\/media?parent=38539"}],"curies":[{"name":"wp","href":"https:\/\/api.w.org\/{rel}","templated":true}]}}