{"id":38700,"date":"2024-10-09T11:01:40","date_gmt":"2024-10-09T08:01:40","guid":{"rendered":"https:\/\/agroland.ro\/c\/?page_id=38700"},"modified":"2024-10-12T01:24:39","modified_gmt":"2024-10-11T22:24:39","slug":"expoflora-10-13-octombrie-2024","status":"publish","type":"page","link":"https:\/\/agroland.ro\/c\/expoflora-10-13-octombrie-2024\/","title":{"rendered":"\u273f Expoflora 10-13 Octombrie \u273f"},"content":{"rendered":"\n<figure class=\"wp-block-image size-large is-resized is-style-default\"><img loading=\"lazy\" decoding=\"async\" width=\"1024\" height=\"537\" src=\"https:\/\/agroland.ro\/c\/wp-content\/uploads\/2024\/10\/Landing-Page-1024x537.png\" alt=\"\" class=\"wp-image-38721\" style=\"aspect-ratio:1.7777777777777777;object-fit:cover;width:911px;height:auto\" srcset=\"https:\/\/agroland.ro\/c\/wp-content\/uploads\/2024\/10\/Landing-Page-1024x537.png 1024w, https:\/\/agroland.ro\/c\/wp-content\/uploads\/2024\/10\/Landing-Page-300x157.png 300w, https:\/\/agroland.ro\/c\/wp-content\/uploads\/2024\/10\/Landing-Page-768x402.png 768w, https:\/\/agroland.ro\/c\/wp-content\/uploads\/2024\/10\/Landing-Page-1536x805.png 1536w, https:\/\/agroland.ro\/c\/wp-content\/uploads\/2024\/10\/Landing-Page-1568x822.png 1568w, https:\/\/agroland.ro\/c\/wp-content\/uploads\/2024\/10\/Landing-Page-1909x1000.png 1909w, https:\/\/agroland.ro\/c\/wp-content\/uploads\/2024\/10\/Landing-Page-1000x524.png 1000w, https:\/\/agroland.ro\/c\/wp-content\/uploads\/2024\/10\/Landing-Page-500x262.png 500w, https:\/\/agroland.ro\/c\/wp-content\/uploads\/2024\/10\/Landing-Page.png 1920w\" sizes=\"(max-width: 1024px) 100vw, 1024px\" \/><\/figure>\n\n\n\n<div style=\"height:34px\" aria-hidden=\"true\" class=\"wp-block-spacer\"><\/div>\n\n\n\n<p class=\"has-text-align-center has-large-font-size\">? ????????? ????????-<strong> Prima Edi\u021bie de Toamn\u0103 <\/strong>???<\/p>\n\n\n\n<p class=\"has-text-align-center has-normal-font-size\">Weekendul acesta s\u0103rb\u0103torim festivalul gr\u0103dinii de toamn\u0103! Eveniment dedicat tuturor celor care vor s\u0103 aduc\u0103 o not\u0103 de culoare \u0219i prospe\u021bime gr\u0103dinii lor. Vino \u00een perioada <br>10 &#8211; 13 octombrie la EXPOFLORA!<\/p>\n\n\n\n<div style=\"height:34px\" aria-hidden=\"true\" class=\"wp-block-spacer\"><\/div>\n\n\n\n<p class=\"has-text-align-center has-normal-font-size\">Ce po\u021bi g\u0103si?<\/p>\n\n\n\n<div style=\"height:34px\" aria-hidden=\"true\" class=\"wp-block-spacer\"><\/div>\n\n\n\n<div class=\"wp-block-columns is-layout-flex wp-container-core-columns-is-layout-9d6595d7 wp-block-columns-is-layout-flex\">\n<div class=\"wp-block-column is-layout-flow wp-block-column-is-layout-flow\">\n<figure class=\"wp-block-image size-full\"><img loading=\"lazy\" decoding=\"async\" width=\"1080\" height=\"1080\" src=\"https:\/\/agroland.ro\/c\/wp-content\/uploads\/2024\/10\/Expoflora-facebookinstagram.png\" alt=\"\" class=\"wp-image-38707\" style=\"aspect-ratio:1;object-fit:cover\" srcset=\"https:\/\/agroland.ro\/c\/wp-content\/uploads\/2024\/10\/Expoflora-facebookinstagram.png 1080w, https:\/\/agroland.ro\/c\/wp-content\/uploads\/2024\/10\/Expoflora-facebookinstagram-300x300.png 300w, https:\/\/agroland.ro\/c\/wp-content\/uploads\/2024\/10\/Expoflora-facebookinstagram-1024x1024.png 1024w, https:\/\/agroland.ro\/c\/wp-content\/uploads\/2024\/10\/Expoflora-facebookinstagram-150x150.png 150w, https:\/\/agroland.ro\/c\/wp-content\/uploads\/2024\/10\/Expoflora-facebookinstagram-768x768.png 768w, https:\/\/agroland.ro\/c\/wp-content\/uploads\/2024\/10\/Expoflora-facebookinstagram-1000x1000.png 1000w, https:\/\/agroland.ro\/c\/wp-content\/uploads\/2024\/10\/Expoflora-facebookinstagram-500x500.png 500w\" sizes=\"(max-width: 1080px) 100vw, 1080px\" \/><\/figure>\n\n\n\n<div style=\"height:15px\" aria-hidden=\"true\" class=\"wp-block-spacer\"><\/div>\n\n\n\n<figure class=\"wp-block-image size-full\"><img loading=\"lazy\" decoding=\"async\" width=\"1080\" height=\"1080\" src=\"https:\/\/agroland.ro\/c\/wp-content\/uploads\/2024\/10\/Expoflora-facebookinstagram-2.png\" alt=\"\" class=\"wp-image-38709\" style=\"aspect-ratio:1;object-fit:cover\" srcset=\"https:\/\/agroland.ro\/c\/wp-content\/uploads\/2024\/10\/Expoflora-facebookinstagram-2.png 1080w, https:\/\/agroland.ro\/c\/wp-content\/uploads\/2024\/10\/Expoflora-facebookinstagram-2-300x300.png 300w, https:\/\/agroland.ro\/c\/wp-content\/uploads\/2024\/10\/Expoflora-facebookinstagram-2-1024x1024.png 1024w, https:\/\/agroland.ro\/c\/wp-content\/uploads\/2024\/10\/Expoflora-facebookinstagram-2-150x150.png 150w, https:\/\/agroland.ro\/c\/wp-content\/uploads\/2024\/10\/Expoflora-facebookinstagram-2-768x768.png 768w, https:\/\/agroland.ro\/c\/wp-content\/uploads\/2024\/10\/Expoflora-facebookinstagram-2-1000x1000.png 1000w, https:\/\/agroland.ro\/c\/wp-content\/uploads\/2024\/10\/Expoflora-facebookinstagram-2-500x500.png 500w\" sizes=\"(max-width: 1080px) 100vw, 1080px\" \/><\/figure>\n\n\n\n<div style=\"height:15px\" aria-hidden=\"true\" class=\"wp-block-spacer\"><\/div>\n\n\n\n<figure class=\"wp-block-image size-full\"><img loading=\"lazy\" decoding=\"async\" width=\"1080\" height=\"1080\" src=\"https:\/\/agroland.ro\/c\/wp-content\/uploads\/2024\/10\/Expoflora-facebookinstagram-7.png\" alt=\"\" class=\"wp-image-38716\" style=\"aspect-ratio:1;object-fit:cover\" srcset=\"https:\/\/agroland.ro\/c\/wp-content\/uploads\/2024\/10\/Expoflora-facebookinstagram-7.png 1080w, https:\/\/agroland.ro\/c\/wp-content\/uploads\/2024\/10\/Expoflora-facebookinstagram-7-300x300.png 300w, https:\/\/agroland.ro\/c\/wp-content\/uploads\/2024\/10\/Expoflora-facebookinstagram-7-1024x1024.png 1024w, https:\/\/agroland.ro\/c\/wp-content\/uploads\/2024\/10\/Expoflora-facebookinstagram-7-150x150.png 150w, https:\/\/agroland.ro\/c\/wp-content\/uploads\/2024\/10\/Expoflora-facebookinstagram-7-768x768.png 768w, https:\/\/agroland.ro\/c\/wp-content\/uploads\/2024\/10\/Expoflora-facebookinstagram-7-1000x1000.png 1000w, https:\/\/agroland.ro\/c\/wp-content\/uploads\/2024\/10\/Expoflora-facebookinstagram-7-500x500.png 500w\" sizes=\"(max-width: 1080px) 100vw, 1080px\" \/><\/figure>\n\n\n\n<div style=\"height:15px\" aria-hidden=\"true\" class=\"wp-block-spacer\"><\/div>\n\n\n\n<figure class=\"wp-block-image size-full\"><img loading=\"lazy\" decoding=\"async\" width=\"1080\" height=\"1080\" src=\"https:\/\/agroland.ro\/c\/wp-content\/uploads\/2024\/10\/Expoflora-facebookinstagram-4-1.png\" alt=\"\" class=\"wp-image-38713\" style=\"aspect-ratio:1;object-fit:cover\" srcset=\"https:\/\/agroland.ro\/c\/wp-content\/uploads\/2024\/10\/Expoflora-facebookinstagram-4-1.png 1080w, https:\/\/agroland.ro\/c\/wp-content\/uploads\/2024\/10\/Expoflora-facebookinstagram-4-1-300x300.png 300w, https:\/\/agroland.ro\/c\/wp-content\/uploads\/2024\/10\/Expoflora-facebookinstagram-4-1-1024x1024.png 1024w, https:\/\/agroland.ro\/c\/wp-content\/uploads\/2024\/10\/Expoflora-facebookinstagram-4-1-150x150.png 150w, https:\/\/agroland.ro\/c\/wp-content\/uploads\/2024\/10\/Expoflora-facebookinstagram-4-1-768x768.png 768w, https:\/\/agroland.ro\/c\/wp-content\/uploads\/2024\/10\/Expoflora-facebookinstagram-4-1-1000x1000.png 1000w, https:\/\/agroland.ro\/c\/wp-content\/uploads\/2024\/10\/Expoflora-facebookinstagram-4-1-500x500.png 500w\" sizes=\"(max-width: 1080px) 100vw, 1080px\" \/><\/figure>\n<\/div>\n\n\n\n<div class=\"wp-block-column is-layout-flow wp-block-column-is-layout-flow\">\n<figure class=\"wp-block-image size-full\"><img loading=\"lazy\" decoding=\"async\" width=\"1080\" height=\"1080\" src=\"https:\/\/agroland.ro\/c\/wp-content\/uploads\/2024\/10\/Expoflora-facebookinstagram-1.png\" alt=\"\" class=\"wp-image-38708\" style=\"aspect-ratio:1;object-fit:cover\" srcset=\"https:\/\/agroland.ro\/c\/wp-content\/uploads\/2024\/10\/Expoflora-facebookinstagram-1.png 1080w, https:\/\/agroland.ro\/c\/wp-content\/uploads\/2024\/10\/Expoflora-facebookinstagram-1-300x300.png 300w, https:\/\/agroland.ro\/c\/wp-content\/uploads\/2024\/10\/Expoflora-facebookinstagram-1-1024x1024.png 1024w, https:\/\/agroland.ro\/c\/wp-content\/uploads\/2024\/10\/Expoflora-facebookinstagram-1-150x150.png 150w, https:\/\/agroland.ro\/c\/wp-content\/uploads\/2024\/10\/Expoflora-facebookinstagram-1-768x768.png 768w, https:\/\/agroland.ro\/c\/wp-content\/uploads\/2024\/10\/Expoflora-facebookinstagram-1-1000x1000.png 1000w, https:\/\/agroland.ro\/c\/wp-content\/uploads\/2024\/10\/Expoflora-facebookinstagram-1-500x500.png 500w\" sizes=\"(max-width: 1080px) 100vw, 1080px\" \/><\/figure>\n\n\n\n<div style=\"height:15px\" aria-hidden=\"true\" class=\"wp-block-spacer\"><\/div>\n\n\n\n<figure class=\"wp-block-image size-full\"><img loading=\"lazy\" decoding=\"async\" width=\"1080\" height=\"1080\" src=\"https:\/\/agroland.ro\/c\/wp-content\/uploads\/2024\/10\/Expoflora-facebookinstagram-3.png\" alt=\"\" class=\"wp-image-38710\" style=\"aspect-ratio:1;object-fit:cover\" srcset=\"https:\/\/agroland.ro\/c\/wp-content\/uploads\/2024\/10\/Expoflora-facebookinstagram-3.png 1080w, https:\/\/agroland.ro\/c\/wp-content\/uploads\/2024\/10\/Expoflora-facebookinstagram-3-300x300.png 300w, https:\/\/agroland.ro\/c\/wp-content\/uploads\/2024\/10\/Expoflora-facebookinstagram-3-1024x1024.png 1024w, https:\/\/agroland.ro\/c\/wp-content\/uploads\/2024\/10\/Expoflora-facebookinstagram-3-150x150.png 150w, https:\/\/agroland.ro\/c\/wp-content\/uploads\/2024\/10\/Expoflora-facebookinstagram-3-768x768.png 768w, https:\/\/agroland.ro\/c\/wp-content\/uploads\/2024\/10\/Expoflora-facebookinstagram-3-1000x1000.png 1000w, https:\/\/agroland.ro\/c\/wp-content\/uploads\/2024\/10\/Expoflora-facebookinstagram-3-500x500.png 500w\" sizes=\"(max-width: 1080px) 100vw, 1080px\" \/><\/figure>\n\n\n\n<div style=\"height:15px\" aria-hidden=\"true\" class=\"wp-block-spacer\"><\/div>\n\n\n\n<figure class=\"wp-block-image size-full\"><img loading=\"lazy\" decoding=\"async\" width=\"1080\" height=\"1080\" src=\"https:\/\/agroland.ro\/c\/wp-content\/uploads\/2024\/10\/Expoflora-facebookinstagram-8.png\" alt=\"\" class=\"wp-image-38717\" style=\"aspect-ratio:1;object-fit:cover\" srcset=\"https:\/\/agroland.ro\/c\/wp-content\/uploads\/2024\/10\/Expoflora-facebookinstagram-8.png 1080w, https:\/\/agroland.ro\/c\/wp-content\/uploads\/2024\/10\/Expoflora-facebookinstagram-8-300x300.png 300w, https:\/\/agroland.ro\/c\/wp-content\/uploads\/2024\/10\/Expoflora-facebookinstagram-8-1024x1024.png 1024w, https:\/\/agroland.ro\/c\/wp-content\/uploads\/2024\/10\/Expoflora-facebookinstagram-8-150x150.png 150w, https:\/\/agroland.ro\/c\/wp-content\/uploads\/2024\/10\/Expoflora-facebookinstagram-8-768x768.png 768w, https:\/\/agroland.ro\/c\/wp-content\/uploads\/2024\/10\/Expoflora-facebookinstagram-8-1000x1000.png 1000w, https:\/\/agroland.ro\/c\/wp-content\/uploads\/2024\/10\/Expoflora-facebookinstagram-8-500x500.png 500w\" sizes=\"(max-width: 1080px) 100vw, 1080px\" \/><\/figure>\n\n\n\n<div style=\"height:15px\" aria-hidden=\"true\" class=\"wp-block-spacer\"><\/div>\n\n\n\n<figure class=\"wp-block-image size-full\"><img loading=\"lazy\" decoding=\"async\" width=\"1080\" height=\"1080\" src=\"https:\/\/agroland.ro\/c\/wp-content\/uploads\/2024\/10\/Expoflora-facebookinstagram-5-1.png\" alt=\"\" class=\"wp-image-38714\" style=\"aspect-ratio:1;object-fit:cover\" srcset=\"https:\/\/agroland.ro\/c\/wp-content\/uploads\/2024\/10\/Expoflora-facebookinstagram-5-1.png 1080w, https:\/\/agroland.ro\/c\/wp-content\/uploads\/2024\/10\/Expoflora-facebookinstagram-5-1-300x300.png 300w, https:\/\/agroland.ro\/c\/wp-content\/uploads\/2024\/10\/Expoflora-facebookinstagram-5-1-1024x1024.png 1024w, https:\/\/agroland.ro\/c\/wp-content\/uploads\/2024\/10\/Expoflora-facebookinstagram-5-1-150x150.png 150w, https:\/\/agroland.ro\/c\/wp-content\/uploads\/2024\/10\/Expoflora-facebookinstagram-5-1-768x768.png 768w, https:\/\/agroland.ro\/c\/wp-content\/uploads\/2024\/10\/Expoflora-facebookinstagram-5-1-1000x1000.png 1000w, https:\/\/agroland.ro\/c\/wp-content\/uploads\/2024\/10\/Expoflora-facebookinstagram-5-1-500x500.png 500w\" sizes=\"(max-width: 1080px) 100vw, 1080px\" \/><\/figure>\n<\/div>\n<\/div>\n\n\n\n<div style=\"height:25px\" aria-hidden=\"true\" class=\"wp-block-spacer\"><\/div>\n\n\n\n<p class=\"has-text-align-center\">Gr\u0103dina perfect\u0103 \u00eencepe de la noi!<br><img loading=\"lazy\" decoding=\"async\" height=\"16\" width=\"16\" src=\"https:\/\/static.xx.fbcdn.net\/images\/emoji.php\/v9\/t71\/1\/16\/1f339.png\" alt=\"?\"> Material s\u0103ditor de calitate!<br><img loading=\"lazy\" decoding=\"async\" height=\"16\" width=\"16\" src=\"https:\/\/static.xx.fbcdn.net\/images\/emoji.php\/v9\/tf5\/1\/16\/1f48a.png\" alt=\"?\">&nbsp;Fitofarmacie &#8211; Consultan\u021b\u0103 \u0219i solu\u021bii specializate pentru protec\u021bia plantelor \u0219i s\u0103n\u0103tatea culturilor tale.<br><img loading=\"lazy\" decoding=\"async\" height=\"16\" width=\"16\" src=\"https:\/\/static.xx.fbcdn.net\/images\/emoji.php\/v9\/t1a\/1\/16\/1f33b.png\" alt=\"?\">Flori \u00een Ghiveci de interior \u0219i exterior, fertilizan\u021bi, unelte pentru gr\u0103din\u0103 \u0219i multe alte produse pentru pasiona\u021bii de gr\u0103din\u0103rit!<\/p>\n\n\n\n<div style=\"height:25px\" aria-hidden=\"true\" class=\"wp-block-spacer\"><\/div>\n\n\n\n<p>? Magazine participante:<\/p>\n\n\n\n<p>?Agroland MEGA Afuma\u021bi &#8211; \u0218oseaua Bucure\u0219ti-Urziceni, nr. 254, Afuma\u021bi (C<a href=\"https:\/\/maps.app.goo.gl\/Cv1Xw3KnRAA1fLv98\" data-type=\"link\" data-id=\"https:\/\/maps.app.goo.gl\/Cv1Xw3KnRAA1fLv98\" target=\"_blank\" rel=\"noreferrer noopener nofollow\">lick pentru detali<\/a>i)<\/p>\n\n\n\n<p>?Agroland MEGA Bal\u0219 &#8211; Str. Depozitelor, 1A, (<a href=\"https:\/\/maps.app.goo.gl\/YW8XR5WwZLxyJkiAA\" data-type=\"link\" data-id=\"https:\/\/maps.app.goo.gl\/YW8XR5WwZLxyJkiAA\" rel=\"nofollow noopener\" target=\"_blank\">Click pentru detalii<\/a>)<\/p>\n\n\n\n<p>?Agroland MEGA Bolintin-Vale &#8211; Str. Poarta Luncii, nr. 74 (<a href=\"https:\/\/maps.app.goo.gl\/H8XTSn2aGNK7vv5y8\" data-type=\"link\" data-id=\"https:\/\/maps.app.goo.gl\/H8XTSn2aGNK7vv5y8\" target=\"_blank\" rel=\"noreferrer noopener nofollow\">Click pentru detalii<\/a>)<\/p>\n\n\n\n<p>?Agroland Boto\u0219ani 2 &#8211; Bulevardul Mihai Eminescu, nr. 4 (<a href=\"https:\/\/maps.app.goo.gl\/paPk2m9qkyGqdp1P9\" data-type=\"link\" data-id=\"https:\/\/maps.app.goo.gl\/paPk2m9qkyGqdp1P9\" target=\"_blank\" rel=\"noreferrer noopener nofollow\">Click pentru detalii<\/a>)<\/p>\n\n\n\n<p>?Agroland Buhu\u0219i &#8211; Str. Nicolae B\u0103lcescu, nr. 1 (<a href=\"https:\/\/maps.app.goo.gl\/4rPaxYox8WxM2W4W7\" data-type=\"link\" data-id=\"https:\/\/maps.app.goo.gl\/4rPaxYox8WxM2W4W7\" target=\"_blank\" rel=\"noreferrer noopener nofollow\">Click pentru detalii<\/a>)<\/p>\n\n\n\n<p>?Agroland MEGA Caracal &#8211; Str. 1 Decembrie 1918, nr. 80, Galeria Comerciala Caracal (<a href=\"https:\/\/maps.app.goo.gl\/aynxiDeV5oXgi82e8\" data-type=\"link\" data-id=\"https:\/\/maps.app.goo.gl\/aynxiDeV5oXgi82e8\" target=\"_blank\" rel=\"noreferrer noopener nofollow\">Click pentru detalii<\/a>)<\/p>\n\n\n\n<p>?Agroland Cobadin &#8211; \u0218oseaua Constan\u021bei, 6A, Cobadin (<a href=\"https:\/\/maps.app.goo.gl\/zFcj2t52YZ4CNpiz9\" data-type=\"link\" data-id=\"https:\/\/maps.app.goo.gl\/zFcj2t52YZ4CNpiz9\" target=\"_blank\" rel=\"noreferrer noopener nofollow\">Click pentru detalii<\/a>)<\/p>\n\n\n\n<p>?Agroland Dorohoi &#8211; Bulevardul Victoriei, nr. 120A, Centrul Comercial Nest Dorohoi (<a href=\"https:\/\/maps.app.goo.gl\/NTPLXqF5325Zd3oG6\" data-type=\"link\" data-id=\"https:\/\/maps.app.goo.gl\/NTPLXqF5325Zd3oG6\" target=\"_blank\" rel=\"noreferrer noopener nofollow\">Click pentru detalii<\/a>)<\/p>\n\n\n\n<p>?Agroland MEGA Dumbr\u0103vi\u021ba &#8211; Str. Pet\u0151fi S\u00e1ndor, nr. 33 (<a href=\"https:\/\/www.google.com\/maps\/place\/Agroland+MEGA+Dumbravita\/@45.8007602,21.2479114,564m\/data=!3m2!1e3!4b1!4m6!3m5!1s0x4745671845178d1b:0x33377667d45e5e9a!8m2!3d45.8007602!4d21.2479114!16s%2Fg%2F11l6t3sl1h?entry=ttu&amp;g_ep=EgoyMDI0MTAwNS4yIKXMDSoASAFQAw%3D%3D\" data-type=\"link\" data-id=\"https:\/\/maps.app.goo.gl\/NTPLXqF5325Zd3oG6\" target=\"_blank\" rel=\"noreferrer noopener nofollow\">Click pentru detalii<\/a>)<\/p>\n\n\n\n<p>?Agroland Drobeta Turnu Severin 1 &#8211; Bd. Tudor Vladimirescu, nr. 32 (<a href=\"https:\/\/www.google.com\/maps?hl=ro&amp;gl=ro&amp;um=1&amp;ie=UTF-8&amp;fb=1&amp;sa=X&amp;ftid=0x475231c73b40adaf:0xb80bd6f00fd5c3d3\" data-type=\"link\" data-id=\"https:\/\/maps.app.goo.gl\/NTPLXqF5325Zd3oG6\" target=\"_blank\" rel=\"noreferrer noopener nofollow\">Click pentru detalii<\/a>)<\/p>\n\n\n\n<p>?Agroland MEGA Bucure\u0219ti 1 &#8211; \u0218oseaua Fundeni, nr. 40, sector 2 (<a href=\"https:\/\/maps.app.goo.gl\/zg2hGev6wShMuCZD7\" data-type=\"link\" data-id=\"https:\/\/maps.app.goo.gl\/zg2hGev6wShMuCZD7\" target=\"_blank\" rel=\"noreferrer noopener nofollow\">Click pentru detalii<\/a>)<\/p>\n\n\n\n<p>?Agroland MEGA Lugoj &#8211; Calea Timi\u0219orii, nr. 62 (<a href=\"https:\/\/maps.app.goo.gl\/tXntL3kcz3YRnHcu7\" data-type=\"link\" data-id=\"https:\/\/maps.app.goo.gl\/tXntL3kcz3YRnHcu7\" target=\"_blank\" rel=\"noreferrer noopener nofollow\">Click pentru detalii<\/a>)<\/p>\n\n\n\n<p>?Agroland MEGA Miroslava &#8211; Str. Constantin Langa, 91B (<a href=\"https:\/\/maps.app.goo.gl\/WwwksuDDqD5T9bgW6\" data-type=\"link\" data-id=\"https:\/\/maps.app.goo.gl\/WwwksuDDqD5T9bgW6\" target=\"_blank\" rel=\"noreferrer noopener nofollow\">Click pentru detalii<\/a>)<\/p>\n\n\n\n<p>?Agroland MEGA Mo\u0219ni\u021ba &#8211; Str. Principal\u0103, nr. 2 (<a href=\"https:\/\/maps.app.goo.gl\/kZLHcZsy5TwMdN25A\" data-type=\"link\" data-id=\"https:\/\/maps.app.goo.gl\/kZLHcZsy5TwMdN25A\" target=\"_blank\" rel=\"noreferrer noopener nofollow\">Click pentru detalii<\/a>)<\/p>\n\n\n\n<p>?Agroland MEGA N\u0103vodari &#8211; Str. Constan\u021bei, nr. 40 (<a href=\"https:\/\/maps.app.goo.gl\/wFryxKEnm4xFYkqe6\" data-type=\"link\" data-id=\"https:\/\/maps.app.goo.gl\/wFryxKEnm4xFYkqe6\" target=\"_blank\" rel=\"noreferrer noopener nofollow\">Click pentru detalii<\/a>)<\/p>\n\n\n\n<p>?Agroland One\u0219ti 2 &#8211; Str. George Bacovia, nr. 15 (<a href=\"https:\/\/maps.app.goo.gl\/dSCZLVDnWDbCboFi6\" data-type=\"link\" data-id=\"https:\/\/maps.app.goo.gl\/dSCZLVDnWDbCboFi6\" target=\"_blank\" rel=\"noreferrer noopener nofollow\">Click pentru detalii<\/a>)<\/p>\n\n\n\n<p>?Agroland MEGA Pa\u0219cani &#8211; Str. Moldovei, 17 bis, Retail Park (<a href=\"https:\/\/maps.app.goo.gl\/FqH1jSdF9gr5wVYQA\" data-type=\"link\" data-id=\"https:\/\/maps.app.goo.gl\/FqH1jSdF9gr5wVYQA\" target=\"_blank\" rel=\"noreferrer noopener nofollow\">Click pentru detalii<\/a>)<\/p>\n\n\n\n<p>?Agroland MEGA S\u00e2ntu Gheorghe &#8211; Str. Lunca Oltului, nr. 3 (<a href=\"https:\/\/maps.app.goo.gl\/kfK2fVrithqMxsgX9\" data-type=\"link\" data-id=\"https:\/\/maps.app.goo.gl\/kfK2fVrithqMxsgX9\" target=\"_blank\" rel=\"noreferrer noopener nofollow\">Click pentru detalii<\/a>)<\/p>\n\n\n\n<p>?Agroland Sibiu &#8211; Str. Lung\u0103, nr. 10 (<a href=\"https:\/\/maps.app.goo.gl\/HyhjsoosxAp5Z4bG6\" data-type=\"link\" data-id=\"https:\/\/maps.app.goo.gl\/HyhjsoosxAp5Z4bG6\" target=\"_blank\" rel=\"noreferrer noopener nofollow\">Click pentru detalii<\/a>)<\/p>\n\n\n\n<p>?Agroland Slobozia &#8211; \u0218oseaua Br\u0103ilei, nr. 21, Ialomi\u021ba (<a href=\"https:\/\/maps.app.goo.gl\/HJWrroSBN5uzb5P2A\" data-type=\"link\" data-id=\"https:\/\/maps.app.goo.gl\/HJWrroSBN5uzb5P2A\" rel=\"nofollow noopener\" target=\"_blank\">Click pentru detalii<\/a>)<\/p>\n\n\n\n<p>?Agroland T\u00e2rgu Frumos &#8211; Str. Buznei, nr. 4A-4C (<a href=\"https:\/\/maps.app.goo.gl\/upaK17P5ateND2TC7\" data-type=\"link\" data-id=\"https:\/\/maps.app.goo.gl\/upaK17P5ateND2TC7\" target=\"_blank\" rel=\"noreferrer noopener nofollow\">Click pentru detalii<\/a>)<\/p>\n\n\n\n<p>?Agroland MEGA T\u00e2rgu Secuiesc &#8211; Retail Park, str. Cernatului, nr. 22,  Covasna (<a href=\"https:\/\/maps.app.goo.gl\/LxspogGyWHSYsUaP9\" target=\"_blank\" rel=\"noreferrer noopener nofollow\">Click pentru detalii<\/a>)<\/p>\n\n\n\n<p>?Agroland Valul lui Traian &#8211; Calea Dobrogei, nr. 1 (<a href=\"https:\/\/maps.app.goo.gl\/jksiuVt5Dp3yzdWd6\" data-type=\"link\" data-id=\"https:\/\/maps.app.goo.gl\/jksiuVt5Dp3yzdWd6\" target=\"_blank\" rel=\"noreferrer noopener nofollow\">Click pentru detalii<\/a>)<\/p>\n\n\n\n<p>?Agroland Militari &#8211; La Strada Militari West, Str. Sergent Ilie Petre 57 (<a href=\"https:\/\/www.google.com\/maps\/place\/\/data=!4m2!3m1!1s0x40b20134ded9c6cf:0x38682985018c6add?sa=X&amp;ved=1t:8290&amp;ictx=111\" data-type=\"link\" data-id=\"https:\/\/maps.app.goo.gl\/jksiuVt5Dp3yzdWd6\" target=\"_blank\" rel=\"noreferrer noopener nofollow\">Click pentru detalii<\/a>)<\/p>\n\n\n\n<p>?Agroland MEGA Valea Ursului &#8211; Str. Principal\u0103, nr. 14A, parter, C2 (<a href=\"https:\/\/www.google.com\/maps\/place\/\/data=!4m2!3m1!1s0x40cae5bd0a0e7b21:0x4f2e76a6961a12a9?sa=X&amp;ved=1t:8290&amp;ictx=111\" data-type=\"link\" data-id=\"https:\/\/maps.app.goo.gl\/kSdavCfVdeKKfnTRA\" target=\"_blank\" rel=\"noreferrer noopener nofollow\">Click pentru detalii<\/a>)<\/p>\n\n\n\n<p>?Agroland MEGA Moreni &#8211; Str. Crinului, nr. 2 (<a href=\"https:\/\/www.google.com\/maps\/place\/Agroland+MEGA+Moreni\/@44.9751833,25.6468574,143m\/data=!3m1!1e3!4m6!3m5!1s0x40b2579a1472f421:0xf480ae4f8f7df1e2!8m2!3d44.9750617!4d25.6468375!16s%2Fg%2F11wfl33x76?hl=ro&amp;entry=ttu&amp;g_ep=EgoyMDI0MTAwNS4yIKXMDSoASAFQAw%3D%3D\" data-type=\"link\" data-id=\"https:\/\/maps.app.goo.gl\/kSdavCfVdeKKfnTRA\" target=\"_blank\" rel=\"noreferrer noopener nofollow\">Click pentru detalii<\/a>)<\/p>\n\n\n\n<p><\/p>\n\n\n\n<p><\/p>\n\n\n\n<div style=\"height:25px\" aria-hidden=\"true\" class=\"wp-block-spacer\"><\/div>\n\n\n\n<hr class=\"wp-block-separator has-alpha-channel-opacity\"\/>\n","protected":false},"excerpt":{"rendered":"<p>? ????????? ????????- Prima Edi\u021bie de Toamn\u0103 ??? Weekendul acesta s\u0103rb\u0103torim festivalul gr\u0103dinii de toamn\u0103! Eveniment dedicat tuturor celor care vor s\u0103 aduc\u0103 o not\u0103 de culoare \u0219i prospe\u021bime gr\u0103dinii lor. Vino \u00een perioada 10 &#8211; 13 octombrie la EXPOFLORA! Ce po\u021bi g\u0103si? Gr\u0103dina perfect\u0103 \u00eencepe de la noi! Material s\u0103ditor de calitate!&nbsp;Fitofarmacie &#8211; Consultan\u021b\u0103&hellip; <a class=\"more-link\" href=\"https:\/\/agroland.ro\/c\/expoflora-10-13-octombrie-2024\/\">Continu\u0103 lectura <span class=\"screen-reader-text\">\u273f Expoflora 10-13 Octombrie \u273f<\/span><\/a><\/p>\n","protected":false},"author":34,"featured_media":38703,"parent":0,"menu_order":0,"comment_status":"closed","ping_status":"closed","template":"templates\/Products.php","meta":{"_acf_changed":false,"_et_pb_use_builder":"","_et_pb_old_content":"","_et_gb_content_width":"","inline_featured_image":false,"footnotes":""},"class_list":["post-38700","page","type-page","status-publish","has-post-thumbnail","hentry","entry"],"acf":[],"_links":{"self":[{"href":"https:\/\/agroland.ro\/c\/wp-json\/wp\/v2\/pages\/38700","targetHints":{"allow":["GET"]}}],"collection":[{"href":"https:\/\/agroland.ro\/c\/wp-json\/wp\/v2\/pages"}],"about":[{"href":"https:\/\/agroland.ro\/c\/wp-json\/wp\/v2\/types\/page"}],"author":[{"embeddable":true,"href":"https:\/\/agroland.ro\/c\/wp-json\/wp\/v2\/users\/34"}],"replies":[{"embeddable":true,"href":"https:\/\/agroland.ro\/c\/wp-json\/wp\/v2\/comments?post=38700"}],"version-history":[{"count":17,"href":"https:\/\/agroland.ro\/c\/wp-json\/wp\/v2\/pages\/38700\/revisions"}],"predecessor-version":[{"id":38767,"href":"https:\/\/agroland.ro\/c\/wp-json\/wp\/v2\/pages\/38700\/revisions\/38767"}],"wp:featuredmedia":[{"embeddable":true,"href":"https:\/\/agroland.ro\/c\/wp-json\/wp\/v2\/media\/38703"}],"wp:attachment":[{"href":"https:\/\/agroland.ro\/c\/wp-json\/wp\/v2\/media?parent=38700"}],"curies":[{"name":"wp","href":"https:\/\/api.w.org\/{rel}","templated":true}]}}