{"id":38880,"date":"2024-10-25T15:28:49","date_gmt":"2024-10-25T12:28:49","guid":{"rendered":"https:\/\/agroland.ro\/c\/?page_id=38880"},"modified":"2024-10-30T09:12:08","modified_gmt":"2024-10-30T07:12:08","slug":"decarca-aplicatia-agroland","status":"publish","type":"page","link":"https:\/\/agroland.ro\/c\/decarca-aplicatia-agroland\/","title":{"rendered":"REGULAMENTUL OFICIAL AL   CAMPANIEI \u201eDescarc\u0103 aplica\u021bia Agroland \u0219i beneficiaz\u0103 de 10% reducere la prima comand\u0103\u201d"},"content":{"rendered":"\n<figure class=\"wp-block-image size-large is-resized\"><img loading=\"lazy\" decoding=\"async\" width=\"1024\" height=\"507\" src=\"https:\/\/agroland.ro\/c\/wp-content\/uploads\/2024\/10\/Banner-site-1-1024x507.png\" alt=\"\" class=\"wp-image-38991\" style=\"width:533px;height:auto\" srcset=\"https:\/\/agroland.ro\/c\/wp-content\/uploads\/2024\/10\/Banner-site-1-1024x507.png 1024w, https:\/\/agroland.ro\/c\/wp-content\/uploads\/2024\/10\/Banner-site-1-300x149.png 300w, https:\/\/agroland.ro\/c\/wp-content\/uploads\/2024\/10\/Banner-site-1-768x380.png 768w, https:\/\/agroland.ro\/c\/wp-content\/uploads\/2024\/10\/Banner-site-1-1000x495.png 1000w, https:\/\/agroland.ro\/c\/wp-content\/uploads\/2024\/10\/Banner-site-1-500x248.png 500w, https:\/\/agroland.ro\/c\/wp-content\/uploads\/2024\/10\/Banner-site-1.png 1080w\" sizes=\"(max-width: 1024px) 100vw, 1024px\" \/><\/figure>\n\n\n\n<p><a href=\"https:\/\/play.google.com\/store\/apps\/details?id=ro.lifeishard.agroland&amp;hl=en&amp;pli=1\" rel=\"nofollow noopener\" target=\"_blank\"><em>DESCARC\u0102<\/em> APLICA\u021aIA DIN GOOGLE PLAY<\/a><\/p>\n\n\n\n<p style=\"padding-top:var(--wp--preset--spacing--30);padding-bottom:var(--wp--preset--spacing--30)\"><a href=\"https:\/\/apps.apple.com\/ro\/app\/agroland\/id6608979107\" rel=\"nofollow noopener\" target=\"_blank\">DESCARC\u0102 APLICA\u021aIA DIN APP STORE<\/a><\/p>\n\n\n\n<p class=\"has-text-align-left\">Campania \u201eDescarc\u0103 aplica\u021bia Agroland \u0219i beneficiaz\u0103 de 10% reducere la prima comand\u0103 \u201d este organizat\u0103 de Agroland Business System S.A. \u0219i se desf\u0103\u0219oar\u0103 exclusiv online prin aplica\u021biile Agroland, disponibile pe Google Play \u0219i App Store. Campania dureaz\u0103 \u00eentre 25 octombrie \u0219i 30 noiembrie 2024 \u0219i este adresat\u0103 persoanelor de peste 18 ani, utilizatori noi ai aplica\u021biei.<\/p>\n\n\n\n<p>Pentru a beneficia de reducerea de 10%, participan\u021bii trebuie s\u0103 descarce aplica\u021bia Agroland. Reducerea se aplic\u0103 automat la prima comand\u0103, folosind codul \u201eapp10\u201d \u0219i este valabil\u0103 pentru toate produsele, cu excep\u021bia cazanelor de \u021buic\u0103 \u0219i a taxelor de livrare. Aceast\u0103 reducere este unic\u0103 \u0219i nu se poate cumula cu alte cupoane sau vouchere. Oferta este disponibil\u0103 doar pentru comenzile efectuate prin aplica\u021bie \u0219i nu se aplic\u0103 produselor achizi\u021bionate din magazinele fizice Agroland sau de pe website.<\/p>\n\n\n\n<p class=\"has-text-align-left\">Organizatorul se angajeaz\u0103 s\u0103 protejeze datele cu caracter personal ale participan\u021bilor conform GDPR, utiliz\u00e2ndu-le pentru gestionarea campaniei, \u00een scopuri promo\u021bionale \u0219i, eventual, pentru marketing. Datele sunt p\u0103strate conform regulilor interne \u0219i pot fi \u00eemp\u0103rt\u0103\u0219ite cu partenerii Agroland sau alte entit\u0103\u021bi \u00een cadrul legal impus. Campania poate fi \u00eentrerupt\u0103 \u00een caz de for\u021b\u0103 major\u0103, iar orice litigii vor fi solu\u021bionate conform legisla\u021biei rom\u00e2ne.<\/p>\n\n\n\n<p><\/p>\n\n\n\n<p class=\"has-text-align-center\">Vezi Regulamentul Concursului&nbsp;<a href=\"https:\/\/docs.google.com\/document\/d\/1rxZcne0HlUo_T0_xF_7G02tmqH5Q6mZokc1rwfWWqDY\/edit?tab=t.0\" target=\"_blank\" data-type=\"link\" data-id=\"https:\/\/agroland.ro\/c\/wp-content\/uploads\/2023\/08\/Regulament-Concurs-Ziua-Cainelui_Social_extragere.pdf\" rel=\"noreferrer noopener nofollow\">AICI.<\/a><\/p>\n\n\n\n<p><\/p>\n","protected":false},"excerpt":{"rendered":"<p>DESCARC\u0102 APLICA\u021aIA DIN GOOGLE PLAY DESCARC\u0102 APLICA\u021aIA DIN APP STORE Campania \u201eDescarc\u0103 aplica\u021bia Agroland \u0219i beneficiaz\u0103 de 10% reducere la prima comand\u0103 \u201d este organizat\u0103 de Agroland Business System S.A. \u0219i se desf\u0103\u0219oar\u0103 exclusiv online prin aplica\u021biile Agroland, disponibile pe Google Play \u0219i App Store. Campania dureaz\u0103 \u00eentre 25 octombrie \u0219i 30 noiembrie 2024 \u0219i&hellip; <a class=\"more-link\" href=\"https:\/\/agroland.ro\/c\/decarca-aplicatia-agroland\/\">Continu\u0103 lectura <span class=\"screen-reader-text\">REGULAMENTUL OFICIAL AL   CAMPANIEI \u201eDescarc\u0103 aplica\u021bia Agroland \u0219i beneficiaz\u0103 de 10% reducere la prima comand\u0103\u201d<\/span><\/a><\/p>\n","protected":false},"author":25,"featured_media":38898,"parent":0,"menu_order":1,"comment_status":"closed","ping_status":"closed","template":"templates\/Blog.php","meta":{"_acf_changed":false,"_et_pb_use_builder":"","_et_pb_old_content":"","_et_gb_content_width":"","inline_featured_image":false,"footnotes":""},"class_list":["post-38880","page","type-page","status-publish","has-post-thumbnail","hentry","entry"],"acf":[],"_links":{"self":[{"href":"https:\/\/agroland.ro\/c\/wp-json\/wp\/v2\/pages\/38880","targetHints":{"allow":["GET"]}}],"collection":[{"href":"https:\/\/agroland.ro\/c\/wp-json\/wp\/v2\/pages"}],"about":[{"href":"https:\/\/agroland.ro\/c\/wp-json\/wp\/v2\/types\/page"}],"author":[{"embeddable":true,"href":"https:\/\/agroland.ro\/c\/wp-json\/wp\/v2\/users\/25"}],"replies":[{"embeddable":true,"href":"https:\/\/agroland.ro\/c\/wp-json\/wp\/v2\/comments?post=38880"}],"version-history":[{"count":32,"href":"https:\/\/agroland.ro\/c\/wp-json\/wp\/v2\/pages\/38880\/revisions"}],"predecessor-version":[{"id":38993,"href":"https:\/\/agroland.ro\/c\/wp-json\/wp\/v2\/pages\/38880\/revisions\/38993"}],"wp:featuredmedia":[{"embeddable":true,"href":"https:\/\/agroland.ro\/c\/wp-json\/wp\/v2\/media\/38898"}],"wp:attachment":[{"href":"https:\/\/agroland.ro\/c\/wp-json\/wp\/v2\/media?parent=38880"}],"curies":[{"name":"wp","href":"https:\/\/api.w.org\/{rel}","templated":true}]}}