{"id":39031,"date":"2024-11-05T13:07:53","date_gmt":"2024-11-05T11:07:53","guid":{"rendered":"https:\/\/agroland.ro\/c\/?page_id=39031"},"modified":"2024-11-07T09:33:17","modified_gmt":"2024-11-07T07:33:17","slug":"black-friday-a-sosit","status":"publish","type":"page","link":"https:\/\/agroland.ro\/c\/black-friday-a-sosit\/","title":{"rendered":"Black Friday 2024"},"content":{"rendered":"<div class=\"wp-block-image\">\n<figure class=\"aligncenter size-full\"><img loading=\"lazy\" decoding=\"async\" width=\"1080\" height=\"535\" src=\"https:\/\/agroland.ro\/c\/wp-content\/uploads\/2024\/11\/Afis-site-Black-Friday-2.png\" alt=\"\" class=\"wp-image-39137\" srcset=\"https:\/\/agroland.ro\/c\/wp-content\/uploads\/2024\/11\/Afis-site-Black-Friday-2.png 1080w, https:\/\/agroland.ro\/c\/wp-content\/uploads\/2024\/11\/Afis-site-Black-Friday-2-300x149.png 300w, https:\/\/agroland.ro\/c\/wp-content\/uploads\/2024\/11\/Afis-site-Black-Friday-2-1024x507.png 1024w, https:\/\/agroland.ro\/c\/wp-content\/uploads\/2024\/11\/Afis-site-Black-Friday-2-768x380.png 768w, https:\/\/agroland.ro\/c\/wp-content\/uploads\/2024\/11\/Afis-site-Black-Friday-2-1000x495.png 1000w, https:\/\/agroland.ro\/c\/wp-content\/uploads\/2024\/11\/Afis-site-Black-Friday-2-500x248.png 500w\" sizes=\"(max-width: 1080px) 100vw, 1080px\" \/><\/figure>\n<\/div>\n\n\n<div style=\"height:40px\" aria-hidden=\"true\" class=\"wp-block-spacer\"><\/div>\n\n\n\n<p class=\"has-text-align-center has-large-font-size\"><strong>Black Friday<\/strong>: <strong>Economii Spectaculoase la un Click Distan\u021b\u0103!<\/strong><\/p>\n\n\n\n<p class=\"has-text-align-center has-normal-font-size\"><strong>?<\/strong> Profit\u0103 acum de REDUCERI ONLINE de p\u00e2n\u0103 la -60% la produsele tale preferate!<\/p>\n\n\n\n<div style=\"height:20px\" aria-hidden=\"true\" class=\"wp-block-spacer\"><\/div>\n\n\n\n<p class=\"has-text-align-center has-normal-font-size\"><strong>Gr\u0103be\u0219te-te, stocurile sunt limitate!<\/strong> ?<\/p>\n\n\n\n<div style=\"height:40px\" aria-hidden=\"true\" class=\"wp-block-spacer\"><\/div>\n\n\n\n<div class=\"wp-block-columns is-layout-flex wp-container-core-columns-is-layout-9d6595d7 wp-block-columns-is-layout-flex\">\n<div class=\"wp-block-column is-layout-flow wp-block-column-is-layout-flow\">\n<figure class=\"wp-block-image size-large\"><a href=\"https:\/\/agroland.ro\/11-cresterea-animalelor?order=product.discount.desc\"><img loading=\"lazy\" decoding=\"async\" width=\"1024\" height=\"1024\" src=\"https:\/\/agroland.ro\/c\/wp-content\/uploads\/2024\/11\/Ferma-4-1024x1024.png\" alt=\"\" class=\"wp-image-39126\" srcset=\"https:\/\/agroland.ro\/c\/wp-content\/uploads\/2024\/11\/Ferma-4-1024x1024.png 1024w, https:\/\/agroland.ro\/c\/wp-content\/uploads\/2024\/11\/Ferma-4-300x300.png 300w, https:\/\/agroland.ro\/c\/wp-content\/uploads\/2024\/11\/Ferma-4-768x768.png 768w, https:\/\/agroland.ro\/c\/wp-content\/uploads\/2024\/11\/Ferma-4-1000x1000.png 1000w, https:\/\/agroland.ro\/c\/wp-content\/uploads\/2024\/11\/Ferma-4-500x500.png 500w, https:\/\/agroland.ro\/c\/wp-content\/uploads\/2024\/11\/Ferma-4.png 1080w\" sizes=\"(max-width: 1024px) 100vw, 1024px\" \/><\/a><\/figure>\n<\/div>\n\n\n\n<div class=\"wp-block-column is-layout-flow wp-block-column-is-layout-flow\">\n<figure class=\"wp-block-image size-large\"><a href=\"https:\/\/agroland.ro\/63-gradina-si-livada?order=product.discount.desc\"><img loading=\"lazy\" decoding=\"async\" width=\"1024\" height=\"1024\" src=\"https:\/\/agroland.ro\/c\/wp-content\/uploads\/2024\/11\/Gradina-1-1024x1024.png\" alt=\"\" class=\"wp-image-39127\" srcset=\"https:\/\/agroland.ro\/c\/wp-content\/uploads\/2024\/11\/Gradina-1-1024x1024.png 1024w, https:\/\/agroland.ro\/c\/wp-content\/uploads\/2024\/11\/Gradina-1-300x300.png 300w, https:\/\/agroland.ro\/c\/wp-content\/uploads\/2024\/11\/Gradina-1-768x768.png 768w, https:\/\/agroland.ro\/c\/wp-content\/uploads\/2024\/11\/Gradina-1-1000x1000.png 1000w, https:\/\/agroland.ro\/c\/wp-content\/uploads\/2024\/11\/Gradina-1-500x500.png 500w, https:\/\/agroland.ro\/c\/wp-content\/uploads\/2024\/11\/Gradina-1.png 1080w\" sizes=\"(max-width: 1024px) 100vw, 1024px\" \/><\/a><\/figure>\n<\/div>\n<\/div>\n\n\n\n<div class=\"wp-block-columns is-layout-flex wp-container-core-columns-is-layout-9d6595d7 wp-block-columns-is-layout-flex\">\n<div class=\"wp-block-column is-layout-flow wp-block-column-is-layout-flow\">\n<figure class=\"wp-block-image size-large\"><a href=\"https:\/\/agroland.ro\/10-petshop?order=product.discount.desc\"><img loading=\"lazy\" decoding=\"async\" width=\"1024\" height=\"1024\" src=\"https:\/\/agroland.ro\/c\/wp-content\/uploads\/2024\/11\/Petshop-2-1024x1024.png\" alt=\"\" class=\"wp-image-39128\" srcset=\"https:\/\/agroland.ro\/c\/wp-content\/uploads\/2024\/11\/Petshop-2-1024x1024.png 1024w, https:\/\/agroland.ro\/c\/wp-content\/uploads\/2024\/11\/Petshop-2-300x300.png 300w, https:\/\/agroland.ro\/c\/wp-content\/uploads\/2024\/11\/Petshop-2-768x768.png 768w, https:\/\/agroland.ro\/c\/wp-content\/uploads\/2024\/11\/Petshop-2-1000x1000.png 1000w, https:\/\/agroland.ro\/c\/wp-content\/uploads\/2024\/11\/Petshop-2-500x500.png 500w, https:\/\/agroland.ro\/c\/wp-content\/uploads\/2024\/11\/Petshop-2.png 1080w\" sizes=\"(max-width: 1024px) 100vw, 1024px\" \/><\/a><\/figure>\n<\/div>\n\n\n\n<div class=\"wp-block-column is-layout-flow wp-block-column-is-layout-flow\">\n<figure class=\"wp-block-image size-large\"><a href=\"https:\/\/agroland.ro\/130-casa-si-curte?order=product.discount.desc\"><img loading=\"lazy\" decoding=\"async\" width=\"1024\" height=\"1024\" src=\"https:\/\/agroland.ro\/c\/wp-content\/uploads\/2024\/11\/Casa-si-Gradina-2-1024x1024.png\" alt=\"\" class=\"wp-image-39129\" srcset=\"https:\/\/agroland.ro\/c\/wp-content\/uploads\/2024\/11\/Casa-si-Gradina-2-1024x1024.png 1024w, https:\/\/agroland.ro\/c\/wp-content\/uploads\/2024\/11\/Casa-si-Gradina-2-300x300.png 300w, https:\/\/agroland.ro\/c\/wp-content\/uploads\/2024\/11\/Casa-si-Gradina-2-768x768.png 768w, https:\/\/agroland.ro\/c\/wp-content\/uploads\/2024\/11\/Casa-si-Gradina-2-1000x1000.png 1000w, https:\/\/agroland.ro\/c\/wp-content\/uploads\/2024\/11\/Casa-si-Gradina-2-500x500.png 500w, https:\/\/agroland.ro\/c\/wp-content\/uploads\/2024\/11\/Casa-si-Gradina-2.png 1080w\" sizes=\"(max-width: 1024px) 100vw, 1024px\" \/><\/a><\/figure>\n<\/div>\n<\/div>\n\n\n\n<hr class=\"wp-block-separator has-alpha-channel-opacity is-style-twentytwentyone-separator-thick\"\/>\n\n\n\n<p><\/p>\n","protected":false},"excerpt":{"rendered":"<p>Black Friday: Economii Spectaculoase la un Click Distan\u021b\u0103! ? Profit\u0103 acum de REDUCERI ONLINE de p\u00e2n\u0103 la -60% la produsele tale preferate! Gr\u0103be\u0219te-te, stocurile sunt limitate! ?<\/p>\n","protected":false},"author":34,"featured_media":0,"parent":0,"menu_order":0,"comment_status":"closed","ping_status":"closed","template":"templates\/Products.php","meta":{"_acf_changed":false,"_et_pb_use_builder":"","_et_pb_old_content":"","_et_gb_content_width":"","inline_featured_image":false,"footnotes":""},"class_list":["post-39031","page","type-page","status-publish","hentry","entry"],"acf":[],"_links":{"self":[{"href":"https:\/\/agroland.ro\/c\/wp-json\/wp\/v2\/pages\/39031","targetHints":{"allow":["GET"]}}],"collection":[{"href":"https:\/\/agroland.ro\/c\/wp-json\/wp\/v2\/pages"}],"about":[{"href":"https:\/\/agroland.ro\/c\/wp-json\/wp\/v2\/types\/page"}],"author":[{"embeddable":true,"href":"https:\/\/agroland.ro\/c\/wp-json\/wp\/v2\/users\/34"}],"replies":[{"embeddable":true,"href":"https:\/\/agroland.ro\/c\/wp-json\/wp\/v2\/comments?post=39031"}],"version-history":[{"count":30,"href":"https:\/\/agroland.ro\/c\/wp-json\/wp\/v2\/pages\/39031\/revisions"}],"predecessor-version":[{"id":39154,"href":"https:\/\/agroland.ro\/c\/wp-json\/wp\/v2\/pages\/39031\/revisions\/39154"}],"wp:attachment":[{"href":"https:\/\/agroland.ro\/c\/wp-json\/wp\/v2\/media?parent=39031"}],"curies":[{"name":"wp","href":"https:\/\/api.w.org\/{rel}","templated":true}]}}