{"id":39084,"date":"2024-11-06T10:33:36","date_gmt":"2024-11-06T08:33:36","guid":{"rendered":"https:\/\/agroland.ro\/c\/?page_id=39084"},"modified":"2024-11-06T11:38:04","modified_gmt":"2024-11-06T09:38:04","slug":"cumpara-online-in-rate-2","status":"publish","type":"page","link":"https:\/\/agroland.ro\/c\/cumpara-online-in-rate-2\/","title":{"rendered":"Cump\u0103r\u0103 ONLINE \u00een Rate!"},"content":{"rendered":"\n<div style=\"height:14px\" aria-hidden=\"true\" class=\"wp-block-spacer\"><\/div>\n\n\n\n<figure class=\"wp-block-image alignwide size-full\"><img loading=\"lazy\" decoding=\"async\" width=\"903\" height=\"468\" src=\"https:\/\/agroland.ro\/c\/wp-content\/uploads\/2024\/11\/bANNERS_ECOMMERCE-26.jpg\" alt=\"\" class=\"wp-image-39085\" srcset=\"https:\/\/agroland.ro\/c\/wp-content\/uploads\/2024\/11\/bANNERS_ECOMMERCE-26.jpg 903w, https:\/\/agroland.ro\/c\/wp-content\/uploads\/2024\/11\/bANNERS_ECOMMERCE-26-300x155.jpg 300w, https:\/\/agroland.ro\/c\/wp-content\/uploads\/2024\/11\/bANNERS_ECOMMERCE-26-768x398.jpg 768w, https:\/\/agroland.ro\/c\/wp-content\/uploads\/2024\/11\/bANNERS_ECOMMERCE-26-500x259.jpg 500w\" sizes=\"(max-width: 903px) 100vw, 903px\" \/><\/figure>\n\n\n\n<div style=\"height:14px\" aria-hidden=\"true\" class=\"wp-block-spacer\"><\/div>\n\n\n\n<p class=\"has-text-align-center\">Acum po\u021bi s\u0103 \u00ee\u021bi comanzi de pe Shop-ul nostru onilne tot ce \u00ee\u021bi dore\u0219ti! Am introdus pentru tine op\u021biunea de plat\u0103 \u00een rate prin tbi bank. Astfel, te bucuri de produsele dorite, iar plata lor o po\u021bi face \u00een rate.<\/p>\n\n\n\n<div style=\"height:14px\" aria-hidden=\"true\" class=\"wp-block-spacer\"><\/div>\n\n\n\n<div style=\"height:14px\" aria-hidden=\"true\" class=\"wp-block-spacer\"><\/div>\n\n\n\n<div style=\"height:14px\" aria-hidden=\"true\" class=\"wp-block-spacer\"><\/div>\n\n\n\n<p class=\"has-large-font-size\"><strong>Beneficii pe care le ai prin tbi BANK: <\/strong><\/p>\n\n\n\n<div style=\"height:22px\" aria-hidden=\"true\" class=\"wp-block-spacer\"><\/div>\n\n\n\n<h3 class=\"wp-block-heading\">QUATTRO STANDARD<\/h3>\n\n\n\n<ul class=\"wp-block-list\">\n<li><strong>Limita credit:<\/strong> 100 &#8211; 2,000 RON<\/li>\n\n\n\n<li><strong>Durat\u0103:<\/strong> 4 luni<\/li>\n\n\n\n<li><strong>Comision de analiz\u0103:<\/strong> 60 RON<\/li>\n\n\n\n<li><strong>Dob\u00e2nd\u0103:<\/strong> 0%<\/li>\n<\/ul>\n\n\n\n<div style=\"height:41px\" aria-hidden=\"true\" class=\"wp-block-spacer\"><\/div>\n\n\n\n<h3 class=\"wp-block-heading\">Rate cu Dob\u00e2nd\u0103 Fix\u0103<\/h3>\n\n\n\n<ul class=\"wp-block-list\">\n<li><strong>Limita credit:<\/strong> 200 &#8211; 60,000 RON<\/li>\n\n\n\n<li><strong>Durat\u0103:<\/strong> 6 &#8211; 60 luni<\/li>\n\n\n\n<li><strong>Comision de analiz\u0103:<\/strong> 170 RON<\/li>\n\n\n\n<li><strong>Dob\u00e2nd\u0103 fix\u0103:<\/strong> \u00eentre 15% \u0219i 34,8%<\/li>\n<\/ul>\n\n\n\n<div style=\"height:59px\" aria-hidden=\"true\" class=\"wp-block-spacer\"><\/div>\n\n\n\n<p class=\"has-text-align-center has-normal-font-size\">Vezi oferta pentru:<\/p>\n\n\n\n<p class=\"has-text-align-center has-normal-font-size\"><a href=\"https:\/\/agroland.ro\/c\/plata-in-rate-in-magazine\/\" data-type=\"link\" data-id=\"https:\/\/agroland.ro\/c\/plata-in-rate-in-magazine\/\">Plata \u00een rate \u00een magazine<\/a><\/p>\n","protected":false},"excerpt":{"rendered":"<p>Acum po\u021bi s\u0103 \u00ee\u021bi comanzi de pe Shop-ul nostru onilne tot ce \u00ee\u021bi dore\u0219ti! Am introdus pentru tine op\u021biunea de plat\u0103 \u00een rate prin tbi bank. Astfel, te bucuri de produsele dorite, iar plata lor o po\u021bi face \u00een rate. Beneficii pe care le ai prin tbi BANK: QUATTRO STANDARD Rate cu Dob\u00e2nd\u0103 Fix\u0103 Vezi&hellip; <a class=\"more-link\" href=\"https:\/\/agroland.ro\/c\/cumpara-online-in-rate-2\/\">Continu\u0103 lectura <span class=\"screen-reader-text\">Cump\u0103r\u0103 ONLINE \u00een Rate!<\/span><\/a><\/p>\n","protected":false},"author":25,"featured_media":0,"parent":0,"menu_order":0,"comment_status":"closed","ping_status":"closed","template":"templates\/Products.php","meta":{"_acf_changed":false,"_et_pb_use_builder":"","_et_pb_old_content":"","_et_gb_content_width":"","inline_featured_image":false,"footnotes":""},"class_list":["post-39084","page","type-page","status-publish","hentry","entry"],"acf":[],"_links":{"self":[{"href":"https:\/\/agroland.ro\/c\/wp-json\/wp\/v2\/pages\/39084","targetHints":{"allow":["GET"]}}],"collection":[{"href":"https:\/\/agroland.ro\/c\/wp-json\/wp\/v2\/pages"}],"about":[{"href":"https:\/\/agroland.ro\/c\/wp-json\/wp\/v2\/types\/page"}],"author":[{"embeddable":true,"href":"https:\/\/agroland.ro\/c\/wp-json\/wp\/v2\/users\/25"}],"replies":[{"embeddable":true,"href":"https:\/\/agroland.ro\/c\/wp-json\/wp\/v2\/comments?post=39084"}],"version-history":[{"count":16,"href":"https:\/\/agroland.ro\/c\/wp-json\/wp\/v2\/pages\/39084\/revisions"}],"predecessor-version":[{"id":39114,"href":"https:\/\/agroland.ro\/c\/wp-json\/wp\/v2\/pages\/39084\/revisions\/39114"}],"wp:attachment":[{"href":"https:\/\/agroland.ro\/c\/wp-json\/wp\/v2\/media?parent=39084"}],"curies":[{"name":"wp","href":"https:\/\/api.w.org\/{rel}","templated":true}]}}