{"id":400,"date":"2021-07-14T19:09:39","date_gmt":"2021-07-14T16:09:39","guid":{"rendered":"https:\/\/agroland.ro\/c\/?page_id=400"},"modified":"2023-11-13T11:30:37","modified_gmt":"2023-11-13T09:30:37","slug":"misiuni-si-valori","status":"publish","type":"page","link":"https:\/\/agroland.ro\/c\/misiuni-si-valori\/","title":{"rendered":"Misiuni \u0219i valori"},"content":{"rendered":"\n<figure class=\"wp-block-image size-large is-style-default\"><img loading=\"lazy\" decoding=\"async\" width=\"1024\" height=\"379\" src=\"https:\/\/agroland.ro\/c\/wp-content\/uploads\/2022\/01\/WhatsApp-Image-2022-01-17-at-10.13.18-1024x379.jpeg\" alt=\"\" class=\"wp-image-28180\" srcset=\"https:\/\/agroland.ro\/c\/wp-content\/uploads\/2022\/01\/WhatsApp-Image-2022-01-17-at-10.13.18-1024x379.jpeg 1024w, https:\/\/agroland.ro\/c\/wp-content\/uploads\/2022\/01\/WhatsApp-Image-2022-01-17-at-10.13.18-300x111.jpeg 300w, https:\/\/agroland.ro\/c\/wp-content\/uploads\/2022\/01\/WhatsApp-Image-2022-01-17-at-10.13.18-768x284.jpeg 768w, https:\/\/agroland.ro\/c\/wp-content\/uploads\/2022\/01\/WhatsApp-Image-2022-01-17-at-10.13.18-1536x568.jpeg 1536w, https:\/\/agroland.ro\/c\/wp-content\/uploads\/2022\/01\/WhatsApp-Image-2022-01-17-at-10.13.18-1568x580.jpeg 1568w, https:\/\/agroland.ro\/c\/wp-content\/uploads\/2022\/01\/WhatsApp-Image-2022-01-17-at-10.13.18-1000x370.jpeg 1000w, https:\/\/agroland.ro\/c\/wp-content\/uploads\/2022\/01\/WhatsApp-Image-2022-01-17-at-10.13.18-500x185.jpeg 500w, https:\/\/agroland.ro\/c\/wp-content\/uploads\/2022\/01\/WhatsApp-Image-2022-01-17-at-10.13.18.jpeg 1600w\" sizes=\"(max-width: 1024px) 100vw, 1024px\" \/><\/figure>\n\n\n\n<p class=\"has-text-align-left\"><em>De 25 de ani sus\u021binem pasiunea pentru gr\u0103din\u0103rit \u0219i pentru cre\u0219terea animalelor de companie sau de ferm\u0103.<\/em><\/p>\n\n\n\n<div style=\"height:27px\" aria-hidden=\"true\" class=\"wp-block-spacer\"><\/div>\n\n\n\n<p><strong><span style=\"color:#d50032\" class=\"has-inline-color\">Sus\u021binem<\/span><span style=\"color:#db0134\" class=\"has-inline-color\"> consumul de hran\u0103 s\u0103n\u0103toas\u0103<\/span><\/strong> prin \u00eencurajarea familiilor s\u0103 produc\u0103 acas\u0103 hran\u0103 curat\u0103, <meta charset=\"utf-8\">in mod sigur \u0219i sustenabil<\/p>\n\n\n\n<div style=\"height:27px\" aria-hidden=\"true\" class=\"wp-block-spacer\"><\/div>\n\n\n\n<figure class=\"wp-block-image size-large is-style-default\"><img loading=\"lazy\" decoding=\"async\" width=\"1024\" height=\"379\" src=\"https:\/\/agroland.ro\/c\/wp-content\/uploads\/2021\/12\/1-in-Romania-2-1024x379.png\" alt=\"\" class=\"wp-image-27287\" srcset=\"https:\/\/agroland.ro\/c\/wp-content\/uploads\/2021\/12\/1-in-Romania-2-1024x379.png 1024w, https:\/\/agroland.ro\/c\/wp-content\/uploads\/2021\/12\/1-in-Romania-2-300x111.png 300w, https:\/\/agroland.ro\/c\/wp-content\/uploads\/2021\/12\/1-in-Romania-2-768x284.png 768w, https:\/\/agroland.ro\/c\/wp-content\/uploads\/2021\/12\/1-in-Romania-2-1536x569.png 1536w, https:\/\/agroland.ro\/c\/wp-content\/uploads\/2021\/12\/1-in-Romania-2-1568x580.png 1568w, https:\/\/agroland.ro\/c\/wp-content\/uploads\/2021\/12\/1-in-Romania-2-1000x370.png 1000w, https:\/\/agroland.ro\/c\/wp-content\/uploads\/2021\/12\/1-in-Romania-2-500x185.png 500w, https:\/\/agroland.ro\/c\/wp-content\/uploads\/2021\/12\/1-in-Romania-2.png 1702w\" sizes=\"(max-width: 1024px) 100vw, 1024px\" \/><\/figure>\n\n\n\n<div style=\"height:27px\" aria-hidden=\"true\" class=\"wp-block-spacer\"><\/div>\n\n\n\n<p><strong><span style=\"color:#d50032\" class=\"has-inline-color\">Sus\u021binem micii fermieri<\/span> <\/strong>s\u0103 cultive legume \u0219i fructe, sa creasc\u0103 p\u0103s\u0103ri \u0219i alte animale cu grij\u0103 fa\u021b\u0103 de mediu, oameni \u0219i comunitate.<\/p>\n\n\n\n<div style=\"height:27px\" aria-hidden=\"true\" class=\"wp-block-spacer\"><\/div>\n\n\n\n<figure class=\"wp-block-image size-large is-style-default\"><img loading=\"lazy\" decoding=\"async\" width=\"1024\" height=\"379\" src=\"https:\/\/agroland.ro\/c\/wp-content\/uploads\/2021\/12\/1-in-Romania-8-1024x379.png\" alt=\"\" class=\"wp-image-27302\" srcset=\"https:\/\/agroland.ro\/c\/wp-content\/uploads\/2021\/12\/1-in-Romania-8-1024x379.png 1024w, https:\/\/agroland.ro\/c\/wp-content\/uploads\/2021\/12\/1-in-Romania-8-300x111.png 300w, https:\/\/agroland.ro\/c\/wp-content\/uploads\/2021\/12\/1-in-Romania-8-768x284.png 768w, https:\/\/agroland.ro\/c\/wp-content\/uploads\/2021\/12\/1-in-Romania-8-1536x569.png 1536w, https:\/\/agroland.ro\/c\/wp-content\/uploads\/2021\/12\/1-in-Romania-8-1568x580.png 1568w, https:\/\/agroland.ro\/c\/wp-content\/uploads\/2021\/12\/1-in-Romania-8-1000x370.png 1000w, https:\/\/agroland.ro\/c\/wp-content\/uploads\/2021\/12\/1-in-Romania-8-500x185.png 500w, https:\/\/agroland.ro\/c\/wp-content\/uploads\/2021\/12\/1-in-Romania-8.png 1702w\" sizes=\"(max-width: 1024px) 100vw, 1024px\" \/><\/figure>\n\n\n\n<div style=\"height:27px\" aria-hidden=\"true\" class=\"wp-block-spacer\"><\/div>\n\n\n\n<p><strong><span style=\"color:#d50032\" class=\"has-inline-color\">Sus\u021binem familiile in grija lor pentru animalul preferat<\/span><\/strong>, oferind o gam\u0103 extins\u0103 de hran\u0103, recompense, jucarii, accesorii.<\/p>\n\n\n\n<div style=\"height:27px\" aria-hidden=\"true\" class=\"wp-block-spacer\"><\/div>\n\n\n\n<figure class=\"wp-block-image size-large is-style-default\"><img loading=\"lazy\" decoding=\"async\" width=\"1024\" height=\"379\" src=\"https:\/\/agroland.ro\/c\/wp-content\/uploads\/2021\/12\/1-in-Romania-4-1024x379.png\" alt=\"\" class=\"wp-image-27286\" srcset=\"https:\/\/agroland.ro\/c\/wp-content\/uploads\/2021\/12\/1-in-Romania-4-1024x379.png 1024w, https:\/\/agroland.ro\/c\/wp-content\/uploads\/2021\/12\/1-in-Romania-4-300x111.png 300w, https:\/\/agroland.ro\/c\/wp-content\/uploads\/2021\/12\/1-in-Romania-4-768x284.png 768w, https:\/\/agroland.ro\/c\/wp-content\/uploads\/2021\/12\/1-in-Romania-4-1536x569.png 1536w, https:\/\/agroland.ro\/c\/wp-content\/uploads\/2021\/12\/1-in-Romania-4-1568x580.png 1568w, https:\/\/agroland.ro\/c\/wp-content\/uploads\/2021\/12\/1-in-Romania-4-1000x370.png 1000w, https:\/\/agroland.ro\/c\/wp-content\/uploads\/2021\/12\/1-in-Romania-4-500x185.png 500w, https:\/\/agroland.ro\/c\/wp-content\/uploads\/2021\/12\/1-in-Romania-4.png 1702w\" sizes=\"(max-width: 1024px) 100vw, 1024px\" \/><\/figure>\n\n\n\n<div style=\"height:27px\" aria-hidden=\"true\" class=\"wp-block-spacer\"><\/div>\n\n\n\n<h2 class=\"wp-block-heading\">Valori<\/h2>\n\n\n\n<p>Noi la Agroland, de 27 de ani \u00eencerc\u0103m sa facem ceea ce este bine, s\u0103 fim one\u0219ti, s\u0103 ne respect\u0103m clien\u021bii, colegii si partenerii. Ne ghidam mereu dup\u0103 6 valori principale. Ele stau la baza oric\u0103rei decizii sau ac\u021biuni pe care o \u00eentreprindem. <\/p>\n\n\n\n<div style=\"height:27px\" aria-hidden=\"true\" class=\"wp-block-spacer\"><\/div>\n\n\n\n<figure class=\"wp-block-image size-large is-style-default\"><img loading=\"lazy\" decoding=\"async\" width=\"1024\" height=\"577\" src=\"https:\/\/agroland.ro\/c\/wp-content\/uploads\/2022\/01\/Valori-Agroland-1024x577.png\" alt=\"\" class=\"wp-image-28485\" srcset=\"https:\/\/agroland.ro\/c\/wp-content\/uploads\/2022\/01\/Valori-Agroland-1024x577.png 1024w, https:\/\/agroland.ro\/c\/wp-content\/uploads\/2022\/01\/Valori-Agroland-300x169.png 300w, https:\/\/agroland.ro\/c\/wp-content\/uploads\/2022\/01\/Valori-Agroland-768x433.png 768w, https:\/\/agroland.ro\/c\/wp-content\/uploads\/2022\/01\/Valori-Agroland-1536x865.png 1536w, https:\/\/agroland.ro\/c\/wp-content\/uploads\/2022\/01\/Valori-Agroland-1568x883.png 1568w, https:\/\/agroland.ro\/c\/wp-content\/uploads\/2022\/01\/Valori-Agroland-1000x563.png 1000w, https:\/\/agroland.ro\/c\/wp-content\/uploads\/2022\/01\/Valori-Agroland-500x282.png 500w, https:\/\/agroland.ro\/c\/wp-content\/uploads\/2022\/01\/Valori-Agroland.png 1640w\" sizes=\"(max-width: 1024px) 100vw, 1024px\" \/><\/figure>\n","protected":false},"excerpt":{"rendered":"<p>De 25 de ani sus\u021binem pasiunea pentru gr\u0103din\u0103rit \u0219i pentru cre\u0219terea animalelor de companie sau de ferm\u0103. Sus\u021binem consumul de hran\u0103 s\u0103n\u0103toas\u0103 prin \u00eencurajarea familiilor s\u0103 produc\u0103 acas\u0103 hran\u0103 curat\u0103, in mod sigur \u0219i sustenabil Sus\u021binem micii fermieri s\u0103 cultive legume \u0219i fructe, sa creasc\u0103 p\u0103s\u0103ri \u0219i alte animale cu grij\u0103 fa\u021b\u0103 de mediu, oameni&hellip; <a class=\"more-link\" href=\"https:\/\/agroland.ro\/c\/misiuni-si-valori\/\">Continu\u0103 lectura <span class=\"screen-reader-text\">Misiuni \u0219i valori<\/span><\/a><\/p>\n","protected":false},"author":1,"featured_media":0,"parent":0,"menu_order":0,"comment_status":"closed","ping_status":"closed","template":"templates\/About-Template.php","meta":{"_acf_changed":false,"_et_pb_use_builder":"","_et_pb_old_content":"","_et_gb_content_width":"","inline_featured_image":false,"footnotes":""},"class_list":["post-400","page","type-page","status-publish","hentry","entry"],"acf":[],"_links":{"self":[{"href":"https:\/\/agroland.ro\/c\/wp-json\/wp\/v2\/pages\/400","targetHints":{"allow":["GET"]}}],"collection":[{"href":"https:\/\/agroland.ro\/c\/wp-json\/wp\/v2\/pages"}],"about":[{"href":"https:\/\/agroland.ro\/c\/wp-json\/wp\/v2\/types\/page"}],"author":[{"embeddable":true,"href":"https:\/\/agroland.ro\/c\/wp-json\/wp\/v2\/users\/1"}],"replies":[{"embeddable":true,"href":"https:\/\/agroland.ro\/c\/wp-json\/wp\/v2\/comments?post=400"}],"version-history":[{"count":34,"href":"https:\/\/agroland.ro\/c\/wp-json\/wp\/v2\/pages\/400\/revisions"}],"predecessor-version":[{"id":36423,"href":"https:\/\/agroland.ro\/c\/wp-json\/wp\/v2\/pages\/400\/revisions\/36423"}],"wp:attachment":[{"href":"https:\/\/agroland.ro\/c\/wp-json\/wp\/v2\/media?parent=400"}],"curies":[{"name":"wp","href":"https:\/\/api.w.org\/{rel}","templated":true}]}}